{"id":80,"date":"2014-11-06T11:29:14","date_gmt":"2014-11-06T11:29:14","guid":{"rendered":"http:\/\/traumare.com\/?page_id=80"},"modified":"2022-11-07T15:25:21","modified_gmt":"2022-11-07T15:25:21","slug":"contacto","status":"publish","type":"page","link":"https:\/\/traumare.com\/es\/contacto\/","title":{"rendered":"Contacto"},"content":{"rendered":"<p>[vc_row][vc_column width=\u00bb1\/2&#8243;][vc_column_text]<\/p>\n<div class=\"container\">\n<h3><span style=\"color: #9fa43c;\"><strong>Contacta con nosotros<\/strong><\/span><\/h3>\n<p>Si deseas m\u00e1s informaci\u00f3n no dudes al ponerte en contacto con nosotros<\/p>\n<\/div>\n<p>[\/vc_column_text][vc_column_text css_animation=\u00bbtop-to-bottom\u00bb]Av. Blondel, 98<strong><span style=\"color: #9fa43c;\">\u00a0<\/span><\/strong>\u00b7\u00a025002 Lleida<\/p>\n<p><span style=\"color: #9fa43c;\"><strong><a style=\"color: #9fa43c;\" href=\"http:\/\/&lt;a href=&quot;callto:+34973268599&quot;&gt;&lt;\/a&gt;\">Tel. 973 26 85 99<\/a><\/strong><\/span><\/p>\n<p>Fax 97326 85 98<\/p>\n<p><strong>Horarios<\/strong><br \/>\nde lunes a viernes de 9 a 14 h y de 16 a 20 h.[\/vc_column_text][\/vc_column][vc_column width=\u00bb1\/2&#8243;][vc_wp_text]<a class=\"zl-facility-url\" href=\"https:\/\/www.doctoralia.es\/clinicas\/traumare\" rel=\"nofollow\" data-zlw-facility=\"traumare\" data-zlw-type=\"facility-big\" data-zlw-saas-only=\"false\">Traumare<\/a><script>!function($_x,_s,id){var js,fjs=$_x.getElementsByTagName(_s)[0];if(!$_x.getElementById(id)){js = $_x.createElement(_s);js.id = id;js.src = \"\/\/platform.docplanner.com\/js\/widget.js\";fjs.parentNode.insertBefore(js,fjs);}}(document,\"script\",\"zl-widget-s\");<\/script>[\/vc_wp_text][\/vc_column][\/vc_row][vc_row][vc_column]<div id='map' style='width:100%;height:400px;'><\/div>[\/vc_column][\/vc_row]<\/p>\n","protected":false},"excerpt":{"rendered":"<p>[vc_row][vc_column width=\u00bb1\/2&#8243;][vc_column_text] Contacta con nosotros Si deseas m\u00e1s informaci\u00f3n no dudes al ponerte en contacto con nosotros [\/vc_column_text][vc_column_text css_animation=\u00bbtop-to-bottom\u00bb]Av. Blondel, 98\u00a0\u00b7\u00a025002 Lleida Tel. 973 26 85 99 Fax 97326 85 98 Horarios de lunes a viernes de 9 a 14 h y de 16 a 20 h.[\/vc_column_text][\/vc_column][vc_column width=\u00bb1\/2&#8243;][vc_wp_text]Traumare[\/vc_wp_text][\/vc_column][\/vc_row][vc_row][vc_column][\/vc_column][\/vc_row]<\/p>\n","protected":false},"author":1,"featured_media":0,"parent":0,"menu_order":0,"comment_status":"closed","ping_status":"closed","template":"single-features.php","meta":{"_monsterinsights_skip_tracking":false,"_monsterinsights_sitenote_active":false,"_monsterinsights_sitenote_note":"","_monsterinsights_sitenote_category":0,"footnotes":""},"yoast_head":"<!-- This site is optimized with the Yoast SEO plugin v21.8 - https:\/\/yoast.com\/wordpress\/plugins\/seo\/ -->\n<title>Contacte - Traumare Centre m\u00e8dic i rehabilitaci\u00f3 a LleidaContacte - Traumare, Centre m\u00e8dic i rehabilitaci\u00f3 a lleida<\/title>\n<meta name=\"description\" content=\"Per a m\u00e9s informaci\u00f3 no dubtis en posar-te en contacte amb Traumare, centre m\u00e8dic i rehabilitaci\u00f3. Av. Blondel, 98 \u00b7 Tel. 973 26 85 99 \u00b7 25002 Lleida.Per a m\u00e9s informaci\u00f3 no dubtis en posar-te en contacte amb Traumare, centre m\u00e8dic i rehabilitaci\u00f3. Av. Blondel, 98 \u00b7 Tel. 973 26 85 99 \u00b7 25002 Lleida.\" \/>\n<meta name=\"robots\" content=\"index, follow, max-snippet:-1, max-image-preview:large, max-video-preview:-1\" \/>\n<link rel=\"canonical\" href=\"http:\/\/traumare.com\/ca\/contacto\/\" \/>\n<meta property=\"og:locale\" content=\"es_ES\" \/>\n<meta property=\"og:type\" content=\"article\" \/>\n<meta property=\"og:title\" content=\"Contacte - Traumare Centre m\u00e8dic i rehabilitaci\u00f3 a LleidaContacte - Traumare, Centre m\u00e8dic i rehabilitaci\u00f3 a lleida\" \/>\n<meta property=\"og:description\" content=\"Per a m\u00e9s informaci\u00f3 no dubtis en posar-te en contacte amb Traumare, centre m\u00e8dic i rehabilitaci\u00f3. Av. Blondel, 98 \u00b7 Tel. 973 26 85 99 \u00b7 25002 Lleida.Per a m\u00e9s informaci\u00f3 no dubtis en posar-te en contacte amb Traumare, centre m\u00e8dic i rehabilitaci\u00f3. Av. Blondel, 98 \u00b7 Tel. 973 26 85 99 \u00b7 25002 Lleida.\" \/>\n<meta property=\"og:url\" content=\"http:\/\/traumare.com\/ca\/contacto\/\" \/>\n<meta property=\"og:site_name\" content=\"TRAUMARE\" \/>\n<meta property=\"article:publisher\" content=\"https:\/\/www.facebook.com\/traumare\" \/>\n<meta property=\"article:modified_time\" content=\"2022-11-07T15:25:21+00:00\" \/>\n<meta property=\"og:image\" content=\"https:\/\/traumare.com\/wp-content\/uploads\/2014\/11\/logo-quadrat.jpg\" \/>\n\t<meta property=\"og:image:width\" content=\"252\" \/>\n\t<meta property=\"og:image:height\" content=\"179\" \/>\n\t<meta property=\"og:image:type\" content=\"image\/jpeg\" \/>\n<meta name=\"twitter:label1\" content=\"Tiempo de lectura\" \/>\n\t<meta name=\"twitter:data1\" content=\"1 minuto\" \/>\n<script type=\"application\/ld+json\" class=\"yoast-schema-graph\">{\"@context\":\"https:\/\/schema.org\",\"@graph\":[{\"@type\":\"WebPage\",\"@id\":\"http:\/\/traumare.com\/ca\/contacto\/\",\"url\":\"http:\/\/traumare.com\/ca\/contacto\/\",\"name\":\"Contacte - Traumare Centre m\u00e8dic i rehabilitaci\u00f3 a LleidaContacte - Traumare, Centre m\u00e8dic i rehabilitaci\u00f3 a lleida\",\"isPartOf\":{\"@id\":\"http:\/\/traumare.com\/ca\/#website\"},\"datePublished\":\"2014-11-06T11:29:14+00:00\",\"dateModified\":\"2022-11-07T15:25:21+00:00\",\"description\":\"Per a m\u00e9s informaci\u00f3 no dubtis en posar-te en contacte amb Traumare, centre m\u00e8dic i rehabilitaci\u00f3. Av. Blondel, 98 \u00b7 Tel. 973 26 85 99 \u00b7 25002 Lleida.Per a m\u00e9s informaci\u00f3 no dubtis en posar-te en contacte amb Traumare, centre m\u00e8dic i rehabilitaci\u00f3. Av. Blondel, 98 \u00b7 Tel. 973 26 85 99 \u00b7 25002 Lleida.\",\"breadcrumb\":{\"@id\":\"http:\/\/traumare.com\/ca\/contacto\/#breadcrumb\"},\"inLanguage\":\"es\",\"potentialAction\":[{\"@type\":\"ReadAction\",\"target\":[\"http:\/\/traumare.com\/ca\/contacto\/\"]}]},{\"@type\":\"BreadcrumbList\",\"@id\":\"http:\/\/traumare.com\/ca\/contacto\/#breadcrumb\",\"itemListElement\":[{\"@type\":\"ListItem\",\"position\":1,\"name\":\"Inici\",\"item\":\"https:\/\/traumare.com\/ca\/\"},{\"@type\":\"ListItem\",\"position\":2,\"name\":\"Contacte\"}]},{\"@type\":\"WebSite\",\"@id\":\"http:\/\/traumare.com\/ca\/#website\",\"url\":\"http:\/\/traumare.com\/ca\/\",\"name\":\"TRAUMARE\",\"description\":\"\",\"potentialAction\":[{\"@type\":\"SearchAction\",\"target\":{\"@type\":\"EntryPoint\",\"urlTemplate\":\"http:\/\/traumare.com\/ca\/?s={search_term_string}\"},\"query-input\":\"required name=search_term_string\"}],\"inLanguage\":\"es\"}]}<\/script>\n<!-- \/ Yoast SEO plugin. -->","yoast_head_json":{"title":"Contacte - Traumare Centre m\u00e8dic i rehabilitaci\u00f3 a LleidaContacte - Traumare, Centre m\u00e8dic i rehabilitaci\u00f3 a lleida","description":"Per a m\u00e9s informaci\u00f3 no dubtis en posar-te en contacte amb Traumare, centre m\u00e8dic i rehabilitaci\u00f3. Av. Blondel, 98 \u00b7 Tel. 973 26 85 99 \u00b7 25002 Lleida.Per a m\u00e9s informaci\u00f3 no dubtis en posar-te en contacte amb Traumare, centre m\u00e8dic i rehabilitaci\u00f3. Av. Blondel, 98 \u00b7 Tel. 973 26 85 99 \u00b7 25002 Lleida.","robots":{"index":"index","follow":"follow","max-snippet":"max-snippet:-1","max-image-preview":"max-image-preview:large","max-video-preview":"max-video-preview:-1"},"canonical":"http:\/\/traumare.com\/ca\/contacto\/","og_locale":"es_ES","og_type":"article","og_title":"Contacte - Traumare Centre m\u00e8dic i rehabilitaci\u00f3 a LleidaContacte - Traumare, Centre m\u00e8dic i rehabilitaci\u00f3 a lleida","og_description":"Per a m\u00e9s informaci\u00f3 no dubtis en posar-te en contacte amb Traumare, centre m\u00e8dic i rehabilitaci\u00f3. Av. Blondel, 98 \u00b7 Tel. 973 26 85 99 \u00b7 25002 Lleida.Per a m\u00e9s informaci\u00f3 no dubtis en posar-te en contacte amb Traumare, centre m\u00e8dic i rehabilitaci\u00f3. Av. Blondel, 98 \u00b7 Tel. 973 26 85 99 \u00b7 25002 Lleida.","og_url":"http:\/\/traumare.com\/ca\/contacto\/","og_site_name":"TRAUMARE","article_publisher":"https:\/\/www.facebook.com\/traumare","article_modified_time":"2022-11-07T15:25:21+00:00","og_image":[{"width":252,"height":179,"url":"https:\/\/traumare.com\/wp-content\/uploads\/2014\/11\/logo-quadrat.jpg","type":"image\/jpeg"}],"twitter_misc":{"Tiempo de lectura":"1 minuto"},"schema":{"@context":"https:\/\/schema.org","@graph":[{"@type":"WebPage","@id":"http:\/\/traumare.com\/ca\/contacto\/","url":"http:\/\/traumare.com\/ca\/contacto\/","name":"Contacte - Traumare Centre m\u00e8dic i rehabilitaci\u00f3 a LleidaContacte - Traumare, Centre m\u00e8dic i rehabilitaci\u00f3 a lleida","isPartOf":{"@id":"http:\/\/traumare.com\/ca\/#website"},"datePublished":"2014-11-06T11:29:14+00:00","dateModified":"2022-11-07T15:25:21+00:00","description":"Per a m\u00e9s informaci\u00f3 no dubtis en posar-te en contacte amb Traumare, centre m\u00e8dic i rehabilitaci\u00f3. Av. Blondel, 98 \u00b7 Tel. 973 26 85 99 \u00b7 25002 Lleida.Per a m\u00e9s informaci\u00f3 no dubtis en posar-te en contacte amb Traumare, centre m\u00e8dic i rehabilitaci\u00f3. Av. Blondel, 98 \u00b7 Tel. 973 26 85 99 \u00b7 25002 Lleida.","breadcrumb":{"@id":"http:\/\/traumare.com\/ca\/contacto\/#breadcrumb"},"inLanguage":"es","potentialAction":[{"@type":"ReadAction","target":["http:\/\/traumare.com\/ca\/contacto\/"]}]},{"@type":"BreadcrumbList","@id":"http:\/\/traumare.com\/ca\/contacto\/#breadcrumb","itemListElement":[{"@type":"ListItem","position":1,"name":"Inici","item":"https:\/\/traumare.com\/ca\/"},{"@type":"ListItem","position":2,"name":"Contacte"}]},{"@type":"WebSite","@id":"http:\/\/traumare.com\/ca\/#website","url":"http:\/\/traumare.com\/ca\/","name":"TRAUMARE","description":"","potentialAction":[{"@type":"SearchAction","target":{"@type":"EntryPoint","urlTemplate":"http:\/\/traumare.com\/ca\/?s={search_term_string}"},"query-input":"required name=search_term_string"}],"inLanguage":"es"}]}},"_links":{"self":[{"href":"https:\/\/traumare.com\/es\/wp-json\/wp\/v2\/pages\/80"}],"collection":[{"href":"https:\/\/traumare.com\/es\/wp-json\/wp\/v2\/pages"}],"about":[{"href":"https:\/\/traumare.com\/es\/wp-json\/wp\/v2\/types\/page"}],"author":[{"embeddable":true,"href":"https:\/\/traumare.com\/es\/wp-json\/wp\/v2\/users\/1"}],"replies":[{"embeddable":true,"href":"https:\/\/traumare.com\/es\/wp-json\/wp\/v2\/comments?post=80"}],"version-history":[{"count":11,"href":"https:\/\/traumare.com\/es\/wp-json\/wp\/v2\/pages\/80\/revisions"}],"predecessor-version":[{"id":3139,"href":"https:\/\/traumare.com\/es\/wp-json\/wp\/v2\/pages\/80\/revisions\/3139"}],"wp:attachment":[{"href":"https:\/\/traumare.com\/es\/wp-json\/wp\/v2\/media?parent=80"}],"curies":[{"name":"wp","href":"https:\/\/api.w.org\/{rel}","templated":true}]}}