{"id":624,"date":"2015-12-30T14:37:49","date_gmt":"2015-12-30T14:37:49","guid":{"rendered":"http:\/\/traumare.com\/?page_id=624"},"modified":"2018-06-13T16:19:22","modified_gmt":"2018-06-13T16:19:22","slug":"psicologia-y-sexologia","status":"publish","type":"page","link":"https:\/\/traumare.com\/es\/psicologia-y-sexologia\/","title":{"rendered":"Psicolog\u00eda y sexolog\u00eda"},"content":{"rendered":"<p>[vc_row][vc_column][vc_column_text]<div id=\"metaslider-id-771\" style=\"max-width: 1024px;\" class=\"ml-slider-3-60-1 metaslider metaslider-flex metaslider-771 ml-slider ms-theme-default\" role=\"region\" aria-roledescription=\"Slideshow\" aria-label=\"psicologia\">\n    <div id=\"metaslider_container_771\">\n        <div id=\"metaslider_771\">\n            <ul aria-live=\"polite\" class=\"slides\">\n                <li style=\"display: block; width: 100%;\" class=\"slide-699 ms-image\" aria-roledescription=\"slide\" aria-label=\"slide-699\"><img loading=\"lazy\" decoding=\"async\" src=\"https:\/\/traumare.com\/wp-content\/uploads\/2015\/12\/Fotografies-Traumare-psicologia-lleida.jpg\" height=\"341\" width=\"1024\" alt=\"\" class=\"slider-771 slide-699\" \/><\/li>\n                <li style=\"display: none; width: 100%;\" class=\"slide-1037 ms-image\" aria-roledescription=\"slide\" aria-label=\"slide-1037\"><img loading=\"lazy\" decoding=\"async\" src=\"https:\/\/traumare.com\/wp-content\/uploads\/2015\/12\/Fotografies-Traumare-psicologia-sexologia-lleida-2.jpg\" height=\"341\" width=\"1024\" alt=\"\" class=\"slider-771 slide-1037\" \/><\/li>\n                <li style=\"display: none; width: 100%;\" class=\"slide-1038 ms-image\" aria-roledescription=\"slide\" aria-label=\"slide-1038\"><img loading=\"lazy\" decoding=\"async\" src=\"https:\/\/traumare.com\/wp-content\/uploads\/2015\/12\/Fotografies-Traumare-psicologia-sexologia-lleida-3.jpg\" height=\"341\" width=\"1024\" alt=\"\" class=\"slider-771 slide-1038\" \/><\/li>\n            <\/ul>\n        <\/div>\n        \n    <\/div>\n<\/div>[\/vc_column_text][\/vc_column][\/vc_row][vc_row][vc_column width=\u00bb2\/3&#8243;][vc_custom_heading text=\u00bbPsicolog\u00eda\u00bb font_container=\u00bbtag:h3|text_align:left|color:%239fa43c\u00bb use_theme_fonts=\u00bbyes\u00bb][vc_column_text]<\/p>\n<p class=\"p1\"><span class=\"s1\">Acompa\u00f1amiento, consulta\/consejer\u00eda y asesoramiento en diversas situaciones y\/o momentos personales.\u00a0<\/span><span class=\"s1\">Conciliaci\u00f3n familiar, trastornos de conducta infantiles y adolescentes, situaciones familiares estresantes y dificultades de adaptaci\u00f3n en ni\u00f1os debido a cualquier causa: d<\/span><span class=\"s1\">ificultades intelectuales, d<\/span><span class=\"s1\">ificultades de aprendizaje, e<\/span><span class=\"s1\">spectro autista.<\/span><\/p>\n<p class=\"p1\"><strong><span class=\"s1\">Trastornos emocionales:\u00a0<\/span><\/strong><span class=\"s1\">Fobia espec\u00edfica, f<\/span><span class=\"s1\">obia Social, t<\/span><span class=\"s1\">rastorno de Panico, e<\/span><span class=\"s1\">str\u00e9s Post Traumatico, t<\/span><span class=\"s1\">rastorno obesivo compulsivo, t<\/span><span class=\"s1\">rastorno bipolar, t<\/span><span class=\"s1\">rastornos de personalidad.<\/span><\/p>\n<p class=\"p1\"><strong>Psicolog\u00eda cl\u00ednica y medicina conductual<\/strong>: Trastornos de la conducta alimentaria.\u00a0(anorexia, bulimia y trastornos de la conducta alimentaria no especificado TCANE).<\/p>\n<p><strong>Estrategias pedag\u00f3gicas<\/strong> para la reducci\u00f3n de la conflictividad.<\/p>\n<p><strong>Psicolog\u00eda infanto-juvenil:<\/strong> Trastorno por d\u00e9ficit de atenci\u00f3n con o sin hiperactividad.<\/p>\n<p><strong>Coaching para la motivaci\u00f3n y procesos de cambio.<\/strong><\/p>\n<p><strong>Psicooncolog\u00eda.<\/strong><\/p>\n<p><strong>Psiconeuroimmunoendocrinologia.<\/strong>[\/vc_column_text][vc_custom_heading text=\u00bbSexolog\u00eda\u00bb font_container=\u00bbtag:h3|text_align:left|color:%239fa43c\u00bb use_theme_fonts=\u00bbyes\u00bb css=\u00bb.vc_custom_1454402407094{margin-top: 10px !important;}\u00bb][vc_column_text]<strong>Disfunciones sexuales:<\/strong> Disfunci\u00f3n er\u00e9ctil, eyaculaci\u00f3n precoz, inapetencia sexual o falta de deseo, anorgasmia, vaginismo, dolor coital&#8230;<\/p>\n<p><strong>Problemas de pareja:<\/strong> Crisis de pareja, problemas de convivencia, infidelidades, conflictos frecuentes, comunicaci\u00f3n y negociaci\u00f3n en la pareja&#8230;<\/p>\n<p><strong>Identidad y orientaci\u00f3n sexual.<\/strong>[\/vc_column_text][\/vc_column][vc_column width=\u00bb1\/3&#8243;]<h2 class=\"box-header\">Pide Cita<\/h2>[vc_column_text css=\u00bb.vc_custom_1453716000834{margin-top: 30px !important;}\u00bb]<\/p>\n<h3>Llamando al tel\u00e9fono <span style=\"color: #9fa43c;\">973 268 599<\/span>\u00a0o a trav\u00e9s del siguiente\u00a0formulario:<\/h3>\n<p>[\/vc_column_text]<form class=\"contact-form \" id=\"contact_form\" method=\"post\" action=\"\"><div class=\"vc_row wpb_row vc_inner\">\n\t\t\t<fieldset class=\"vc_col-sm-6 wpb_column vc_column_container\"><label>FIRST NAME<\/label>\n\t\t\t\t<div class=\"block\">\n\t\t\t\t\t<input class=\"text_input\" name=\"first_name\" type=\"text\" value=\"\" tabindex=\"1\" data-required=\"1\">\n\t\t\t\t<\/div><label>DATE OF BIRTH (mm\/dd\/yyyy)<\/label>\n\t\t\t\t<div class=\"block\">\n\t\t\t\t\t<input class=\"text_input\" name=\"date_of_birth\" type=\"text\" value=\"\" tabindex=\"3\">\n\t\t\t\t<\/div><label>PHONE NUMBER<\/label>\n\t\t\t\t<div class=\"block\">\n\t\t\t\t\t<input class=\"text_input\" name=\"phone_number\" type=\"text\" value=\"\" tabindex=\"5\">\n\t\t\t\t<\/div><\/fieldset>\n\t\t\t<fieldset class=\"vc_col-sm-6 wpb_column vc_column_container\"><label>LAST NAME<\/label>\n\t\t\t\t<div class=\"block\">\n\t\t\t\t\t<input class=\"text_input\" name=\"last_name\" type=\"text\" value=\"\" tabindex=\"2\" data-required=\"1\">\n\t\t\t\t<\/div><label>SOCIAL SECURITY NUMBER<\/label>\n\t\t\t\t<div class=\"block\">\n\t\t\t\t\t<input class=\"text_input\" name=\"social_security_number\" type=\"text\" value=\"\" tabindex=\"4\">\n\t\t\t\t<\/div><label>E-MAIL<\/label>\n\t\t\t\t<div class=\"block\">\n\t\t\t\t\t<input class=\"text_input\" name=\"email\" type=\"text\" value=\"\" tabindex=\"6\" data-required=\"1\">\n\t\t\t\t<\/div><\/fieldset>\n\t\t<\/div><div class=\"vc_row wpb_row vc_inner\">\n\t\t\t<fieldset>\n\t\t\t\t<label>REASON OF APPOINTMENT<\/label>\n\t\t\t\t<div class=\"block\">\n\t\t\t\t\t<textarea name=\"message\" tabindex=\"7\" data-required=\"1\"><\/textarea>\n\t\t\t\t<\/div>\n\t\t\t<\/fieldset>\n\t\t<\/div><div class=\"vc_row wpb_row vc_inner submit-container margin-top-30\"><div class=\"vc_col-sm-6 wpb_column vc_column_container\">\n\t\t\t\t<p>We will contact you within one business day.<\/p>\n\t\t\t<\/div>\n\t\t\t<div class=\"vc_col-sm-6 wpb_column vc_column_container \"><input type=\"hidden\" name=\"action\" value=\"theme_contact_form\" \/>\n\t\t\t\t<input type=\"hidden\" name=\"id\" value=\"contact_form\" \/><div class=\"vc_row wpb_row vc_inner\">\n\t\t\t\t<input type=\"submit\" name=\"submit\" value=\"SEND\" class=\"more mc-button\" \/>\n\t\t\t<\/div><\/div><\/div>\n\t<\/form>[\/vc_column][\/vc_row][vc_row][vc_column]<ul class=\"gallery-item-details-list clearfix margin-bottom\"><li id=\"gallery-details-oscar-corbella-granados\" class=\"gallery-item-details clearfix\">\n\t\t\t\t\t<div class=\"vc_row wpb_row vc_row-fluid\">\n\t\t\t\t\t\t<div class=\"vc_col-sm-6 wpb_column vc_column_container\"><div class=\"gallery-box hover-icons-off\"><span class=\"mc-preloader\"><\/span>\n\t\t\t\t\t\t\t\t\t<img loading=\"lazy\" decoding=\"async\" width=\"480\" height=\"300\" src=\"https:\/\/traumare.com\/wp-content\/uploads\/2016\/03\/Equipo-medico-Traumare-Oscar-Corbella-Psicologia-lleida-480x300.jpg\" class=\"mc-preload wp-post-image\" alt=\"\u00d2scar Corbella Granados\" title=\"\" \/>\n\t\t\t\t\t\t\t\t\t<ul class=\"controls\">\n\t\t\t\t\t\t\t\t\t\t<li>\n\t\t\t\t\t\t\t\t\t\t\t<a href=\"http:\/\/www.sanament.com\" class=\"template-plus-2 fancybox-url open-url-lightbox\" rel=\"featured-gallery\"><\/a>\n\t\t\t\t\t\t\t\t\t\t<\/li>\n\t\t\t\t\t\t\t\t\t<\/ul><div class=\"description\">\n\t\t\t\t\t\t\t\t\t\t<h3>\u00d2scar Corbella Granados<\/h3>\n\t\t\t\t\t\t\t\t\t\t<h5>Psic\u00f3logo<\/h5>\n\t\t\t\t\t\t\t\t\t<\/div><\/div><ul class=\"social-icons clearfix\"><li><a class=\"social-facebook\" href=\"https:\/\/www.facebook.com\/traumare\" target=\"_blank\" title=\"\">&nbsp;<\/a><\/li><li><a class=\"social-instagram\" href=\"https:\/\/www.instagram.com\/traumare_rhb\/\" target=\"_blank\" title=\"\">&nbsp;<\/a><\/li><\/ul><\/div>\n\t\t\t\t\t<div class=\"vc_col-sm-6 wpb_column vc_column_container\">\n\t\t\t\t\t\t<div class=\"details-box\"><ul class=\"controls\">\n\t\t\t\t\t\t\t\t\t<li>\n\t\t\t\t\t\t\t\t\t\t<a href=\"#\" class=\"prev template-arrow-horizontal-3\"><\/a>\n\t\t\t\t\t\t\t\t\t<\/li>\n\t\t\t\t\t\t\t\t\t<li>\n\t\t\t\t\t\t\t\t\t\t<a href=\"#\" class=\"next template-arrow-horizontal-3\"><\/a>\n\t\t\t\t\t\t\t\t\t<\/li>\n\t\t\t\t\t\t\t\t\t<li class=\"separator\">&nbsp;<\/li><li>\n\t\t\t\t\t\t\t\t\t\t<a href=\"#gallery-details-close\" class=\"close template-remove-1\"><\/a>\n\t\t\t\t\t\t\t\t\t<\/li>\n\t\t\t\t\t\t\t\t<\/ul><h2 class=\"box-header\"> \u00d2scar Corbella Granados<\/h2><strong>N\u00fam. colegiado: 21986<\/strong>\r\n<strong>Formaci\u00f3n:<\/strong>\r\n<ul>\r\n \t<li>Licenciado en Psicolog\u00eda Cl\u00ednica y de la Salud por la Universitat Oberta de Catalu\u00f1a.<\/li>\r\n \t<li>Diplomado en Educaci\u00f3n Social por la Universidad de Lleida<\/li>\r\n \t<li>Postgrado en intervenci\u00f3n multidisciplinar de los diferentes trastornos emocionales por la Universidad de Valencia.<\/li>\r\n \t<li>Master en tratamiento multidisciplinar de los trastornos alimentarios, trastornos emocionales y trastornos de personalidad por la fundaci\u00f3n \"ADEIT\" de la Universidad de Valencia.<\/li>\r\n<\/ul>\r\n<strong>Otra formaci\u00f3n:<\/strong>\r\n<ul>\r\n \t<li>Resoluci\u00f3n de conflictos: Mediaci\u00f3n-gesti\u00f3n del conflictivo.<\/li>\r\n \t<li>Drogodependencias.<\/li>\r\n \t<li>Promoci\u00f3n de la salud y habilidades para la vida Inteligencias m\u00faltiples.<\/li>\r\n \t<li>Factores de resiliencia.<\/li>\r\n \t<li>Trastornos de conducta en adolescentes.<\/li>\r\n \t<li>Trastornos de conducta en adultos con disminuci\u00f3n mental.<\/li>\r\n \t<li>Transgresi\u00f3n en la adolescencia.<\/li>\r\n<\/ul>\r\n<strong>Asociaciones:<\/strong>\r\nActualmente mantengo relaci\u00f3n laboral con la Asociaci\u00f3n PROSEC\u00a0de Lleida.\r\nColaboro con la Asociaci\u00f3n de S\u00edndrome de Asperger de Lleida.\r\n\r\n<span style=\"color: #9fa43c;\"><strong><a style=\"color: #9fa43c;\" href=\"http:\/\/www.sanament.com\/\">www.sanament.com<\/a><\/strong><\/span><div class=\"item-footer clearfix\"><a title=\"\u00d2scar Corbella Granados\" href=\"https:\/\/traumare.com\/es\/doctors\/oscar-corbella-granados\/\" class=\"mc-button more light template-arrow-horizontal-1-after\">PROFILE<\/a><\/div><\/div><\/div>\n\t\t\t\t<\/div><li id=\"gallery-details-anabel-gateu-charles\" class=\"gallery-item-details clearfix\">\n\t\t\t\t\t<div class=\"vc_row wpb_row vc_row-fluid\">\n\t\t\t\t\t\t<div class=\"vc_col-sm-6 wpb_column vc_column_container\"><div class=\"gallery-box hover-icons-off\"><span class=\"mc-preloader\"><\/span>\n\t\t\t\t\t\t\t\t\t<img loading=\"lazy\" decoding=\"async\" width=\"480\" height=\"300\" src=\"https:\/\/traumare.com\/wp-content\/uploads\/2020\/02\/Equipo-medico-Traumare-anabel-gateu-charles-psicologia-lleida-480x300.jpeg\" class=\"mc-preload wp-post-image\" alt=\"Anabel Gateu Charles\" title=\"\" \/>\n\t\t\t\t\t\t\t\t\t<ul class=\"controls\">\n\t\t\t\t\t\t\t\t\t\t<li>\n\t\t\t\t\t\t\t\t\t\t\t<a href=\"https:\/\/anabelpsicologa.com\/\" class=\"template-plus-2 fancybox-url open-url-lightbox\" rel=\"featured-gallery\"><\/a>\n\t\t\t\t\t\t\t\t\t\t<\/li>\n\t\t\t\t\t\t\t\t\t<\/ul><div class=\"description\">\n\t\t\t\t\t\t\t\t\t\t<h3>Anabel Gateu Charles<\/h3>\n\t\t\t\t\t\t\t\t\t\t<h5>Psic\u00f3loga<\/h5>\n\t\t\t\t\t\t\t\t\t<\/div><\/div><ul class=\"social-icons clearfix\"><li><a class=\"social-facebook\" href=\"https:\/\/www.facebook.com\/anabelgateupsicologa\/\" target=\"_blank\" title=\"\">&nbsp;<\/a><\/li><li><a class=\"social-instagram\" href=\"https:\/\/www.instagram.com\/psicologa_anabelgateu\/\" target=\"_blank\" title=\"\">&nbsp;<\/a><\/li><\/ul><\/div>\n\t\t\t\t\t<div class=\"vc_col-sm-6 wpb_column vc_column_container\">\n\t\t\t\t\t\t<div class=\"details-box\"><ul class=\"controls\">\n\t\t\t\t\t\t\t\t\t<li>\n\t\t\t\t\t\t\t\t\t\t<a href=\"#\" class=\"prev template-arrow-horizontal-3\"><\/a>\n\t\t\t\t\t\t\t\t\t<\/li>\n\t\t\t\t\t\t\t\t\t<li>\n\t\t\t\t\t\t\t\t\t\t<a href=\"#\" class=\"next template-arrow-horizontal-3\"><\/a>\n\t\t\t\t\t\t\t\t\t<\/li>\n\t\t\t\t\t\t\t\t\t<li class=\"separator\">&nbsp;<\/li><li>\n\t\t\t\t\t\t\t\t\t\t<a href=\"#gallery-details-close\" class=\"close template-remove-1\"><\/a>\n\t\t\t\t\t\t\t\t\t<\/li>\n\t\t\t\t\t\t\t\t<\/ul><h2 class=\"box-header\"> Anabel Gateu Charles<\/h2><strong>N\u00fam Colegiado: <\/strong>26488.\r\n<strong>Formaci\u00f3n:<\/strong>\r\n<ul>\r\n \t<li>Graduada Psicolog\u00eda por la Universidad de Barcelona (UB).<\/li>\r\n \t<li>M\u00e1ster Psicolog\u00eda General Sanitaria por la Universidad de Lleida (UdL).<\/li>\r\n \t<li>M\u00e1ster Internacional Psicolog\u00eda del Deporte por Esneca Business School.<\/li>\r\n \t<li>Posgrado Experto Psicolog\u00eda Infantil y Juvenil por Esneca Business School.<\/li>\r\n \t<li>Experta Psiconutrici\u00f3n por el Instituto de Gesti\u00f3n Emocional, Nutrici\u00f3n y Obesidad.<\/li>\r\n \t<li>Experta universitaria en abuso escolar (bullying\u00a0y\u00a0ciberbullying)\u00a0por el Instituto Superior de Formaci\u00f3n\u00a0Apertura\u00a0Psicol\u00f3gica (ISFAP).Asociaciones:Colegio oficial de psic\u00f3logos de Catalu\u00f1a (COPC)<\/li>\r\n<\/ul><div class=\"item-footer clearfix\"><a title=\"Anabel Gateu Charles\" href=\"https:\/\/traumare.com\/es\/doctors\/anabel-gateu-charles\/\" class=\"mc-button more light template-arrow-horizontal-1-after\">PROFILE<\/a><\/div><\/div><\/div>\n\t\t\t\t<\/div><\/ul><h3 class=\"box-header margin-bottom-30\">Cuadro m\u00e9dico<\/h3><ul class=\"tabs-navigation isotope-filters clearfix\"><li>\n\t\t\t\t\t\t\t<a href=\"#filter-psicologia\" title=\"Psicolog\u00eda\">Psicolog\u00eda<\/a>\n\t\t\t\t\t\t<\/li><li>\n\t\t\t\t\t\t\t<a href=\"#filter-sexologia\" title=\"Sexolog\u00eda\">Sexolog\u00eda<\/a>\n\t\t\t\t\t\t<\/li><\/ul><ul class=\"mc-gallery gallery-4-columns dm_filters\"><li class=\"psicologia ver-todos\" id=\"gallery-item-oscar-corbella-granados\">\n\t\t\t\t\t<div class=\"gallery-box gallery-box-1 hover-icons-off\"><span class=\"mc-preloader\"><\/span><img loading=\"lazy\" decoding=\"async\" width=\"225\" height=\"150\" src=\"https:\/\/traumare.com\/wp-content\/uploads\/2016\/03\/Equipo-medico-Traumare-Oscar-Corbella-Psicologia-lleida-225x150.jpg\" class=\"mc-preload wp-post-image\" alt=\"\u00d2scar Corbella Granados\" title=\"\" \/>\n\t\t\t\t\t\t<div class=\"description\">\n\t\t\t\t\t\t\t<h4>\u00d2scar Corbella Granados<\/h4>\n\t\t\t\t\t\t\t<h5>Psic\u00f3logo<\/h5>\n\t\t\t\t\t\t<\/div><ul class=\"social-icons clearfix\"><li><a class=\"social-facebook\" href=\"https:\/\/www.facebook.com\/traumare\" target=\"_blank\" title=\"\">&nbsp;<\/a><\/li><li><a class=\"social-instagram\" href=\"https:\/\/www.instagram.com\/traumare_rhb\/\" target=\"_blank\" title=\"\">&nbsp;<\/a><\/li><\/ul>\n\t\t\t\t\t\t<ul class=\"controls\">\n\t\t\t\t\t\t\t<li>\n\t\t\t\t\t\t\t\t<a href=\"#gallery-details-oscar-corbella-granados\" class=\"template-menu-2 open-details\"><\/a>\n\t\t\t\t\t\t\t<\/li><li><a href=\"http:\/\/www.sanament.com\" class=\"template-plus-2 fancybox-url open-url-lightbox\" rel=\"mcgallery\"><\/a>\n\t\t\t\t\t<\/li><\/ul><\/div><\/li><li class=\"psicologia ver-todos\" id=\"gallery-item-anabel-gateu-charles\">\n\t\t\t\t\t<div class=\"gallery-box gallery-box-2 hover-icons-off\"><span class=\"mc-preloader\"><\/span><img loading=\"lazy\" decoding=\"async\" width=\"225\" height=\"150\" src=\"https:\/\/traumare.com\/wp-content\/uploads\/2020\/02\/Equipo-medico-Traumare-anabel-gateu-charles-psicologia-lleida-225x150.jpeg\" class=\"mc-preload wp-post-image\" alt=\"Anabel Gateu Charles\" title=\"\" \/>\n\t\t\t\t\t\t<div class=\"description\">\n\t\t\t\t\t\t\t<h4>Anabel Gateu Charles<\/h4>\n\t\t\t\t\t\t\t<h5>Psic\u00f3loga<\/h5>\n\t\t\t\t\t\t<\/div><ul class=\"social-icons clearfix\"><li><a class=\"social-facebook\" href=\"https:\/\/www.facebook.com\/anabelgateupsicologa\/\" target=\"_blank\" title=\"\">&nbsp;<\/a><\/li><li><a class=\"social-instagram\" href=\"https:\/\/www.instagram.com\/psicologa_anabelgateu\/\" target=\"_blank\" title=\"\">&nbsp;<\/a><\/li><\/ul>\n\t\t\t\t\t\t<ul class=\"controls\">\n\t\t\t\t\t\t\t<li>\n\t\t\t\t\t\t\t\t<a href=\"#gallery-details-anabel-gateu-charles\" class=\"template-menu-2 open-details\"><\/a>\n\t\t\t\t\t\t\t<\/li><li><a href=\"https:\/\/anabelpsicologa.com\/\" class=\"template-plus-2 fancybox-url open-url-lightbox\" rel=\"mcgallery\"><\/a>\n\t\t\t\t\t<\/li><\/ul><\/div><\/li><\/ul>[\/vc_column][\/vc_row]<\/p>\n","protected":false},"excerpt":{"rendered":"<p>[vc_row][vc_column][vc_column_text][\/vc_column_text][\/vc_column][\/vc_row][vc_row][vc_column width=\u00bb2\/3&#8243;][vc_custom_heading text=\u00bbPsicolog\u00eda\u00bb font_container=\u00bbtag:h3|text_align:left|color:%239fa43c\u00bb use_theme_fonts=\u00bbyes\u00bb][vc_column_text] Acompa\u00f1amiento, consulta\/consejer\u00eda y asesoramiento en diversas situaciones y\/o momentos personales.\u00a0Conciliaci\u00f3n familiar, trastornos de conducta infantiles y adolescentes, situaciones familiares estresantes y dificultades de adaptaci\u00f3n en ni\u00f1os debido a cualquier causa: dificultades intelectuales, dificultades de aprendizaje, espectro autista. Trastornos emocionales:\u00a0Fobia espec\u00edfica, fobia Social, trastorno de Panico, estr\u00e9s Post Traumatico, trastorno obesivo<\/p>\n","protected":false},"author":1,"featured_media":0,"parent":0,"menu_order":0,"comment_status":"closed","ping_status":"closed","template":"","meta":{"_monsterinsights_skip_tracking":false,"_monsterinsights_sitenote_active":false,"_monsterinsights_sitenote_note":"","_monsterinsights_sitenote_category":0,"footnotes":""},"yoast_head":"<!-- This site is optimized with the Yoast SEO plugin v21.8 - https:\/\/yoast.com\/wordpress\/plugins\/seo\/ -->\n<title>Psicologia i sexologia. Traumare, centre m\u00e8dic i rehabilitaci\u00f3 a LleidaPsicolog\u00eda y sexolog\u00eda. Traumare, centro m\u00e9dico y rehabilitaci\u00f3n<\/title>\n<meta name=\"description\" content=\"Psicologia i sexologia cl\u00ednica i medicina conductual: Trastorns de la conducta, aliment\u00e0ria, disfuncions sexuals, coaching per a la motivaci\u00f3...Psicolog\u00eda cl\u00ednica y medicina conductual: Trastornos de la conducta, alimentaria.\u00a0Disfunciones sexuales:\u00a0Disfunci\u00f3n er\u00e9ctil, eyaculaci\u00f3n precoz, inapetencia sexual, anorgasmia, vaginismo, dolor coital...\" \/>\n<meta name=\"robots\" content=\"index, follow, max-snippet:-1, max-image-preview:large, max-video-preview:-1\" \/>\n<link rel=\"canonical\" href=\"https:\/\/traumare.com\/ca\/psicologia-y-sexologia\/\" \/>\n<meta property=\"og:locale\" content=\"es_ES\" \/>\n<meta property=\"og:type\" content=\"article\" \/>\n<meta property=\"og:title\" content=\"Psicologia i sexologia. Traumare, centre m\u00e8dic i rehabilitaci\u00f3 a LleidaPsicolog\u00eda y sexolog\u00eda. Traumare, centro m\u00e9dico y rehabilitaci\u00f3n\" \/>\n<meta property=\"og:description\" content=\"Psicologia i sexologia cl\u00ednica i medicina conductual: Trastorns de la conducta, aliment\u00e0ria, disfuncions sexuals, coaching per a la motivaci\u00f3...Psicolog\u00eda cl\u00ednica y medicina conductual: Trastornos de la conducta, alimentaria.\u00a0Disfunciones sexuales:\u00a0Disfunci\u00f3n er\u00e9ctil, eyaculaci\u00f3n precoz, inapetencia sexual, anorgasmia, vaginismo, dolor coital...\" \/>\n<meta property=\"og:url\" content=\"https:\/\/traumare.com\/ca\/psicologia-y-sexologia\/\" \/>\n<meta property=\"og:site_name\" content=\"TRAUMARE\" \/>\n<meta property=\"article:publisher\" content=\"https:\/\/www.facebook.com\/traumare\" \/>\n<meta property=\"article:modified_time\" content=\"2018-06-13T16:19:22+00:00\" \/>\n<meta property=\"og:image\" content=\"https:\/\/traumare.com\/wp-content\/uploads\/2014\/11\/logo-quadrat.jpg\" \/>\n\t<meta property=\"og:image:width\" content=\"252\" \/>\n\t<meta property=\"og:image:height\" content=\"179\" \/>\n\t<meta property=\"og:image:type\" content=\"image\/jpeg\" \/>\n<meta name=\"twitter:label1\" content=\"Tiempo de lectura\" \/>\n\t<meta name=\"twitter:data1\" content=\"2 minutos\" \/>\n<script type=\"application\/ld+json\" class=\"yoast-schema-graph\">{\"@context\":\"https:\/\/schema.org\",\"@graph\":[{\"@type\":\"WebPage\",\"@id\":\"https:\/\/traumare.com\/ca\/psicologia-y-sexologia\/\",\"url\":\"https:\/\/traumare.com\/ca\/psicologia-y-sexologia\/\",\"name\":\"Psicologia i sexologia. Traumare, centre m\u00e8dic i rehabilitaci\u00f3 a LleidaPsicolog\u00eda y sexolog\u00eda. Traumare, centro m\u00e9dico y rehabilitaci\u00f3n\",\"isPartOf\":{\"@id\":\"https:\/\/traumare.com\/ca\/#website\"},\"datePublished\":\"2015-12-30T14:37:49+00:00\",\"dateModified\":\"2018-06-13T16:19:22+00:00\",\"description\":\"Psicologia i sexologia cl\u00ednica i medicina conductual: Trastorns de la conducta, aliment\u00e0ria, disfuncions sexuals, coaching per a la motivaci\u00f3...Psicolog\u00eda cl\u00ednica y medicina conductual: Trastornos de la conducta, alimentaria.\u00a0Disfunciones sexuales:\u00a0Disfunci\u00f3n er\u00e9ctil, eyaculaci\u00f3n precoz, inapetencia sexual, anorgasmia, vaginismo, dolor coital...\",\"breadcrumb\":{\"@id\":\"https:\/\/traumare.com\/ca\/psicologia-y-sexologia\/#breadcrumb\"},\"inLanguage\":\"es\",\"potentialAction\":[{\"@type\":\"ReadAction\",\"target\":[\"https:\/\/traumare.com\/ca\/psicologia-y-sexologia\/\"]}]},{\"@type\":\"BreadcrumbList\",\"@id\":\"https:\/\/traumare.com\/ca\/psicologia-y-sexologia\/#breadcrumb\",\"itemListElement\":[{\"@type\":\"ListItem\",\"position\":1,\"name\":\"Inici\",\"item\":\"https:\/\/traumare.com\/ca\/\"},{\"@type\":\"ListItem\",\"position\":2,\"name\":\"Psicologia i sexologia\"}]},{\"@type\":\"WebSite\",\"@id\":\"https:\/\/traumare.com\/ca\/#website\",\"url\":\"https:\/\/traumare.com\/ca\/\",\"name\":\"TRAUMARE\",\"description\":\"\",\"potentialAction\":[{\"@type\":\"SearchAction\",\"target\":{\"@type\":\"EntryPoint\",\"urlTemplate\":\"https:\/\/traumare.com\/ca\/?s={search_term_string}\"},\"query-input\":\"required name=search_term_string\"}],\"inLanguage\":\"es\"}]}<\/script>\n<!-- \/ Yoast SEO plugin. -->","yoast_head_json":{"title":"Psicologia i sexologia. Traumare, centre m\u00e8dic i rehabilitaci\u00f3 a LleidaPsicolog\u00eda y sexolog\u00eda. Traumare, centro m\u00e9dico y rehabilitaci\u00f3n","description":"Psicologia i sexologia cl\u00ednica i medicina conductual: Trastorns de la conducta, aliment\u00e0ria, disfuncions sexuals, coaching per a la motivaci\u00f3...Psicolog\u00eda cl\u00ednica y medicina conductual: Trastornos de la conducta, alimentaria.\u00a0Disfunciones sexuales:\u00a0Disfunci\u00f3n er\u00e9ctil, eyaculaci\u00f3n precoz, inapetencia sexual, anorgasmia, vaginismo, dolor coital...","robots":{"index":"index","follow":"follow","max-snippet":"max-snippet:-1","max-image-preview":"max-image-preview:large","max-video-preview":"max-video-preview:-1"},"canonical":"https:\/\/traumare.com\/ca\/psicologia-y-sexologia\/","og_locale":"es_ES","og_type":"article","og_title":"Psicologia i sexologia. Traumare, centre m\u00e8dic i rehabilitaci\u00f3 a LleidaPsicolog\u00eda y sexolog\u00eda. Traumare, centro m\u00e9dico y rehabilitaci\u00f3n","og_description":"Psicologia i sexologia cl\u00ednica i medicina conductual: Trastorns de la conducta, aliment\u00e0ria, disfuncions sexuals, coaching per a la motivaci\u00f3...Psicolog\u00eda cl\u00ednica y medicina conductual: Trastornos de la conducta, alimentaria.\u00a0Disfunciones sexuales:\u00a0Disfunci\u00f3n er\u00e9ctil, eyaculaci\u00f3n precoz, inapetencia sexual, anorgasmia, vaginismo, dolor coital...","og_url":"https:\/\/traumare.com\/ca\/psicologia-y-sexologia\/","og_site_name":"TRAUMARE","article_publisher":"https:\/\/www.facebook.com\/traumare","article_modified_time":"2018-06-13T16:19:22+00:00","og_image":[{"width":252,"height":179,"url":"https:\/\/traumare.com\/wp-content\/uploads\/2014\/11\/logo-quadrat.jpg","type":"image\/jpeg"}],"twitter_misc":{"Tiempo de lectura":"2 minutos"},"schema":{"@context":"https:\/\/schema.org","@graph":[{"@type":"WebPage","@id":"https:\/\/traumare.com\/ca\/psicologia-y-sexologia\/","url":"https:\/\/traumare.com\/ca\/psicologia-y-sexologia\/","name":"Psicologia i sexologia. Traumare, centre m\u00e8dic i rehabilitaci\u00f3 a LleidaPsicolog\u00eda y sexolog\u00eda. Traumare, centro m\u00e9dico y rehabilitaci\u00f3n","isPartOf":{"@id":"https:\/\/traumare.com\/ca\/#website"},"datePublished":"2015-12-30T14:37:49+00:00","dateModified":"2018-06-13T16:19:22+00:00","description":"Psicologia i sexologia cl\u00ednica i medicina conductual: Trastorns de la conducta, aliment\u00e0ria, disfuncions sexuals, coaching per a la motivaci\u00f3...Psicolog\u00eda cl\u00ednica y medicina conductual: Trastornos de la conducta, alimentaria.\u00a0Disfunciones sexuales:\u00a0Disfunci\u00f3n er\u00e9ctil, eyaculaci\u00f3n precoz, inapetencia sexual, anorgasmia, vaginismo, dolor coital...","breadcrumb":{"@id":"https:\/\/traumare.com\/ca\/psicologia-y-sexologia\/#breadcrumb"},"inLanguage":"es","potentialAction":[{"@type":"ReadAction","target":["https:\/\/traumare.com\/ca\/psicologia-y-sexologia\/"]}]},{"@type":"BreadcrumbList","@id":"https:\/\/traumare.com\/ca\/psicologia-y-sexologia\/#breadcrumb","itemListElement":[{"@type":"ListItem","position":1,"name":"Inici","item":"https:\/\/traumare.com\/ca\/"},{"@type":"ListItem","position":2,"name":"Psicologia i sexologia"}]},{"@type":"WebSite","@id":"https:\/\/traumare.com\/ca\/#website","url":"https:\/\/traumare.com\/ca\/","name":"TRAUMARE","description":"","potentialAction":[{"@type":"SearchAction","target":{"@type":"EntryPoint","urlTemplate":"https:\/\/traumare.com\/ca\/?s={search_term_string}"},"query-input":"required name=search_term_string"}],"inLanguage":"es"}]}},"_links":{"self":[{"href":"https:\/\/traumare.com\/es\/wp-json\/wp\/v2\/pages\/624"}],"collection":[{"href":"https:\/\/traumare.com\/es\/wp-json\/wp\/v2\/pages"}],"about":[{"href":"https:\/\/traumare.com\/es\/wp-json\/wp\/v2\/types\/page"}],"author":[{"embeddable":true,"href":"https:\/\/traumare.com\/es\/wp-json\/wp\/v2\/users\/1"}],"replies":[{"embeddable":true,"href":"https:\/\/traumare.com\/es\/wp-json\/wp\/v2\/comments?post=624"}],"version-history":[{"count":0,"href":"https:\/\/traumare.com\/es\/wp-json\/wp\/v2\/pages\/624\/revisions"}],"wp:attachment":[{"href":"https:\/\/traumare.com\/es\/wp-json\/wp\/v2\/media?parent=624"}],"curies":[{"name":"wp","href":"https:\/\/api.w.org\/{rel}","templated":true}]}}