{"id":619,"date":"2015-12-30T14:31:53","date_gmt":"2015-12-30T14:31:53","guid":{"rendered":"http:\/\/traumare.com\/?page_id=619"},"modified":"2016-09-23T12:34:58","modified_gmt":"2016-09-23T12:34:58","slug":"acupuntura","status":"publish","type":"page","link":"https:\/\/traumare.com\/es\/acupuntura\/","title":{"rendered":"Acupuntura"},"content":{"rendered":"<p>[vc_row][vc_column][vc_column_text]<div id=\"metaslider-id-794\" style=\"max-width: 1024px;\" class=\"ml-slider-3-60-1 metaslider metaslider-flex metaslider-794 ml-slider ms-theme-default\" role=\"region\" aria-roledescription=\"Slideshow\" aria-label=\"Acupuntura\">\n    <div id=\"metaslider_container_794\">\n        <div id=\"metaslider_794\">\n            <ul aria-live=\"polite\" class=\"slides\">\n                <li style=\"display: block; width: 100%;\" class=\"slide-620 ms-image\" aria-roledescription=\"slide\" aria-label=\"slide-620\"><img loading=\"lazy\" decoding=\"async\" src=\"https:\/\/traumare.com\/wp-content\/uploads\/2015\/12\/Fotografies-Traumare-acupuntura-lleida.jpg\" height=\"341\" width=\"1024\" alt=\"\" class=\"slider-794 slide-620\" \/><\/li>\n                <li style=\"display: none; width: 100%;\" class=\"slide-797 ms-image\" aria-roledescription=\"slide\" aria-label=\"slide-797\"><img loading=\"lazy\" decoding=\"async\" src=\"https:\/\/traumare.com\/wp-content\/uploads\/2015\/12\/Fotografies-Traumare-acupuntura-lleida-02-1024x341.jpg\" height=\"341\" width=\"1024\" alt=\"\" class=\"slider-794 slide-797\" \/><\/li>\n            <\/ul>\n        <\/div>\n        \n    <\/div>\n<\/div>[\/vc_column_text][\/vc_column][\/vc_row][vc_row][vc_column width=\u00bb2\/3&#8243;][vc_column_text]<\/p>\n<h3>\u00bfQu\u00e9 es la acupuntura?<\/h3>\n<p>La acupuntura es una modalidad curativa originaria del Este Asi\u00e1tico. La m\u00e1s conocida en occidente es la China, con m\u00e1s de 2000 a\u00f1os de tradici\u00f3n.<\/p>\n<p>La Acupuntura China es una de las ramas terap\u00e9uticas m\u00e1s importantes de la Medicina Tradicional China, junto con la moxibusti\u00f3n, la fitoterapia china, la t\u00e9cnica de las ventosas, la Tuina (masaje en puntos de acupuntura), la dietoterapia y las t\u00e9cnicas como el Qi Gong y el Tai Chi.<\/p>\n<p>En las \u00faltimas d\u00e9cadas, ha ganado popularidad en occidente, formando parte de las medicinas alternativas y complementarias, conocidas internacionalmente como CAM. Se calcula que unos tres millones de europeos reciben tratamiento de acupuntura cada a\u00f1o, sobre todo en Alemania, Francia y pa\u00edses n\u00f3rdicos.<\/p>\n<p>Consiste en la inserci\u00f3n y estimulaci\u00f3n de unas agujas en puntos espec\u00edficos localizados en un entramado de canales o v\u00edas energ\u00e9ticas conocidas popularmente como meridianos. Su objetivo es obtener un beneficio en la salud de la persona que recibe este tratamiento.<\/p>\n<p>En patolog\u00edas de car\u00e1cter agudo, los beneficios pueden ser r\u00e1pidos, dependiendo del tipo de patolog\u00eda de que se trate. En patolog\u00edas de car\u00e1cter cr\u00f3nico, sin embargo, los beneficios pueden tardar en aparecer.<\/p>\n<h3>\u00bfPara qu\u00e9 dolencias es beneficiosa?<\/h3>\n<p>Su eficacia\u00a0ha sido demostrada ampliamente en todo un amplio abanico de tratamientos, como pueden ser el tratamiento del dolor (beneficio m\u00e1s conocido), o para contrarrestar los efectos secundarios de la quimioterapia (v\u00f3mitos y n\u00e1useas).<\/p>\n<p class=\"p1\"><span class=\"s1\">A Traumare,\u00a0<\/span><span class=\"s2\">Centro M\u00e9dico, ofrecemos tratamientos de acupuntura en Lleida para\u00a0las siguientes enfermedades, s\u00edndromes y condiciones, reconocidas todas ellas como beneficiosas por la OMS, as\u00ed como demostrados sus beneficios de forma emp\u00edrica:<\/span><\/p>\n<p>[\/vc_column_text][vc_custom_heading text=\u00bb\u00bfQu\u00e9 tratamientos ofrecemos?\u00bb font_container=\u00bbtag:h3|text_align:left|color:%239fa43c\u00bb use_theme_fonts=\u00bbyes\u00bb css=\u00bb.vc_custom_1454940000038{margin-top: 10px !important;margin-bottom: 20px !important;}\u00bb][vc_column_text css=\u00bb.vc_custom_1474633857866{margin-top: 20px !important;}\u00bb]<\/p>\n<h4>Indicaciones de tratamiento reconocidas por la OMS<\/h4>\n<ul>\n<li><strong>Trastornos tipo m\u00fasculo &#8211; esquel\u00e9ticos:<\/strong> lumbalgia, dolor de cervicales, artritis, epicondilitis, dolores musculares. Ci\u00e1tica.<\/li>\n<li><strong>Tratamiento del dolor<\/strong> post-cirug\u00eda y dolor en general.<\/li>\n<li><strong>Odontalgia<\/strong>. Disfunci\u00f3n ATM.<\/li>\n<li><strong>Trastornos del aparato respiratorio:<\/strong> asma, amigdalitis, bronquitis aguda, sinusitis.<\/li>\n<li>T<strong>rastornos gastrointestinales:<\/strong> gastritis aguda, \u00falcera duodenal no complicada, diarreas, estre\u00f1imiento.<\/li>\n<li><strong>Trastornos neurol\u00f3gicos:<\/strong> cefaleas, Neuralgia Trig\u00e9mino.<\/li>\n<\/ul>\n<h4>Tratamientos de demostrada eficacia<\/h4>\n<ul>\n<li><strong>Trastornos ginecol\u00f3gicos:<\/strong> dismenorreas, amenorreas. Infertilidad.<br \/>\nTrastornos urinarios.<\/li>\n<li><strong>Enfermedades dermatol\u00f3gicas:<\/strong> eccema, acn\u00e9, herpes z\u00f3ster, urticaria.<\/li>\n<li><strong>Tratamiento heridas<\/strong> post-quir\u00fargicas, heridas hipertr\u00f3ficas, y otros.<\/li>\n<li><strong>Tratamiento de la obesidad<\/strong>.<\/li>\n<li><strong>Tratamiento de adicciones<\/strong> (tabaquismo).<\/li>\n<li><strong>Ansiedad, insomnio, depresi\u00f3n.<\/strong><\/li>\n<li><strong>Fibromialgia<\/strong>.<\/li>\n<li><strong>Tratamiento de rejuvenecimiento facial.<\/strong> (est\u00e9tica facial). <strong>NUEVO!<\/strong><\/li>\n<\/ul>\n<h4>Otros servicios:<\/h4>\n<ul>\n<li><strong>Acupuntura Craneal<\/strong> Japonesa.<\/li>\n<li><strong>Flores de Bach.<\/strong><\/li>\n<\/ul>\n<p>[\/vc_column_text][\/vc_column][vc_column width=\u00bb1\/3&#8243;]<h2 class=\"box-header\">Pide Cita<\/h2>[vc_column_text css=\u00bb.vc_custom_1453716000834{margin-top: 30px !important;}\u00bb]<\/p>\n<h3>Llamando al tel\u00e9fono <span style=\"color: #9fa43c;\">973 268 599<\/span>\u00a0o a trav\u00e9s del siguiente\u00a0formulario:<\/h3>\n<p>[\/vc_column_text]<form class=\"contact-form \" id=\"contact_form\" method=\"post\" action=\"\"><div class=\"vc_row wpb_row vc_inner\">\n\t\t\t<fieldset class=\"vc_col-sm-6 wpb_column vc_column_container\"><label>FIRST NAME<\/label>\n\t\t\t\t<div class=\"block\">\n\t\t\t\t\t<input class=\"text_input\" name=\"first_name\" type=\"text\" value=\"\" tabindex=\"1\" data-required=\"1\">\n\t\t\t\t<\/div><label>DATE OF BIRTH (mm\/dd\/yyyy)<\/label>\n\t\t\t\t<div class=\"block\">\n\t\t\t\t\t<input class=\"text_input\" name=\"date_of_birth\" type=\"text\" value=\"\" tabindex=\"3\">\n\t\t\t\t<\/div><label>PHONE NUMBER<\/label>\n\t\t\t\t<div class=\"block\">\n\t\t\t\t\t<input class=\"text_input\" name=\"phone_number\" type=\"text\" value=\"\" tabindex=\"5\">\n\t\t\t\t<\/div><\/fieldset>\n\t\t\t<fieldset class=\"vc_col-sm-6 wpb_column vc_column_container\"><label>LAST NAME<\/label>\n\t\t\t\t<div class=\"block\">\n\t\t\t\t\t<input class=\"text_input\" name=\"last_name\" type=\"text\" value=\"\" tabindex=\"2\" data-required=\"1\">\n\t\t\t\t<\/div><label>SOCIAL SECURITY NUMBER<\/label>\n\t\t\t\t<div class=\"block\">\n\t\t\t\t\t<input class=\"text_input\" name=\"social_security_number\" type=\"text\" value=\"\" tabindex=\"4\">\n\t\t\t\t<\/div><label>E-MAIL<\/label>\n\t\t\t\t<div class=\"block\">\n\t\t\t\t\t<input class=\"text_input\" name=\"email\" type=\"text\" value=\"\" tabindex=\"6\" data-required=\"1\">\n\t\t\t\t<\/div><\/fieldset>\n\t\t<\/div><div class=\"vc_row wpb_row vc_inner\">\n\t\t\t<fieldset>\n\t\t\t\t<label>REASON OF APPOINTMENT<\/label>\n\t\t\t\t<div class=\"block\">\n\t\t\t\t\t<textarea name=\"message\" tabindex=\"7\" data-required=\"1\"><\/textarea>\n\t\t\t\t<\/div>\n\t\t\t<\/fieldset>\n\t\t<\/div><div class=\"vc_row wpb_row vc_inner submit-container margin-top-30\"><div class=\"vc_col-sm-6 wpb_column vc_column_container\">\n\t\t\t\t<p>We will contact you within one business day.<\/p>\n\t\t\t<\/div>\n\t\t\t<div class=\"vc_col-sm-6 wpb_column vc_column_container \"><input type=\"hidden\" name=\"action\" value=\"theme_contact_form\" \/>\n\t\t\t\t<input type=\"hidden\" name=\"id\" value=\"contact_form\" \/><div class=\"vc_row wpb_row vc_inner\">\n\t\t\t\t<input type=\"submit\" name=\"submit\" value=\"SEND\" class=\"more mc-button\" \/>\n\t\t\t<\/div><\/div><\/div>\n\t<\/form>[\/vc_column][\/vc_row][vc_row][vc_column]<ul class=\"gallery-item-details-list clearfix margin-bottom\"><li id=\"gallery-details-isabel-loizu\" class=\"gallery-item-details clearfix\">\n\t\t\t\t\t<div class=\"vc_row wpb_row vc_row-fluid\">\n\t\t\t\t\t\t<div class=\"vc_col-sm-6 wpb_column vc_column_container\"><div class=\"gallery-box hover-icons-off\"><span class=\"mc-preloader\"><\/span>\n\t\t\t\t\t\t\t\t\t<img loading=\"lazy\" decoding=\"async\" width=\"480\" height=\"300\" src=\"https:\/\/traumare.com\/wp-content\/uploads\/2016\/01\/Equipo-medico-Traumare-Isabel-Loizu-acupuntura-lleida-480x300.jpg\" class=\"mc-preload wp-post-image\" alt=\"Isabel Loizu\" title=\"\" \/>\n\t\t\t\t\t\t\t\t\t<ul class=\"controls\">\n\t\t\t\t\t\t\t\t\t\t<li>\n\t\t\t\t\t\t\t\t\t\t\t<a href=\"http:\/\/www.acupunturalleida.com\/\" class=\"template-plus-2 fancybox-url open-url-lightbox\" rel=\"featured-gallery\"><\/a>\n\t\t\t\t\t\t\t\t\t\t<\/li>\n\t\t\t\t\t\t\t\t\t<\/ul><div class=\"description\">\n\t\t\t\t\t\t\t\t\t\t<h3>Isabel Loizu<\/h3>\n\t\t\t\t\t\t\t\t\t\t<h5>Acupuntora<\/h5>\n\t\t\t\t\t\t\t\t\t<\/div><\/div><ul class=\"social-icons clearfix\"><li><a class=\"social-facebook\" href=\"https:\/\/www.facebook.com\/Isabel-Loizu-Mart%C3%AD-221160621229945\/?fref=ts\" target=\"_blank\" title=\"\">&nbsp;<\/a><\/li><li><a class=\"social-instagram\" href=\"https:\/\/www.instagram.com\/traumare_rhb\/\" target=\"_blank\" title=\"\">&nbsp;<\/a><\/li><\/ul><\/div>\n\t\t\t\t\t<div class=\"vc_col-sm-6 wpb_column vc_column_container\">\n\t\t\t\t\t\t<div class=\"details-box\"><ul class=\"controls\"><li>\n\t\t\t\t\t\t\t\t\t\t<a href=\"#gallery-details-close\" class=\"close template-remove-1\"><\/a>\n\t\t\t\t\t\t\t\t\t<\/li>\n\t\t\t\t\t\t\t\t<\/ul><h2 class=\"box-header\"> Isabel Loizu<\/h2><strong>N\u00fam. colegiado: 2755<\/strong>\r\n<strong>Formaci\u00f3n:<\/strong>\r\n<ul>\r\n \t<li>Enfermera diplomada por la Universidad de Lleida.<\/li>\r\n \t<li>T\u00e9cnico en acupuntura por la Universidad de Zaragoza.<\/li>\r\n<\/ul>\r\n<em>Me apasiona la educaci\u00f3n sanitaria y en especial el uso de la acupuntura para mejorar la salud de los usuarios que sufren alg\u00fan tipo de desorden funcional. Participo activamente en seminarios, jornadas y estudios relacionados con mi actividad profesional: tratamiento del dolor, para estar a la vanguardia.<\/em>\r\n\r\n<span style=\"color: #a0a048;\"><a style=\"color: #a0a048;\" href=\"http:\/\/www.acupunturalleida.com\/\">www.acupunturalleida.com<\/a><\/span><div class=\"item-footer clearfix\"><a title=\"Isabel Loizu\" href=\"https:\/\/traumare.com\/es\/doctors\/isabel-loizu\/\" class=\"mc-button more light template-arrow-horizontal-1-after\">PROFILE<\/a><\/div><\/div><\/div>\n\t\t\t\t<\/div><\/ul><h3 class=\"box-header margin-bottom-30\">Cuadro m\u00e9dico<\/h3><ul class=\"tabs-navigation isotope-filters clearfix\"><li>\n\t\t\t\t\t\t\t<a href=\"#filter-acupuntura\" title=\"Acupuntura\">Acupuntura<\/a>\n\t\t\t\t\t\t<\/li><\/ul><ul class=\"mc-gallery gallery-4-columns dm_filters\"><li class=\"acupuntura ver-todos\" id=\"gallery-item-isabel-loizu\">\n\t\t\t\t\t<div class=\"gallery-box gallery-box-1 hover-icons-off\"><span class=\"mc-preloader\"><\/span><img loading=\"lazy\" decoding=\"async\" width=\"225\" height=\"150\" src=\"https:\/\/traumare.com\/wp-content\/uploads\/2016\/01\/Equipo-medico-Traumare-Isabel-Loizu-acupuntura-lleida-225x150.jpg\" class=\"mc-preload wp-post-image\" alt=\"Isabel Loizu\" title=\"\" \/>\n\t\t\t\t\t\t<div class=\"description\">\n\t\t\t\t\t\t\t<h4>Isabel Loizu<\/h4>\n\t\t\t\t\t\t\t<h5>Acupuntora<\/h5>\n\t\t\t\t\t\t<\/div><ul class=\"social-icons clearfix\"><li><a class=\"social-facebook\" href=\"https:\/\/www.facebook.com\/Isabel-Loizu-Mart%C3%AD-221160621229945\/?fref=ts\" target=\"_blank\" title=\"\">&nbsp;<\/a><\/li><li><a class=\"social-instagram\" href=\"https:\/\/www.instagram.com\/traumare_rhb\/\" target=\"_blank\" title=\"\">&nbsp;<\/a><\/li><\/ul>\n\t\t\t\t\t\t<ul class=\"controls\">\n\t\t\t\t\t\t\t<li>\n\t\t\t\t\t\t\t\t<a href=\"#gallery-details-isabel-loizu\" class=\"template-menu-2 open-details\"><\/a>\n\t\t\t\t\t\t\t<\/li><li><a href=\"http:\/\/www.acupunturalleida.com\/\" class=\"template-plus-2 fancybox-url open-url-lightbox\" rel=\"mcgallery\"><\/a>\n\t\t\t\t\t<\/li><\/ul><\/div><\/li><\/ul>[\/vc_column][\/vc_row]<\/p>\n","protected":false},"excerpt":{"rendered":"<p>[vc_row][vc_column][vc_column_text][\/vc_column_text][\/vc_column][\/vc_row][vc_row][vc_column width=\u00bb2\/3&#8243;][vc_column_text] \u00bfQu\u00e9 es la acupuntura? La acupuntura es una modalidad curativa originaria del Este Asi\u00e1tico. La m\u00e1s conocida en occidente es la China, con m\u00e1s de 2000 a\u00f1os de tradici\u00f3n. La Acupuntura China es una de las ramas terap\u00e9uticas m\u00e1s importantes de la Medicina Tradicional China, junto con la moxibusti\u00f3n, la fitoterapia china, la<\/p>\n","protected":false},"author":1,"featured_media":0,"parent":0,"menu_order":0,"comment_status":"closed","ping_status":"closed","template":"","meta":{"_monsterinsights_skip_tracking":false,"_monsterinsights_sitenote_active":false,"_monsterinsights_sitenote_note":"","_monsterinsights_sitenote_category":0,"footnotes":""},"yoast_head":"<!-- This site is optimized with the Yoast SEO plugin v21.8 - https:\/\/yoast.com\/wordpress\/plugins\/seo\/ -->\n<title>Acupuntura -\u00a0Traumare Centro m\u00e9dico y rehabilitaci\u00f3n en Lleida<\/title>\n<meta name=\"description\" content=\"A Traumare, Centro M\u00e9dico, ofrecemos tratamientos de acupuntura en Lleida para numerosas enfermedades, s\u00edndromes y condiciones\" \/>\n<meta name=\"robots\" content=\"index, follow, max-snippet:-1, max-image-preview:large, max-video-preview:-1\" \/>\n<link rel=\"canonical\" href=\"http:\/\/traumare.com\/es\/acupuntura\/\" \/>\n<meta property=\"og:locale\" content=\"es_ES\" \/>\n<meta property=\"og:type\" content=\"article\" \/>\n<meta property=\"og:title\" content=\"Acupuntura -\u00a0Traumare Centro m\u00e9dico y rehabilitaci\u00f3n en Lleida\" \/>\n<meta property=\"og:description\" content=\"A Traumare, Centro M\u00e9dico, ofrecemos tratamientos de acupuntura en Lleida para numerosas enfermedades, s\u00edndromes y condiciones\" \/>\n<meta property=\"og:url\" content=\"http:\/\/traumare.com\/es\/acupuntura\/\" \/>\n<meta property=\"og:site_name\" content=\"TRAUMARE\" \/>\n<meta property=\"article:publisher\" content=\"https:\/\/www.facebook.com\/traumare\" \/>\n<meta property=\"article:modified_time\" content=\"2016-09-23T12:34:58+00:00\" \/>\n<meta property=\"og:image\" content=\"https:\/\/traumare.com\/wp-content\/uploads\/2014\/11\/logo-quadrat.jpg\" \/>\n\t<meta property=\"og:image:width\" content=\"252\" \/>\n\t<meta property=\"og:image:height\" content=\"179\" \/>\n\t<meta property=\"og:image:type\" content=\"image\/jpeg\" \/>\n<meta name=\"twitter:label1\" content=\"Tiempo de lectura\" \/>\n\t<meta name=\"twitter:data1\" content=\"3 minutos\" \/>\n<script type=\"application\/ld+json\" class=\"yoast-schema-graph\">{\"@context\":\"https:\/\/schema.org\",\"@graph\":[{\"@type\":\"WebPage\",\"@id\":\"http:\/\/traumare.com\/es\/acupuntura\/\",\"url\":\"http:\/\/traumare.com\/es\/acupuntura\/\",\"name\":\"Acupuntura -\u00a0Traumare Centro m\u00e9dico y rehabilitaci\u00f3n en Lleida\",\"isPartOf\":{\"@id\":\"https:\/\/traumare.com\/es\/#website\"},\"datePublished\":\"2015-12-30T14:31:53+00:00\",\"dateModified\":\"2016-09-23T12:34:58+00:00\",\"description\":\"A Traumare, Centro M\u00e9dico, ofrecemos tratamientos de acupuntura en Lleida para numerosas enfermedades, s\u00edndromes y condiciones\",\"breadcrumb\":{\"@id\":\"http:\/\/traumare.com\/es\/acupuntura\/#breadcrumb\"},\"inLanguage\":\"es\",\"potentialAction\":[{\"@type\":\"ReadAction\",\"target\":[\"http:\/\/traumare.com\/es\/acupuntura\/\"]}]},{\"@type\":\"BreadcrumbList\",\"@id\":\"http:\/\/traumare.com\/es\/acupuntura\/#breadcrumb\",\"itemListElement\":[{\"@type\":\"ListItem\",\"position\":1,\"name\":\"Inici\",\"item\":\"https:\/\/traumare.com\/es\/\"},{\"@type\":\"ListItem\",\"position\":2,\"name\":\"Acupuntura\"}]},{\"@type\":\"WebSite\",\"@id\":\"https:\/\/traumare.com\/es\/#website\",\"url\":\"https:\/\/traumare.com\/es\/\",\"name\":\"TRAUMARE\",\"description\":\"\",\"potentialAction\":[{\"@type\":\"SearchAction\",\"target\":{\"@type\":\"EntryPoint\",\"urlTemplate\":\"https:\/\/traumare.com\/es\/?s={search_term_string}\"},\"query-input\":\"required name=search_term_string\"}],\"inLanguage\":\"es\"}]}<\/script>\n<!-- \/ Yoast SEO plugin. -->","yoast_head_json":{"title":"Acupuntura -\u00a0Traumare Centro m\u00e9dico y rehabilitaci\u00f3n en Lleida","description":"A Traumare, Centro M\u00e9dico, ofrecemos tratamientos de acupuntura en Lleida para numerosas enfermedades, s\u00edndromes y condiciones","robots":{"index":"index","follow":"follow","max-snippet":"max-snippet:-1","max-image-preview":"max-image-preview:large","max-video-preview":"max-video-preview:-1"},"canonical":"http:\/\/traumare.com\/es\/acupuntura\/","og_locale":"es_ES","og_type":"article","og_title":"Acupuntura -\u00a0Traumare Centro m\u00e9dico y rehabilitaci\u00f3n en Lleida","og_description":"A Traumare, Centro M\u00e9dico, ofrecemos tratamientos de acupuntura en Lleida para numerosas enfermedades, s\u00edndromes y condiciones","og_url":"http:\/\/traumare.com\/es\/acupuntura\/","og_site_name":"TRAUMARE","article_publisher":"https:\/\/www.facebook.com\/traumare","article_modified_time":"2016-09-23T12:34:58+00:00","og_image":[{"width":252,"height":179,"url":"https:\/\/traumare.com\/wp-content\/uploads\/2014\/11\/logo-quadrat.jpg","type":"image\/jpeg"}],"twitter_misc":{"Tiempo de lectura":"3 minutos"},"schema":{"@context":"https:\/\/schema.org","@graph":[{"@type":"WebPage","@id":"http:\/\/traumare.com\/es\/acupuntura\/","url":"http:\/\/traumare.com\/es\/acupuntura\/","name":"Acupuntura -\u00a0Traumare Centro m\u00e9dico y rehabilitaci\u00f3n en Lleida","isPartOf":{"@id":"https:\/\/traumare.com\/es\/#website"},"datePublished":"2015-12-30T14:31:53+00:00","dateModified":"2016-09-23T12:34:58+00:00","description":"A Traumare, Centro M\u00e9dico, ofrecemos tratamientos de acupuntura en Lleida para numerosas enfermedades, s\u00edndromes y condiciones","breadcrumb":{"@id":"http:\/\/traumare.com\/es\/acupuntura\/#breadcrumb"},"inLanguage":"es","potentialAction":[{"@type":"ReadAction","target":["http:\/\/traumare.com\/es\/acupuntura\/"]}]},{"@type":"BreadcrumbList","@id":"http:\/\/traumare.com\/es\/acupuntura\/#breadcrumb","itemListElement":[{"@type":"ListItem","position":1,"name":"Inici","item":"https:\/\/traumare.com\/es\/"},{"@type":"ListItem","position":2,"name":"Acupuntura"}]},{"@type":"WebSite","@id":"https:\/\/traumare.com\/es\/#website","url":"https:\/\/traumare.com\/es\/","name":"TRAUMARE","description":"","potentialAction":[{"@type":"SearchAction","target":{"@type":"EntryPoint","urlTemplate":"https:\/\/traumare.com\/es\/?s={search_term_string}"},"query-input":"required name=search_term_string"}],"inLanguage":"es"}]}},"_links":{"self":[{"href":"https:\/\/traumare.com\/es\/wp-json\/wp\/v2\/pages\/619"}],"collection":[{"href":"https:\/\/traumare.com\/es\/wp-json\/wp\/v2\/pages"}],"about":[{"href":"https:\/\/traumare.com\/es\/wp-json\/wp\/v2\/types\/page"}],"author":[{"embeddable":true,"href":"https:\/\/traumare.com\/es\/wp-json\/wp\/v2\/users\/1"}],"replies":[{"embeddable":true,"href":"https:\/\/traumare.com\/es\/wp-json\/wp\/v2\/comments?post=619"}],"version-history":[{"count":0,"href":"https:\/\/traumare.com\/es\/wp-json\/wp\/v2\/pages\/619\/revisions"}],"wp:attachment":[{"href":"https:\/\/traumare.com\/es\/wp-json\/wp\/v2\/media?parent=619"}],"curies":[{"name":"wp","href":"https:\/\/api.w.org\/{rel}","templated":true}]}}