{"id":2,"date":"2014-11-04T11:04:35","date_gmt":"2014-11-04T11:04:35","guid":{"rendered":"http:\/\/traumare.com\/?page_id=2"},"modified":"2016-09-22T11:29:45","modified_gmt":"2016-09-22T11:29:45","slug":"asistencia-medica-integral","status":"publish","type":"page","link":"https:\/\/traumare.com\/es\/asistencia-medica-integral\/","title":{"rendered":"Asistencia al lesionado de tr\u00e1fico"},"content":{"rendered":"<p>[vc_row][vc_column][vc_column_text]<div id=\"metaslider-id-743\" style=\"max-width: 1024px;\" class=\"ml-slider-3-60-1 metaslider metaslider-flex metaslider-743 ml-slider ms-theme-default\" role=\"region\" aria-roledescription=\"Slideshow\" aria-label=\"lesionats\">\n    <div id=\"metaslider_container_743\">\n        <div id=\"metaslider_743\">\n            <ul aria-live=\"polite\" class=\"slides\">\n                <li style=\"display: block; width: 100%;\" class=\"slide-842 ms-image\" aria-roledescription=\"slide\" aria-label=\"slide-842\"><img loading=\"lazy\" decoding=\"async\" src=\"https:\/\/traumare.com\/wp-content\/uploads\/2015\/12\/Fotografies-Traumare-lesionado-trafico-lleida_01.jpg\" height=\"341\" width=\"1024\" alt=\"\" class=\"slider-743 slide-842\" \/><\/li>\n                <li style=\"display: none; width: 100%;\" class=\"slide-744 ms-image\" aria-roledescription=\"slide\" aria-label=\"slide-744\"><img loading=\"lazy\" decoding=\"async\" src=\"https:\/\/traumare.com\/wp-content\/uploads\/2015\/12\/Fotografies-Traumare-lesionado-trafico-lleida-02.jpg\" height=\"341\" width=\"1024\" alt=\"\" class=\"slider-743 slide-744\" \/><\/li>\n                <li style=\"display: none; width: 100%;\" class=\"slide-843 ms-image\" aria-roledescription=\"slide\" aria-label=\"slide-843\"><img loading=\"lazy\" decoding=\"async\" src=\"https:\/\/traumare.com\/wp-content\/uploads\/2015\/12\/Fotografies-Traumare-lesionado-trafico-lleida-03.jpg\" height=\"341\" width=\"1024\" alt=\"\" class=\"slider-743 slide-843\" \/><\/li>\n            <\/ul>\n        <\/div>\n        \n    <\/div>\n<\/div>[\/vc_column_text][\/vc_column][\/vc_row][vc_row][vc_column width=\u00bb2\/3&#8243;][vc_custom_heading text=\u00bbAsistencia sanitaria integral de accidentes de tr\u00e1fico\u00bb font_container=\u00bbtag:h3|text_align:center|color:%23ffffff\u00bb use_theme_fonts=\u00bbyes\u00bb css=\u00bb.vc_custom_1454596599426{margin-top: 10px !important;margin-right: 0px !important;margin-bottom: 10px !important;margin-left: 0px !important;border-top-width: 30px !important;border-right-width: 30px !important;border-bottom-width: 30px !important;border-left-width: 30px !important;padding-top: 20px !important;padding-right: 20px !important;padding-bottom: 20px !important;padding-left: 20px !important;background-color: #9fa43c !important;}\u00bb][vc_column_text]La asistencia integral al paciente es un objetivo de primer orden para nosotros. Mantenernos al d\u00eda, para ofrecer a nuestros pacientes la mejor asistencia que puedan necesitar, nos ha convertido en un referente de calidad en la provincia de Lleida.<\/p>\n<p>Nuestra experiencia durante m\u00e1s de 25 a\u00f1os y la filosof\u00eda de adaptaci\u00f3n a las necesidades de nuestros clientes, son ventajas exclusivas que nos hacen diferentes a otras opciones del mercado.<\/p>\n<ul>\n<li>No retrasamos la asistencia sanitaria ni pruebas diagn\u00f3sticas a nuestros pacientes.<\/li>\n<li>Asesoramiento administrativo.<\/li>\n<li>Estamos en continua colaboraci\u00f3n con las compa\u00f1\u00edas de seguros.<\/li>\n<li>Atenci\u00f3n sin esperas en horas concertadas.<\/li>\n<li>Disponer de una sanidad privada de calidad es, sin duda, un valor cada vez m\u00e1s preciado por los usuarios.<\/li>\n<li>Libre acceso, dentro de nuestro cuadro facultativo, al especialista que el paciente decida en cada caso.<\/li>\n<li>Acceso a nuestros servicios con los tr\u00e1mites m\u00ednimos.<\/li>\n<\/ul>\n<p>La reducci\u00f3n de esperas en consultas y pruebas diagn\u00f3sticas, reduce la p\u00e9rdida de horas de trabajo, con respecto a otros sistemas m\u00e1s magnificados.[\/vc_column_text][\/vc_column][vc_column width=\u00bb1\/3&#8243;]<h2 class=\"box-header\">Pide Cita<\/h2>[vc_column_text css=\u00bb.vc_custom_1453716000834{margin-top: 30px !important;}\u00bb]<\/p>\n<h3>Llamando al tel\u00e9fono <span style=\"color: #9fa43c;\">973 268 599<\/span>\u00a0o a trav\u00e9s del siguiente\u00a0formulario:<\/h3>\n<p>[\/vc_column_text]<form class=\"contact-form \" id=\"contact_form\" method=\"post\" action=\"\"><div class=\"vc_row wpb_row vc_inner\">\n\t\t\t<fieldset class=\"vc_col-sm-6 wpb_column vc_column_container\"><label>FIRST NAME<\/label>\n\t\t\t\t<div class=\"block\">\n\t\t\t\t\t<input class=\"text_input\" name=\"first_name\" type=\"text\" value=\"\" tabindex=\"1\" data-required=\"1\">\n\t\t\t\t<\/div><label>DATE OF BIRTH (mm\/dd\/yyyy)<\/label>\n\t\t\t\t<div class=\"block\">\n\t\t\t\t\t<input class=\"text_input\" name=\"date_of_birth\" type=\"text\" value=\"\" tabindex=\"3\">\n\t\t\t\t<\/div><label>PHONE NUMBER<\/label>\n\t\t\t\t<div class=\"block\">\n\t\t\t\t\t<input class=\"text_input\" name=\"phone_number\" type=\"text\" value=\"\" tabindex=\"5\">\n\t\t\t\t<\/div><\/fieldset>\n\t\t\t<fieldset class=\"vc_col-sm-6 wpb_column vc_column_container\"><label>LAST NAME<\/label>\n\t\t\t\t<div class=\"block\">\n\t\t\t\t\t<input class=\"text_input\" name=\"last_name\" type=\"text\" value=\"\" tabindex=\"2\" data-required=\"1\">\n\t\t\t\t<\/div><label>SOCIAL SECURITY NUMBER<\/label>\n\t\t\t\t<div class=\"block\">\n\t\t\t\t\t<input class=\"text_input\" name=\"social_security_number\" type=\"text\" value=\"\" tabindex=\"4\">\n\t\t\t\t<\/div><label>E-MAIL<\/label>\n\t\t\t\t<div class=\"block\">\n\t\t\t\t\t<input class=\"text_input\" name=\"email\" type=\"text\" value=\"\" tabindex=\"6\" data-required=\"1\">\n\t\t\t\t<\/div><\/fieldset>\n\t\t<\/div><div class=\"vc_row wpb_row vc_inner\">\n\t\t\t<fieldset>\n\t\t\t\t<label>REASON OF APPOINTMENT<\/label>\n\t\t\t\t<div class=\"block\">\n\t\t\t\t\t<textarea name=\"message\" tabindex=\"7\" data-required=\"1\"><\/textarea>\n\t\t\t\t<\/div>\n\t\t\t<\/fieldset>\n\t\t<\/div><div class=\"vc_row wpb_row vc_inner submit-container margin-top-30\"><div class=\"vc_col-sm-6 wpb_column vc_column_container\">\n\t\t\t\t<p>We will contact you within one business day.<\/p>\n\t\t\t<\/div>\n\t\t\t<div class=\"vc_col-sm-6 wpb_column vc_column_container \"><input type=\"hidden\" name=\"action\" value=\"theme_contact_form\" \/>\n\t\t\t\t<input type=\"hidden\" name=\"id\" value=\"contact_form\" \/><div class=\"vc_row wpb_row vc_inner\">\n\t\t\t\t<input type=\"submit\" name=\"submit\" value=\"SEND\" class=\"more mc-button\" \/>\n\t\t\t<\/div><\/div><\/div>\n\t<\/form>[\/vc_column][\/vc_row][vc_row][vc_column]<ul class=\"gallery-item-details-list clearfix margin-bottom\"><li id=\"gallery-details-dr-adolfo-lafuente-cuenca\" class=\"gallery-item-details clearfix\">\n\t\t\t\t\t<div class=\"vc_row wpb_row vc_row-fluid\">\n\t\t\t\t\t\t<div class=\"vc_col-sm-6 wpb_column vc_column_container\"><div class=\"gallery-box hover-icons-off\"><span class=\"mc-preloader\"><\/span>\n\t\t\t\t\t\t\t\t\t<img loading=\"lazy\" decoding=\"async\" width=\"480\" height=\"300\" src=\"https:\/\/traumare.com\/wp-content\/uploads\/2016\/01\/Equipo-medico-Traumare-Dr-Lafuente-traumatologo-lleida-480x300.jpg\" class=\"mc-preload wp-post-image\" alt=\"Dr. Adolfo Lafuente Cuenca\" title=\"\" \/>\n\t\t\t\t\t\t\t\t\t<ul class=\"controls\">\n\t\t\t\t\t\t\t\t\t\t<li>\n\t\t\t\t\t\t\t\t\t\t\t<a href=\"https:\/\/traumare.com\/wp-content\/uploads\/2016\/01\/Equipo-medico-Traumare-Dr-Lafuente-traumatologo-lleida.jpg\" class=\"template-plus-2 fancybox open-lightbox\" rel=\"featured-gallery\"><\/a>\n\t\t\t\t\t\t\t\t\t\t<\/li>\n\t\t\t\t\t\t\t\t\t<\/ul><div class=\"description\">\n\t\t\t\t\t\t\t\t\t\t<h3>Dr. Adolfo Lafuente Cuenca<\/h3>\n\t\t\t\t\t\t\t\t\t\t<h5>Traumat\u00f3logo<\/h5>\n\t\t\t\t\t\t\t\t\t<\/div><\/div><ul class=\"social-icons clearfix\"><li><a class=\"social-facebook\" href=\"https:\/\/www.facebook.com\/traumare\" target=\"_blank\" title=\"\">&nbsp;<\/a><\/li><li><a class=\"social-instagram\" href=\"https:\/\/www.instagram.com\/traumare_rhb\/\" target=\"_blank\" title=\"\">&nbsp;<\/a><\/li><\/ul><\/div>\n\t\t\t\t\t<div class=\"vc_col-sm-6 wpb_column vc_column_container\">\n\t\t\t\t\t\t<div class=\"details-box\"><ul class=\"controls\">\n\t\t\t\t\t\t\t\t\t<li>\n\t\t\t\t\t\t\t\t\t\t<a href=\"#\" class=\"prev template-arrow-horizontal-3\"><\/a>\n\t\t\t\t\t\t\t\t\t<\/li>\n\t\t\t\t\t\t\t\t\t<li>\n\t\t\t\t\t\t\t\t\t\t<a href=\"#\" class=\"next template-arrow-horizontal-3\"><\/a>\n\t\t\t\t\t\t\t\t\t<\/li>\n\t\t\t\t\t\t\t\t\t<li class=\"separator\">&nbsp;<\/li><li>\n\t\t\t\t\t\t\t\t\t\t<a href=\"#gallery-details-close\" class=\"close template-remove-1\"><\/a>\n\t\t\t\t\t\t\t\t\t<\/li>\n\t\t\t\t\t\t\t\t<\/ul><h2 class=\"box-header\"> Dr. Adolfo Lafuente Cuenca<\/h2><strong>Formaci\u00f3n<\/strong>\r\n<ul>\r\n \t<li>Licenciado en Medicina y Cirug\u00eda por la Universidad de Zaragoza.<\/li>\r\n \t<li>Doctor en Medicina y Cirug\u00eda \"cum laude\" por la Universidad de Lleida.<\/li>\r\n \t<li>Tesis doctoral: Influencia de la lesi\u00f3n encef\u00e1lica en la consolidaci\u00f3n de fracturas.<\/li>\r\n \t<li>Especialista en medicina deportiva.<\/li>\r\n \t<li>Master en Econom\u00eda de la Salud y Gesti\u00f3n Sanitaria por la Universidad de Barcelona y la Universidad Pompeu Fabra.<\/li>\r\n<\/ul>\r\n<strong>Asociaciones<\/strong>\r\nMiembro SECOT - Sociedad Espa\u00f1ola de Cirug\u00eda Ortop\u00e9dica y Traumatolog\u00eda\r\nMiembro AAOS - American Academy of Orthopaedic Surgeons<div class=\"item-footer clearfix\"><a title=\"Dr. Adolfo Lafuente Cuenca\" href=\"https:\/\/traumare.com\/es\/doctors\/dr-adolfo-lafuente-cuenca\/\" class=\"mc-button more light template-arrow-horizontal-1-after\">PROFILE<\/a><\/div><\/div><\/div>\n\t\t\t\t<\/div><li id=\"gallery-details-dr-jose-maria-cardona-vernet-2\" class=\"gallery-item-details clearfix\">\n\t\t\t\t\t<div class=\"vc_row wpb_row vc_row-fluid\">\n\t\t\t\t\t\t<div class=\"vc_col-sm-6 wpb_column vc_column_container\"><div class=\"gallery-box hover-icons-off\"><span class=\"mc-preloader\"><\/span>\n\t\t\t\t\t\t\t\t\t<img loading=\"lazy\" decoding=\"async\" width=\"480\" height=\"300\" src=\"https:\/\/traumare.com\/wp-content\/uploads\/2016\/02\/Equipo-medico-Traumare-Dr-Jose-Maria-Cardona-Vernet-traumatologo-lleida-480x300.jpg\" class=\"mc-preload wp-post-image\" alt=\"Dr. Jos\u00e9 Mar\u00eda Cardona Vernet\" title=\"\" \/>\n\t\t\t\t\t\t\t\t\t<ul class=\"controls\">\n\t\t\t\t\t\t\t\t\t\t<li>\n\t\t\t\t\t\t\t\t\t\t\t<a href=\"https:\/\/traumare.com\/wp-content\/uploads\/2016\/02\/Equipo-medico-Traumare-Dr-Jose-Maria-Cardona-Vernet-traumatologo-lleida.jpg\" class=\"template-plus-2 fancybox open-lightbox\" rel=\"featured-gallery\"><\/a>\n\t\t\t\t\t\t\t\t\t\t<\/li>\n\t\t\t\t\t\t\t\t\t<\/ul><div class=\"description\">\n\t\t\t\t\t\t\t\t\t\t<h3>Dr. Jos\u00e9 Mar\u00eda Cardona Vernet<\/h3>\n\t\t\t\t\t\t\t\t\t\t<h5>Traumat\u00f3logo<\/h5>\n\t\t\t\t\t\t\t\t\t<\/div><\/div><ul class=\"social-icons clearfix\"><li><a class=\"social-facebook\" href=\"https:\/\/www.facebook.com\/traumare\" target=\"_blank\" title=\"\">&nbsp;<\/a><\/li><li><a class=\"social-instagram\" href=\"https:\/\/www.instagram.com\/traumare_rhb\/\" target=\"_blank\" title=\"\">&nbsp;<\/a><\/li><\/ul><\/div>\n\t\t\t\t\t<div class=\"vc_col-sm-6 wpb_column vc_column_container\">\n\t\t\t\t\t\t<div class=\"details-box\"><ul class=\"controls\">\n\t\t\t\t\t\t\t\t\t<li>\n\t\t\t\t\t\t\t\t\t\t<a href=\"#\" class=\"prev template-arrow-horizontal-3\"><\/a>\n\t\t\t\t\t\t\t\t\t<\/li>\n\t\t\t\t\t\t\t\t\t<li>\n\t\t\t\t\t\t\t\t\t\t<a href=\"#\" class=\"next template-arrow-horizontal-3\"><\/a>\n\t\t\t\t\t\t\t\t\t<\/li>\n\t\t\t\t\t\t\t\t\t<li class=\"separator\">&nbsp;<\/li><li>\n\t\t\t\t\t\t\t\t\t\t<a href=\"#gallery-details-close\" class=\"close template-remove-1\"><\/a>\n\t\t\t\t\t\t\t\t\t<\/li>\n\t\t\t\t\t\t\t\t<\/ul><h2 class=\"box-header\"> Dr. Jos\u00e9 Mar\u00eda Cardona Vernet<\/h2><strong>Formaci\u00f3n<\/strong>\r\nLicenciado en Medicina<div class=\"item-footer clearfix\"><a title=\"Dr. Jos\u00e9 Mar\u00eda Cardona Vernet\" href=\"https:\/\/traumare.com\/es\/doctors\/dr-jose-maria-cardona-vernet-2\/\" class=\"mc-button more light template-arrow-horizontal-1-after\">PROFILE<\/a><\/div><\/div><\/div>\n\t\t\t\t<\/div><\/ul><h3 class=\"box-header margin-bottom-30\">Cuadro m\u00e9dico traumatolog\u00eda y asistencia lesionado tr\u00e1fico<\/h3><ul class=\"tabs-navigation isotope-filters clearfix\"><li>\n\t\t\t\t\t\t\t<a href=\"#filter-traumatologia\" title=\"Traumatolog\u00eda\">Traumatolog\u00eda<\/a>\n\t\t\t\t\t\t<\/li><\/ul><ul class=\"mc-gallery gallery-4-columns dm_filters\"><li class=\"traumatologia ver-todos\" id=\"gallery-item-dr-adolfo-lafuente-cuenca\">\n\t\t\t\t\t<div class=\"gallery-box gallery-box-1 hover-icons-off\"><span class=\"mc-preloader\"><\/span><img loading=\"lazy\" decoding=\"async\" width=\"225\" height=\"150\" src=\"https:\/\/traumare.com\/wp-content\/uploads\/2016\/01\/Equipo-medico-Traumare-Dr-Lafuente-traumatologo-lleida-225x150.jpg\" class=\"mc-preload wp-post-image\" alt=\"Dr. Adolfo Lafuente Cuenca\" title=\"\" \/>\n\t\t\t\t\t\t<div class=\"description\">\n\t\t\t\t\t\t\t<h4>Dr. Adolfo Lafuente Cuenca<\/h4>\n\t\t\t\t\t\t\t<h5>Traumat\u00f3logo<\/h5>\n\t\t\t\t\t\t<\/div><ul class=\"social-icons clearfix\"><li><a class=\"social-facebook\" href=\"https:\/\/www.facebook.com\/traumare\" target=\"_blank\" title=\"\">&nbsp;<\/a><\/li><li><a class=\"social-instagram\" href=\"https:\/\/www.instagram.com\/traumare_rhb\/\" target=\"_blank\" title=\"\">&nbsp;<\/a><\/li><\/ul>\n\t\t\t\t\t\t<ul class=\"controls\">\n\t\t\t\t\t\t\t<li>\n\t\t\t\t\t\t\t\t<a href=\"#gallery-details-dr-adolfo-lafuente-cuenca\" class=\"template-menu-2 open-details\"><\/a>\n\t\t\t\t\t\t\t<\/li><li><a href=\"https:\/\/traumare.com\/wp-content\/uploads\/2016\/01\/Equipo-medico-Traumare-Dr-Lafuente-traumatologo-lleida.jpg\" class=\"template-plus-2 fancybox open-lightbox\" rel=\"mcgallery\"><\/a>\n\t\t\t\t\t<\/li><\/ul><\/div><\/li><li class=\"traumatologia ver-todos\" id=\"gallery-item-dr-jose-maria-cardona-vernet-2\">\n\t\t\t\t\t<div class=\"gallery-box gallery-box-2 hover-icons-off\"><span class=\"mc-preloader\"><\/span><img loading=\"lazy\" decoding=\"async\" width=\"225\" height=\"150\" src=\"https:\/\/traumare.com\/wp-content\/uploads\/2016\/02\/Equipo-medico-Traumare-Dr-Jose-Maria-Cardona-Vernet-traumatologo-lleida-225x150.jpg\" class=\"mc-preload wp-post-image\" alt=\"Dr. Jos\u00e9 Mar\u00eda Cardona Vernet\" title=\"\" \/>\n\t\t\t\t\t\t<div class=\"description\">\n\t\t\t\t\t\t\t<h4>Dr. Jos\u00e9 Mar\u00eda Cardona Vernet<\/h4>\n\t\t\t\t\t\t\t<h5>Traumat\u00f3logo<\/h5>\n\t\t\t\t\t\t<\/div><ul class=\"social-icons clearfix\"><li><a class=\"social-facebook\" href=\"https:\/\/www.facebook.com\/traumare\" target=\"_blank\" title=\"\">&nbsp;<\/a><\/li><li><a class=\"social-instagram\" href=\"https:\/\/www.instagram.com\/traumare_rhb\/\" target=\"_blank\" title=\"\">&nbsp;<\/a><\/li><\/ul>\n\t\t\t\t\t\t<ul class=\"controls\">\n\t\t\t\t\t\t\t<li>\n\t\t\t\t\t\t\t\t<a href=\"#gallery-details-dr-jose-maria-cardona-vernet-2\" class=\"template-menu-2 open-details\"><\/a>\n\t\t\t\t\t\t\t<\/li><li><a href=\"https:\/\/traumare.com\/wp-content\/uploads\/2016\/02\/Equipo-medico-Traumare-Dr-Jose-Maria-Cardona-Vernet-traumatologo-lleida.jpg\" class=\"template-plus-2 fancybox open-lightbox\" rel=\"mcgallery\"><\/a>\n\t\t\t\t\t<\/li><\/ul><\/div><\/li><\/ul>[\/vc_column][\/vc_row]<\/p>\n","protected":false},"excerpt":{"rendered":"<p>[vc_row][vc_column][vc_column_text][\/vc_column_text][\/vc_column][\/vc_row][vc_row][vc_column width=\u00bb2\/3&#8243;][vc_custom_heading text=\u00bbAsistencia sanitaria integral de accidentes de tr\u00e1fico\u00bb font_container=\u00bbtag:h3|text_align:center|color:%23ffffff\u00bb use_theme_fonts=\u00bbyes\u00bb css=\u00bb.vc_custom_1454596599426{margin-top: 10px !important;margin-right: 0px !important;margin-bottom: 10px !important;margin-left: 0px !important;border-top-width: 30px !important;border-right-width: 30px !important;border-bottom-width: 30px !important;border-left-width: 30px !important;padding-top: 20px !important;padding-right: 20px !important;padding-bottom: 20px !important;padding-left: 20px !important;background-color: #9fa43c !important;}\u00bb][vc_column_text]La asistencia integral al paciente es un objetivo de primer orden para nosotros. Mantenernos al d\u00eda, para ofrecer<\/p>\n","protected":false},"author":1,"featured_media":0,"parent":0,"menu_order":0,"comment_status":"closed","ping_status":"open","template":"","meta":{"_monsterinsights_skip_tracking":false,"_monsterinsights_sitenote_active":false,"_monsterinsights_sitenote_note":"","_monsterinsights_sitenote_category":0,"footnotes":""},"yoast_head":"<!-- This site is optimized with the Yoast SEO plugin v21.8 - https:\/\/yoast.com\/wordpress\/plugins\/seo\/ -->\n<title>Assist\u00e8ncia al lesionat de tr\u00e0nsit - Traumare Centre M\u00e8dic<\/title>\n<meta name=\"description\" content=\"Traumare, centre m\u00e8dic i rehabilitaci\u00f3, ofereix assist\u00e8ncia sanit\u00e0ria integral d&#039;accidents de tr\u00e0nsit. Atenci\u00f3 sense esperes. Sanitat privada de qualitat.\" \/>\n<meta name=\"robots\" content=\"index, follow, max-snippet:-1, max-image-preview:large, max-video-preview:-1\" \/>\n<link rel=\"canonical\" href=\"https:\/\/traumare.com\/ca\/asistencia-medica-integral\/\" \/>\n<meta property=\"og:locale\" content=\"es_ES\" \/>\n<meta property=\"og:type\" content=\"article\" \/>\n<meta property=\"og:title\" content=\"Assist\u00e8ncia al lesionat de tr\u00e0nsit - Traumare Centre M\u00e8dic\" \/>\n<meta property=\"og:description\" content=\"Traumare, centre m\u00e8dic i rehabilitaci\u00f3, ofereix assist\u00e8ncia sanit\u00e0ria integral d&#039;accidents de tr\u00e0nsit. Atenci\u00f3 sense esperes. Sanitat privada de qualitat.\" \/>\n<meta property=\"og:url\" content=\"https:\/\/traumare.com\/ca\/asistencia-medica-integral\/\" \/>\n<meta property=\"og:site_name\" content=\"TRAUMARE\" \/>\n<meta property=\"article:publisher\" content=\"https:\/\/www.facebook.com\/traumare\" \/>\n<meta property=\"article:modified_time\" content=\"2016-09-22T11:29:45+00:00\" \/>\n<meta property=\"og:image\" content=\"https:\/\/traumare.com\/wp-content\/uploads\/2014\/11\/logo-quadrat.jpg\" \/>\n\t<meta property=\"og:image:width\" content=\"252\" \/>\n\t<meta property=\"og:image:height\" content=\"179\" \/>\n\t<meta property=\"og:image:type\" content=\"image\/jpeg\" \/>\n<meta name=\"twitter:label1\" content=\"Tiempo de lectura\" \/>\n\t<meta name=\"twitter:data1\" content=\"2 minutos\" \/>\n<script type=\"application\/ld+json\" class=\"yoast-schema-graph\">{\"@context\":\"https:\/\/schema.org\",\"@graph\":[{\"@type\":\"WebPage\",\"@id\":\"https:\/\/traumare.com\/ca\/asistencia-medica-integral\/\",\"url\":\"https:\/\/traumare.com\/ca\/asistencia-medica-integral\/\",\"name\":\"Assist\u00e8ncia al lesionat de tr\u00e0nsit - Traumare Centre M\u00e8dic\",\"isPartOf\":{\"@id\":\"https:\/\/traumare.com\/es\/#website\"},\"datePublished\":\"2014-11-04T11:04:35+00:00\",\"dateModified\":\"2016-09-22T11:29:45+00:00\",\"description\":\"Traumare, centre m\u00e8dic i rehabilitaci\u00f3, ofereix assist\u00e8ncia sanit\u00e0ria integral d'accidents de tr\u00e0nsit. Atenci\u00f3 sense esperes. Sanitat privada de qualitat.\",\"breadcrumb\":{\"@id\":\"https:\/\/traumare.com\/ca\/asistencia-medica-integral\/#breadcrumb\"},\"inLanguage\":\"es\",\"potentialAction\":[{\"@type\":\"ReadAction\",\"target\":[\"https:\/\/traumare.com\/ca\/asistencia-medica-integral\/\"]}]},{\"@type\":\"BreadcrumbList\",\"@id\":\"https:\/\/traumare.com\/ca\/asistencia-medica-integral\/#breadcrumb\",\"itemListElement\":[{\"@type\":\"ListItem\",\"position\":1,\"name\":\"Inici\",\"item\":\"https:\/\/traumare.com\/es\/\"},{\"@type\":\"ListItem\",\"position\":2,\"name\":\"Assist\u00e8ncia al lesionat de tr\u00e0nsit\"}]},{\"@type\":\"WebSite\",\"@id\":\"https:\/\/traumare.com\/es\/#website\",\"url\":\"https:\/\/traumare.com\/es\/\",\"name\":\"TRAUMARE\",\"description\":\"\",\"potentialAction\":[{\"@type\":\"SearchAction\",\"target\":{\"@type\":\"EntryPoint\",\"urlTemplate\":\"https:\/\/traumare.com\/es\/?s={search_term_string}\"},\"query-input\":\"required name=search_term_string\"}],\"inLanguage\":\"es\"}]}<\/script>\n<!-- \/ Yoast SEO plugin. -->","yoast_head_json":{"title":"Assist\u00e8ncia al lesionat de tr\u00e0nsit - Traumare Centre M\u00e8dic","description":"Traumare, centre m\u00e8dic i rehabilitaci\u00f3, ofereix assist\u00e8ncia sanit\u00e0ria integral d'accidents de tr\u00e0nsit. Atenci\u00f3 sense esperes. Sanitat privada de qualitat.","robots":{"index":"index","follow":"follow","max-snippet":"max-snippet:-1","max-image-preview":"max-image-preview:large","max-video-preview":"max-video-preview:-1"},"canonical":"https:\/\/traumare.com\/ca\/asistencia-medica-integral\/","og_locale":"es_ES","og_type":"article","og_title":"Assist\u00e8ncia al lesionat de tr\u00e0nsit - Traumare Centre M\u00e8dic","og_description":"Traumare, centre m\u00e8dic i rehabilitaci\u00f3, ofereix assist\u00e8ncia sanit\u00e0ria integral d'accidents de tr\u00e0nsit. Atenci\u00f3 sense esperes. Sanitat privada de qualitat.","og_url":"https:\/\/traumare.com\/ca\/asistencia-medica-integral\/","og_site_name":"TRAUMARE","article_publisher":"https:\/\/www.facebook.com\/traumare","article_modified_time":"2016-09-22T11:29:45+00:00","og_image":[{"width":252,"height":179,"url":"https:\/\/traumare.com\/wp-content\/uploads\/2014\/11\/logo-quadrat.jpg","type":"image\/jpeg"}],"twitter_misc":{"Tiempo de lectura":"2 minutos"},"schema":{"@context":"https:\/\/schema.org","@graph":[{"@type":"WebPage","@id":"https:\/\/traumare.com\/ca\/asistencia-medica-integral\/","url":"https:\/\/traumare.com\/ca\/asistencia-medica-integral\/","name":"Assist\u00e8ncia al lesionat de tr\u00e0nsit - Traumare Centre M\u00e8dic","isPartOf":{"@id":"https:\/\/traumare.com\/es\/#website"},"datePublished":"2014-11-04T11:04:35+00:00","dateModified":"2016-09-22T11:29:45+00:00","description":"Traumare, centre m\u00e8dic i rehabilitaci\u00f3, ofereix assist\u00e8ncia sanit\u00e0ria integral d'accidents de tr\u00e0nsit. Atenci\u00f3 sense esperes. Sanitat privada de qualitat.","breadcrumb":{"@id":"https:\/\/traumare.com\/ca\/asistencia-medica-integral\/#breadcrumb"},"inLanguage":"es","potentialAction":[{"@type":"ReadAction","target":["https:\/\/traumare.com\/ca\/asistencia-medica-integral\/"]}]},{"@type":"BreadcrumbList","@id":"https:\/\/traumare.com\/ca\/asistencia-medica-integral\/#breadcrumb","itemListElement":[{"@type":"ListItem","position":1,"name":"Inici","item":"https:\/\/traumare.com\/es\/"},{"@type":"ListItem","position":2,"name":"Assist\u00e8ncia al lesionat de tr\u00e0nsit"}]},{"@type":"WebSite","@id":"https:\/\/traumare.com\/es\/#website","url":"https:\/\/traumare.com\/es\/","name":"TRAUMARE","description":"","potentialAction":[{"@type":"SearchAction","target":{"@type":"EntryPoint","urlTemplate":"https:\/\/traumare.com\/es\/?s={search_term_string}"},"query-input":"required name=search_term_string"}],"inLanguage":"es"}]}},"_links":{"self":[{"href":"https:\/\/traumare.com\/es\/wp-json\/wp\/v2\/pages\/2"}],"collection":[{"href":"https:\/\/traumare.com\/es\/wp-json\/wp\/v2\/pages"}],"about":[{"href":"https:\/\/traumare.com\/es\/wp-json\/wp\/v2\/types\/page"}],"author":[{"embeddable":true,"href":"https:\/\/traumare.com\/es\/wp-json\/wp\/v2\/users\/1"}],"replies":[{"embeddable":true,"href":"https:\/\/traumare.com\/es\/wp-json\/wp\/v2\/comments?post=2"}],"version-history":[{"count":0,"href":"https:\/\/traumare.com\/es\/wp-json\/wp\/v2\/pages\/2\/revisions"}],"wp:attachment":[{"href":"https:\/\/traumare.com\/es\/wp-json\/wp\/v2\/media?parent=2"}],"curies":[{"name":"wp","href":"https:\/\/api.w.org\/{rel}","templated":true}]}}