{"id":1439,"date":"2016-12-21T10:08:03","date_gmt":"2016-12-21T10:08:03","guid":{"rendered":"http:\/\/traumare.com\/?page_id=1439"},"modified":"2017-02-07T07:55:13","modified_gmt":"2017-02-07T07:55:13","slug":"articulos","status":"publish","type":"page","link":"https:\/\/traumare.com\/es\/articulos\/","title":{"rendered":"Art\u00edculos"},"content":{"rendered":"<p>[vc_row][vc_column][vc_empty_space height=\u00bb10px\u00bb][\/vc_column][\/vc_row][vc_row][vc_column width=\u00bb2\/3&#8243;]<ul class=\"blog clearfix\"><li class=\" post post-2356 type-post status-publish format-standard has-post-thumbnail hentry category-fisioterapia-esportiva category-rehabilitacio-atm tag-fisioterapia tag-fisioterapia-en-casa-ejercicios-rehabilitacion tag-rehabilitacio\"><ul class=\"comment-box clearfix\"><li class=\"date clearfix\">\n\t\t\t\t\t\t\t\t<div class=\"value\">4 MARZO, 2020<\/div>\n\t\t\t\t\t\t\t\t<div class=\"arrow-date\"><\/div>\n\t\t\t\t\t\t\t<\/li><li class=\"comments-number\">\t\t\t<a href=\"https:\/\/traumare.com\/es\/fisioterapia-i-rehabilitacio-del-sol-pelvia\/#comments\" title=\"6 COMMENTS\">6<\/a>\n\t\t\t\t\t\t\t<\/li><\/ul><div class=\"post-content\"><a class=\"post-image\" href=\"https:\/\/traumare.com\/es\/fisioterapia-i-rehabilitacio-del-sol-pelvia\/\" title=\"Fisioterapia y rehabilitaci\u00f3n del suelo pelviano\"><span class=\"mc-preloader\"><\/span><img loading=\"lazy\" decoding=\"async\" width=\"540\" height=\"280\" src=\"https:\/\/traumare.com\/wp-content\/uploads\/2020\/03\/traumare-fisioterapia-rehabilitacio--540x280.jpg\" class=\"attachment-blog-post-thumb size-blog-post-thumb wp-post-image\" alt=\"Fisioterapia y rehabilitaci\u00f3n del suelo pelviano\" title=\"\" \/><\/a><h2 class=\"post-title\"><a href=\"https:\/\/traumare.com\/es\/fisioterapia-i-rehabilitacio-del-sol-pelvia\/\" title=\"Fisioterapia y rehabilitaci\u00f3n del suelo pelviano\">Fisioterapia y rehabilitaci\u00f3n del suelo pelviano<\/a><\/h2><p>El suelo pelviano es un conjunto de m\u00fasculos y ligamentos que se encuentran en la base de la pelvis. Realiza m\u00faltiples funciones como la continencia y el apoyo de las v\u00edsceras p\u00e9lvicas y la estabilidad lumbar. Interviene durante la respiraci\u00f3n, durante las funciones de micci\u00f3n y\u00a0defecaci\u00f3n, durante el embarazo y el parto y las relaciones<\/p>\n<a title=\"Read more\" href=\"https:\/\/traumare.com\/es\/fisioterapia-i-rehabilitacio-del-sol-pelvia\/\" class=\"more template-arrow-horizontal-1-after\">Read more<\/a><\/div><\/li><li class=\" post post-1868 type-post status-publish format-standard has-post-thumbnail hentry category-bruxisme category-fisioterapia-esportiva category-osteopatia category-rehabilitacio-atm category-terapia-manual tag-atm tag-bruxisme tag-dentista tag-ferula-bucal tag-fisioterapia\"><ul class=\"comment-box clearfix\"><li class=\"date clearfix\">\n\t\t\t\t\t\t\t\t<div class=\"value\">8 MARZO, 2018<\/div>\n\t\t\t\t\t\t\t\t<div class=\"arrow-date\"><\/div>\n\t\t\t\t\t\t\t<\/li><li class=\"comments-number\">\t\t\t<a href=\"https:\/\/traumare.com\/es\/bruxisme\/#comments\" title=\"3 COMMENTS\">3<\/a>\n\t\t\t\t\t\t\t<\/li><\/ul><div class=\"post-content\"><a class=\"post-image\" href=\"https:\/\/traumare.com\/es\/bruxisme\/\" title=\"BRUXISMO\"><span class=\"mc-preloader\"><\/span><img loading=\"lazy\" decoding=\"async\" width=\"540\" height=\"280\" src=\"https:\/\/traumare.com\/wp-content\/uploads\/2018\/03\/bruxisme-portada-540x280.jpg\" class=\"attachment-blog-post-thumb size-blog-post-thumb wp-post-image\" alt=\"BRUXISMO\" title=\"\" \/><\/a><h2 class=\"post-title\"><a href=\"https:\/\/traumare.com\/es\/bruxisme\/\" title=\"BRUXISMO\">BRUXISMO<\/a><\/h2><p>BRUXISMO En este art\u00edculo hablaremos sobre el bruxismo, una patolog\u00eda que puede llegar a afectar al 20% de la poblaci\u00f3n. \u00bfRecuerdas ese d\u00eda en que te has levantado con dolor de dientes, en la mand\u00edbula o con mucha tensi\u00f3n en la musculatura de esa zona? Seguramente, sea a causa del bruxismo. Entonces, \u00bfQu\u00e9 es el<\/p>\n<a title=\"Read more\" href=\"https:\/\/traumare.com\/es\/bruxisme\/\" class=\"more template-arrow-horizontal-1-after\">Read more<\/a><\/div><\/li><li class=\" post post-1857 type-post status-publish format-standard has-post-thumbnail hentry category-fisioterapia-esportiva category-tens tag-fisioterapia tag-fisioterapia-en-casa tag-fisioterapia-en-casa-ejercicios-rehabilitacion tag-tens\"><ul class=\"comment-box clearfix\"><li class=\"date clearfix\">\n\t\t\t\t\t\t\t\t<div class=\"value\">5 MARZO, 2018<\/div>\n\t\t\t\t\t\t\t\t<div class=\"arrow-date\"><\/div>\n\t\t\t\t\t\t\t<\/li><li class=\"comments-number\">\t\t\t<a href=\"https:\/\/traumare.com\/es\/los-beneficios-del-tens\/#comments\" title=\"7 COMMENTS\">7<\/a>\n\t\t\t\t\t\t\t<\/li><\/ul><div class=\"post-content\"><a class=\"post-image\" href=\"https:\/\/traumare.com\/es\/los-beneficios-del-tens\/\" title=\"LOS BENEFICIOS DEL TENS\"><span class=\"mc-preloader\"><\/span><img loading=\"lazy\" decoding=\"async\" width=\"540\" height=\"280\" src=\"https:\/\/traumare.com\/wp-content\/uploads\/2016\/07\/Traumare-Sport-540x280.png\" class=\"attachment-blog-post-thumb size-blog-post-thumb wp-post-image\" alt=\"LOS BENEFICIOS DEL TENS\" title=\"\" \/><\/a><h2 class=\"post-title\"><a href=\"https:\/\/traumare.com\/es\/los-beneficios-del-tens\/\" title=\"LOS BENEFICIOS DEL TENS\">LOS BENEFICIOS DEL TENS<\/a><\/h2><p>TENS El TENS responde a las siglas de Transcutaneos Electrical Nerve Stimulation (Electroestimulaci\u00f3n Nerviosa Transcut\u00e1nea). Se utiliza como una t\u00e9cnica terap\u00e9utica por su capacidad anti\u00e1lgica. Es un tipo de corriente el\u00e9ctrica que sirve para disminuir el dolor de cualquier parte del cuerpo. Hay varios tipos de TENS: TENS convencional: para bloquear el dolor a nivel<\/p>\n<a title=\"Read more\" href=\"https:\/\/traumare.com\/es\/los-beneficios-del-tens\/\" class=\"more template-arrow-horizontal-1-after\">Read more<\/a><\/div><\/li><li class=\" post post-1535 type-post status-publish format-standard has-post-thumbnail hentry category-epicondilitis category-fisioterapia-esportiva tag-colze-del-tennista tag-epicondilitis\"><ul class=\"comment-box clearfix\"><li class=\"date clearfix\">\n\t\t\t\t\t\t\t\t<div class=\"value\">3 FEBRERO, 2017<\/div>\n\t\t\t\t\t\t\t\t<div class=\"arrow-date\"><\/div>\n\t\t\t\t\t\t\t<\/li><li class=\"comments-number\">\t\t\t<a href=\"https:\/\/traumare.com\/es\/la-epicondilitis\/#respond\" title=\"0 COMMENTS\">0<\/a>\n\t\t\t\t\t\t\t<\/li><\/ul><div class=\"post-content\"><a class=\"post-image\" href=\"https:\/\/traumare.com\/es\/la-epicondilitis\/\" title=\"La epicondilitis, detecci\u00f3n y tratamiento.\"><span class=\"mc-preloader\"><\/span><img loading=\"lazy\" decoding=\"async\" width=\"540\" height=\"280\" src=\"https:\/\/traumare.com\/wp-content\/uploads\/2017\/02\/Traumare-CentreMedic-fisioterapia-esportiva-epicondilitis-540x280.jpg\" class=\"attachment-blog-post-thumb size-blog-post-thumb wp-post-image\" alt=\"La epicondilitis, detecci\u00f3n y tratamiento.\" title=\"\" \/><\/a><h2 class=\"post-title\"><a href=\"https:\/\/traumare.com\/es\/la-epicondilitis\/\" title=\"La epicondilitis, detecci\u00f3n y tratamiento.\">La epicondilitis, detecci\u00f3n y tratamiento.<\/a><\/h2><p>Desde el servicio de fisioterapia deportiva de Traumare en Lleida, implicados como estamos en las lesiones deportivas, queremos hablar sobre algunas de las lesiones m\u00e1s comunes. Explicar y resumir de un modo f\u00e1cil el c\u00f3mo se producen, qu\u00e9 medidas adoptar para evitarlas y en \u00faltima instancia, como tratarlas mediante un buen tratamiento de fisioterapia. Hablaremos<\/p>\n<a title=\"Read more\" href=\"https:\/\/traumare.com\/es\/la-epicondilitis\/\" class=\"more template-arrow-horizontal-1-after\">Read more<\/a><\/div><\/li><\/ul><ul class='pagination page-margin-top'><li class='selected'><span>1<\/span><\/li><li><a href='https:\/\/traumare.com\/es\/wp-json\/wp\/v2\/pages\/1439\/page\/2\/'>2<\/a><\/li><\/ul>[\/vc_column][vc_column width=\u00bb1\/3&#8243;]<h2 class=\"box-header\">Pide Cita<\/h2>[vc_column_text css=\u00bb.vc_custom_1453716000834{margin-top: 30px !important;}\u00bb]<\/p>\n<h3>Llamando al tel\u00e9fono <span style=\"color: #9fa43c;\">973 268 599<\/span>\u00a0o a trav\u00e9s del siguiente\u00a0formulario:<\/h3>\n<p>[\/vc_column_text]<form class=\"contact-form \" id=\"contact_form\" method=\"post\" action=\"\"><div class=\"vc_row wpb_row vc_inner\">\n\t\t\t<fieldset class=\"vc_col-sm-6 wpb_column vc_column_container\"><label>FIRST NAME<\/label>\n\t\t\t\t<div class=\"block\">\n\t\t\t\t\t<input class=\"text_input\" name=\"first_name\" type=\"text\" value=\"\" tabindex=\"1\" data-required=\"1\">\n\t\t\t\t<\/div><label>DATE OF BIRTH (mm\/dd\/yyyy)<\/label>\n\t\t\t\t<div class=\"block\">\n\t\t\t\t\t<input class=\"text_input\" name=\"date_of_birth\" type=\"text\" value=\"\" tabindex=\"3\">\n\t\t\t\t<\/div><label>PHONE NUMBER<\/label>\n\t\t\t\t<div class=\"block\">\n\t\t\t\t\t<input class=\"text_input\" name=\"phone_number\" type=\"text\" value=\"\" tabindex=\"5\">\n\t\t\t\t<\/div><\/fieldset>\n\t\t\t<fieldset class=\"vc_col-sm-6 wpb_column vc_column_container\"><label>LAST NAME<\/label>\n\t\t\t\t<div class=\"block\">\n\t\t\t\t\t<input class=\"text_input\" name=\"last_name\" type=\"text\" value=\"\" tabindex=\"2\" data-required=\"1\">\n\t\t\t\t<\/div><label>SOCIAL SECURITY NUMBER<\/label>\n\t\t\t\t<div class=\"block\">\n\t\t\t\t\t<input class=\"text_input\" name=\"social_security_number\" type=\"text\" value=\"\" tabindex=\"4\">\n\t\t\t\t<\/div><label>E-MAIL<\/label>\n\t\t\t\t<div class=\"block\">\n\t\t\t\t\t<input class=\"text_input\" name=\"email\" type=\"text\" value=\"\" tabindex=\"6\" data-required=\"1\">\n\t\t\t\t<\/div><\/fieldset>\n\t\t<\/div><div class=\"vc_row wpb_row vc_inner\">\n\t\t\t<fieldset>\n\t\t\t\t<label>REASON OF APPOINTMENT<\/label>\n\t\t\t\t<div class=\"block\">\n\t\t\t\t\t<textarea name=\"message\" tabindex=\"7\" data-required=\"1\"><\/textarea>\n\t\t\t\t<\/div>\n\t\t\t<\/fieldset>\n\t\t<\/div><div class=\"vc_row wpb_row vc_inner submit-container margin-top-30\"><div class=\"vc_col-sm-6 wpb_column vc_column_container\">\n\t\t\t\t<p>We will contact you within one business day.<\/p>\n\t\t\t<\/div>\n\t\t\t<div class=\"vc_col-sm-6 wpb_column vc_column_container \"><input type=\"hidden\" name=\"action\" value=\"theme_contact_form\" \/>\n\t\t\t\t<input type=\"hidden\" name=\"id\" value=\"contact_form\" \/><div class=\"vc_row wpb_row vc_inner\">\n\t\t\t\t<input type=\"submit\" name=\"submit\" value=\"SEND\" class=\"more mc-button\" \/>\n\t\t\t<\/div><\/div><\/div>\n\t<\/form>[\/vc_column][\/vc_row]<\/p>\n","protected":false},"excerpt":{"rendered":"<p>[vc_row][vc_column][vc_empty_space height=\u00bb10px\u00bb][\/vc_column][\/vc_row][vc_row][vc_column width=\u00bb2\/3&#8243;][\/vc_column][vc_column width=\u00bb1\/3&#8243;][vc_column_text css=\u00bb.vc_custom_1453716000834{margin-top: 30px !important;}\u00bb] Llamando al tel\u00e9fono 973 268 599\u00a0o a trav\u00e9s del siguiente\u00a0formulario: [\/vc_column_text][\/vc_column][\/vc_row]<\/p>\n","protected":false},"author":1,"featured_media":0,"parent":0,"menu_order":0,"comment_status":"closed","ping_status":"closed","template":"","meta":{"_monsterinsights_skip_tracking":false,"_monsterinsights_sitenote_active":false,"_monsterinsights_sitenote_note":"","_monsterinsights_sitenote_category":0,"footnotes":""},"yoast_head":"<!-- This site is optimized with the Yoast SEO plugin v21.8 - https:\/\/yoast.com\/wordpress\/plugins\/seo\/ -->\n<title>(Catal\u00e0) Articles. Traumare, Centre m\u00e8dic i rehabilitador a Lleida<\/title>\n<meta name=\"robots\" content=\"index, follow, max-snippet:-1, max-image-preview:large, max-video-preview:-1\" \/>\n<link rel=\"canonical\" href=\"https:\/\/traumare.com\/es\/articulos\/\" \/>\n<meta property=\"og:locale\" content=\"es_ES\" \/>\n<meta property=\"og:type\" content=\"article\" \/>\n<meta property=\"og:title\" content=\"(Catal\u00e0) Articles. Traumare, Centre m\u00e8dic i rehabilitador a Lleida\" \/>\n<meta property=\"og:description\" content=\"[vc_row][vc_column][vc_empty_space height=\u00bb10px\u00bb][\/vc_column][\/vc_row][vc_row][vc_column width=\u00bb2\/3&#8243;][\/vc_column][vc_column width=\u00bb1\/3&#8243;][vc_column_text css=\u00bb.vc_custom_1453716000834{margin-top: 30px !important;}\u00bb] Llamando al tel\u00e9fono 973 268 599\u00a0o a trav\u00e9s del siguiente\u00a0formulario: [\/vc_column_text][\/vc_column][\/vc_row]\" \/>\n<meta property=\"og:url\" content=\"https:\/\/traumare.com\/es\/articulos\/\" \/>\n<meta property=\"og:site_name\" content=\"TRAUMARE\" \/>\n<meta property=\"article:publisher\" content=\"https:\/\/www.facebook.com\/traumare\" \/>\n<meta property=\"article:modified_time\" content=\"2017-02-07T07:55:13+00:00\" \/>\n<meta property=\"og:image\" content=\"https:\/\/traumare.com\/wp-content\/uploads\/2014\/11\/logo-quadrat.jpg\" \/>\n\t<meta property=\"og:image:width\" content=\"252\" \/>\n\t<meta property=\"og:image:height\" content=\"179\" \/>\n\t<meta property=\"og:image:type\" content=\"image\/jpeg\" \/>\n<meta name=\"twitter:label1\" content=\"Tiempo de lectura\" \/>\n\t<meta name=\"twitter:data1\" content=\"1 minuto\" \/>\n<script type=\"application\/ld+json\" class=\"yoast-schema-graph\">{\"@context\":\"https:\/\/schema.org\",\"@graph\":[{\"@type\":\"WebPage\",\"@id\":\"https:\/\/traumare.com\/es\/articulos\/\",\"url\":\"https:\/\/traumare.com\/es\/articulos\/\",\"name\":\"(Catal\u00e0) Articles. Traumare, Centre m\u00e8dic i rehabilitador a Lleida\",\"isPartOf\":{\"@id\":\"https:\/\/traumare.com\/es\/#website\"},\"datePublished\":\"2016-12-21T10:08:03+00:00\",\"dateModified\":\"2017-02-07T07:55:13+00:00\",\"breadcrumb\":{\"@id\":\"https:\/\/traumare.com\/es\/articulos\/#breadcrumb\"},\"inLanguage\":\"es\",\"potentialAction\":[{\"@type\":\"ReadAction\",\"target\":[\"https:\/\/traumare.com\/es\/articulos\/\"]}]},{\"@type\":\"BreadcrumbList\",\"@id\":\"https:\/\/traumare.com\/es\/articulos\/#breadcrumb\",\"itemListElement\":[{\"@type\":\"ListItem\",\"position\":1,\"name\":\"Inici\",\"item\":\"https:\/\/traumare.com\/es\/\"},{\"@type\":\"ListItem\",\"position\":2,\"name\":\"Art\u00edculos\"}]},{\"@type\":\"WebSite\",\"@id\":\"https:\/\/traumare.com\/es\/#website\",\"url\":\"https:\/\/traumare.com\/es\/\",\"name\":\"TRAUMARE\",\"description\":\"\",\"potentialAction\":[{\"@type\":\"SearchAction\",\"target\":{\"@type\":\"EntryPoint\",\"urlTemplate\":\"https:\/\/traumare.com\/es\/?s={search_term_string}\"},\"query-input\":\"required name=search_term_string\"}],\"inLanguage\":\"es\"}]}<\/script>\n<!-- \/ Yoast SEO plugin. -->","yoast_head_json":{"title":"(Catal\u00e0) Articles. Traumare, Centre m\u00e8dic i rehabilitador a Lleida","robots":{"index":"index","follow":"follow","max-snippet":"max-snippet:-1","max-image-preview":"max-image-preview:large","max-video-preview":"max-video-preview:-1"},"canonical":"https:\/\/traumare.com\/es\/articulos\/","og_locale":"es_ES","og_type":"article","og_title":"(Catal\u00e0) Articles. Traumare, Centre m\u00e8dic i rehabilitador a Lleida","og_description":"[vc_row][vc_column][vc_empty_space height=\u00bb10px\u00bb][\/vc_column][\/vc_row][vc_row][vc_column width=\u00bb2\/3&#8243;][\/vc_column][vc_column width=\u00bb1\/3&#8243;][vc_column_text css=\u00bb.vc_custom_1453716000834{margin-top: 30px !important;}\u00bb] Llamando al tel\u00e9fono 973 268 599\u00a0o a trav\u00e9s del siguiente\u00a0formulario: [\/vc_column_text][\/vc_column][\/vc_row]","og_url":"https:\/\/traumare.com\/es\/articulos\/","og_site_name":"TRAUMARE","article_publisher":"https:\/\/www.facebook.com\/traumare","article_modified_time":"2017-02-07T07:55:13+00:00","og_image":[{"width":252,"height":179,"url":"https:\/\/traumare.com\/wp-content\/uploads\/2014\/11\/logo-quadrat.jpg","type":"image\/jpeg"}],"twitter_misc":{"Tiempo de lectura":"1 minuto"},"schema":{"@context":"https:\/\/schema.org","@graph":[{"@type":"WebPage","@id":"https:\/\/traumare.com\/es\/articulos\/","url":"https:\/\/traumare.com\/es\/articulos\/","name":"(Catal\u00e0) Articles. Traumare, Centre m\u00e8dic i rehabilitador a Lleida","isPartOf":{"@id":"https:\/\/traumare.com\/es\/#website"},"datePublished":"2016-12-21T10:08:03+00:00","dateModified":"2017-02-07T07:55:13+00:00","breadcrumb":{"@id":"https:\/\/traumare.com\/es\/articulos\/#breadcrumb"},"inLanguage":"es","potentialAction":[{"@type":"ReadAction","target":["https:\/\/traumare.com\/es\/articulos\/"]}]},{"@type":"BreadcrumbList","@id":"https:\/\/traumare.com\/es\/articulos\/#breadcrumb","itemListElement":[{"@type":"ListItem","position":1,"name":"Inici","item":"https:\/\/traumare.com\/es\/"},{"@type":"ListItem","position":2,"name":"Art\u00edculos"}]},{"@type":"WebSite","@id":"https:\/\/traumare.com\/es\/#website","url":"https:\/\/traumare.com\/es\/","name":"TRAUMARE","description":"","potentialAction":[{"@type":"SearchAction","target":{"@type":"EntryPoint","urlTemplate":"https:\/\/traumare.com\/es\/?s={search_term_string}"},"query-input":"required name=search_term_string"}],"inLanguage":"es"}]}},"_links":{"self":[{"href":"https:\/\/traumare.com\/es\/wp-json\/wp\/v2\/pages\/1439"}],"collection":[{"href":"https:\/\/traumare.com\/es\/wp-json\/wp\/v2\/pages"}],"about":[{"href":"https:\/\/traumare.com\/es\/wp-json\/wp\/v2\/types\/page"}],"author":[{"embeddable":true,"href":"https:\/\/traumare.com\/es\/wp-json\/wp\/v2\/users\/1"}],"replies":[{"embeddable":true,"href":"https:\/\/traumare.com\/es\/wp-json\/wp\/v2\/comments?post=1439"}],"version-history":[{"count":0,"href":"https:\/\/traumare.com\/es\/wp-json\/wp\/v2\/pages\/1439\/revisions"}],"wp:attachment":[{"href":"https:\/\/traumare.com\/es\/wp-json\/wp\/v2\/media?parent=1439"}],"curies":[{"name":"wp","href":"https:\/\/api.w.org\/{rel}","templated":true}]}}