{"id":80,"date":"2014-11-06T11:29:14","date_gmt":"2014-11-06T11:29:14","guid":{"rendered":"https:\/\/traumare.com\/?page_id=80"},"modified":"2026-05-14T16:44:30","modified_gmt":"2026-05-14T16:44:30","slug":"contacte","status":"publish","type":"page","link":"https:\/\/traumare.com\/en\/contacte\/","title":{"rendered":"Contacte"},"content":{"rendered":"<p>[vc_row][vc_column width=&#8221;1\/2&#8243;][vc_column_text]<\/p>\n<div class=\"container\">\n<h3><span style=\"color: #9fa43c\"><strong>Contacta amb nosaltres<\/strong><\/span><\/h3>\n<p>Si desitges m\u00e9s informaci\u00f3 no dubtis en posar-te en contacte amb nosaltres<\/p>\n<\/div>\n<p>[\/vc_column_text][vc_column_text css_animation=&#8221;top-to-bottom&#8221;]Av. Blondel, 98<strong><span style=\"color: #9fa43c\">\u00a0<\/span><\/strong>\u00b7\u00a025002 Lleida<\/p>\n<p><span style=\"color: #9fa43c\"><strong><a style=\"color: #9fa43c\" href=\"http:\/\/&lt;a href=&quot;callto:+34973268599&quot;&gt;&lt;\/a&gt;\">Tel. 973 26 85 99<\/a><\/strong><\/span><\/p>\n<p>Fax 97326 85 98<\/p>\n<p><strong>Horaris<\/strong><br \/>\nde dilluns a divendres de 9 a 14 h i de 16 a 20 h.[\/vc_column_text][\/vc_column][vc_column width=&#8221;1\/2&#8243;][vc_wp_text]<a class=\"zl-facility-url\" href=\"https:\/\/www.doctoralia.es\/clinicas\/traumare\" rel=\"nofollow\" data-zlw-facility=\"traumare\" data-zlw-type=\"facility-big\" data-zlw-saas-only=\"false\">Traumare<\/a>!function($_x,_s,id){var js,fjs=$_x.getElementsByTagName(_s)[0];if(!$_x.getElementById(id)){js = $_x.createElement(_s);js.id = id;js.src = &#8220;\/\/platform.docplanner.com\/js\/widget.js&#8221;;fjs.parentNode.insertBefore(js,fjs);}}(document,&#8221;script&#8221;,&#8221;zl-widget-s&#8221;);[\/vc_wp_text][\/vc_column][\/vc_row][vc_row][vc_column]<div id='map' style='width:100%;height:400px;'><\/div>[\/vc_column][\/vc_row]<\/p>\n","protected":false},"excerpt":{"rendered":"<p>[vc_row][vc_column width=&#8221;1\/2&#8243;][vc_column_text] Contacta amb nosaltres Si desitges m\u00e9s informaci\u00f3 no dubtis en posar-te en contacte amb nosaltres [\/vc_column_text][vc_column_text css_animation=&#8221;top-to-bottom&#8221;]Av. Blondel, 98\u00a0\u00b7\u00a025002 Lleida Tel. 973 26 85 99 Fax 97326 85 98 Horaris de dilluns a divendres de 9 a 14 h i de 16 a 20 h.[\/vc_column_text][\/vc_column][vc_column width=&#8221;1\/2&#8243;][vc_wp_text]Traumare!function($_x,_s,id){var js,fjs=$_x.getElementsByTagName(_s)[0];if(!$_x.getElementById(id)){js = $_x.createElement(_s);js.id = id;js.src = &#8220;\/\/platform.docplanner.com\/js\/widget.js&#8221;;fjs.parentNode.insertBefore(js,fjs);}}(document,&#8221;script&#8221;,&#8221;zl-widget-s&#8221;);[\/vc_wp_text][\/vc_column][\/vc_row][vc_row][vc_column][\/vc_column][\/vc_row]<\/p>\n","protected":false},"author":1,"featured_media":0,"parent":0,"menu_order":0,"comment_status":"closed","ping_status":"closed","template":"single-features.php","meta":{"_monsterinsights_skip_tracking":false,"_monsterinsights_sitenote_active":false,"_monsterinsights_sitenote_note":"","_monsterinsights_sitenote_category":0,"footnotes":""},"class_list":["post-80","page","type-page","status-publish","hentry"],"yoast_head":"<!-- This site is optimized with the Yoast SEO plugin v27.6 - https:\/\/yoast.com\/product\/yoast-seo-wordpress\/ -->\n<title>Contacte - Traumare Centre m\u00e8dic i rehabilitaci\u00f3 a LleidaContacte - Traumare, Centre m\u00e8dic i rehabilitaci\u00f3 a lleida<\/title>\n<meta name=\"description\" content=\"Per a m\u00e9s informaci\u00f3 no dubtis en posar-te en contacte amb Traumare, centre m\u00e8dic i rehabilitaci\u00f3. Av. Blondel, 98 \u00b7 Tel. 973 26 85 99 \u00b7 25002 Lleida.Per a m\u00e9s informaci\u00f3 no dubtis en posar-te en contacte amb Traumare, centre m\u00e8dic i rehabilitaci\u00f3. Av. Blondel, 98 \u00b7 Tel. 973 26 85 99 \u00b7 25002 Lleida.\" \/>\n<meta name=\"robots\" content=\"index, follow, max-snippet:-1, max-image-preview:large, max-video-preview:-1\" \/>\n<link rel=\"canonical\" href=\"https:\/\/traumare.com\/ca\/contacte\/\" \/>\n<meta property=\"og:locale\" content=\"en_US\" \/>\n<meta property=\"og:type\" content=\"article\" \/>\n<meta property=\"og:title\" content=\"Contacte - Traumare Centre m\u00e8dic i rehabilitaci\u00f3 a LleidaContacte - Traumare, Centre m\u00e8dic i rehabilitaci\u00f3 a lleida\" \/>\n<meta property=\"og:description\" content=\"Per a m\u00e9s informaci\u00f3 no dubtis en posar-te en contacte amb Traumare, centre m\u00e8dic i rehabilitaci\u00f3. Av. Blondel, 98 \u00b7 Tel. 973 26 85 99 \u00b7 25002 Lleida.Per a m\u00e9s informaci\u00f3 no dubtis en posar-te en contacte amb Traumare, centre m\u00e8dic i rehabilitaci\u00f3. Av. Blondel, 98 \u00b7 Tel. 973 26 85 99 \u00b7 25002 Lleida.\" \/>\n<meta property=\"og:url\" content=\"https:\/\/traumare.com\/ca\/contacte\/\" \/>\n<meta property=\"og:site_name\" content=\"TRAUMARE\" \/>\n<meta property=\"article:modified_time\" content=\"2026-05-14T16:44:30+00:00\" \/>\n<meta name=\"twitter:card\" content=\"summary_large_image\" \/>\n<meta name=\"twitter:label1\" content=\"Est. reading time\" \/>\n\t<meta name=\"twitter:data1\" content=\"1 minute\" \/>\n<script type=\"application\/ld+json\" class=\"yoast-schema-graph\">{\"@context\":\"https:\\\/\\\/schema.org\",\"@graph\":[{\"@type\":\"WebPage\",\"@id\":\"https:\\\/\\\/traumare.com\\\/ca\\\/contacte\\\/\",\"url\":\"https:\\\/\\\/traumare.com\\\/ca\\\/contacte\\\/\",\"name\":\"Contacte - Traumare Centre m\u00e8dic i rehabilitaci\u00f3 a LleidaContacte - Traumare, Centre m\u00e8dic i rehabilitaci\u00f3 a lleida\",\"isPartOf\":{\"@id\":\"https:\\\/\\\/traumare.com\\\/es\\\/#website\"},\"datePublished\":\"2014-11-06T11:29:14+00:00\",\"dateModified\":\"2026-05-14T16:44:30+00:00\",\"description\":\"Per a m\u00e9s informaci\u00f3 no dubtis en posar-te en contacte amb Traumare, centre m\u00e8dic i rehabilitaci\u00f3. Av. Blondel, 98 \u00b7 Tel. 973 26 85 99 \u00b7 25002 Lleida.Per a m\u00e9s informaci\u00f3 no dubtis en posar-te en contacte amb Traumare, centre m\u00e8dic i rehabilitaci\u00f3. Av. Blondel, 98 \u00b7 Tel. 973 26 85 99 \u00b7 25002 Lleida.\",\"breadcrumb\":{\"@id\":\"https:\\\/\\\/traumare.com\\\/ca\\\/contacte\\\/#breadcrumb\"},\"inLanguage\":\"en-US\",\"potentialAction\":[{\"@type\":\"ReadAction\",\"target\":[\"https:\\\/\\\/traumare.com\\\/ca\\\/contacte\\\/\"]}]},{\"@type\":\"BreadcrumbList\",\"@id\":\"https:\\\/\\\/traumare.com\\\/ca\\\/contacte\\\/#breadcrumb\",\"itemListElement\":[{\"@type\":\"ListItem\",\"position\":1,\"name\":\"Home\",\"item\":\"https:\\\/\\\/traumare.com\\\/ca\\\/\"},{\"@type\":\"ListItem\",\"position\":2,\"name\":\"Contacte\"}]},{\"@type\":\"WebSite\",\"@id\":\"https:\\\/\\\/traumare.com\\\/es\\\/#website\",\"url\":\"https:\\\/\\\/traumare.com\\\/es\\\/\",\"name\":\"TRAUMARE\",\"description\":\"\",\"publisher\":{\"@id\":\"https:\\\/\\\/traumare.com\\\/es\\\/#organization\"},\"potentialAction\":[{\"@type\":\"SearchAction\",\"target\":{\"@type\":\"EntryPoint\",\"urlTemplate\":\"https:\\\/\\\/traumare.com\\\/es\\\/?s={search_term_string}\"},\"query-input\":{\"@type\":\"PropertyValueSpecification\",\"valueRequired\":true,\"valueName\":\"search_term_string\"}}],\"inLanguage\":\"en-US\"},{\"@type\":\"Organization\",\"@id\":\"https:\\\/\\\/traumare.com\\\/es\\\/#organization\",\"name\":\"TRAUMARE\",\"url\":\"https:\\\/\\\/traumare.com\\\/es\\\/\",\"logo\":{\"@type\":\"ImageObject\",\"inLanguage\":\"en-US\",\"@id\":\"https:\\\/\\\/traumare.com\\\/es\\\/#\\\/schema\\\/logo\\\/image\\\/\",\"url\":\"https:\\\/\\\/traumare.com\\\/wp-content\\\/uploads\\\/2015\\\/02\\\/logo-hor-316x97.png\",\"contentUrl\":\"https:\\\/\\\/traumare.com\\\/wp-content\\\/uploads\\\/2015\\\/02\\\/logo-hor-316x97.png\",\"width\":316,\"height\":97,\"caption\":\"TRAUMARE\"},\"image\":{\"@id\":\"https:\\\/\\\/traumare.com\\\/es\\\/#\\\/schema\\\/logo\\\/image\\\/\"}}]}<\/script>\n<!-- \/ Yoast SEO plugin. -->","yoast_head_json":{"title":"Contacte - Traumare Centre m\u00e8dic i rehabilitaci\u00f3 a LleidaContacte - Traumare, Centre m\u00e8dic i rehabilitaci\u00f3 a lleida","description":"Per a m\u00e9s informaci\u00f3 no dubtis en posar-te en contacte amb Traumare, centre m\u00e8dic i rehabilitaci\u00f3. Av. Blondel, 98 \u00b7 Tel. 973 26 85 99 \u00b7 25002 Lleida.Per a m\u00e9s informaci\u00f3 no dubtis en posar-te en contacte amb Traumare, centre m\u00e8dic i rehabilitaci\u00f3. Av. Blondel, 98 \u00b7 Tel. 973 26 85 99 \u00b7 25002 Lleida.","robots":{"index":"index","follow":"follow","max-snippet":"max-snippet:-1","max-image-preview":"max-image-preview:large","max-video-preview":"max-video-preview:-1"},"canonical":"https:\/\/traumare.com\/ca\/contacte\/","og_locale":"en_US","og_type":"article","og_title":"Contacte - Traumare Centre m\u00e8dic i rehabilitaci\u00f3 a LleidaContacte - Traumare, Centre m\u00e8dic i rehabilitaci\u00f3 a lleida","og_description":"Per a m\u00e9s informaci\u00f3 no dubtis en posar-te en contacte amb Traumare, centre m\u00e8dic i rehabilitaci\u00f3. Av. Blondel, 98 \u00b7 Tel. 973 26 85 99 \u00b7 25002 Lleida.Per a m\u00e9s informaci\u00f3 no dubtis en posar-te en contacte amb Traumare, centre m\u00e8dic i rehabilitaci\u00f3. Av. Blondel, 98 \u00b7 Tel. 973 26 85 99 \u00b7 25002 Lleida.","og_url":"https:\/\/traumare.com\/ca\/contacte\/","og_site_name":"TRAUMARE","article_modified_time":"2026-05-14T16:44:30+00:00","twitter_card":"summary_large_image","twitter_misc":{"Est. reading time":"1 minute"},"schema":{"@context":"https:\/\/schema.org","@graph":[{"@type":"WebPage","@id":"https:\/\/traumare.com\/ca\/contacte\/","url":"https:\/\/traumare.com\/ca\/contacte\/","name":"Contacte - Traumare Centre m\u00e8dic i rehabilitaci\u00f3 a LleidaContacte - Traumare, Centre m\u00e8dic i rehabilitaci\u00f3 a lleida","isPartOf":{"@id":"https:\/\/traumare.com\/es\/#website"},"datePublished":"2014-11-06T11:29:14+00:00","dateModified":"2026-05-14T16:44:30+00:00","description":"Per a m\u00e9s informaci\u00f3 no dubtis en posar-te en contacte amb Traumare, centre m\u00e8dic i rehabilitaci\u00f3. Av. Blondel, 98 \u00b7 Tel. 973 26 85 99 \u00b7 25002 Lleida.Per a m\u00e9s informaci\u00f3 no dubtis en posar-te en contacte amb Traumare, centre m\u00e8dic i rehabilitaci\u00f3. Av. Blondel, 98 \u00b7 Tel. 973 26 85 99 \u00b7 25002 Lleida.","breadcrumb":{"@id":"https:\/\/traumare.com\/ca\/contacte\/#breadcrumb"},"inLanguage":"en-US","potentialAction":[{"@type":"ReadAction","target":["https:\/\/traumare.com\/ca\/contacte\/"]}]},{"@type":"BreadcrumbList","@id":"https:\/\/traumare.com\/ca\/contacte\/#breadcrumb","itemListElement":[{"@type":"ListItem","position":1,"name":"Home","item":"https:\/\/traumare.com\/ca\/"},{"@type":"ListItem","position":2,"name":"Contacte"}]},{"@type":"WebSite","@id":"https:\/\/traumare.com\/es\/#website","url":"https:\/\/traumare.com\/es\/","name":"TRAUMARE","description":"","publisher":{"@id":"https:\/\/traumare.com\/es\/#organization"},"potentialAction":[{"@type":"SearchAction","target":{"@type":"EntryPoint","urlTemplate":"https:\/\/traumare.com\/es\/?s={search_term_string}"},"query-input":{"@type":"PropertyValueSpecification","valueRequired":true,"valueName":"search_term_string"}}],"inLanguage":"en-US"},{"@type":"Organization","@id":"https:\/\/traumare.com\/es\/#organization","name":"TRAUMARE","url":"https:\/\/traumare.com\/es\/","logo":{"@type":"ImageObject","inLanguage":"en-US","@id":"https:\/\/traumare.com\/es\/#\/schema\/logo\/image\/","url":"https:\/\/traumare.com\/wp-content\/uploads\/2015\/02\/logo-hor-316x97.png","contentUrl":"https:\/\/traumare.com\/wp-content\/uploads\/2015\/02\/logo-hor-316x97.png","width":316,"height":97,"caption":"TRAUMARE"},"image":{"@id":"https:\/\/traumare.com\/es\/#\/schema\/logo\/image\/"}}]}},"_links":{"self":[{"href":"https:\/\/traumare.com\/en\/wp-json\/wp\/v2\/pages\/80","targetHints":{"allow":["GET"]}}],"collection":[{"href":"https:\/\/traumare.com\/en\/wp-json\/wp\/v2\/pages"}],"about":[{"href":"https:\/\/traumare.com\/en\/wp-json\/wp\/v2\/types\/page"}],"author":[{"embeddable":true,"href":"https:\/\/traumare.com\/en\/wp-json\/wp\/v2\/users\/1"}],"replies":[{"embeddable":true,"href":"https:\/\/traumare.com\/en\/wp-json\/wp\/v2\/comments?post=80"}],"version-history":[{"count":12,"href":"https:\/\/traumare.com\/en\/wp-json\/wp\/v2\/pages\/80\/revisions"}],"predecessor-version":[{"id":3905,"href":"https:\/\/traumare.com\/en\/wp-json\/wp\/v2\/pages\/80\/revisions\/3905"}],"wp:attachment":[{"href":"https:\/\/traumare.com\/en\/wp-json\/wp\/v2\/media?parent=80"}],"curies":[{"name":"wp","href":"https:\/\/api.w.org\/{rel}","templated":true}]}}