{"id":3926,"date":"2016-12-22T07:56:04","date_gmt":"2016-12-22T07:56:04","guid":{"rendered":"https:\/\/traumare.com\/ca\/osteopatia-2\/"},"modified":"2016-12-22T07:56:04","modified_gmt":"2016-12-22T07:56:04","slug":"osteopatia-2","status":"publish","type":"page","link":"https:\/\/traumare.com\/en\/osteopatia-2\/","title":{"rendered":"Osteopat\u00eda"},"content":{"rendered":"<p>[vc_row][vc_column][vc_column_text]<div id=\"metaslider-id-1477\" style=\"max-width: 1024px;\" class=\"ml-slider-3-109-0 metaslider metaslider-flex metaslider-1477 ml-slider has-dots-nav ms-theme-default\" role=\"region\" aria-label=\"osteopatia\" data-height=\"341\" data-width=\"1024\">\n    <div id=\"metaslider_container_1477\">\n        <div id=\"metaslider_1477\">\n            <ul class='slides'>\n                <li style=\"display: block; width: 100%;\" class=\"slide-720 ms-image \" aria-roledescription=\"slide\" data-date=\"2016-01-14 13:54:29\" data-filename=\"Fotografies-Traumare-rehabilitacion-lleida.jpg\" data-slide-type=\"image\"><img loading=\"lazy\" decoding=\"async\" src=\"https:\/\/traumare.com\/wp-content\/uploads\/2015\/12\/Fotografies-Traumare-rehabilitacion-lleida.jpg\" height=\"341\" width=\"1024\" alt=\"\" class=\"slider-1477 slide-720 msDefaultImage\" \/><\/li>\n                <li style=\"display: none; width: 100%;\" class=\"slide-721 ms-image \" aria-roledescription=\"slide\" data-date=\"2016-01-14 13:54:31\" data-filename=\"Fotografies-Traumare-rehabilitacion-lleida-4.jpg\" data-slide-type=\"image\"><img loading=\"lazy\" decoding=\"async\" src=\"https:\/\/traumare.com\/wp-content\/uploads\/2015\/12\/Fotografies-Traumare-rehabilitacion-lleida-4.jpg\" height=\"341\" width=\"1024\" alt=\"\" class=\"slider-1477 slide-721 msDefaultImage\" \/><\/li>\n                <li style=\"display: none; width: 100%;\" class=\"slide-1478 ms-image \" aria-roledescription=\"slide\" data-date=\"2016-12-23 08:07:22\" data-filename=\"Traumare-osteopatia-lleida-traumatologia_01-1024x341.jpg\" data-slide-type=\"image\"><img loading=\"lazy\" decoding=\"async\" src=\"https:\/\/traumare.com\/wp-content\/uploads\/2015\/12\/Traumare-osteopatia-lleida-traumatologia_01-1024x341.jpg\" height=\"341\" width=\"1024\" alt=\"\" class=\"slider-1477 slide-1478 msDefaultImage\" \/><\/li>\n            <\/ul>\n        <\/div>\n        \n    <\/div>\n<\/div>[\/vc_column_text][\/vc_column][\/vc_row][vc_row][vc_column width=&#8221;2\/3&#8243; css=&#8221;.vc_custom_1451484173360{margin-top: 10px !important;}&#8221;][vc_column_text]<\/p>\n<h4 class=\"p1\"><span class=\"s1\"><strong>En\u00a0<\/strong><b>Traumare\u00a0tenemos un equipo multidisciplinar que nos da un gran abanico de alternativas terap\u00e9uticas para obtener el mejor resultado para cada patolog\u00eda y cada paciente.<\/b><\/span><\/h4>\n<p>[\/vc_column_text][vc_custom_heading text=&#8221;Diagnosticamos y tratamos tus problemas de estructura y mec\u00e1nica del cuerpo. Especialistas en osteopat\u00eda en Lleida.&#8221; font_container=&#8221;tag:h3|text_align:center|color:%23ffffff&#8221; use_theme_fonts=&#8221;yes&#8221; css=&#8221;.vc_custom_1482482773779{margin-top: 10px !important;margin-right: 0px !important;margin-bottom: 10px !important;margin-left: 0px !important;border-top-width: 30px !important;border-right-width: 30px !important;border-bottom-width: 30px !important;border-left-width: 30px !important;padding-top: 20px !important;padding-right: 20px !important;padding-bottom: 20px !important;padding-left: 20px !important;background-color: #9fa43c !important;}&#8221;][vc_column_text]<\/p>\n<h2><span class=\"s1\">Osteopat\u00eda o medicina osteop\u00e1tica<\/span><\/h2>\n<p>[\/vc_column_text][vc_column_text]<\/p>\n<p class=\"p1\"><span class=\"s1\">Somos especialistas en Lleida en osteopat\u00eda, la ciencia y arte de <b>diagn\u00f3stico y tratamiento <\/b>de las disfunciones de movilidad articulares, musculares y viscerales del cuerpo.<\/span><\/p>\n<p class=\"p2\"><span class=\"s2\">El\u00a0<\/span><span class=\"s3\"><b>correcto posicionamiento de las cervicales<\/b><\/span><span class=\"s2\">, especialmente las cervicales altas,\u00a0facilita la disminuci\u00f3n de mareos y cefaleas, y mejora autom\u00e1ticamente las contracturas cervicales y el dolor, que desempe\u00f1an un papel esencial en la prevenci\u00f3n y el mantenimiento de la salud.<\/span><\/p>\n<p>[\/vc_column_text][\/vc_column][vc_column width=&#8221;1\/3&#8243;]<h2 class=\"box-header\">Pide Cita<\/h2>[vc_column_text css=&#8221;.vc_custom_1453716000834{margin-top: 30px !important;}&#8221;]<\/p>\n<h3>Llamando al tel\u00e9fono <span style=\"color: #9fa43c\">973 268 599<\/span>\u00a0o a trav\u00e9s del siguiente\u00a0formulario:<\/h3>\n<p>[\/vc_column_text]<form class=\"contact-form \" id=\"contact_form\" method=\"post\" action=\"\"><div class=\"vc_row wpb_row vc_inner\">\n\t\t\t<fieldset class=\"vc_col-sm-6 wpb_column vc_column_container\"><label>FIRST NAME<\/label>\n\t\t\t\t<div class=\"block\">\n\t\t\t\t\t<input class=\"text_input\" name=\"first_name\" type=\"text\" value=\"\" tabindex=\"1\" data-required=\"1\">\n\t\t\t\t<\/div><label>DATE OF BIRTH (mm\/dd\/yyyy)<\/label>\n\t\t\t\t<div class=\"block\">\n\t\t\t\t\t<input class=\"text_input\" name=\"date_of_birth\" type=\"text\" value=\"\" tabindex=\"3\">\n\t\t\t\t<\/div><label>PHONE NUMBER<\/label>\n\t\t\t\t<div class=\"block\">\n\t\t\t\t\t<input class=\"text_input\" name=\"phone_number\" type=\"text\" value=\"\" tabindex=\"5\">\n\t\t\t\t<\/div><\/fieldset>\n\t\t\t<fieldset class=\"vc_col-sm-6 wpb_column vc_column_container\"><label>LAST NAME<\/label>\n\t\t\t\t<div class=\"block\">\n\t\t\t\t\t<input class=\"text_input\" name=\"last_name\" type=\"text\" value=\"\" tabindex=\"2\" data-required=\"1\">\n\t\t\t\t<\/div><label>SOCIAL SECURITY NUMBER<\/label>\n\t\t\t\t<div class=\"block\">\n\t\t\t\t\t<input class=\"text_input\" name=\"social_security_number\" type=\"text\" value=\"\" tabindex=\"4\">\n\t\t\t\t<\/div><label>E-MAIL<\/label>\n\t\t\t\t<div class=\"block\">\n\t\t\t\t\t<input class=\"text_input\" name=\"email\" type=\"text\" value=\"\" tabindex=\"6\" data-required=\"1\">\n\t\t\t\t<\/div><\/fieldset>\n\t\t<\/div><div class=\"vc_row wpb_row vc_inner\">\n\t\t\t<fieldset>\n\t\t\t\t<label>REASON OF APPOINTMENT<\/label>\n\t\t\t\t<div class=\"block\">\n\t\t\t\t\t<textarea name=\"message\" tabindex=\"7\" data-required=\"1\"><\/textarea>\n\t\t\t\t<\/div>\n\t\t\t<\/fieldset>\n\t\t<\/div><div class=\"vc_row wpb_row vc_inner submit-container margin-top-30\"><div class=\"vc_col-sm-6 wpb_column vc_column_container\">\n\t\t\t\t<p>We will contact you within one business day.<\/p>\n\t\t\t<\/div>\n\t\t\t<div class=\"vc_col-sm-6 wpb_column vc_column_container \"><input type=\"hidden\" name=\"action\" value=\"theme_contact_form\" \/>\n\t\t\t\t<input type=\"hidden\" name=\"id\" value=\"contact_form\" \/><div class=\"vc_row wpb_row vc_inner\">\n\t\t\t\t<input type=\"submit\" name=\"submit\" value=\"SEND\" class=\"more mc-button\" \/>\n\t\t\t<\/div><\/div><\/div>\n\t<\/form>[\/vc_column][\/vc_row][vc_row][vc_column]<ul class=\"gallery-item-details-list clearfix margin-bottom\"><li id=\"gallery-details-sandra-godia-gonzalez\" class=\"gallery-item-details clearfix\">\n\t\t\t\t\t<div class=\"vc_row wpb_row vc_row-fluid\">\n\t\t\t\t\t\t<div class=\"vc_col-sm-6 wpb_column vc_column_container\"><div class=\"gallery-box hover-icons-off\"><span class=\"mc-preloader\"><\/span>\n\t\t\t\t\t\t\t\t\t<img loading=\"lazy\" decoding=\"async\" width=\"480\" height=\"300\" src=\"https:\/\/traumare.com\/wp-content\/uploads\/2016\/01\/Equipo-medico-Traumare-Sandra-Godia-fisioterapia-rehabilitacio-lleida-480x300.jpg\" class=\"mc-preload wp-post-image\" alt=\"Sandra Godia Gonz\u00e1lez\" title=\"\" \/>\n\t\t\t\t\t\t\t\t\t<ul class=\"controls\">\n\t\t\t\t\t\t\t\t\t\t<li>\n\t\t\t\t\t\t\t\t\t\t\t<a href=\"https:\/\/traumare.com\/wp-content\/uploads\/2016\/01\/Equipo-medico-Traumare-Sandra-Godia-fisioterapia-rehabilitacio-lleida.jpg\" class=\"template-plus-2 fancybox open-lightbox\" rel=\"featured-gallery\"><\/a>\n\t\t\t\t\t\t\t\t\t\t<\/li>\n\t\t\t\t\t\t\t\t\t<\/ul><div class=\"description\">\n\t\t\t\t\t\t\t\t\t\t<h3>Sandra Godia Gonz\u00e1lez<\/h3>\n\t\t\t\t\t\t\t\t\t\t<h5>Fisioterapeuta<\/h5>\n\t\t\t\t\t\t\t\t\t<\/div><\/div><ul class=\"social-icons clearfix\"><li><a class=\"social-facebook\" href=\"https:\/\/www.facebook.com\/traumare\" target=\"_blank\" title=\"\">&nbsp;<\/a><\/li><li><a class=\"social-linkedin\" href=\"https:\/\/www.linkedin.com\/in\/sandra-godia-43390666\/\" title=\"\">&nbsp;<\/a><\/li><li><a class=\"social-instagram\" href=\"https:\/\/www.instagram.com\/traumare_rhb\/\" target=\"_blank\" title=\"\">&nbsp;<\/a><\/li><\/ul><\/div>\n\t\t\t\t\t<div class=\"vc_col-sm-6 wpb_column vc_column_container\">\n\t\t\t\t\t\t<div class=\"details-box\"><ul class=\"controls\"><li>\n\t\t\t\t\t\t\t\t\t\t<a href=\"#gallery-details-close\" class=\"close template-remove-1\"><\/a>\n\t\t\t\t\t\t\t\t\t<\/li>\n\t\t\t\t\t\t\t\t<\/ul><h2 class=\"box-header\"> Sandra Godia Gonz\u00e1lez<\/h2>(Catal\u00e0) <strong>N\u00fam. col\u00b7legiat: 10406<\/strong>\r\n<strong>Formaci\u00f3:<\/strong>\r\n<ul>\r\n \t<li>M\u00e0ster Universitari en Fisioter\u00e0pia de l\u2019Esport i Readaptaci\u00f3 a l\u2019Activitat F\u00edsica per l\u2019Escola Universit\u00e0ria Gimbernat i Tom\u00e0s Cerd\u00e0 (EUG)<\/li>\r\n \t<li>Curs Expert en M\u00e8tode Pilates per la Salud i l\u2019Activitat F\u00edsica per Fisioterapeutes per la Universitat Internacional de La Rioja (UNIR).<\/li>\r\n \t<li>Curs intensiu d\u2019Osteopatia Estructural per l'Escola Internacional de Terapia F\u00edsica.<\/li>\r\n \t<li>Curs de diagn\u00f2stic i tractament de la ATM (Articulaci\u00f3 Temporo-Mandibular) i la relaci\u00f3 mand\u00edbulo-occipito-oclusal per l\u2019Institut Omphis.<\/li>\r\n \t<li>Especialista en l\u2019\u00e0mbit esportiu, es va formar al Club Gimn\u00e0stic de Tarragona en les categories superiors de Futbol base. En la actualitat es la coordinadora de fisioter\u00e0pia del Club Atl\u00e8tic Segre de Lleida, formant part del Staff t\u00e8cnic del Juvenil A en categoria Nacional.<strong>Associacions:<\/strong>\r\nInscrita al Col\u00b7legi de Fisioterap\u00e8utes de Catalunya.<\/li>\r\n<\/ul><div class=\"item-footer clearfix\"><a title=\"Sandra Godia Gonz\u00e1lez\" href=\"https:\/\/traumare.com\/en\/doctors\/sandra-godia-gonzalez\/\" class=\"mc-button more light template-arrow-horizontal-1-after\">PROFILE<\/a><\/div><\/div><\/div>\n\t\t\t\t<\/div><\/ul><h3 class=\"box-header margin-bottom-30\">Cuadro m\u00e9dico<\/h3><ul class=\"tabs-navigation isotope-filters clearfix\"><li>\n\t\t\t\t\t\t\t<a href=\"#filter-fisioterapia-y-rehabilitacion\" title=\"Fisioter\u00c3\u00a0pia i Rehabilitaci\u00c3\u00b3\">Fisioter\u00c3\u00a0pia i Rehabilitaci\u00c3\u00b3<\/a>\n\t\t\t\t\t\t<\/li><\/ul><ul class=\"mc-gallery gallery-4-columns dm_filters\"><li class=\"fisioterapia-y-rehabilitacion ver-todos\" id=\"gallery-item-sandra-godia-gonzalez\">\n\t\t\t\t\t<div class=\"gallery-box gallery-box-1 hover-icons-off\"><span class=\"mc-preloader\"><\/span><img loading=\"lazy\" decoding=\"async\" width=\"225\" height=\"150\" src=\"https:\/\/traumare.com\/wp-content\/uploads\/2016\/01\/Equipo-medico-Traumare-Sandra-Godia-fisioterapia-rehabilitacio-lleida-225x150.jpg\" class=\"mc-preload wp-post-image\" alt=\"Sandra Godia Gonz\u00e1lez\" title=\"\" \/>\n\t\t\t\t\t\t<div class=\"description\">\n\t\t\t\t\t\t\t<h4>Sandra Godia Gonz\u00e1lez<\/h4>\n\t\t\t\t\t\t\t<h5>Fisioterapeuta<\/h5>\n\t\t\t\t\t\t<\/div><ul class=\"social-icons clearfix\"><li><a class=\"social-facebook\" href=\"https:\/\/www.facebook.com\/traumare\" target=\"_blank\" title=\"\">&nbsp;<\/a><\/li><li><a class=\"social-linkedin\" href=\"https:\/\/www.linkedin.com\/in\/sandra-godia-43390666\/\" title=\"\">&nbsp;<\/a><\/li><li><a class=\"social-instagram\" href=\"https:\/\/www.instagram.com\/traumare_rhb\/\" target=\"_blank\" title=\"\">&nbsp;<\/a><\/li><\/ul>\n\t\t\t\t\t\t<ul class=\"controls\">\n\t\t\t\t\t\t\t<li>\n\t\t\t\t\t\t\t\t<a href=\"#gallery-details-sandra-godia-gonzalez\" class=\"template-menu-2 open-details\"><\/a>\n\t\t\t\t\t\t\t<\/li><li><a href=\"https:\/\/traumare.com\/wp-content\/uploads\/2016\/01\/Equipo-medico-Traumare-Sandra-Godia-fisioterapia-rehabilitacio-lleida.jpg\" class=\"template-plus-2 fancybox open-lightbox\" rel=\"mcgallery\"><\/a>\n\t\t\t\t\t<\/li><\/ul><\/div><\/li><\/ul>[\/vc_column][\/vc_row]<\/p>\n","protected":false},"excerpt":{"rendered":"<p>[vc_row][vc_column][vc_column_text][\/vc_column_text][\/vc_column][\/vc_row][vc_row][vc_column width=&#8221;2\/3&#8243; css=&#8221;.vc_custom_1451484173360{margin-top: 10px !important;}&#8221;][vc_column_text] En\u00a0Traumare\u00a0tenemos un equipo multidisciplinar que nos da un gran abanico de alternativas terap\u00e9uticas para obtener el mejor resultado para cada patolog\u00eda y cada paciente. [\/vc_column_text][vc_custom_heading text=&#8221;Diagnosticamos y tratamos tus problemas de estructura y mec\u00e1nica del cuerpo. Especialistas en osteopat\u00eda en Lleida.&#8221; font_container=&#8221;tag:h3|text_align:center|color:%23ffffff&#8221; use_theme_fonts=&#8221;yes&#8221; css=&#8221;.vc_custom_1482482773779{margin-top: 10px !important;margin-right: 0px !important;margin-bottom: 10px !important;margin-left:<\/p>\n","protected":false},"author":0,"featured_media":0,"parent":0,"menu_order":0,"comment_status":"closed","ping_status":"closed","template":"","meta":{"_monsterinsights_skip_tracking":false,"_monsterinsights_sitenote_active":false,"_monsterinsights_sitenote_note":"","_monsterinsights_sitenote_category":0,"footnotes":""},"class_list":["post-3926","page","type-page","status-publish","hentry"],"yoast_head":"<!-- This site is optimized with the Yoast SEO plugin v27.6 - https:\/\/yoast.com\/product\/yoast-seo-wordpress\/ -->\n<title>Osteopatia - Traumare, Centre m\u00e8dic i rehabilitaci\u00f3 a Lleida<\/title>\n<meta name=\"description\" content=\"Ci\u00e8ncia i art de diagnosi i tractament de les disfuncions de mobilitat articulars, musculars i viscerals del cos, el correcte posicionament de les cervicals\" \/>\n<meta name=\"robots\" content=\"index, follow, max-snippet:-1, max-image-preview:large, max-video-preview:-1\" \/>\n<link rel=\"canonical\" href=\"https:\/\/traumare.com\/ca\/osteopatia-2\/\" \/>\n<meta property=\"og:locale\" content=\"en_US\" \/>\n<meta property=\"og:type\" content=\"article\" \/>\n<meta property=\"og:title\" content=\"Osteopatia - Traumare, Centre m\u00e8dic i rehabilitaci\u00f3 a Lleida\" \/>\n<meta property=\"og:description\" content=\"Ci\u00e8ncia i art de diagnosi i tractament de les disfuncions de mobilitat articulars, musculars i viscerals del cos, el correcte posicionament de les cervicals\" \/>\n<meta property=\"og:url\" content=\"https:\/\/traumare.com\/ca\/osteopatia-2\/\" \/>\n<meta property=\"og:site_name\" content=\"TRAUMARE\" \/>\n<meta name=\"twitter:card\" content=\"summary_large_image\" \/>\n<meta name=\"twitter:label1\" content=\"Est. reading time\" \/>\n\t<meta name=\"twitter:data1\" content=\"2 minutes\" \/>\n<script type=\"application\/ld+json\" class=\"yoast-schema-graph\">{\"@context\":\"https:\\\/\\\/schema.org\",\"@graph\":[{\"@type\":\"WebPage\",\"@id\":\"https:\\\/\\\/traumare.com\\\/ca\\\/osteopatia-2\\\/\",\"url\":\"https:\\\/\\\/traumare.com\\\/ca\\\/osteopatia-2\\\/\",\"name\":\"Osteopatia - Traumare, Centre m\u00e8dic i rehabilitaci\u00f3 a Lleida\",\"isPartOf\":{\"@id\":\"https:\\\/\\\/traumare.com\\\/es\\\/#website\"},\"datePublished\":\"2016-12-22T07:56:04+00:00\",\"description\":\"Ci\u00e8ncia i art de diagnosi i tractament de les disfuncions de mobilitat articulars, musculars i viscerals del cos, el correcte posicionament de les cervicals\",\"breadcrumb\":{\"@id\":\"https:\\\/\\\/traumare.com\\\/ca\\\/osteopatia-2\\\/#breadcrumb\"},\"inLanguage\":\"en-US\",\"potentialAction\":[{\"@type\":\"ReadAction\",\"target\":[\"https:\\\/\\\/traumare.com\\\/ca\\\/osteopatia-2\\\/\"]}]},{\"@type\":\"BreadcrumbList\",\"@id\":\"https:\\\/\\\/traumare.com\\\/ca\\\/osteopatia-2\\\/#breadcrumb\",\"itemListElement\":[{\"@type\":\"ListItem\",\"position\":1,\"name\":\"Home\",\"item\":\"https:\\\/\\\/traumare.com\\\/ca\\\/\"},{\"@type\":\"ListItem\",\"position\":2,\"name\":\"Osteopat\u00eda\"}]},{\"@type\":\"WebSite\",\"@id\":\"https:\\\/\\\/traumare.com\\\/es\\\/#website\",\"url\":\"https:\\\/\\\/traumare.com\\\/es\\\/\",\"name\":\"TRAUMARE\",\"description\":\"\",\"publisher\":{\"@id\":\"https:\\\/\\\/traumare.com\\\/es\\\/#organization\"},\"potentialAction\":[{\"@type\":\"SearchAction\",\"target\":{\"@type\":\"EntryPoint\",\"urlTemplate\":\"https:\\\/\\\/traumare.com\\\/es\\\/?s={search_term_string}\"},\"query-input\":{\"@type\":\"PropertyValueSpecification\",\"valueRequired\":true,\"valueName\":\"search_term_string\"}}],\"inLanguage\":\"en-US\"},{\"@type\":\"Organization\",\"@id\":\"https:\\\/\\\/traumare.com\\\/es\\\/#organization\",\"name\":\"TRAUMARE\",\"url\":\"https:\\\/\\\/traumare.com\\\/es\\\/\",\"logo\":{\"@type\":\"ImageObject\",\"inLanguage\":\"en-US\",\"@id\":\"https:\\\/\\\/traumare.com\\\/es\\\/#\\\/schema\\\/logo\\\/image\\\/\",\"url\":\"https:\\\/\\\/traumare.com\\\/wp-content\\\/uploads\\\/2015\\\/02\\\/logo-hor-316x97.png\",\"contentUrl\":\"https:\\\/\\\/traumare.com\\\/wp-content\\\/uploads\\\/2015\\\/02\\\/logo-hor-316x97.png\",\"width\":316,\"height\":97,\"caption\":\"TRAUMARE\"},\"image\":{\"@id\":\"https:\\\/\\\/traumare.com\\\/es\\\/#\\\/schema\\\/logo\\\/image\\\/\"}}]}<\/script>\n<!-- \/ Yoast SEO plugin. -->","yoast_head_json":{"title":"Osteopatia - Traumare, Centre m\u00e8dic i rehabilitaci\u00f3 a Lleida","description":"Ci\u00e8ncia i art de diagnosi i tractament de les disfuncions de mobilitat articulars, musculars i viscerals del cos, el correcte posicionament de les cervicals","robots":{"index":"index","follow":"follow","max-snippet":"max-snippet:-1","max-image-preview":"max-image-preview:large","max-video-preview":"max-video-preview:-1"},"canonical":"https:\/\/traumare.com\/ca\/osteopatia-2\/","og_locale":"en_US","og_type":"article","og_title":"Osteopatia - Traumare, Centre m\u00e8dic i rehabilitaci\u00f3 a Lleida","og_description":"Ci\u00e8ncia i art de diagnosi i tractament de les disfuncions de mobilitat articulars, musculars i viscerals del cos, el correcte posicionament de les cervicals","og_url":"https:\/\/traumare.com\/ca\/osteopatia-2\/","og_site_name":"TRAUMARE","twitter_card":"summary_large_image","twitter_misc":{"Est. reading time":"2 minutes"},"schema":{"@context":"https:\/\/schema.org","@graph":[{"@type":"WebPage","@id":"https:\/\/traumare.com\/ca\/osteopatia-2\/","url":"https:\/\/traumare.com\/ca\/osteopatia-2\/","name":"Osteopatia - Traumare, Centre m\u00e8dic i rehabilitaci\u00f3 a Lleida","isPartOf":{"@id":"https:\/\/traumare.com\/es\/#website"},"datePublished":"2016-12-22T07:56:04+00:00","description":"Ci\u00e8ncia i art de diagnosi i tractament de les disfuncions de mobilitat articulars, musculars i viscerals del cos, el correcte posicionament de les cervicals","breadcrumb":{"@id":"https:\/\/traumare.com\/ca\/osteopatia-2\/#breadcrumb"},"inLanguage":"en-US","potentialAction":[{"@type":"ReadAction","target":["https:\/\/traumare.com\/ca\/osteopatia-2\/"]}]},{"@type":"BreadcrumbList","@id":"https:\/\/traumare.com\/ca\/osteopatia-2\/#breadcrumb","itemListElement":[{"@type":"ListItem","position":1,"name":"Home","item":"https:\/\/traumare.com\/ca\/"},{"@type":"ListItem","position":2,"name":"Osteopat\u00eda"}]},{"@type":"WebSite","@id":"https:\/\/traumare.com\/es\/#website","url":"https:\/\/traumare.com\/es\/","name":"TRAUMARE","description":"","publisher":{"@id":"https:\/\/traumare.com\/es\/#organization"},"potentialAction":[{"@type":"SearchAction","target":{"@type":"EntryPoint","urlTemplate":"https:\/\/traumare.com\/es\/?s={search_term_string}"},"query-input":{"@type":"PropertyValueSpecification","valueRequired":true,"valueName":"search_term_string"}}],"inLanguage":"en-US"},{"@type":"Organization","@id":"https:\/\/traumare.com\/es\/#organization","name":"TRAUMARE","url":"https:\/\/traumare.com\/es\/","logo":{"@type":"ImageObject","inLanguage":"en-US","@id":"https:\/\/traumare.com\/es\/#\/schema\/logo\/image\/","url":"https:\/\/traumare.com\/wp-content\/uploads\/2015\/02\/logo-hor-316x97.png","contentUrl":"https:\/\/traumare.com\/wp-content\/uploads\/2015\/02\/logo-hor-316x97.png","width":316,"height":97,"caption":"TRAUMARE"},"image":{"@id":"https:\/\/traumare.com\/es\/#\/schema\/logo\/image\/"}}]}},"_links":{"self":[{"href":"https:\/\/traumare.com\/en\/wp-json\/wp\/v2\/pages\/3926","targetHints":{"allow":["GET"]}}],"collection":[{"href":"https:\/\/traumare.com\/en\/wp-json\/wp\/v2\/pages"}],"about":[{"href":"https:\/\/traumare.com\/en\/wp-json\/wp\/v2\/types\/page"}],"replies":[{"embeddable":true,"href":"https:\/\/traumare.com\/en\/wp-json\/wp\/v2\/comments?post=3926"}],"version-history":[{"count":0,"href":"https:\/\/traumare.com\/en\/wp-json\/wp\/v2\/pages\/3926\/revisions"}],"wp:attachment":[{"href":"https:\/\/traumare.com\/en\/wp-json\/wp\/v2\/media?parent=3926"}],"curies":[{"name":"wp","href":"https:\/\/api.w.org\/{rel}","templated":true}]}}