{"id":3912,"date":"2015-12-30T14:31:53","date_gmt":"2015-12-30T14:31:53","guid":{"rendered":"https:\/\/traumare.com\/ca\/es-2\/"},"modified":"2015-12-30T14:31:53","modified_gmt":"2015-12-30T14:31:53","slug":"es-2","status":"publish","type":"page","link":"https:\/\/traumare.com\/en\/es-2\/","title":{"rendered":""},"content":{"rendered":"<p>[vc_row][vc_column][vc_column_text]<div id=\"metaslider-id-794\" style=\"max-width: 1024px;\" class=\"ml-slider-3-109-0 metaslider metaslider-flex metaslider-794 ml-slider has-dots-nav ms-theme-default\" role=\"region\" aria-label=\"Acupuntura\" data-height=\"341\" data-width=\"1024\">\n    <div id=\"metaslider_container_794\">\n        <div id=\"metaslider_794\">\n            <ul class='slides'>\n                <li style=\"display: block; width: 100%;\" class=\"slide-620 ms-image \" aria-roledescription=\"slide\" data-date=\"2015-12-30 14:31:20\" data-filename=\"Fotografies-Traumare-acupuntura-lleida.jpg\" data-slide-type=\"image\"><img loading=\"lazy\" decoding=\"async\" src=\"https:\/\/traumare.com\/wp-content\/uploads\/2015\/12\/Fotografies-Traumare-acupuntura-lleida.jpg\" height=\"341\" width=\"1024\" alt=\"\" class=\"slider-794 slide-620 msDefaultImage\" \/><\/li>\n                <li style=\"display: none; width: 100%;\" class=\"slide-797 ms-image \" aria-roledescription=\"slide\" data-date=\"2016-01-19 12:31:45\" data-filename=\"Fotografies-Traumare-acupuntura-lleida-02-1024x341.jpg\" data-slide-type=\"image\"><img loading=\"lazy\" decoding=\"async\" src=\"https:\/\/traumare.com\/wp-content\/uploads\/2015\/12\/Fotografies-Traumare-acupuntura-lleida-02-1024x341.jpg\" height=\"341\" width=\"1024\" alt=\"\" class=\"slider-794 slide-797 msDefaultImage\" \/><\/li>\n            <\/ul>\n        <\/div>\n        \n    <\/div>\n<\/div>[\/vc_column_text][\/vc_column][\/vc_row][vc_row][vc_column width=&#8221;2\/3&#8243;][vc_column_text]<\/p>\n<h3>\u00bfQu\u00e9 es la acupuntura?<\/h3>\n<p>La acupuntura es una modalidad curativa originaria del Este Asi\u00e1tico. La m\u00e1s conocida en occidente es la China, con m\u00e1s de 2000 a\u00f1os de tradici\u00f3n.<\/p>\n<p>La Acupuntura China es una de las ramas terap\u00e9uticas m\u00e1s importantes de la Medicina Tradicional China, junto con la moxibusti\u00f3n, la fitoterapia china, la t\u00e9cnica de las ventosas, la Tuina (masaje en puntos de acupuntura), la dietoterapia y las t\u00e9cnicas como el Qi Gong y el Tai Chi.<\/p>\n<p>En las \u00faltimas d\u00e9cadas, ha ganado popularidad en occidente, formando parte de las medicinas alternativas y complementarias, conocidas internacionalmente como CAM. Se calcula que unos tres millones de europeos reciben tratamiento de acupuntura cada a\u00f1o, sobre todo en Alemania, Francia y pa\u00edses n\u00f3rdicos.<\/p>\n<p>Consiste en la inserci\u00f3n y estimulaci\u00f3n de unas agujas en puntos espec\u00edficos localizados en un entramado de canales o v\u00edas energ\u00e9ticas conocidas popularmente como meridianos. Su objetivo es obtener un beneficio en la salud de la persona que recibe este tratamiento.<\/p>\n<p>En patolog\u00edas de car\u00e1cter agudo, los beneficios pueden ser r\u00e1pidos, dependiendo del tipo de patolog\u00eda de que se trate. En patolog\u00edas de car\u00e1cter cr\u00f3nico, sin embargo, los beneficios pueden tardar en aparecer.<\/p>\n<h3>\u00bfPara qu\u00e9 dolencias es beneficiosa?<\/h3>\n<p>Su eficacia\u00a0ha sido demostrada ampliamente en todo un amplio abanico de tratamientos, como pueden ser el tratamiento del dolor (beneficio m\u00e1s conocido), o para contrarrestar los efectos secundarios de la quimioterapia (v\u00f3mitos y n\u00e1useas).<\/p>\n<p class=\"p1\"><span class=\"s1\">A Traumare,\u00a0<\/span><span class=\"s2\">Centro M\u00e9dico, ofrecemos tratamientos de acupuntura en Lleida para\u00a0las siguientes enfermedades, s\u00edndromes y condiciones, reconocidas todas ellas como beneficiosas por la OMS, as\u00ed como demostrados sus beneficios de forma emp\u00edrica:<\/span><\/p>\n<p>[\/vc_column_text][vc_custom_heading text=&#8221;\u00bfQu\u00e9 tratamientos ofrecemos?&#8221; font_container=&#8221;tag:h3|text_align:left|color:%239fa43c&#8221; use_theme_fonts=&#8221;yes&#8221; css=&#8221;.vc_custom_1454940000038{margin-top: 10px !important;margin-bottom: 20px !important;}&#8221;][vc_column_text css=&#8221;.vc_custom_1474633857866{margin-top: 20px !important;}&#8221;]<\/p>\n<h4>Indicaciones de tratamiento reconocidas por la OMS<\/h4>\n<ul>\n<li><strong>Trastornos tipo m\u00fasculo &#8211; esquel\u00e9ticos:<\/strong> lumbalgia, dolor de cervicales, artritis, epicondilitis, dolores musculares. Ci\u00e1tica.<\/li>\n<li><strong>Tratamiento del dolor<\/strong> post-cirug\u00eda y dolor en general.<\/li>\n<li><strong>Odontalgia<\/strong>. Disfunci\u00f3n ATM.<\/li>\n<li><strong>Trastornos del aparato respiratorio:<\/strong> asma, amigdalitis, bronquitis aguda, sinusitis.<\/li>\n<li>T<strong>rastornos gastrointestinales:<\/strong> gastritis aguda, \u00falcera duodenal no complicada, diarreas, estre\u00f1imiento.<\/li>\n<li><strong>Trastornos neurol\u00f3gicos:<\/strong> cefaleas, Neuralgia Trig\u00e9mino.<\/li>\n<\/ul>\n<h4>Tratamientos de demostrada eficacia<\/h4>\n<ul>\n<li><strong>Trastornos ginecol\u00f3gicos:<\/strong> dismenorreas, amenorreas. Infertilidad.<br \/>\nTrastornos urinarios.<\/li>\n<li><strong>Enfermedades dermatol\u00f3gicas:<\/strong> eccema, acn\u00e9, herpes z\u00f3ster, urticaria.<\/li>\n<li><strong>Tratamiento heridas<\/strong> post-quir\u00fargicas, heridas hipertr\u00f3ficas, y otros.<\/li>\n<li><strong>Tratamiento de la obesidad<\/strong>.<\/li>\n<li><strong>Tratamiento de adicciones<\/strong> (tabaquismo).<\/li>\n<li><strong>Ansiedad, insomnio, depresi\u00f3n.<\/strong><\/li>\n<li><strong>Fibromialgia<\/strong>.<\/li>\n<li><strong>Tratamiento de rejuvenecimiento facial.<\/strong> (est\u00e9tica facial). <strong>NUEVO!<\/strong><\/li>\n<\/ul>\n<h4>Otros servicios:<\/h4>\n<ul>\n<li><strong>Acupuntura Craneal<\/strong> Japonesa.<\/li>\n<li><strong>Flores de Bach.<\/strong><\/li>\n<\/ul>\n<p>[\/vc_column_text][\/vc_column][vc_column width=&#8221;1\/3&#8243;]<h2 class=\"box-header\">Pide Cita<\/h2>[vc_column_text css=&#8221;.vc_custom_1453716000834{margin-top: 30px !important;}&#8221;]<\/p>\n<h3>Llamando al tel\u00e9fono <span style=\"color: #9fa43c\">973 268 599<\/span>\u00a0o a trav\u00e9s del siguiente\u00a0formulario:<\/h3>\n<p>[\/vc_column_text]<form class=\"contact-form \" id=\"contact_form\" method=\"post\" action=\"\"><div class=\"vc_row wpb_row vc_inner\">\n\t\t\t<fieldset class=\"vc_col-sm-6 wpb_column vc_column_container\"><label>FIRST NAME<\/label>\n\t\t\t\t<div class=\"block\">\n\t\t\t\t\t<input class=\"text_input\" name=\"first_name\" type=\"text\" value=\"\" tabindex=\"1\" data-required=\"1\">\n\t\t\t\t<\/div><label>DATE OF BIRTH (mm\/dd\/yyyy)<\/label>\n\t\t\t\t<div class=\"block\">\n\t\t\t\t\t<input class=\"text_input\" name=\"date_of_birth\" type=\"text\" value=\"\" tabindex=\"3\">\n\t\t\t\t<\/div><label>PHONE NUMBER<\/label>\n\t\t\t\t<div class=\"block\">\n\t\t\t\t\t<input class=\"text_input\" name=\"phone_number\" type=\"text\" value=\"\" tabindex=\"5\">\n\t\t\t\t<\/div><\/fieldset>\n\t\t\t<fieldset class=\"vc_col-sm-6 wpb_column vc_column_container\"><label>LAST NAME<\/label>\n\t\t\t\t<div class=\"block\">\n\t\t\t\t\t<input class=\"text_input\" name=\"last_name\" type=\"text\" value=\"\" tabindex=\"2\" data-required=\"1\">\n\t\t\t\t<\/div><label>SOCIAL SECURITY NUMBER<\/label>\n\t\t\t\t<div class=\"block\">\n\t\t\t\t\t<input class=\"text_input\" name=\"social_security_number\" type=\"text\" value=\"\" tabindex=\"4\">\n\t\t\t\t<\/div><label>E-MAIL<\/label>\n\t\t\t\t<div class=\"block\">\n\t\t\t\t\t<input class=\"text_input\" name=\"email\" type=\"text\" value=\"\" tabindex=\"6\" data-required=\"1\">\n\t\t\t\t<\/div><\/fieldset>\n\t\t<\/div><div class=\"vc_row wpb_row vc_inner\">\n\t\t\t<fieldset>\n\t\t\t\t<label>REASON OF APPOINTMENT<\/label>\n\t\t\t\t<div class=\"block\">\n\t\t\t\t\t<textarea name=\"message\" tabindex=\"7\" data-required=\"1\"><\/textarea>\n\t\t\t\t<\/div>\n\t\t\t<\/fieldset>\n\t\t<\/div><div class=\"vc_row wpb_row vc_inner submit-container margin-top-30\"><div class=\"vc_col-sm-6 wpb_column vc_column_container\">\n\t\t\t\t<p>We will contact you within one business day.<\/p>\n\t\t\t<\/div>\n\t\t\t<div class=\"vc_col-sm-6 wpb_column vc_column_container \"><input type=\"hidden\" name=\"action\" value=\"theme_contact_form\" \/>\n\t\t\t\t<input type=\"hidden\" name=\"id\" value=\"contact_form\" \/><div class=\"vc_row wpb_row vc_inner\">\n\t\t\t\t<input type=\"submit\" name=\"submit\" value=\"SEND\" class=\"more mc-button\" \/>\n\t\t\t<\/div><\/div><\/div>\n\t<\/form>[\/vc_column][\/vc_row][vc_row][vc_column]<ul class=\"gallery-item-details-list clearfix margin-bottom\"><li id=\"gallery-details-isabel-loizu\" class=\"gallery-item-details clearfix\">\n\t\t\t\t\t<div class=\"vc_row wpb_row vc_row-fluid\">\n\t\t\t\t\t\t<div class=\"vc_col-sm-6 wpb_column vc_column_container\"><div class=\"gallery-box hover-icons-off\"><span class=\"mc-preloader\"><\/span>\n\t\t\t\t\t\t\t\t\t<img loading=\"lazy\" decoding=\"async\" width=\"480\" height=\"300\" src=\"https:\/\/traumare.com\/wp-content\/uploads\/2016\/01\/Equipo-medico-Traumare-Isabel-Loizu-acupuntura-lleida-480x300.jpg\" class=\"mc-preload wp-post-image\" alt=\"Isabel Loizu\" title=\"\" \/>\n\t\t\t\t\t\t\t\t\t<ul class=\"controls\">\n\t\t\t\t\t\t\t\t\t\t<li>\n\t\t\t\t\t\t\t\t\t\t\t<a href=\"http:\/\/www.acupunturalleida.com\/\" class=\"template-plus-2 fancybox-url open-url-lightbox\" rel=\"featured-gallery\"><\/a>\n\t\t\t\t\t\t\t\t\t\t<\/li>\n\t\t\t\t\t\t\t\t\t<\/ul><div class=\"description\">\n\t\t\t\t\t\t\t\t\t\t<h3>Isabel Loizu<\/h3>\n\t\t\t\t\t\t\t\t\t\t<h5>Acupuntora<\/h5>\n\t\t\t\t\t\t\t\t\t<\/div><\/div><ul class=\"social-icons clearfix\"><li><a class=\"social-facebook\" href=\"https:\/\/www.facebook.com\/Isabel-Loizu-Mart%C3%AD-221160621229945\/?fref=ts\" target=\"_blank\" title=\"\">&nbsp;<\/a><\/li><li><a class=\"social-instagram\" href=\"https:\/\/www.instagram.com\/traumare_rhb\/\" target=\"_blank\" title=\"\">&nbsp;<\/a><\/li><\/ul><\/div>\n\t\t\t\t\t<div class=\"vc_col-sm-6 wpb_column vc_column_container\">\n\t\t\t\t\t\t<div class=\"details-box\"><ul class=\"controls\"><li>\n\t\t\t\t\t\t\t\t\t\t<a href=\"#gallery-details-close\" class=\"close template-remove-1\"><\/a>\n\t\t\t\t\t\t\t\t\t<\/li>\n\t\t\t\t\t\t\t\t<\/ul><h2 class=\"box-header\"> Isabel Loizu<\/h2>(Catal\u00e0) <strong>N\u00fam. col\u00b7legiat: 2755<\/strong>\r\n<strong>Formaci\u00f3:<\/strong>\r\n<ul>\r\n \t<li>Infermera diplomada per la Universitat de Lleida.<\/li>\r\n \t<li>T\u00e8cnic en acupuntura per la Universitat de Saragossa.<\/li>\r\n<\/ul>\r\n<em>M'apassiona l'educaci\u00f3 sanit\u00e0ria i en especial l'\u00fas de l'acupuntura per millorar la salut dels usuaris que pateixen algun tipus de desordre funcional. Participo activament en seminaris, jornades i estudis relacionats amb la meva activitat professional: tractament del dolor, per tal d'estar a l'avantguarda.<\/em><span style=\"color: #a0a048;\"><a style=\"color: #a0a048;\" href=\"http:\/\/www.acupunturalleida.com\/\">www.acupunturalleida.com<\/a><\/span><div class=\"item-footer clearfix\"><a title=\"Isabel Loizu\" href=\"https:\/\/traumare.com\/en\/doctors\/isabel-loizu\/\" class=\"mc-button more light template-arrow-horizontal-1-after\">PROFILE<\/a><\/div><\/div><\/div>\n\t\t\t\t<\/div><\/ul><h3 class=\"box-header margin-bottom-30\">Cuadro m\u00e9dico<\/h3><ul class=\"tabs-navigation isotope-filters clearfix\"><li>\n\t\t\t\t\t\t\t<a href=\"#filter-acupuntura\" title=\"Acupuntura\">Acupuntura<\/a>\n\t\t\t\t\t\t<\/li><\/ul><ul class=\"mc-gallery gallery-4-columns dm_filters\"><li class=\"acupuntura ver-todos\" id=\"gallery-item-isabel-loizu\">\n\t\t\t\t\t<div class=\"gallery-box gallery-box-1 hover-icons-off\"><span class=\"mc-preloader\"><\/span><img loading=\"lazy\" decoding=\"async\" width=\"225\" height=\"150\" src=\"https:\/\/traumare.com\/wp-content\/uploads\/2016\/01\/Equipo-medico-Traumare-Isabel-Loizu-acupuntura-lleida-225x150.jpg\" class=\"mc-preload wp-post-image\" alt=\"Isabel Loizu\" title=\"\" \/>\n\t\t\t\t\t\t<div class=\"description\">\n\t\t\t\t\t\t\t<h4>Isabel Loizu<\/h4>\n\t\t\t\t\t\t\t<h5>Acupuntora<\/h5>\n\t\t\t\t\t\t<\/div><ul class=\"social-icons clearfix\"><li><a class=\"social-facebook\" href=\"https:\/\/www.facebook.com\/Isabel-Loizu-Mart%C3%AD-221160621229945\/?fref=ts\" target=\"_blank\" title=\"\">&nbsp;<\/a><\/li><li><a class=\"social-instagram\" href=\"https:\/\/www.instagram.com\/traumare_rhb\/\" target=\"_blank\" title=\"\">&nbsp;<\/a><\/li><\/ul>\n\t\t\t\t\t\t<ul class=\"controls\">\n\t\t\t\t\t\t\t<li>\n\t\t\t\t\t\t\t\t<a href=\"#gallery-details-isabel-loizu\" class=\"template-menu-2 open-details\"><\/a>\n\t\t\t\t\t\t\t<\/li><li><a href=\"http:\/\/www.acupunturalleida.com\/\" class=\"template-plus-2 fancybox-url open-url-lightbox\" rel=\"mcgallery\"><\/a>\n\t\t\t\t\t<\/li><\/ul><\/div><\/li><\/ul>[\/vc_column][\/vc_row]<\/p>\n","protected":false},"excerpt":{"rendered":"<p>[vc_row][vc_column][vc_column_text][\/vc_column_text][\/vc_column][\/vc_row][vc_row][vc_column width=&#8221;2\/3&#8243;][vc_column_text] \u00bfQu\u00e9 es la acupuntura? La acupuntura es una modalidad curativa originaria del Este Asi\u00e1tico. La m\u00e1s conocida en occidente es la China, con m\u00e1s de 2000 a\u00f1os de tradici\u00f3n. La Acupuntura China es una de las ramas terap\u00e9uticas m\u00e1s importantes de la Medicina Tradicional China, junto con la moxibusti\u00f3n, la fitoterapia china, la<\/p>\n","protected":false},"author":0,"featured_media":0,"parent":0,"menu_order":0,"comment_status":"closed","ping_status":"closed","template":"","meta":{"_monsterinsights_skip_tracking":false,"_monsterinsights_sitenote_active":false,"_monsterinsights_sitenote_note":"","_monsterinsights_sitenote_category":0,"footnotes":""},"class_list":["post-3912","page","type-page","status-publish","hentry"],"yoast_head":"<!-- This site is optimized with the Yoast SEO plugin v27.6 - https:\/\/yoast.com\/product\/yoast-seo-wordpress\/ -->\n<title>Acupuntura - Traumare Centre m\u00e8dic i rehabilitaci\u00f3 a LleidaAcupuntura -\u00a0Traumare Centro m\u00e9dico y rehabilitaci\u00f3n<\/title>\n<meta name=\"description\" content=\"A Traumare, Centre M\u00e8dic, oferim tractaments d&#039;acupuntura a Lleida per a nombroses malalties, s\u00edndromes i condicionsTratamiento del dolor post-cirug\u00eda.\u00a0Patolog\u00edas relacionadas con el estr\u00e9s.\u00a0Tratamiento de la obesidad.\u00a0Tratamiento de rejuvenecimiento facial (Acupuntura est\u00e9tica facial)\u00a0NUEVO!\" \/>\n<meta name=\"robots\" content=\"index, follow, max-snippet:-1, max-image-preview:large, max-video-preview:-1\" \/>\n<link rel=\"canonical\" href=\"https:\/\/traumare.com\/ca\/es-2\/\" \/>\n<meta property=\"og:locale\" content=\"en_US\" \/>\n<meta property=\"og:type\" content=\"article\" \/>\n<meta property=\"og:title\" content=\"Acupuntura - Traumare Centre m\u00e8dic i rehabilitaci\u00f3 a LleidaAcupuntura -\u00a0Traumare Centro m\u00e9dico y rehabilitaci\u00f3n\" \/>\n<meta property=\"og:description\" content=\"A Traumare, Centre M\u00e8dic, oferim tractaments d&#039;acupuntura a Lleida per a nombroses malalties, s\u00edndromes i condicionsTratamiento del dolor post-cirug\u00eda.\u00a0Patolog\u00edas relacionadas con el estr\u00e9s.\u00a0Tratamiento de la obesidad.\u00a0Tratamiento de rejuvenecimiento facial (Acupuntura est\u00e9tica facial)\u00a0NUEVO!\" \/>\n<meta property=\"og:url\" content=\"https:\/\/traumare.com\/ca\/es-2\/\" \/>\n<meta property=\"og:site_name\" content=\"TRAUMARE\" \/>\n<meta name=\"twitter:card\" content=\"summary_large_image\" \/>\n<meta name=\"twitter:label1\" content=\"Est. reading time\" \/>\n\t<meta name=\"twitter:data1\" content=\"3 minutes\" \/>\n<script type=\"application\/ld+json\" class=\"yoast-schema-graph\">{\"@context\":\"https:\\\/\\\/schema.org\",\"@graph\":[{\"@type\":\"WebPage\",\"@id\":\"https:\\\/\\\/traumare.com\\\/ca\\\/es-2\\\/\",\"url\":\"https:\\\/\\\/traumare.com\\\/ca\\\/es-2\\\/\",\"name\":\"Acupuntura - Traumare Centre m\u00e8dic i rehabilitaci\u00f3 a LleidaAcupuntura -\u00a0Traumare Centro m\u00e9dico y rehabilitaci\u00f3n\",\"isPartOf\":{\"@id\":\"https:\\\/\\\/traumare.com\\\/es\\\/#website\"},\"datePublished\":\"2015-12-30T14:31:53+00:00\",\"description\":\"A Traumare, Centre M\u00e8dic, oferim tractaments d'acupuntura a Lleida per a nombroses malalties, s\u00edndromes i condicionsTratamiento del dolor post-cirug\u00eda.\u00a0Patolog\u00edas relacionadas con el estr\u00e9s.\u00a0Tratamiento de la obesidad.\u00a0Tratamiento de rejuvenecimiento facial (Acupuntura est\u00e9tica facial)\u00a0NUEVO!\",\"inLanguage\":\"en-US\",\"potentialAction\":[{\"@type\":\"ReadAction\",\"target\":[\"https:\\\/\\\/traumare.com\\\/ca\\\/es-2\\\/\"]}]},{\"@type\":\"WebSite\",\"@id\":\"https:\\\/\\\/traumare.com\\\/es\\\/#website\",\"url\":\"https:\\\/\\\/traumare.com\\\/es\\\/\",\"name\":\"TRAUMARE\",\"description\":\"\",\"publisher\":{\"@id\":\"https:\\\/\\\/traumare.com\\\/es\\\/#organization\"},\"potentialAction\":[{\"@type\":\"SearchAction\",\"target\":{\"@type\":\"EntryPoint\",\"urlTemplate\":\"https:\\\/\\\/traumare.com\\\/es\\\/?s={search_term_string}\"},\"query-input\":{\"@type\":\"PropertyValueSpecification\",\"valueRequired\":true,\"valueName\":\"search_term_string\"}}],\"inLanguage\":\"en-US\"},{\"@type\":\"Organization\",\"@id\":\"https:\\\/\\\/traumare.com\\\/es\\\/#organization\",\"name\":\"TRAUMARE\",\"url\":\"https:\\\/\\\/traumare.com\\\/es\\\/\",\"logo\":{\"@type\":\"ImageObject\",\"inLanguage\":\"en-US\",\"@id\":\"https:\\\/\\\/traumare.com\\\/es\\\/#\\\/schema\\\/logo\\\/image\\\/\",\"url\":\"https:\\\/\\\/traumare.com\\\/wp-content\\\/uploads\\\/2015\\\/02\\\/logo-hor-316x97.png\",\"contentUrl\":\"https:\\\/\\\/traumare.com\\\/wp-content\\\/uploads\\\/2015\\\/02\\\/logo-hor-316x97.png\",\"width\":316,\"height\":97,\"caption\":\"TRAUMARE\"},\"image\":{\"@id\":\"https:\\\/\\\/traumare.com\\\/es\\\/#\\\/schema\\\/logo\\\/image\\\/\"}}]}<\/script>\n<!-- \/ Yoast SEO plugin. -->","yoast_head_json":{"title":"Acupuntura - Traumare Centre m\u00e8dic i rehabilitaci\u00f3 a LleidaAcupuntura -\u00a0Traumare Centro m\u00e9dico y rehabilitaci\u00f3n","description":"A Traumare, Centre M\u00e8dic, oferim tractaments d'acupuntura a Lleida per a nombroses malalties, s\u00edndromes i condicionsTratamiento del dolor post-cirug\u00eda.\u00a0Patolog\u00edas relacionadas con el estr\u00e9s.\u00a0Tratamiento de la obesidad.\u00a0Tratamiento de rejuvenecimiento facial (Acupuntura est\u00e9tica facial)\u00a0NUEVO!","robots":{"index":"index","follow":"follow","max-snippet":"max-snippet:-1","max-image-preview":"max-image-preview:large","max-video-preview":"max-video-preview:-1"},"canonical":"https:\/\/traumare.com\/ca\/es-2\/","og_locale":"en_US","og_type":"article","og_title":"Acupuntura - Traumare Centre m\u00e8dic i rehabilitaci\u00f3 a LleidaAcupuntura -\u00a0Traumare Centro m\u00e9dico y rehabilitaci\u00f3n","og_description":"A Traumare, Centre M\u00e8dic, oferim tractaments d'acupuntura a Lleida per a nombroses malalties, s\u00edndromes i condicionsTratamiento del dolor post-cirug\u00eda.\u00a0Patolog\u00edas relacionadas con el estr\u00e9s.\u00a0Tratamiento de la obesidad.\u00a0Tratamiento de rejuvenecimiento facial (Acupuntura est\u00e9tica facial)\u00a0NUEVO!","og_url":"https:\/\/traumare.com\/ca\/es-2\/","og_site_name":"TRAUMARE","twitter_card":"summary_large_image","twitter_misc":{"Est. reading time":"3 minutes"},"schema":{"@context":"https:\/\/schema.org","@graph":[{"@type":"WebPage","@id":"https:\/\/traumare.com\/ca\/es-2\/","url":"https:\/\/traumare.com\/ca\/es-2\/","name":"Acupuntura - Traumare Centre m\u00e8dic i rehabilitaci\u00f3 a LleidaAcupuntura -\u00a0Traumare Centro m\u00e9dico y rehabilitaci\u00f3n","isPartOf":{"@id":"https:\/\/traumare.com\/es\/#website"},"datePublished":"2015-12-30T14:31:53+00:00","description":"A Traumare, Centre M\u00e8dic, oferim tractaments d'acupuntura a Lleida per a nombroses malalties, s\u00edndromes i condicionsTratamiento del dolor post-cirug\u00eda.\u00a0Patolog\u00edas relacionadas con el estr\u00e9s.\u00a0Tratamiento de la obesidad.\u00a0Tratamiento de rejuvenecimiento facial (Acupuntura est\u00e9tica facial)\u00a0NUEVO!","inLanguage":"en-US","potentialAction":[{"@type":"ReadAction","target":["https:\/\/traumare.com\/ca\/es-2\/"]}]},{"@type":"WebSite","@id":"https:\/\/traumare.com\/es\/#website","url":"https:\/\/traumare.com\/es\/","name":"TRAUMARE","description":"","publisher":{"@id":"https:\/\/traumare.com\/es\/#organization"},"potentialAction":[{"@type":"SearchAction","target":{"@type":"EntryPoint","urlTemplate":"https:\/\/traumare.com\/es\/?s={search_term_string}"},"query-input":{"@type":"PropertyValueSpecification","valueRequired":true,"valueName":"search_term_string"}}],"inLanguage":"en-US"},{"@type":"Organization","@id":"https:\/\/traumare.com\/es\/#organization","name":"TRAUMARE","url":"https:\/\/traumare.com\/es\/","logo":{"@type":"ImageObject","inLanguage":"en-US","@id":"https:\/\/traumare.com\/es\/#\/schema\/logo\/image\/","url":"https:\/\/traumare.com\/wp-content\/uploads\/2015\/02\/logo-hor-316x97.png","contentUrl":"https:\/\/traumare.com\/wp-content\/uploads\/2015\/02\/logo-hor-316x97.png","width":316,"height":97,"caption":"TRAUMARE"},"image":{"@id":"https:\/\/traumare.com\/es\/#\/schema\/logo\/image\/"}}]}},"_links":{"self":[{"href":"https:\/\/traumare.com\/en\/wp-json\/wp\/v2\/pages\/3912","targetHints":{"allow":["GET"]}}],"collection":[{"href":"https:\/\/traumare.com\/en\/wp-json\/wp\/v2\/pages"}],"about":[{"href":"https:\/\/traumare.com\/en\/wp-json\/wp\/v2\/types\/page"}],"replies":[{"embeddable":true,"href":"https:\/\/traumare.com\/en\/wp-json\/wp\/v2\/comments?post=3912"}],"version-history":[{"count":0,"href":"https:\/\/traumare.com\/en\/wp-json\/wp\/v2\/pages\/3912\/revisions"}],"wp:attachment":[{"href":"https:\/\/traumare.com\/en\/wp-json\/wp\/v2\/media?parent=3912"}],"curies":[{"name":"wp","href":"https:\/\/api.w.org\/{rel}","templated":true}]}}