{"id":2,"date":"2014-11-04T11:04:35","date_gmt":"2014-11-04T11:04:35","guid":{"rendered":"https:\/\/traumare.com\/?page_id=2"},"modified":"2026-05-14T16:44:28","modified_gmt":"2026-05-14T16:44:28","slug":"assistencia-al-lesionat-de-transit","status":"publish","type":"page","link":"https:\/\/traumare.com\/en\/assistencia-al-lesionat-de-transit\/","title":{"rendered":"Assist\u00e8ncia al lesionat de tr\u00e0nsit"},"content":{"rendered":"<p>[vc_row][vc_column][vc_column_text]<div id=\"metaslider-id-743\" style=\"max-width: 1024px;\" class=\"ml-slider-3-109-0 metaslider metaslider-flex metaslider-743 ml-slider has-dots-nav ms-theme-default\" role=\"region\" aria-label=\"lesionats\" data-height=\"341\" data-width=\"1024\">\n    <div id=\"metaslider_container_743\">\n        <div id=\"metaslider_743\">\n            <ul class='slides'>\n                <li style=\"display: block; width: 100%;\" class=\"slide-842 ms-image \" aria-roledescription=\"slide\" data-date=\"2016-01-20 09:34:56\" data-filename=\"Fotografies-Traumare-lesionado-trafico-lleida_01.jpg\" data-slide-type=\"image\"><img loading=\"lazy\" decoding=\"async\" src=\"https:\/\/traumare.com\/wp-content\/uploads\/2015\/12\/Fotografies-Traumare-lesionado-trafico-lleida_01.jpg\" height=\"341\" width=\"1024\" alt=\"\" class=\"slider-743 slide-842 msDefaultImage\" \/><\/li>\n                <li style=\"display: none; width: 100%;\" class=\"slide-744 ms-image \" aria-roledescription=\"slide\" data-date=\"2016-01-15 14:11:05\" data-filename=\"Fotografies-Traumare-lesionado-trafico-lleida-02.jpg\" data-slide-type=\"image\"><img loading=\"lazy\" decoding=\"async\" src=\"https:\/\/traumare.com\/wp-content\/uploads\/2015\/12\/Fotografies-Traumare-lesionado-trafico-lleida-02.jpg\" height=\"341\" width=\"1024\" alt=\"\" class=\"slider-743 slide-744 msDefaultImage\" \/><\/li>\n                <li style=\"display: none; width: 100%;\" class=\"slide-843 ms-image \" aria-roledescription=\"slide\" data-date=\"2016-01-20 09:34:59\" data-filename=\"Fotografies-Traumare-lesionado-trafico-lleida-03.jpg\" data-slide-type=\"image\"><img loading=\"lazy\" decoding=\"async\" src=\"https:\/\/traumare.com\/wp-content\/uploads\/2015\/12\/Fotografies-Traumare-lesionado-trafico-lleida-03.jpg\" height=\"341\" width=\"1024\" alt=\"\" class=\"slider-743 slide-843 msDefaultImage\" \/><\/li>\n            <\/ul>\n        <\/div>\n        \n    <\/div>\n<\/div>[\/vc_column_text][\/vc_column][\/vc_row][vc_row][vc_column width=&#8221;2\/3&#8243;][vc_custom_heading text=&#8221;Assist\u00e8ncia sanit\u00e0ria integral d&#8217;accidents de tr\u00e0nsit&#8221; font_container=&#8221;tag:h3|text_align:center|color:%23ffffff&#8221; use_theme_fonts=&#8221;yes&#8221; css=&#8221;.vc_custom_1454596720607{margin-top: 10px !important;margin-right: 0px !important;margin-bottom: 10px !important;margin-left: 0px !important;border-top-width: 30px !important;border-right-width: 30px !important;border-bottom-width: 30px !important;border-left-width: 30px !important;padding-top: 20px !important;padding-right: 20px !important;padding-bottom: 20px !important;padding-left: 20px !important;background-color: #9fa43c !important;}&#8221;][vc_column_text]L\u2019assit\u00e8ncia integral al pacient \u00e9s un objectiu de primer ordre per a nosaltres. Mantenir-nos al dia, per oferir als nostres pacients la millor assist\u00e8ncia que puguin necessitar, ens ha convertit en un referent de qualitat a la prov\u00edncia de Lleida.<\/p>\n<p>La nostra experi\u00e8ncia durant m\u00e9s de 25 anys i la filosofia d\u2019adaptaci\u00f3 a les necessitats dels nostres clients, s\u00f3n avantatges exclusius que ens fan diferents a d\u2019altres opcions del mercat.<\/p>\n<ul>\n<li>No retardem l\u2019assist\u00e8ncia sanit\u00e0ria ni proves diagn\u00f2stiques als nostres pacients.<\/li>\n<li>Assessorament administratiu.<\/li>\n<li>Estem en cont\u00ednua col\u00b7laboraci\u00f3 amb les companyies d\u2019assegurances.<\/li>\n<li>Atenci\u00f3 sense esperes en hores concertades.<\/li>\n<li>Disposar d\u2019una sanitat privada de qualitat \u00e9s, sens dubte, un valor cada cop m\u00e9s preuat pels usuaris.<\/li>\n<li>Lliure acc\u00e9s, dins del nostre quadre facultatiu, a l\u2019especialista que el pacient decideixi en cada cas.<\/li>\n<li>Acc\u00e9s als nostres serveis amb els tr\u00e0mits m\u00ednims.<\/li>\n<\/ul>\n<p>La reducci\u00f3 d\u2019esperes en consultes i proves diagn\u00f2stiques, redueix la p\u00e8rdua d\u2019hores de treball, pel que fa a d\u2019altres sistemes m\u00e9s magnificats.[\/vc_column_text][\/vc_column][vc_column width=&#8221;1\/3&#8243;]<h2 class=\"box-header\">Demana Cita<\/h2>[vc_column_text css=&#8221;.vc_custom_1453716000834{margin-top: 30px !important;}&#8221;]<\/p>\n<h3>Trucant al tel\u00e8fon <span style=\"color: #9fa43c\">973 268 599<\/span>\u00a0o a trav\u00e9s del seg\u00fcent formulari:<\/h3>\n<p>[\/vc_column_text]<form class=\"contact-form \" id=\"contact_form\" method=\"post\" action=\"\"><div class=\"vc_row wpb_row vc_inner\">\n\t\t\t<fieldset class=\"vc_col-sm-6 wpb_column vc_column_container\"><label>FIRST NAME<\/label>\n\t\t\t\t<div class=\"block\">\n\t\t\t\t\t<input class=\"text_input\" name=\"first_name\" type=\"text\" value=\"\" tabindex=\"1\" data-required=\"1\">\n\t\t\t\t<\/div><label>DATE OF BIRTH (mm\/dd\/yyyy)<\/label>\n\t\t\t\t<div class=\"block\">\n\t\t\t\t\t<input class=\"text_input\" name=\"date_of_birth\" type=\"text\" value=\"\" tabindex=\"3\">\n\t\t\t\t<\/div><label>PHONE NUMBER<\/label>\n\t\t\t\t<div class=\"block\">\n\t\t\t\t\t<input class=\"text_input\" name=\"phone_number\" type=\"text\" value=\"\" tabindex=\"5\">\n\t\t\t\t<\/div><\/fieldset>\n\t\t\t<fieldset class=\"vc_col-sm-6 wpb_column vc_column_container\"><label>LAST NAME<\/label>\n\t\t\t\t<div class=\"block\">\n\t\t\t\t\t<input class=\"text_input\" name=\"last_name\" type=\"text\" value=\"\" tabindex=\"2\" data-required=\"1\">\n\t\t\t\t<\/div><label>SOCIAL SECURITY NUMBER<\/label>\n\t\t\t\t<div class=\"block\">\n\t\t\t\t\t<input class=\"text_input\" name=\"social_security_number\" type=\"text\" value=\"\" tabindex=\"4\">\n\t\t\t\t<\/div><label>E-MAIL<\/label>\n\t\t\t\t<div class=\"block\">\n\t\t\t\t\t<input class=\"text_input\" name=\"email\" type=\"text\" value=\"\" tabindex=\"6\" data-required=\"1\">\n\t\t\t\t<\/div><\/fieldset>\n\t\t<\/div><div class=\"vc_row wpb_row vc_inner\">\n\t\t\t<fieldset>\n\t\t\t\t<label>REASON OF APPOINTMENT<\/label>\n\t\t\t\t<div class=\"block\">\n\t\t\t\t\t<textarea name=\"message\" tabindex=\"7\" data-required=\"1\"><\/textarea>\n\t\t\t\t<\/div>\n\t\t\t<\/fieldset>\n\t\t<\/div><div class=\"vc_row wpb_row vc_inner submit-container margin-top-30\"><div class=\"vc_col-sm-6 wpb_column vc_column_container\">\n\t\t\t\t<p>We will contact you within one business day.<\/p>\n\t\t\t<\/div>\n\t\t\t<div class=\"vc_col-sm-6 wpb_column vc_column_container \"><input type=\"hidden\" name=\"action\" value=\"theme_contact_form\" \/>\n\t\t\t\t<input type=\"hidden\" name=\"id\" value=\"contact_form\" \/><div class=\"vc_row wpb_row vc_inner\">\n\t\t\t\t<input type=\"submit\" name=\"submit\" value=\"SEND\" class=\"more mc-button\" \/>\n\t\t\t<\/div><\/div><\/div>\n\t<\/form>[\/vc_column][\/vc_row][vc_row][vc_column]<ul class=\"gallery-item-details-list clearfix margin-bottom\"><li id=\"gallery-details-dr-adolfo-lafuente-cuenca\" class=\"gallery-item-details clearfix\">\n\t\t\t\t\t<div class=\"vc_row wpb_row vc_row-fluid\">\n\t\t\t\t\t\t<div class=\"vc_col-sm-6 wpb_column vc_column_container\"><div class=\"gallery-box hover-icons-off\"><span class=\"mc-preloader\"><\/span>\n\t\t\t\t\t\t\t\t\t<img loading=\"lazy\" decoding=\"async\" width=\"480\" height=\"300\" src=\"https:\/\/traumare.com\/wp-content\/uploads\/2016\/01\/Equipo-medico-Traumare-Dr-Lafuente-traumatologo-lleida-480x300.jpg\" class=\"mc-preload wp-post-image\" alt=\"Dr. Adolfo Lafuente Cuenca\" title=\"\" \/>\n\t\t\t\t\t\t\t\t\t<ul class=\"controls\">\n\t\t\t\t\t\t\t\t\t\t<li>\n\t\t\t\t\t\t\t\t\t\t\t<a href=\"https:\/\/traumare.com\/wp-content\/uploads\/2016\/01\/Equipo-medico-Traumare-Dr-Lafuente-traumatologo-lleida.jpg\" class=\"template-plus-2 fancybox open-lightbox\" rel=\"featured-gallery\"><\/a>\n\t\t\t\t\t\t\t\t\t\t<\/li>\n\t\t\t\t\t\t\t\t\t<\/ul><div class=\"description\">\n\t\t\t\t\t\t\t\t\t\t<h3>Dr. Adolfo Lafuente Cuenca<\/h3>\n\t\t\t\t\t\t\t\t\t\t<h5>(Catal\u00e0) Traumat\u00f2leg<\/h5>\n\t\t\t\t\t\t\t\t\t<\/div><\/div><ul class=\"social-icons clearfix\"><li><a class=\"social-facebook\" href=\"https:\/\/www.facebook.com\/traumare\" target=\"_blank\" title=\"\">&nbsp;<\/a><\/li><li><a class=\"social-instagram\" href=\"https:\/\/www.instagram.com\/traumare_rhb\/\" target=\"_blank\" title=\"\">&nbsp;<\/a><\/li><\/ul><\/div>\n\t\t\t\t\t<div class=\"vc_col-sm-6 wpb_column vc_column_container\">\n\t\t\t\t\t\t<div class=\"details-box\"><ul class=\"controls\">\n\t\t\t\t\t\t\t\t\t<li>\n\t\t\t\t\t\t\t\t\t\t<a href=\"#\" class=\"prev template-arrow-horizontal-3\"><\/a>\n\t\t\t\t\t\t\t\t\t<\/li>\n\t\t\t\t\t\t\t\t\t<li>\n\t\t\t\t\t\t\t\t\t\t<a href=\"#\" class=\"next template-arrow-horizontal-3\"><\/a>\n\t\t\t\t\t\t\t\t\t<\/li>\n\t\t\t\t\t\t\t\t\t<li class=\"separator\">&nbsp;<\/li><li>\n\t\t\t\t\t\t\t\t\t\t<a href=\"#gallery-details-close\" class=\"close template-remove-1\"><\/a>\n\t\t\t\t\t\t\t\t\t<\/li>\n\t\t\t\t\t\t\t\t<\/ul><h2 class=\"box-header\"> Dr. Adolfo Lafuente Cuenca<\/h2>(Catal\u00e0) <strong>Formaci\u00f3<\/strong>\r\n<ul>\r\n \t<li>Llicenciat en Medicina i Cirurgia per la Universitat de Saragossa<\/li>\r\n \t<li>Doctor en Medicina i Cirurgia \"cum laude\" per la Universitat de Lleida.<\/li>\r\n \t<li>Tesi doctoral: Influ\u00e8ncia de la lesi\u00f3 encef\u00e0lica en la consolidaci\u00f3 de fractures<\/li>\r\n \t<li>Especialista en medicina esportiva<\/li>\r\n \t<li>M\u00e0ster en Economia de la Salut i Gesti\u00f3 Sanit\u00e0ria per la Universitat de Barcelona i la Universitat Pompeu Fabra<\/li>\r\n<\/ul>\r\n<strong>Associacions<\/strong>\r\nMembre SECOT - Societat Espanyola de Cirurgia Ortop\u00e8dica i Traumatologia\r\nMembre AAOS - American Academy of Orthopaedic Surgeons<div class=\"item-footer clearfix\"><a title=\"Dr. Adolfo Lafuente Cuenca\" href=\"https:\/\/traumare.com\/en\/doctors\/dr-adolfo-lafuente-cuenca\/\" class=\"mc-button more light template-arrow-horizontal-1-after\">PROFILE<\/a><\/div><\/div><\/div>\n\t\t\t\t<\/div><li id=\"gallery-details-dr-jose-maria-cardona-vernet-2\" class=\"gallery-item-details clearfix\">\n\t\t\t\t\t<div class=\"vc_row wpb_row vc_row-fluid\">\n\t\t\t\t\t\t<div class=\"vc_col-sm-6 wpb_column vc_column_container\"><div class=\"gallery-box hover-icons-off\"><span class=\"mc-preloader\"><\/span>\n\t\t\t\t\t\t\t\t\t<img loading=\"lazy\" decoding=\"async\" width=\"480\" height=\"300\" src=\"https:\/\/traumare.com\/wp-content\/uploads\/2016\/02\/Equipo-medico-Traumare-Dr-Jose-Maria-Cardona-Vernet-traumatologo-lleida-480x300.jpg\" class=\"mc-preload wp-post-image\" alt=\"Dr. Jos\u00e9 Mar\u00eda Cardona Vernet\" title=\"\" \/>\n\t\t\t\t\t\t\t\t\t<ul class=\"controls\">\n\t\t\t\t\t\t\t\t\t\t<li>\n\t\t\t\t\t\t\t\t\t\t\t<a href=\"https:\/\/traumare.com\/wp-content\/uploads\/2016\/02\/Equipo-medico-Traumare-Dr-Jose-Maria-Cardona-Vernet-traumatologo-lleida.jpg\" class=\"template-plus-2 fancybox open-lightbox\" rel=\"featured-gallery\"><\/a>\n\t\t\t\t\t\t\t\t\t\t<\/li>\n\t\t\t\t\t\t\t\t\t<\/ul><div class=\"description\">\n\t\t\t\t\t\t\t\t\t\t<h3>Dr. Jos\u00e9 Mar\u00eda Cardona Vernet<\/h3>\n\t\t\t\t\t\t\t\t\t\t<h5>(Catal\u00e0) Traumat\u00f2leg<\/h5>\n\t\t\t\t\t\t\t\t\t<\/div><\/div><ul class=\"social-icons clearfix\"><li><a class=\"social-facebook\" href=\"https:\/\/www.facebook.com\/traumare\" target=\"_blank\" title=\"\">&nbsp;<\/a><\/li><li><a class=\"social-instagram\" href=\"https:\/\/www.instagram.com\/traumare_rhb\/\" target=\"_blank\" title=\"\">&nbsp;<\/a><\/li><\/ul><\/div>\n\t\t\t\t\t<div class=\"vc_col-sm-6 wpb_column vc_column_container\">\n\t\t\t\t\t\t<div class=\"details-box\"><ul class=\"controls\">\n\t\t\t\t\t\t\t\t\t<li>\n\t\t\t\t\t\t\t\t\t\t<a href=\"#\" class=\"prev template-arrow-horizontal-3\"><\/a>\n\t\t\t\t\t\t\t\t\t<\/li>\n\t\t\t\t\t\t\t\t\t<li>\n\t\t\t\t\t\t\t\t\t\t<a href=\"#\" class=\"next template-arrow-horizontal-3\"><\/a>\n\t\t\t\t\t\t\t\t\t<\/li>\n\t\t\t\t\t\t\t\t\t<li class=\"separator\">&nbsp;<\/li><li>\n\t\t\t\t\t\t\t\t\t\t<a href=\"#gallery-details-close\" class=\"close template-remove-1\"><\/a>\n\t\t\t\t\t\t\t\t\t<\/li>\n\t\t\t\t\t\t\t\t<\/ul><h2 class=\"box-header\"> Dr. Jos\u00e9 Mar\u00eda Cardona Vernet<\/h2>(Catal\u00e0) <strong>Formaci\u00f3<\/strong>\r\nLlicenciat en Medicina<div class=\"item-footer clearfix\"><a title=\"Dr. Jos\u00e9 Mar\u00eda Cardona Vernet\" href=\"https:\/\/traumare.com\/en\/doctors\/dr-jose-maria-cardona-vernet-2\/\" class=\"mc-button more light template-arrow-horizontal-1-after\">PROFILE<\/a><\/div><\/div><\/div>\n\t\t\t\t<\/div><\/ul><h3 class=\"box-header margin-bottom-30\">Quadre m\u00e8dic traumatologia i assist\u00e8ncia lesionat tr\u00e0nsit<\/h3><ul class=\"tabs-navigation isotope-filters clearfix\"><li>\n\t\t\t\t\t\t\t<a href=\"#filter-traumatologia\" title=\"Traumatologia\">Traumatologia<\/a>\n\t\t\t\t\t\t<\/li><\/ul><ul class=\"mc-gallery gallery-4-columns dm_filters\"><li class=\"traumatologia ver-todos\" id=\"gallery-item-dr-adolfo-lafuente-cuenca\">\n\t\t\t\t\t<div class=\"gallery-box gallery-box-1 hover-icons-off\"><span class=\"mc-preloader\"><\/span><img loading=\"lazy\" decoding=\"async\" width=\"225\" height=\"150\" src=\"https:\/\/traumare.com\/wp-content\/uploads\/2016\/01\/Equipo-medico-Traumare-Dr-Lafuente-traumatologo-lleida-225x150.jpg\" class=\"mc-preload wp-post-image\" alt=\"Dr. Adolfo Lafuente Cuenca\" title=\"\" \/>\n\t\t\t\t\t\t<div class=\"description\">\n\t\t\t\t\t\t\t<h4>Dr. Adolfo Lafuente Cuenca<\/h4>\n\t\t\t\t\t\t\t<h5>(Catal\u00e0) Traumat\u00f2leg<\/h5>\n\t\t\t\t\t\t<\/div><ul class=\"social-icons clearfix\"><li><a class=\"social-facebook\" href=\"https:\/\/www.facebook.com\/traumare\" target=\"_blank\" title=\"\">&nbsp;<\/a><\/li><li><a class=\"social-instagram\" href=\"https:\/\/www.instagram.com\/traumare_rhb\/\" target=\"_blank\" title=\"\">&nbsp;<\/a><\/li><\/ul>\n\t\t\t\t\t\t<ul class=\"controls\">\n\t\t\t\t\t\t\t<li>\n\t\t\t\t\t\t\t\t<a href=\"#gallery-details-dr-adolfo-lafuente-cuenca\" class=\"template-menu-2 open-details\"><\/a>\n\t\t\t\t\t\t\t<\/li><li><a href=\"https:\/\/traumare.com\/wp-content\/uploads\/2016\/01\/Equipo-medico-Traumare-Dr-Lafuente-traumatologo-lleida.jpg\" class=\"template-plus-2 fancybox open-lightbox\" rel=\"mcgallery\"><\/a>\n\t\t\t\t\t<\/li><\/ul><\/div><\/li><li class=\"traumatologia ver-todos\" id=\"gallery-item-dr-jose-maria-cardona-vernet-2\">\n\t\t\t\t\t<div class=\"gallery-box gallery-box-2 hover-icons-off\"><span class=\"mc-preloader\"><\/span><img loading=\"lazy\" decoding=\"async\" width=\"225\" height=\"150\" src=\"https:\/\/traumare.com\/wp-content\/uploads\/2016\/02\/Equipo-medico-Traumare-Dr-Jose-Maria-Cardona-Vernet-traumatologo-lleida-225x150.jpg\" class=\"mc-preload wp-post-image\" alt=\"Dr. Jos\u00e9 Mar\u00eda Cardona Vernet\" title=\"\" \/>\n\t\t\t\t\t\t<div class=\"description\">\n\t\t\t\t\t\t\t<h4>Dr. Jos\u00e9 Mar\u00eda Cardona Vernet<\/h4>\n\t\t\t\t\t\t\t<h5>(Catal\u00e0) Traumat\u00f2leg<\/h5>\n\t\t\t\t\t\t<\/div><ul class=\"social-icons clearfix\"><li><a class=\"social-facebook\" href=\"https:\/\/www.facebook.com\/traumare\" target=\"_blank\" title=\"\">&nbsp;<\/a><\/li><li><a class=\"social-instagram\" href=\"https:\/\/www.instagram.com\/traumare_rhb\/\" target=\"_blank\" title=\"\">&nbsp;<\/a><\/li><\/ul>\n\t\t\t\t\t\t<ul class=\"controls\">\n\t\t\t\t\t\t\t<li>\n\t\t\t\t\t\t\t\t<a href=\"#gallery-details-dr-jose-maria-cardona-vernet-2\" class=\"template-menu-2 open-details\"><\/a>\n\t\t\t\t\t\t\t<\/li><li><a href=\"https:\/\/traumare.com\/wp-content\/uploads\/2016\/02\/Equipo-medico-Traumare-Dr-Jose-Maria-Cardona-Vernet-traumatologo-lleida.jpg\" class=\"template-plus-2 fancybox open-lightbox\" rel=\"mcgallery\"><\/a>\n\t\t\t\t\t<\/li><\/ul><\/div><\/li><\/ul>[\/vc_column][\/vc_row]<\/p>\n","protected":false},"excerpt":{"rendered":"<p>[vc_row][vc_column][vc_column_text][\/vc_column_text][\/vc_column][\/vc_row][vc_row][vc_column width=&#8221;2\/3&#8243;][vc_custom_heading text=&#8221;Assist\u00e8ncia sanit\u00e0ria integral d&#8217;accidents de tr\u00e0nsit&#8221; font_container=&#8221;tag:h3|text_align:center|color:%23ffffff&#8221; use_theme_fonts=&#8221;yes&#8221; css=&#8221;.vc_custom_1454596720607{margin-top: 10px !important;margin-right: 0px !important;margin-bottom: 10px !important;margin-left: 0px !important;border-top-width: 30px !important;border-right-width: 30px !important;border-bottom-width: 30px !important;border-left-width: 30px !important;padding-top: 20px !important;padding-right: 20px !important;padding-bottom: 20px !important;padding-left: 20px !important;background-color: #9fa43c !important;}&#8221;][vc_column_text]L\u2019assit\u00e8ncia integral al pacient \u00e9s un objectiu de primer ordre per a nosaltres. Mantenir-nos al dia, per oferir als<\/p>\n","protected":false},"author":1,"featured_media":0,"parent":0,"menu_order":0,"comment_status":"closed","ping_status":"open","template":"","meta":{"_monsterinsights_skip_tracking":false,"_monsterinsights_sitenote_active":false,"_monsterinsights_sitenote_note":"","_monsterinsights_sitenote_category":0,"footnotes":""},"class_list":["post-2","page","type-page","status-publish","hentry"],"yoast_head":"<!-- This site is optimized with the Yoast SEO plugin v27.6 - https:\/\/yoast.com\/product\/yoast-seo-wordpress\/ -->\n<title>Assist\u00e8ncia al lesionat de tr\u00e0nsit - Traumare Centre M\u00e8dic<\/title>\n<meta name=\"description\" content=\"Traumare, centre m\u00e8dic i rehabilitaci\u00f3, ofereix assist\u00e8ncia sanit\u00e0ria integral d&#039;accidents de tr\u00e0nsit. Atenci\u00f3 sense esperes. Sanitat privada de qualitat.\" \/>\n<meta name=\"robots\" content=\"index, follow, max-snippet:-1, max-image-preview:large, max-video-preview:-1\" \/>\n<link rel=\"canonical\" href=\"https:\/\/traumare.com\/ca\/assistencia-al-lesionat-de-transit\/\" \/>\n<meta property=\"og:locale\" content=\"en_US\" \/>\n<meta property=\"og:type\" content=\"article\" \/>\n<meta property=\"og:title\" content=\"Assist\u00e8ncia al lesionat de tr\u00e0nsit - Traumare Centre M\u00e8dic\" \/>\n<meta property=\"og:description\" content=\"Traumare, centre m\u00e8dic i rehabilitaci\u00f3, ofereix assist\u00e8ncia sanit\u00e0ria integral d&#039;accidents de tr\u00e0nsit. Atenci\u00f3 sense esperes. Sanitat privada de qualitat.\" \/>\n<meta property=\"og:url\" content=\"https:\/\/traumare.com\/ca\/assistencia-al-lesionat-de-transit\/\" \/>\n<meta property=\"og:site_name\" content=\"TRAUMARE\" \/>\n<meta property=\"article:modified_time\" content=\"2026-05-14T16:44:28+00:00\" \/>\n<meta name=\"twitter:card\" content=\"summary_large_image\" \/>\n<meta name=\"twitter:label1\" content=\"Est. reading time\" \/>\n\t<meta name=\"twitter:data1\" content=\"2 minutes\" \/>\n<script type=\"application\/ld+json\" class=\"yoast-schema-graph\">{\"@context\":\"https:\\\/\\\/schema.org\",\"@graph\":[{\"@type\":\"WebPage\",\"@id\":\"https:\\\/\\\/traumare.com\\\/ca\\\/assistencia-al-lesionat-de-transit\\\/\",\"url\":\"https:\\\/\\\/traumare.com\\\/ca\\\/assistencia-al-lesionat-de-transit\\\/\",\"name\":\"Assist\u00e8ncia al lesionat de tr\u00e0nsit - Traumare Centre M\u00e8dic\",\"isPartOf\":{\"@id\":\"https:\\\/\\\/traumare.com\\\/es\\\/#website\"},\"datePublished\":\"2014-11-04T11:04:35+00:00\",\"dateModified\":\"2026-05-14T16:44:28+00:00\",\"description\":\"Traumare, centre m\u00e8dic i rehabilitaci\u00f3, ofereix assist\u00e8ncia sanit\u00e0ria integral d'accidents de tr\u00e0nsit. Atenci\u00f3 sense esperes. Sanitat privada de qualitat.\",\"breadcrumb\":{\"@id\":\"https:\\\/\\\/traumare.com\\\/ca\\\/assistencia-al-lesionat-de-transit\\\/#breadcrumb\"},\"inLanguage\":\"en-US\",\"potentialAction\":[{\"@type\":\"ReadAction\",\"target\":[\"https:\\\/\\\/traumare.com\\\/ca\\\/assistencia-al-lesionat-de-transit\\\/\"]}]},{\"@type\":\"BreadcrumbList\",\"@id\":\"https:\\\/\\\/traumare.com\\\/ca\\\/assistencia-al-lesionat-de-transit\\\/#breadcrumb\",\"itemListElement\":[{\"@type\":\"ListItem\",\"position\":1,\"name\":\"Home\",\"item\":\"https:\\\/\\\/traumare.com\\\/ca\\\/\"},{\"@type\":\"ListItem\",\"position\":2,\"name\":\"Assist\u00e8ncia al lesionat de tr\u00e0nsit\"}]},{\"@type\":\"WebSite\",\"@id\":\"https:\\\/\\\/traumare.com\\\/es\\\/#website\",\"url\":\"https:\\\/\\\/traumare.com\\\/es\\\/\",\"name\":\"TRAUMARE\",\"description\":\"\",\"publisher\":{\"@id\":\"https:\\\/\\\/traumare.com\\\/es\\\/#organization\"},\"potentialAction\":[{\"@type\":\"SearchAction\",\"target\":{\"@type\":\"EntryPoint\",\"urlTemplate\":\"https:\\\/\\\/traumare.com\\\/es\\\/?s={search_term_string}\"},\"query-input\":{\"@type\":\"PropertyValueSpecification\",\"valueRequired\":true,\"valueName\":\"search_term_string\"}}],\"inLanguage\":\"en-US\"},{\"@type\":\"Organization\",\"@id\":\"https:\\\/\\\/traumare.com\\\/es\\\/#organization\",\"name\":\"TRAUMARE\",\"url\":\"https:\\\/\\\/traumare.com\\\/es\\\/\",\"logo\":{\"@type\":\"ImageObject\",\"inLanguage\":\"en-US\",\"@id\":\"https:\\\/\\\/traumare.com\\\/es\\\/#\\\/schema\\\/logo\\\/image\\\/\",\"url\":\"https:\\\/\\\/traumare.com\\\/wp-content\\\/uploads\\\/2015\\\/02\\\/logo-hor-316x97.png\",\"contentUrl\":\"https:\\\/\\\/traumare.com\\\/wp-content\\\/uploads\\\/2015\\\/02\\\/logo-hor-316x97.png\",\"width\":316,\"height\":97,\"caption\":\"TRAUMARE\"},\"image\":{\"@id\":\"https:\\\/\\\/traumare.com\\\/es\\\/#\\\/schema\\\/logo\\\/image\\\/\"}}]}<\/script>\n<!-- \/ Yoast SEO plugin. -->","yoast_head_json":{"title":"Assist\u00e8ncia al lesionat de tr\u00e0nsit - Traumare Centre M\u00e8dic","description":"Traumare, centre m\u00e8dic i rehabilitaci\u00f3, ofereix assist\u00e8ncia sanit\u00e0ria integral d'accidents de tr\u00e0nsit. Atenci\u00f3 sense esperes. Sanitat privada de qualitat.","robots":{"index":"index","follow":"follow","max-snippet":"max-snippet:-1","max-image-preview":"max-image-preview:large","max-video-preview":"max-video-preview:-1"},"canonical":"https:\/\/traumare.com\/ca\/assistencia-al-lesionat-de-transit\/","og_locale":"en_US","og_type":"article","og_title":"Assist\u00e8ncia al lesionat de tr\u00e0nsit - Traumare Centre M\u00e8dic","og_description":"Traumare, centre m\u00e8dic i rehabilitaci\u00f3, ofereix assist\u00e8ncia sanit\u00e0ria integral d'accidents de tr\u00e0nsit. Atenci\u00f3 sense esperes. Sanitat privada de qualitat.","og_url":"https:\/\/traumare.com\/ca\/assistencia-al-lesionat-de-transit\/","og_site_name":"TRAUMARE","article_modified_time":"2026-05-14T16:44:28+00:00","twitter_card":"summary_large_image","twitter_misc":{"Est. reading time":"2 minutes"},"schema":{"@context":"https:\/\/schema.org","@graph":[{"@type":"WebPage","@id":"https:\/\/traumare.com\/ca\/assistencia-al-lesionat-de-transit\/","url":"https:\/\/traumare.com\/ca\/assistencia-al-lesionat-de-transit\/","name":"Assist\u00e8ncia al lesionat de tr\u00e0nsit - Traumare Centre M\u00e8dic","isPartOf":{"@id":"https:\/\/traumare.com\/es\/#website"},"datePublished":"2014-11-04T11:04:35+00:00","dateModified":"2026-05-14T16:44:28+00:00","description":"Traumare, centre m\u00e8dic i rehabilitaci\u00f3, ofereix assist\u00e8ncia sanit\u00e0ria integral d'accidents de tr\u00e0nsit. Atenci\u00f3 sense esperes. Sanitat privada de qualitat.","breadcrumb":{"@id":"https:\/\/traumare.com\/ca\/assistencia-al-lesionat-de-transit\/#breadcrumb"},"inLanguage":"en-US","potentialAction":[{"@type":"ReadAction","target":["https:\/\/traumare.com\/ca\/assistencia-al-lesionat-de-transit\/"]}]},{"@type":"BreadcrumbList","@id":"https:\/\/traumare.com\/ca\/assistencia-al-lesionat-de-transit\/#breadcrumb","itemListElement":[{"@type":"ListItem","position":1,"name":"Home","item":"https:\/\/traumare.com\/ca\/"},{"@type":"ListItem","position":2,"name":"Assist\u00e8ncia al lesionat de tr\u00e0nsit"}]},{"@type":"WebSite","@id":"https:\/\/traumare.com\/es\/#website","url":"https:\/\/traumare.com\/es\/","name":"TRAUMARE","description":"","publisher":{"@id":"https:\/\/traumare.com\/es\/#organization"},"potentialAction":[{"@type":"SearchAction","target":{"@type":"EntryPoint","urlTemplate":"https:\/\/traumare.com\/es\/?s={search_term_string}"},"query-input":{"@type":"PropertyValueSpecification","valueRequired":true,"valueName":"search_term_string"}}],"inLanguage":"en-US"},{"@type":"Organization","@id":"https:\/\/traumare.com\/es\/#organization","name":"TRAUMARE","url":"https:\/\/traumare.com\/es\/","logo":{"@type":"ImageObject","inLanguage":"en-US","@id":"https:\/\/traumare.com\/es\/#\/schema\/logo\/image\/","url":"https:\/\/traumare.com\/wp-content\/uploads\/2015\/02\/logo-hor-316x97.png","contentUrl":"https:\/\/traumare.com\/wp-content\/uploads\/2015\/02\/logo-hor-316x97.png","width":316,"height":97,"caption":"TRAUMARE"},"image":{"@id":"https:\/\/traumare.com\/es\/#\/schema\/logo\/image\/"}}]}},"_links":{"self":[{"href":"https:\/\/traumare.com\/en\/wp-json\/wp\/v2\/pages\/2","targetHints":{"allow":["GET"]}}],"collection":[{"href":"https:\/\/traumare.com\/en\/wp-json\/wp\/v2\/pages"}],"about":[{"href":"https:\/\/traumare.com\/en\/wp-json\/wp\/v2\/types\/page"}],"author":[{"embeddable":true,"href":"https:\/\/traumare.com\/en\/wp-json\/wp\/v2\/users\/1"}],"replies":[{"embeddable":true,"href":"https:\/\/traumare.com\/en\/wp-json\/wp\/v2\/comments?post=2"}],"version-history":[{"count":1,"href":"https:\/\/traumare.com\/en\/wp-json\/wp\/v2\/pages\/2\/revisions"}],"predecessor-version":[{"id":3901,"href":"https:\/\/traumare.com\/en\/wp-json\/wp\/v2\/pages\/2\/revisions\/3901"}],"wp:attachment":[{"href":"https:\/\/traumare.com\/en\/wp-json\/wp\/v2\/media?parent=2"}],"curies":[{"name":"wp","href":"https:\/\/api.w.org\/{rel}","templated":true}]}}