{"id":1439,"date":"2016-12-21T10:08:03","date_gmt":"2016-12-21T10:08:03","guid":{"rendered":"https:\/\/traumare.com\/?page_id=1439"},"modified":"2026-05-14T16:44:40","modified_gmt":"2026-05-14T16:44:40","slug":"articles","status":"publish","type":"page","link":"https:\/\/traumare.com\/en\/articles\/","title":{"rendered":"Articles"},"content":{"rendered":"<p>[vc_row][vc_column][vc_empty_space height=&#8221;10px&#8221;][\/vc_column][\/vc_row][vc_row][vc_column width=&#8221;2\/3&#8243;]<ul class=\"blog clearfix\"><li class=\" post post-3937 type-post status-publish format-standard hentry category-sin-categoria\"><ul class=\"comment-box clearfix\"><li class=\"date clearfix\">\n\t\t\t\t\t\t\t\t<div class=\"value\">4 MARCH, 2020<\/div>\n\t\t\t\t\t\t\t\t<div class=\"arrow-date\"><\/div>\n\t\t\t\t\t\t\t<\/li><li class=\"comments-number\">\t\t\t<a href=\"https:\/\/traumare.com\/en\/fisioterapia-y-rehabilitacion-del-suelo-pelviano\/#respond\" title=\"0 COMMENTS\">0<\/a>\n\t\t\t\t\t\t\t<\/li><\/ul><div class=\"post-content\"><h2 class=\"post-title\"><a href=\"https:\/\/traumare.com\/en\/fisioterapia-y-rehabilitacion-del-suelo-pelviano\/\" title=\"Fisioterapia y rehabilitaci\u00f3n del suelo pelviano\">Fisioterapia y rehabilitaci\u00f3n del suelo pelviano<\/a><\/h2><p>El suelo pelviano es un conjunto de m\u00fasculos y ligamentos que se encuentran en la base de la pelvis. Realiza m\u00faltiples funciones como la continencia y el apoyo de las v\u00edsceras p\u00e9lvicas y la estabilidad lumbar. Interviene durante la respiraci\u00f3n, durante las funciones de micci\u00f3n y\u00a0defecaci\u00f3n, durante el embarazo y el parto y las relaciones<\/p>\n<a title=\"Read more\" href=\"https:\/\/traumare.com\/en\/fisioterapia-y-rehabilitacion-del-suelo-pelviano\/\" class=\"more template-arrow-horizontal-1-after\">Read more<\/a><\/div><\/li><li class=\" post post-2356 type-post status-publish format-standard has-post-thumbnail hentry category-fisioterapia-esportiva category-rehabilitacio-atm tag-fisioterapia tag-fisioterapia-en-casa-ejercicios-rehabilitacion tag-rehabilitacio\"><ul class=\"comment-box clearfix\"><li class=\"date clearfix\">\n\t\t\t\t\t\t\t\t<div class=\"value\">4 MARCH, 2020<\/div>\n\t\t\t\t\t\t\t\t<div class=\"arrow-date\"><\/div>\n\t\t\t\t\t\t\t<\/li><li class=\"comments-number\">\t\t\t<a href=\"https:\/\/traumare.com\/en\/fisioterapia-i-rehabilitacio-del-sol-pelvia\/#comments\" title=\"6 COMMENTS\">6<\/a>\n\t\t\t\t\t\t\t<\/li><\/ul><div class=\"post-content\"><a class=\"post-image\" href=\"https:\/\/traumare.com\/en\/fisioterapia-i-rehabilitacio-del-sol-pelvia\/\" title=\"Fisioter\u00e0pia i rehabilitaci\u00f3 del s\u00f2l pelvi\u00e0\"><span class=\"mc-preloader\"><\/span><img loading=\"lazy\" decoding=\"async\" width=\"540\" height=\"280\" src=\"https:\/\/traumare.com\/wp-content\/uploads\/2020\/03\/traumare-fisioterapia-rehabilitacio--540x280.jpg\" class=\"attachment-blog-post-thumb size-blog-post-thumb wp-post-image\" alt=\"Fisioter\u00e0pia i rehabilitaci\u00f3 del s\u00f2l pelvi\u00e0\" title=\"\" \/><\/a><h2 class=\"post-title\"><a href=\"https:\/\/traumare.com\/en\/fisioterapia-i-rehabilitacio-del-sol-pelvia\/\" title=\"Fisioter\u00e0pia i rehabilitaci\u00f3 del s\u00f2l pelvi\u00e0\">Fisioter\u00e0pia i rehabilitaci\u00f3 del s\u00f2l pelvi\u00e0<\/a><\/h2><p>El s\u00f2l pelvi\u00e0 \u00e9s un conjunt de m\u00fasculs i lligaments que es troben a la base de la pelvis. Realitza m\u00faltiples funcions com la contin\u00e8ncia i el suport de les v\u00edsceres p\u00e8lviques i l\u2019estabilitat lumbar. Interv\u00e9 durant la respiraci\u00f3, durant les funcions de micci\u00f3 i defecaci\u00f3, durant l\u2019embar\u00e0s i el part i les relacions sexuals.<\/p>\n<a title=\"Read more\" href=\"https:\/\/traumare.com\/en\/fisioterapia-i-rehabilitacio-del-sol-pelvia\/\" class=\"more template-arrow-horizontal-1-after\">Read more<\/a><\/div><\/li><li class=\" post post-3936 type-post status-publish format-standard hentry category-sin-categoria\"><ul class=\"comment-box clearfix\"><li class=\"date clearfix\">\n\t\t\t\t\t\t\t\t<div class=\"value\">8 MARCH, 2018<\/div>\n\t\t\t\t\t\t\t\t<div class=\"arrow-date\"><\/div>\n\t\t\t\t\t\t\t<\/li><li class=\"comments-number\">\t\t\t<a href=\"https:\/\/traumare.com\/en\/bruxismo\/#respond\" title=\"0 COMMENTS\">0<\/a>\n\t\t\t\t\t\t\t<\/li><\/ul><div class=\"post-content\"><h2 class=\"post-title\"><a href=\"https:\/\/traumare.com\/en\/bruxismo\/\" title=\"BRUXISMO\">BRUXISMO<\/a><\/h2><p>BRUXISMO En este art\u00edculo hablaremos sobre el bruxismo, una patolog\u00eda que puede llegar a afectar al 20% de la poblaci\u00f3n. \u00bfRecuerdas ese d\u00eda en que te has levantado con dolor de dientes, en la mand\u00edbula o con mucha tensi\u00f3n en la musculatura de esa zona? Seguramente, sea a causa del bruxismo. Entonces, \u00bfQu\u00e9 es el<\/p>\n<a title=\"Read more\" href=\"https:\/\/traumare.com\/en\/bruxismo\/\" class=\"more template-arrow-horizontal-1-after\">Read more<\/a><\/div><\/li><li class=\" post post-1868 type-post status-publish format-standard has-post-thumbnail hentry category-bruxisme category-fisioterapia-esportiva category-osteopatia category-rehabilitacio-atm category-terapia-manual tag-atm tag-bruxisme tag-dentista tag-ferula-bucal tag-fisioterapia\"><ul class=\"comment-box clearfix\"><li class=\"date clearfix\">\n\t\t\t\t\t\t\t\t<div class=\"value\">8 MARCH, 2018<\/div>\n\t\t\t\t\t\t\t\t<div class=\"arrow-date\"><\/div>\n\t\t\t\t\t\t\t<\/li><li class=\"comments-number\">\t\t\t<a href=\"https:\/\/traumare.com\/en\/bruxisme\/#comments\" title=\"3 COMMENTS\">3<\/a>\n\t\t\t\t\t\t\t<\/li><\/ul><div class=\"post-content\"><a class=\"post-image\" href=\"https:\/\/traumare.com\/en\/bruxisme\/\" title=\"BRUXISME\"><span class=\"mc-preloader\"><\/span><img loading=\"lazy\" decoding=\"async\" width=\"540\" height=\"280\" src=\"https:\/\/traumare.com\/wp-content\/uploads\/2018\/03\/bruxisme-portada-540x280.jpg\" class=\"attachment-blog-post-thumb size-blog-post-thumb wp-post-image\" alt=\"BRUXISME\" title=\"\" \/><\/a><h2 class=\"post-title\"><a href=\"https:\/\/traumare.com\/en\/bruxisme\/\" title=\"BRUXISME\">BRUXISME<\/a><\/h2><p>BRUXISME En aquest article parlarem sobre el bruxisme, una patologia que pot arribar a afectar al 20% de la poblaci\u00f3. \u00bfRecordes un dia en el que et lleves amb un fort dolor a les dents, a la mand\u00edbula incl\u00fas amb molta tensi\u00f3 en la musculatura mandibular? Segurament, sigui a causa del bruxisme. Llavors, \u00bfQue es<\/p>\n<a title=\"Read more\" href=\"https:\/\/traumare.com\/en\/bruxisme\/\" class=\"more template-arrow-horizontal-1-after\">Read more<\/a><\/div><\/li><\/ul><ul class='pagination page-margin-top'><li class='selected'><span>1<\/span><\/li><li><a href='https:\/\/traumare.com\/en\/wp-json\/wp\/v2\/pages\/1439\/page\/2\/'>2<\/a><\/li><li><a href='https:\/\/traumare.com\/en\/wp-json\/wp\/v2\/pages\/1439\/page\/3\/'>3<\/a><\/li><\/ul>[\/vc_column][vc_column width=&#8221;1\/3&#8243;]<h2 class=\"box-header\">Demana cita<\/h2>[vc_column_text css=&#8221;.vc_custom_1453716000834{margin-top: 30px !important;}&#8221;]<\/p>\n<h3>Trucant al tel\u00e8fon <span style=\"color: #9fa43c\">973 268 599<\/span>\u00a0o a trav\u00e9s del seg\u00fcent formulari:<\/h3>\n<p>[\/vc_column_text]<form class=\"contact-form \" id=\"contact_form\" method=\"post\" action=\"\"><div class=\"vc_row wpb_row vc_inner\">\n\t\t\t<fieldset class=\"vc_col-sm-6 wpb_column vc_column_container\"><label>FIRST NAME<\/label>\n\t\t\t\t<div class=\"block\">\n\t\t\t\t\t<input class=\"text_input\" name=\"first_name\" type=\"text\" value=\"\" tabindex=\"1\" data-required=\"1\">\n\t\t\t\t<\/div><label>DATE OF BIRTH (mm\/dd\/yyyy)<\/label>\n\t\t\t\t<div class=\"block\">\n\t\t\t\t\t<input class=\"text_input\" name=\"date_of_birth\" type=\"text\" value=\"\" tabindex=\"3\">\n\t\t\t\t<\/div><label>PHONE NUMBER<\/label>\n\t\t\t\t<div class=\"block\">\n\t\t\t\t\t<input class=\"text_input\" name=\"phone_number\" type=\"text\" value=\"\" tabindex=\"5\">\n\t\t\t\t<\/div><\/fieldset>\n\t\t\t<fieldset class=\"vc_col-sm-6 wpb_column vc_column_container\"><label>LAST NAME<\/label>\n\t\t\t\t<div class=\"block\">\n\t\t\t\t\t<input class=\"text_input\" name=\"last_name\" type=\"text\" value=\"\" tabindex=\"2\" data-required=\"1\">\n\t\t\t\t<\/div><label>SOCIAL SECURITY NUMBER<\/label>\n\t\t\t\t<div class=\"block\">\n\t\t\t\t\t<input class=\"text_input\" name=\"social_security_number\" type=\"text\" value=\"\" tabindex=\"4\">\n\t\t\t\t<\/div><label>E-MAIL<\/label>\n\t\t\t\t<div class=\"block\">\n\t\t\t\t\t<input class=\"text_input\" name=\"email\" type=\"text\" value=\"\" tabindex=\"6\" data-required=\"1\">\n\t\t\t\t<\/div><\/fieldset>\n\t\t<\/div><div class=\"vc_row wpb_row vc_inner\">\n\t\t\t<fieldset>\n\t\t\t\t<label>REASON OF APPOINTMENT<\/label>\n\t\t\t\t<div class=\"block\">\n\t\t\t\t\t<textarea name=\"message\" tabindex=\"7\" data-required=\"1\"><\/textarea>\n\t\t\t\t<\/div>\n\t\t\t<\/fieldset>\n\t\t<\/div><div class=\"vc_row wpb_row vc_inner submit-container margin-top-30\"><div class=\"vc_col-sm-6 wpb_column vc_column_container\">\n\t\t\t\t<p>We will contact you within one business day.<\/p>\n\t\t\t<\/div>\n\t\t\t<div class=\"vc_col-sm-6 wpb_column vc_column_container \"><input type=\"hidden\" name=\"action\" value=\"theme_contact_form\" \/>\n\t\t\t\t<input type=\"hidden\" name=\"id\" value=\"contact_form\" \/><div class=\"vc_row wpb_row vc_inner\">\n\t\t\t\t<input type=\"submit\" name=\"submit\" value=\"SEND\" class=\"more mc-button\" \/>\n\t\t\t<\/div><\/div><\/div>\n\t<\/form>[\/vc_column][\/vc_row]<\/p>\n","protected":false},"excerpt":{"rendered":"<p>[vc_row][vc_column][vc_empty_space height=&#8221;10px&#8221;][\/vc_column][\/vc_row][vc_row][vc_column width=&#8221;2\/3&#8243;][\/vc_column][vc_column width=&#8221;1\/3&#8243;][vc_column_text css=&#8221;.vc_custom_1453716000834{margin-top: 30px !important;}&#8221;] Trucant al tel\u00e8fon 973 268 599\u00a0o a trav\u00e9s del seg\u00fcent formulari: [\/vc_column_text][\/vc_column][\/vc_row]<\/p>\n","protected":false},"author":1,"featured_media":0,"parent":0,"menu_order":0,"comment_status":"closed","ping_status":"closed","template":"","meta":{"_monsterinsights_skip_tracking":false,"_monsterinsights_sitenote_active":false,"_monsterinsights_sitenote_note":"","_monsterinsights_sitenote_category":0,"footnotes":""},"class_list":["post-1439","page","type-page","status-publish","hentry"],"yoast_head":"<!-- This site is optimized with the Yoast SEO plugin v27.6 - https:\/\/yoast.com\/product\/yoast-seo-wordpress\/ -->\n<title>Articles. Traumare, Centre m\u00e8dic i rehabilitador a Lleida<\/title>\n<meta name=\"robots\" content=\"index, follow, max-snippet:-1, max-image-preview:large, max-video-preview:-1\" \/>\n<link rel=\"canonical\" href=\"https:\/\/traumare.com\/ca\/articles\/\" \/>\n<meta property=\"og:locale\" content=\"en_US\" \/>\n<meta property=\"og:type\" content=\"article\" \/>\n<meta property=\"og:title\" content=\"Articles. Traumare, Centre m\u00e8dic i rehabilitador a Lleida\" \/>\n<meta property=\"og:description\" content=\"[vc_row][vc_column][vc_empty_space height=&#8221;10px&#8221;][\/vc_column][\/vc_row][vc_row][vc_column width=&#8221;2\/3&#8243;][\/vc_column][vc_column width=&#8221;1\/3&#8243;][vc_column_text css=&#8221;.vc_custom_1453716000834{margin-top: 30px !important;}&#8221;] Trucant al tel\u00e8fon 973 268 599\u00a0o a trav\u00e9s del seg\u00fcent formulari: [\/vc_column_text][\/vc_column][\/vc_row]\" \/>\n<meta property=\"og:url\" content=\"https:\/\/traumare.com\/ca\/articles\/\" \/>\n<meta property=\"og:site_name\" content=\"TRAUMARE\" \/>\n<meta property=\"article:modified_time\" content=\"2026-05-14T16:44:40+00:00\" \/>\n<meta name=\"twitter:card\" content=\"summary_large_image\" \/>\n<meta name=\"twitter:label1\" content=\"Est. reading time\" \/>\n\t<meta name=\"twitter:data1\" content=\"1 minute\" \/>\n<script type=\"application\/ld+json\" class=\"yoast-schema-graph\">{\"@context\":\"https:\\\/\\\/schema.org\",\"@graph\":[{\"@type\":\"WebPage\",\"@id\":\"https:\\\/\\\/traumare.com\\\/ca\\\/articles\\\/\",\"url\":\"https:\\\/\\\/traumare.com\\\/ca\\\/articles\\\/\",\"name\":\"Articles. Traumare, Centre m\u00e8dic i rehabilitador a Lleida\",\"isPartOf\":{\"@id\":\"https:\\\/\\\/traumare.com\\\/es\\\/#website\"},\"datePublished\":\"2016-12-21T10:08:03+00:00\",\"dateModified\":\"2026-05-14T16:44:40+00:00\",\"breadcrumb\":{\"@id\":\"https:\\\/\\\/traumare.com\\\/ca\\\/articles\\\/#breadcrumb\"},\"inLanguage\":\"en-US\",\"potentialAction\":[{\"@type\":\"ReadAction\",\"target\":[\"https:\\\/\\\/traumare.com\\\/ca\\\/articles\\\/\"]}]},{\"@type\":\"BreadcrumbList\",\"@id\":\"https:\\\/\\\/traumare.com\\\/ca\\\/articles\\\/#breadcrumb\",\"itemListElement\":[{\"@type\":\"ListItem\",\"position\":1,\"name\":\"Home\",\"item\":\"https:\\\/\\\/traumare.com\\\/ca\\\/\"},{\"@type\":\"ListItem\",\"position\":2,\"name\":\"Articles\"}]},{\"@type\":\"WebSite\",\"@id\":\"https:\\\/\\\/traumare.com\\\/es\\\/#website\",\"url\":\"https:\\\/\\\/traumare.com\\\/es\\\/\",\"name\":\"TRAUMARE\",\"description\":\"\",\"publisher\":{\"@id\":\"https:\\\/\\\/traumare.com\\\/es\\\/#organization\"},\"potentialAction\":[{\"@type\":\"SearchAction\",\"target\":{\"@type\":\"EntryPoint\",\"urlTemplate\":\"https:\\\/\\\/traumare.com\\\/es\\\/?s={search_term_string}\"},\"query-input\":{\"@type\":\"PropertyValueSpecification\",\"valueRequired\":true,\"valueName\":\"search_term_string\"}}],\"inLanguage\":\"en-US\"},{\"@type\":\"Organization\",\"@id\":\"https:\\\/\\\/traumare.com\\\/es\\\/#organization\",\"name\":\"TRAUMARE\",\"url\":\"https:\\\/\\\/traumare.com\\\/es\\\/\",\"logo\":{\"@type\":\"ImageObject\",\"inLanguage\":\"en-US\",\"@id\":\"https:\\\/\\\/traumare.com\\\/es\\\/#\\\/schema\\\/logo\\\/image\\\/\",\"url\":\"https:\\\/\\\/traumare.com\\\/wp-content\\\/uploads\\\/2015\\\/02\\\/logo-hor-316x97.png\",\"contentUrl\":\"https:\\\/\\\/traumare.com\\\/wp-content\\\/uploads\\\/2015\\\/02\\\/logo-hor-316x97.png\",\"width\":316,\"height\":97,\"caption\":\"TRAUMARE\"},\"image\":{\"@id\":\"https:\\\/\\\/traumare.com\\\/es\\\/#\\\/schema\\\/logo\\\/image\\\/\"}}]}<\/script>\n<!-- \/ Yoast SEO plugin. -->","yoast_head_json":{"title":"Articles. Traumare, Centre m\u00e8dic i rehabilitador a Lleida","robots":{"index":"index","follow":"follow","max-snippet":"max-snippet:-1","max-image-preview":"max-image-preview:large","max-video-preview":"max-video-preview:-1"},"canonical":"https:\/\/traumare.com\/ca\/articles\/","og_locale":"en_US","og_type":"article","og_title":"Articles. Traumare, Centre m\u00e8dic i rehabilitador a Lleida","og_description":"[vc_row][vc_column][vc_empty_space height=&#8221;10px&#8221;][\/vc_column][\/vc_row][vc_row][vc_column width=&#8221;2\/3&#8243;][\/vc_column][vc_column width=&#8221;1\/3&#8243;][vc_column_text css=&#8221;.vc_custom_1453716000834{margin-top: 30px !important;}&#8221;] Trucant al tel\u00e8fon 973 268 599\u00a0o a trav\u00e9s del seg\u00fcent formulari: [\/vc_column_text][\/vc_column][\/vc_row]","og_url":"https:\/\/traumare.com\/ca\/articles\/","og_site_name":"TRAUMARE","article_modified_time":"2026-05-14T16:44:40+00:00","twitter_card":"summary_large_image","twitter_misc":{"Est. reading time":"1 minute"},"schema":{"@context":"https:\/\/schema.org","@graph":[{"@type":"WebPage","@id":"https:\/\/traumare.com\/ca\/articles\/","url":"https:\/\/traumare.com\/ca\/articles\/","name":"Articles. Traumare, Centre m\u00e8dic i rehabilitador a Lleida","isPartOf":{"@id":"https:\/\/traumare.com\/es\/#website"},"datePublished":"2016-12-21T10:08:03+00:00","dateModified":"2026-05-14T16:44:40+00:00","breadcrumb":{"@id":"https:\/\/traumare.com\/ca\/articles\/#breadcrumb"},"inLanguage":"en-US","potentialAction":[{"@type":"ReadAction","target":["https:\/\/traumare.com\/ca\/articles\/"]}]},{"@type":"BreadcrumbList","@id":"https:\/\/traumare.com\/ca\/articles\/#breadcrumb","itemListElement":[{"@type":"ListItem","position":1,"name":"Home","item":"https:\/\/traumare.com\/ca\/"},{"@type":"ListItem","position":2,"name":"Articles"}]},{"@type":"WebSite","@id":"https:\/\/traumare.com\/es\/#website","url":"https:\/\/traumare.com\/es\/","name":"TRAUMARE","description":"","publisher":{"@id":"https:\/\/traumare.com\/es\/#organization"},"potentialAction":[{"@type":"SearchAction","target":{"@type":"EntryPoint","urlTemplate":"https:\/\/traumare.com\/es\/?s={search_term_string}"},"query-input":{"@type":"PropertyValueSpecification","valueRequired":true,"valueName":"search_term_string"}}],"inLanguage":"en-US"},{"@type":"Organization","@id":"https:\/\/traumare.com\/es\/#organization","name":"TRAUMARE","url":"https:\/\/traumare.com\/es\/","logo":{"@type":"ImageObject","inLanguage":"en-US","@id":"https:\/\/traumare.com\/es\/#\/schema\/logo\/image\/","url":"https:\/\/traumare.com\/wp-content\/uploads\/2015\/02\/logo-hor-316x97.png","contentUrl":"https:\/\/traumare.com\/wp-content\/uploads\/2015\/02\/logo-hor-316x97.png","width":316,"height":97,"caption":"TRAUMARE"},"image":{"@id":"https:\/\/traumare.com\/es\/#\/schema\/logo\/image\/"}}]}},"_links":{"self":[{"href":"https:\/\/traumare.com\/en\/wp-json\/wp\/v2\/pages\/1439","targetHints":{"allow":["GET"]}}],"collection":[{"href":"https:\/\/traumare.com\/en\/wp-json\/wp\/v2\/pages"}],"about":[{"href":"https:\/\/traumare.com\/en\/wp-json\/wp\/v2\/types\/page"}],"author":[{"embeddable":true,"href":"https:\/\/traumare.com\/en\/wp-json\/wp\/v2\/users\/1"}],"replies":[{"embeddable":true,"href":"https:\/\/traumare.com\/en\/wp-json\/wp\/v2\/comments?post=1439"}],"version-history":[{"count":1,"href":"https:\/\/traumare.com\/en\/wp-json\/wp\/v2\/pages\/1439\/revisions"}],"predecessor-version":[{"id":3923,"href":"https:\/\/traumare.com\/en\/wp-json\/wp\/v2\/pages\/1439\/revisions\/3923"}],"wp:attachment":[{"href":"https:\/\/traumare.com\/en\/wp-json\/wp\/v2\/media?parent=1439"}],"curies":[{"name":"wp","href":"https:\/\/api.w.org\/{rel}","templated":true}]}}