{"id":80,"date":"2014-11-06T11:29:14","date_gmt":"2014-11-06T11:29:14","guid":{"rendered":"http:\/\/traumare.com\/?page_id=80"},"modified":"2022-11-07T15:25:21","modified_gmt":"2022-11-07T15:25:21","slug":"contacto","status":"publish","type":"page","link":"https:\/\/traumare.com\/ca\/contacto\/","title":{"rendered":"Contacte"},"content":{"rendered":"<p>[vc_row][vc_column width=&#8221;1\/2&#8243;][vc_column_text]<\/p>\n<div class=\"container\">\n<h3><span style=\"color: #9fa43c;\"><strong>Contacta amb nosaltres<\/strong><\/span><\/h3>\n<p>Si desitges m\u00e9s informaci\u00f3 no dubtis en posar-te en contacte amb nosaltres<\/p>\n<\/div>\n<p>[\/vc_column_text][vc_column_text css_animation=&#8221;top-to-bottom&#8221;]Av. Blondel, 98<strong><span style=\"color: #9fa43c;\">\u00a0<\/span><\/strong>\u00b7\u00a025002 Lleida<\/p>\n<p><span style=\"color: #9fa43c;\"><strong><a style=\"color: #9fa43c;\" href=\"http:\/\/&lt;a href=&quot;callto:+34973268599&quot;&gt;&lt;\/a&gt;\">Tel. 973 26 85 99<\/a><\/strong><\/span><\/p>\n<p>Fax 97326 85 98<\/p>\n<p><strong>Horaris<\/strong><br \/>\nde dilluns a divendres de 9 a 14 h i de 16 a 20 h.[\/vc_column_text][\/vc_column][vc_column width=&#8221;1\/2&#8243;][vc_wp_text]<a class=\"zl-facility-url\" href=\"https:\/\/www.doctoralia.es\/clinicas\/traumare\" rel=\"nofollow\" data-zlw-facility=\"traumare\" data-zlw-type=\"facility-big\" data-zlw-saas-only=\"false\">Traumare<\/a><script>!function($_x,_s,id){var js,fjs=$_x.getElementsByTagName(_s)[0];if(!$_x.getElementById(id)){js = $_x.createElement(_s);js.id = id;js.src = \"\/\/platform.docplanner.com\/js\/widget.js\";fjs.parentNode.insertBefore(js,fjs);}}(document,\"script\",\"zl-widget-s\");<\/script>[\/vc_wp_text][\/vc_column][\/vc_row][vc_row][vc_column]<div id='map' style='width:100%;height:400px;'><\/div>[\/vc_column][\/vc_row]<\/p>\n","protected":false},"excerpt":{"rendered":"<p>[vc_row][vc_column width=&#8221;1\/2&#8243;][vc_column_text] Contacta amb nosaltres Si desitges m\u00e9s informaci\u00f3 no dubtis en posar-te en contacte amb nosaltres [\/vc_column_text][vc_column_text css_animation=&#8221;top-to-bottom&#8221;]Av. Blondel, 98\u00a0\u00b7\u00a025002 Lleida Tel. 973 26 85 99 Fax 97326 85 98 Horaris de dilluns a divendres de 9 a 14 h i de 16 a 20 h.[\/vc_column_text][\/vc_column][vc_column width=&#8221;1\/2&#8243;][vc_wp_text]Traumare[\/vc_wp_text][\/vc_column][\/vc_row][vc_row][vc_column][\/vc_column][\/vc_row]<\/p>\n","protected":false},"author":1,"featured_media":0,"parent":0,"menu_order":0,"comment_status":"closed","ping_status":"closed","template":"single-features.php","meta":{"_monsterinsights_skip_tracking":false,"_monsterinsights_sitenote_active":false,"_monsterinsights_sitenote_note":"","_monsterinsights_sitenote_category":0,"footnotes":""},"yoast_head":"<!-- This site is optimized with the Yoast SEO plugin v21.8 - https:\/\/yoast.com\/wordpress\/plugins\/seo\/ -->\n<title>Contacto - Traumare Centro m\u00e9dico en Lleida<\/title>\n<meta name=\"description\" content=\"Para m\u00e1s informaci\u00f3n no dudes en ponerte en contacto con\u00a0Traumare, centro m\u00e9dico y rehabilitaci\u00f3n.\u00a0Av. Blondel, 98 \u00b7 Tel. 973\u00a026 85 99 \u00b7 25002 Lleida.\" \/>\n<meta name=\"robots\" content=\"index, follow, max-snippet:-1, max-image-preview:large, max-video-preview:-1\" \/>\n<link rel=\"canonical\" href=\"http:\/\/traumare.com\/es\/contacto\/\" \/>\n<meta property=\"og:locale\" content=\"ca_ES\" \/>\n<meta property=\"og:type\" content=\"article\" \/>\n<meta property=\"og:title\" content=\"Contacto - Traumare Centro m\u00e9dico en Lleida\" \/>\n<meta property=\"og:description\" content=\"Para m\u00e1s informaci\u00f3n no dudes en ponerte en contacto con\u00a0Traumare, centro m\u00e9dico y rehabilitaci\u00f3n.\u00a0Av. Blondel, 98 \u00b7 Tel. 973\u00a026 85 99 \u00b7 25002 Lleida.\" \/>\n<meta property=\"og:url\" content=\"http:\/\/traumare.com\/es\/contacto\/\" \/>\n<meta property=\"og:site_name\" content=\"TRAUMARE\" \/>\n<meta property=\"article:publisher\" content=\"https:\/\/www.facebook.com\/traumare\" \/>\n<meta property=\"article:modified_time\" content=\"2022-11-07T15:25:21+00:00\" \/>\n<meta property=\"og:image\" content=\"https:\/\/traumare.com\/wp-content\/uploads\/2014\/11\/logo-quadrat.jpg\" \/>\n\t<meta property=\"og:image:width\" content=\"252\" \/>\n\t<meta property=\"og:image:height\" content=\"179\" \/>\n\t<meta property=\"og:image:type\" content=\"image\/jpeg\" \/>\n<meta name=\"twitter:label1\" content=\"Est. reading time\" \/>\n\t<meta name=\"twitter:data1\" content=\"1 minute\" \/>\n<script type=\"application\/ld+json\" class=\"yoast-schema-graph\">{\"@context\":\"https:\/\/schema.org\",\"@graph\":[{\"@type\":\"WebPage\",\"@id\":\"http:\/\/traumare.com\/es\/contacto\/\",\"url\":\"http:\/\/traumare.com\/es\/contacto\/\",\"name\":\"Contacto - Traumare Centro m\u00e9dico en Lleida\",\"isPartOf\":{\"@id\":\"https:\/\/traumare.com\/ca\/#website\"},\"datePublished\":\"2014-11-06T11:29:14+00:00\",\"dateModified\":\"2022-11-07T15:25:21+00:00\",\"description\":\"Para m\u00e1s informaci\u00f3n no dudes en ponerte en contacto con\u00a0Traumare, centro m\u00e9dico y rehabilitaci\u00f3n.\u00a0Av. Blondel, 98 \u00b7 Tel. 973\u00a026 85 99 \u00b7 25002 Lleida.\",\"breadcrumb\":{\"@id\":\"http:\/\/traumare.com\/es\/contacto\/#breadcrumb\"},\"inLanguage\":\"ca-ES\",\"potentialAction\":[{\"@type\":\"ReadAction\",\"target\":[\"http:\/\/traumare.com\/es\/contacto\/\"]}]},{\"@type\":\"BreadcrumbList\",\"@id\":\"http:\/\/traumare.com\/es\/contacto\/#breadcrumb\",\"itemListElement\":[{\"@type\":\"ListItem\",\"position\":1,\"name\":\"Inici\",\"item\":\"http:\/\/traumare.com\/ca\/\"},{\"@type\":\"ListItem\",\"position\":2,\"name\":\"Contacto\"}]},{\"@type\":\"WebSite\",\"@id\":\"https:\/\/traumare.com\/ca\/#website\",\"url\":\"https:\/\/traumare.com\/ca\/\",\"name\":\"TRAUMARE\",\"description\":\"\",\"potentialAction\":[{\"@type\":\"SearchAction\",\"target\":{\"@type\":\"EntryPoint\",\"urlTemplate\":\"https:\/\/traumare.com\/ca\/?s={search_term_string}\"},\"query-input\":\"required name=search_term_string\"}],\"inLanguage\":\"ca-ES\"}]}<\/script>\n<!-- \/ Yoast SEO plugin. -->","yoast_head_json":{"title":"Contacto - Traumare Centro m\u00e9dico en Lleida","description":"Para m\u00e1s informaci\u00f3n no dudes en ponerte en contacto con\u00a0Traumare, centro m\u00e9dico y rehabilitaci\u00f3n.\u00a0Av. Blondel, 98 \u00b7 Tel. 973\u00a026 85 99 \u00b7 25002 Lleida.","robots":{"index":"index","follow":"follow","max-snippet":"max-snippet:-1","max-image-preview":"max-image-preview:large","max-video-preview":"max-video-preview:-1"},"canonical":"http:\/\/traumare.com\/es\/contacto\/","og_locale":"ca_ES","og_type":"article","og_title":"Contacto - Traumare Centro m\u00e9dico en Lleida","og_description":"Para m\u00e1s informaci\u00f3n no dudes en ponerte en contacto con\u00a0Traumare, centro m\u00e9dico y rehabilitaci\u00f3n.\u00a0Av. Blondel, 98 \u00b7 Tel. 973\u00a026 85 99 \u00b7 25002 Lleida.","og_url":"http:\/\/traumare.com\/es\/contacto\/","og_site_name":"TRAUMARE","article_publisher":"https:\/\/www.facebook.com\/traumare","article_modified_time":"2022-11-07T15:25:21+00:00","og_image":[{"width":252,"height":179,"url":"https:\/\/traumare.com\/wp-content\/uploads\/2014\/11\/logo-quadrat.jpg","type":"image\/jpeg"}],"twitter_misc":{"Est. reading time":"1 minute"},"schema":{"@context":"https:\/\/schema.org","@graph":[{"@type":"WebPage","@id":"http:\/\/traumare.com\/es\/contacto\/","url":"http:\/\/traumare.com\/es\/contacto\/","name":"Contacto - Traumare Centro m\u00e9dico en Lleida","isPartOf":{"@id":"https:\/\/traumare.com\/ca\/#website"},"datePublished":"2014-11-06T11:29:14+00:00","dateModified":"2022-11-07T15:25:21+00:00","description":"Para m\u00e1s informaci\u00f3n no dudes en ponerte en contacto con\u00a0Traumare, centro m\u00e9dico y rehabilitaci\u00f3n.\u00a0Av. Blondel, 98 \u00b7 Tel. 973\u00a026 85 99 \u00b7 25002 Lleida.","breadcrumb":{"@id":"http:\/\/traumare.com\/es\/contacto\/#breadcrumb"},"inLanguage":"ca-ES","potentialAction":[{"@type":"ReadAction","target":["http:\/\/traumare.com\/es\/contacto\/"]}]},{"@type":"BreadcrumbList","@id":"http:\/\/traumare.com\/es\/contacto\/#breadcrumb","itemListElement":[{"@type":"ListItem","position":1,"name":"Inici","item":"http:\/\/traumare.com\/ca\/"},{"@type":"ListItem","position":2,"name":"Contacto"}]},{"@type":"WebSite","@id":"https:\/\/traumare.com\/ca\/#website","url":"https:\/\/traumare.com\/ca\/","name":"TRAUMARE","description":"","potentialAction":[{"@type":"SearchAction","target":{"@type":"EntryPoint","urlTemplate":"https:\/\/traumare.com\/ca\/?s={search_term_string}"},"query-input":"required name=search_term_string"}],"inLanguage":"ca-ES"}]}},"_links":{"self":[{"href":"https:\/\/traumare.com\/ca\/wp-json\/wp\/v2\/pages\/80"}],"collection":[{"href":"https:\/\/traumare.com\/ca\/wp-json\/wp\/v2\/pages"}],"about":[{"href":"https:\/\/traumare.com\/ca\/wp-json\/wp\/v2\/types\/page"}],"author":[{"embeddable":true,"href":"https:\/\/traumare.com\/ca\/wp-json\/wp\/v2\/users\/1"}],"replies":[{"embeddable":true,"href":"https:\/\/traumare.com\/ca\/wp-json\/wp\/v2\/comments?post=80"}],"version-history":[{"count":11,"href":"https:\/\/traumare.com\/ca\/wp-json\/wp\/v2\/pages\/80\/revisions"}],"predecessor-version":[{"id":3139,"href":"https:\/\/traumare.com\/ca\/wp-json\/wp\/v2\/pages\/80\/revisions\/3139"}],"wp:attachment":[{"href":"https:\/\/traumare.com\/ca\/wp-json\/wp\/v2\/media?parent=80"}],"curies":[{"name":"wp","href":"https:\/\/api.w.org\/{rel}","templated":true}]}}