{"id":622,"date":"2015-12-30T14:34:26","date_gmt":"2015-12-30T14:34:26","guid":{"rendered":"http:\/\/traumare.com\/?page_id=622"},"modified":"2016-09-23T11:23:24","modified_gmt":"2016-09-23T11:23:24","slug":"dietetica-y-nutricion","status":"publish","type":"page","link":"https:\/\/traumare.com\/ca\/dietetica-y-nutricion\/","title":{"rendered":"Diet\u00e8tica i nutrici\u00f3"},"content":{"rendered":"<p>[vc_row][vc_column][vc_column_text]<div id=\"metaslider-id-748\" style=\"max-width: 1024px;\" class=\"ml-slider-3-60-1 metaslider metaslider-flex metaslider-748 ml-slider ms-theme-default\" role=\"region\" aria-roledescription=\"Slideshow\" aria-label=\"diet\u00e8tica\">\n    <div id=\"metaslider_container_748\">\n        <div id=\"metaslider_748\">\n            <ul aria-live=\"polite\" class=\"slides\">\n                <li style=\"display: block; width: 100%;\" class=\"slide-749 ms-image\" aria-roledescription=\"slide\" aria-label=\"slide-749\"><img loading=\"lazy\" decoding=\"async\" src=\"https:\/\/traumare.com\/wp-content\/uploads\/2015\/12\/Fotografies-Traumare-Maria-Gil-nutricionista-lleida-02.jpg\" height=\"341\" width=\"1024\" alt=\"\" class=\"slider-748 slide-749\" \/><\/li>\n                <li style=\"display: none; width: 100%;\" class=\"slide-751 ms-image\" aria-roledescription=\"slide\" aria-label=\"slide-751\"><img loading=\"lazy\" decoding=\"async\" src=\"https:\/\/traumare.com\/wp-content\/uploads\/2015\/12\/Fotografies-Traumare-Maria-Gil-nutricionista-lleida-01.jpg\" height=\"341\" width=\"1024\" alt=\"\" class=\"slider-748 slide-751\" \/><\/li>\n                <li style=\"display: none; width: 100%;\" class=\"slide-844 ms-image\" aria-roledescription=\"slide\" aria-label=\"slide-844\"><img loading=\"lazy\" decoding=\"async\" src=\"https:\/\/traumare.com\/wp-content\/uploads\/2015\/12\/Fotografies-Traumare-Maria-Gil-nutricionista-lleida-02-1.jpg\" height=\"341\" width=\"1024\" alt=\"\" class=\"slider-748 slide-844\" \/><\/li>\n                <li style=\"display: none; width: 100%;\" class=\"slide-845 ms-image\" aria-roledescription=\"slide\" aria-label=\"slide-845\"><img loading=\"lazy\" decoding=\"async\" src=\"https:\/\/traumare.com\/wp-content\/uploads\/2015\/12\/Fotografies-Traumare-Maria-Gil-nutricionista-lleida-03.jpg\" height=\"341\" width=\"1024\" alt=\"\" class=\"slider-748 slide-845\" \/><\/li>\n                <li style=\"display: none; width: 100%;\" class=\"slide-1073 ms-image\" aria-roledescription=\"slide\" aria-label=\"slide-1073\"><img loading=\"lazy\" decoding=\"async\" src=\"https:\/\/traumare.com\/wp-content\/uploads\/2015\/12\/Fotografies-Traumare-Maria-Gil-nutricionista-lleida-04-1.jpg\" height=\"341\" width=\"1024\" alt=\"\" class=\"slider-748 slide-1073\" \/><\/li>\n            <\/ul>\n        <\/div>\n        \n    <\/div>\n<\/div>[\/vc_column_text][\/vc_column][\/vc_row][vc_row][vc_column width=&#8221;2\/3&#8243;][vc_column_text css=&#8221;.vc_custom_1454406404156{margin-top: 20px !important;}&#8221;]<\/p>\n<h4><span class=\"s1\">A trav\u00e9s del procediment a la\u00a0nostra consulta de diet\u00e8tica i nutrici\u00f3 al centre m\u00e8dic Traumare de Lleida obtindrem una millora dels h\u00e0bits, sense productes ni dietes miracle:<\/span><\/h4>\n<ul>\n<li>\n<h4><span class=\"s1\">Valoraci\u00f3 de l&#8217;estat nutricional: mesures corporals (dades antropom\u00e8triques), hist\u00f2ria cl\u00ednica, hist\u00f2ria diet\u00e8tica&#8230;<\/span><\/h4>\n<\/li>\n<li>\n<h4><span class=\"s1\">Disseny del pla alimentari personalitzat segons objectius, necessitats nutricionals i estil de vida.<\/span><\/h4>\n<\/li>\n<li class=\"p1\">\n<h4><span class=\"s1\">Seguiment i tutoritzaci\u00f3 fins assolir l&#8217;objectiu establert.<\/span><\/h4>\n<\/li>\n<\/ul>\n<p>[\/vc_column_text][vc_custom_heading text=&#8221;La felicitat rau en primer lloc, en la salut&#8221; font_container=&#8221;tag:h3|text_align:center|color:%23ffffff&#8221; use_theme_fonts=&#8221;yes&#8221; css=&#8221;.vc_custom_1453714081233{margin-top: 20px !important;margin-bottom: 10px !important;border-top-width: 30px !important;border-right-width: 30px !important;border-bottom-width: 30px !important;border-left-width: 30px !important;padding-top: 20px !important;padding-right: 20px !important;padding-bottom: 20px !important;padding-left: 20px !important;background-color: #9fa43c !important;}&#8221;][vc_custom_heading text=&#8221;Tractaments&#8221; font_container=&#8221;tag:h3|text_align:left|color:%239fa43c&#8221; use_theme_fonts=&#8221;yes&#8221;][vc_column_text]<strong>Nutrici\u00f3 cl\u00ednica<\/strong><br \/>\nHipertensi\u00f3, diabetes, colesterol, triglic\u00e9rids elevats, al\u00e8rgies i intolerancias aliment\u00e0ries, alteraciones digestives\u2026<br \/>\n<strong>Nutrici\u00f3 esportiva<\/strong><br \/>\nSigui quin sigui el teu objectiu, t\u2019ajudarem a que el teu rendiment millori amb una bona alimentaci\u00f3 adaptada al teu pla d\u2019entrenament i competicions.<br \/>\n<strong>Trastorns alimentaris<\/strong><br \/>\nAquest servei t\u00e9 com a objectiu tractar malalties com anor\u00e8xia nerviosa, bul\u00edmia nerviosa i afartaments.<br \/>\n<strong>Educaci\u00f3 nutricional<\/strong><br \/>\nT&#8217;ensenyarem a menjar de manera saludable sense passar gana. No tindr\u00e0s aliments prohibits i molt menys productes miraculosos. Veur\u00e0s que portar un estil de vida saludable no est\u00e0 renyit amb els petits plaers de la vida.<br \/>\n<strong>Etapes de la vida<\/strong><br \/>\nEdat Infantil, Adolesc\u00e8ncia, Embar\u00e0s i Lactancia, Menopausa, Edat d\u2019or.<br \/>\n<strong>Sobrep\u00e8s i obesitat<\/strong><br \/>\nPodr\u00e0s pujar o baixar de pes a trav\u00e9s d&#8217;una alimentaci\u00f3 equilibrada i sana, no passar\u00e0s fam (si aix\u00f2 \u00e9s el que et preocupa), tampoc tindr\u00e0s aliments prohibits i molt menys productes miraculosos.<br \/>\n<strong>Servei on-line<\/strong><br \/>\nSi no pots venir a la nostra\u00a0consulta&#8230; no et preocupis!<br \/>\n<strong>Xerrades i confer\u00e8ncies<\/strong><br \/>\nTallers sobre alimentaci\u00f3 saludable, nutrici\u00f3 esportiva i seguretat aliment\u00e0ria.[\/vc_column_text][\/vc_column][vc_column width=&#8221;1\/3&#8243;]<h2 class=\"box-header\">Demana Cita<\/h2>[vc_column_text css=&#8221;.vc_custom_1453716000834{margin-top: 30px !important;}&#8221;]<\/p>\n<h3>Trucant al tel\u00e8fon <span style=\"color: #9fa43c;\">973 268 599<\/span>\u00a0o a trav\u00e9s del seg\u00fcent formulari:<\/h3>\n<p>[\/vc_column_text]<form class=\"contact-form \" id=\"contact_form\" method=\"post\" action=\"\"><div class=\"vc_row wpb_row vc_inner\">\n\t\t\t<fieldset class=\"vc_col-sm-6 wpb_column vc_column_container\"><label>FIRST NAME<\/label>\n\t\t\t\t<div class=\"block\">\n\t\t\t\t\t<input class=\"text_input\" name=\"first_name\" type=\"text\" value=\"\" tabindex=\"1\" data-required=\"1\">\n\t\t\t\t<\/div><label>DATE OF BIRTH (mm\/dd\/yyyy)<\/label>\n\t\t\t\t<div class=\"block\">\n\t\t\t\t\t<input class=\"text_input\" name=\"date_of_birth\" type=\"text\" value=\"\" tabindex=\"3\">\n\t\t\t\t<\/div><label>PHONE NUMBER<\/label>\n\t\t\t\t<div class=\"block\">\n\t\t\t\t\t<input class=\"text_input\" name=\"phone_number\" type=\"text\" value=\"\" tabindex=\"5\">\n\t\t\t\t<\/div><\/fieldset>\n\t\t\t<fieldset class=\"vc_col-sm-6 wpb_column vc_column_container\"><label>LAST NAME<\/label>\n\t\t\t\t<div class=\"block\">\n\t\t\t\t\t<input class=\"text_input\" name=\"last_name\" type=\"text\" value=\"\" tabindex=\"2\" data-required=\"1\">\n\t\t\t\t<\/div><label>SOCIAL SECURITY NUMBER<\/label>\n\t\t\t\t<div class=\"block\">\n\t\t\t\t\t<input class=\"text_input\" name=\"social_security_number\" type=\"text\" value=\"\" tabindex=\"4\">\n\t\t\t\t<\/div><label>E-MAIL<\/label>\n\t\t\t\t<div class=\"block\">\n\t\t\t\t\t<input class=\"text_input\" name=\"email\" type=\"text\" value=\"\" tabindex=\"6\" data-required=\"1\">\n\t\t\t\t<\/div><\/fieldset>\n\t\t<\/div><div class=\"vc_row wpb_row vc_inner\">\n\t\t\t<fieldset>\n\t\t\t\t<label>REASON OF APPOINTMENT<\/label>\n\t\t\t\t<div class=\"block\">\n\t\t\t\t\t<textarea name=\"message\" tabindex=\"7\" data-required=\"1\"><\/textarea>\n\t\t\t\t<\/div>\n\t\t\t<\/fieldset>\n\t\t<\/div><div class=\"vc_row wpb_row vc_inner submit-container margin-top-30\"><div class=\"vc_col-sm-6 wpb_column vc_column_container\">\n\t\t\t\t<p>We will contact you within one business day.<\/p>\n\t\t\t<\/div>\n\t\t\t<div class=\"vc_col-sm-6 wpb_column vc_column_container \"><input type=\"hidden\" name=\"action\" value=\"theme_contact_form\" \/>\n\t\t\t\t<input type=\"hidden\" name=\"id\" value=\"contact_form\" \/><div class=\"vc_row wpb_row vc_inner\">\n\t\t\t\t<input type=\"submit\" name=\"submit\" value=\"SEND\" class=\"more mc-button\" \/>\n\t\t\t<\/div><\/div><\/div>\n\t<\/form>[\/vc_column][\/vc_row][vc_row][vc_column]<ul class=\"gallery-item-details-list clearfix margin-bottom\"><li id=\"gallery-details-maria-gil\" class=\"gallery-item-details clearfix\">\n\t\t\t\t\t<div class=\"vc_row wpb_row vc_row-fluid\">\n\t\t\t\t\t\t<div class=\"vc_col-sm-6 wpb_column vc_column_container\"><div class=\"gallery-box \"><span class=\"mc-preloader\"><\/span>\n\t\t\t\t\t\t\t\t\t<img loading=\"lazy\" decoding=\"async\" width=\"480\" height=\"300\" src=\"https:\/\/traumare.com\/wp-content\/uploads\/2015\/12\/Equipo-medico-Traumare-Maria-Gil-nutricion-lleida-480x300.jpg\" class=\"mc-preload wp-post-image\" alt=\"Maria Gil\" title=\"\" \/>\n\t\t\t\t\t\t\t\t\t<ul class=\"controls\">\n\t\t\t\t\t\t\t\t\t\t<li>\n\t\t\t\t\t\t\t\t\t\t\t<a href=\"http:\/\/www.mariagilnutricionista.com\" class=\"template-plus-2 fancybox-url open-url-lightbox\" rel=\"featured-gallery\"><\/a>\n\t\t\t\t\t\t\t\t\t\t<\/li>\n\t\t\t\t\t\t\t\t\t<\/ul><div class=\"description\">\n\t\t\t\t\t\t\t\t\t\t<h3>Maria Gil<\/h3>\n\t\t\t\t\t\t\t\t\t\t<h5>Nutricionista Cl\u00ednica i Esportiva<\/h5>\n\t\t\t\t\t\t\t\t\t<\/div><\/div><ul class=\"social-icons clearfix\"><li><a class=\"social-facebook\" href=\"https:\/\/www.facebook.com\/mariagilnutricionista\/\" target=\"_blank\" title=\"\">&nbsp;<\/a><\/li><li><a class=\"social-twitter\" href=\"https:\/\/twitter.com\/mariagil_dn\" target=\"_blank\" title=\"\">&nbsp;<\/a><\/li><li><a class=\"social-instagram\" href=\"https:\/\/www.instagram.com\/mariagil_nutritionist\/\" target=\"_blank\" title=\"\">&nbsp;<\/a><\/li><li><a class=\"social-youtube\" href=\"https:\/\/www.youtube.com\/channel\/UCnWDRRKhtF4Kx2oi5uefAMw\" target=\"_blank\" title=\"\">&nbsp;<\/a><\/li><\/ul><\/div>\n\t\t\t\t\t<div class=\"vc_col-sm-6 wpb_column vc_column_container\">\n\t\t\t\t\t\t<div class=\"details-box\"><ul class=\"controls\"><li>\n\t\t\t\t\t\t\t\t\t\t<a href=\"#gallery-details-close\" class=\"close template-remove-1\"><\/a>\n\t\t\t\t\t\t\t\t\t<\/li>\n\t\t\t\t\t\t\t\t<\/ul><h2 class=\"box-header\"> Maria Gil<\/h2><strong>Num. col\u00b7legiat: CAT0558<\/strong>\r\n<strong>Formaci\u00f3:<\/strong>\r\n<ul>\r\n \t<li>Diplomada en Nutrici\u00f3 Humana i Diet\u00e8tica per la Universitat de Lleida (UdL).<\/li>\r\n \t<li>Postgrau Universitari en Obesitat i Trastorns de la Conducta Aliment\u00e0ria per la Universitat Aut\u00f2noma de Barcelona (UAB).<\/li>\r\n \t<li>Postgrau Universitari en Farmacologia, Nutrici\u00f3 i Suplementaci\u00f3 en l'Esport per la Universitat de Barcelona (UB).<\/li>\r\n \t<li>Postgrau Universitari en Nutrici\u00f3 i Diet\u00e8tica aplicada a l'Activitat F\u00edsica i Esport del Col\u00b7legi de Dietistes-Nutricionistes acreditat pel Consell Catal\u00e0 de Formaci\u00f3 Continuada de les Professions Sanit\u00e0ries (CCFCPS).<\/li>\r\n \t<li>Antropometrista ISAK Level I.<\/li>\r\n<\/ul>\r\n<strong>Associacions<\/strong>\r\nFormo part de l'Agrupaci\u00f3 Dietistes-Nutricionistes Especialitzats en Esport de Catalunya (ADNEEC), i del Col\u00b7legi de Dietistes Nutricionistes de Catalunya (N\u00baCol. CAT0558).\r\n\r\n<span style=\"color: #9ea035;\"><a style=\"color: #9ea035;\" href=\"http:\/\/www.mariagilnutricionista.com\/\" target=\"_blank\" rel=\"noopener noreferrer\"><strong>www.mariagilnutricionista.com<\/strong><\/a><\/span><div class=\"item-footer clearfix\"><a title=\"Maria Gil\" href=\"https:\/\/traumare.com\/ca\/doctors\/maria-gil\/\" class=\"mc-button more light template-arrow-horizontal-1-after\">PROFILE<\/a><\/div><\/div><\/div>\n\t\t\t\t<\/div><\/ul><h3 class=\"box-header margin-bottom-30\">Quadre m\u00e8dic<\/h3><ul class=\"tabs-navigation isotope-filters clearfix\"><li>\n\t\t\t\t\t\t\t<a href=\"#filter-dietetica-y-nutricion\" title=\"Dietetica i Nutrici\u00f3\">Dietetica i Nutrici\u00f3<\/a>\n\t\t\t\t\t\t<\/li><\/ul><ul class=\"mc-gallery gallery-4-columns dm_filters\"><li class=\"dietetica-y-nutricion ver-todos\" id=\"gallery-item-maria-gil\">\n\t\t\t\t\t<div class=\"gallery-box gallery-box-1\"><span class=\"mc-preloader\"><\/span><img loading=\"lazy\" decoding=\"async\" width=\"225\" height=\"150\" src=\"https:\/\/traumare.com\/wp-content\/uploads\/2015\/12\/Equipo-medico-Traumare-Maria-Gil-nutricion-lleida-225x150.jpg\" class=\"mc-preload wp-post-image\" alt=\"Maria Gil\" title=\"\" \/>\n\t\t\t\t\t\t<div class=\"description\">\n\t\t\t\t\t\t\t<h4>Maria Gil<\/h4>\n\t\t\t\t\t\t\t<h5>Nutricionista Cl\u00ednica i Esportiva<\/h5>\n\t\t\t\t\t\t<\/div><ul class=\"social-icons clearfix\"><li><a class=\"social-facebook\" href=\"https:\/\/www.facebook.com\/mariagilnutricionista\/\" target=\"_blank\" title=\"\">&nbsp;<\/a><\/li><li><a class=\"social-twitter\" href=\"https:\/\/twitter.com\/mariagil_dn\" target=\"_blank\" title=\"\">&nbsp;<\/a><\/li><li><a class=\"social-instagram\" href=\"https:\/\/www.instagram.com\/mariagil_nutritionist\/\" target=\"_blank\" title=\"\">&nbsp;<\/a><\/li><li><a class=\"social-youtube\" href=\"https:\/\/www.youtube.com\/channel\/UCnWDRRKhtF4Kx2oi5uefAMw\" target=\"_blank\" title=\"\">&nbsp;<\/a><\/li><\/ul>\n\t\t\t\t\t\t<ul class=\"controls\">\n\t\t\t\t\t\t\t<li>\n\t\t\t\t\t\t\t\t<a href=\"#gallery-details-maria-gil\" class=\"template-menu-2 open-details\"><\/a>\n\t\t\t\t\t\t\t<\/li><li><a href=\"http:\/\/www.mariagilnutricionista.com\" class=\"template-plus-2 fancybox-url open-url-lightbox\" rel=\"mcgallery\"><\/a>\n\t\t\t\t\t<\/li><\/ul><\/div><\/li><\/ul>[\/vc_column][\/vc_row]<\/p>\n","protected":false},"excerpt":{"rendered":"<p>[vc_row][vc_column][vc_column_text][\/vc_column_text][\/vc_column][\/vc_row][vc_row][vc_column width=&#8221;2\/3&#8243;][vc_column_text css=&#8221;.vc_custom_1454406404156{margin-top: 20px !important;}&#8221;] A trav\u00e9s del procediment a la\u00a0nostra consulta de diet\u00e8tica i nutrici\u00f3 al centre m\u00e8dic Traumare de Lleida obtindrem una millora dels h\u00e0bits, sense productes ni dietes miracle: Valoraci\u00f3 de l&#8217;estat nutricional: mesures corporals (dades antropom\u00e8triques), hist\u00f2ria cl\u00ednica, hist\u00f2ria diet\u00e8tica&#8230; Disseny del pla alimentari personalitzat segons objectius, necessitats nutricionals i estil<\/p>\n","protected":false},"author":1,"featured_media":0,"parent":0,"menu_order":0,"comment_status":"closed","ping_status":"closed","template":"","meta":{"_monsterinsights_skip_tracking":false,"_monsterinsights_sitenote_active":false,"_monsterinsights_sitenote_note":"","_monsterinsights_sitenote_category":0,"footnotes":""},"yoast_head":"<!-- This site is optimized with the Yoast SEO plugin v21.8 - https:\/\/yoast.com\/wordpress\/plugins\/seo\/ -->\n<title>Diet\u00e9tica y nutrici\u00f3n - Traumare Centro M\u00e9dico y rehabilitaci\u00f3n<\/title>\n<meta name=\"description\" content=\"A trav\u00e9s del procedimiento en nuestra consulta de diet\u00e9tica y nutrici\u00f3n en el centro m\u00e9dico Traumare\u00a0de Lleida obtendremos una mejora de los h\u00e1bitos, sin productos ni dietas milagro\" \/>\n<meta name=\"robots\" content=\"index, follow, max-snippet:-1, max-image-preview:large, max-video-preview:-1\" \/>\n<link rel=\"canonical\" href=\"https:\/\/traumare.com\/es\/dietetica-y-nutricion\/\" \/>\n<meta property=\"og:locale\" content=\"ca_ES\" \/>\n<meta property=\"og:type\" content=\"article\" \/>\n<meta property=\"og:title\" content=\"Diet\u00e9tica y nutrici\u00f3n - Traumare Centro M\u00e9dico y rehabilitaci\u00f3n\" \/>\n<meta property=\"og:description\" content=\"A trav\u00e9s del procedimiento en nuestra consulta de diet\u00e9tica y nutrici\u00f3n en el centro m\u00e9dico Traumare\u00a0de Lleida obtendremos una mejora de los h\u00e1bitos, sin productos ni dietas milagro\" \/>\n<meta property=\"og:url\" content=\"https:\/\/traumare.com\/es\/dietetica-y-nutricion\/\" \/>\n<meta property=\"og:site_name\" content=\"TRAUMARE\" \/>\n<meta property=\"article:publisher\" content=\"https:\/\/www.facebook.com\/traumare\" \/>\n<meta property=\"article:modified_time\" content=\"2016-09-23T11:23:24+00:00\" \/>\n<meta property=\"og:image\" content=\"https:\/\/traumare.com\/wp-content\/uploads\/2014\/11\/logo-quadrat.jpg\" \/>\n\t<meta property=\"og:image:width\" content=\"252\" \/>\n\t<meta property=\"og:image:height\" content=\"179\" \/>\n\t<meta property=\"og:image:type\" content=\"image\/jpeg\" \/>\n<meta name=\"twitter:label1\" content=\"Est. reading time\" \/>\n\t<meta name=\"twitter:data1\" content=\"2 minutes\" \/>\n<script type=\"application\/ld+json\" class=\"yoast-schema-graph\">{\"@context\":\"https:\/\/schema.org\",\"@graph\":[{\"@type\":\"WebPage\",\"@id\":\"https:\/\/traumare.com\/es\/dietetica-y-nutricion\/\",\"url\":\"https:\/\/traumare.com\/es\/dietetica-y-nutricion\/\",\"name\":\"Diet\u00e9tica y nutrici\u00f3n - Traumare Centro M\u00e9dico y rehabilitaci\u00f3n\",\"isPartOf\":{\"@id\":\"http:\/\/traumare.com\/ca\/#website\"},\"datePublished\":\"2015-12-30T14:34:26+00:00\",\"dateModified\":\"2016-09-23T11:23:24+00:00\",\"description\":\"A trav\u00e9s del procedimiento en nuestra consulta de diet\u00e9tica y nutrici\u00f3n en el centro m\u00e9dico Traumare\u00a0de Lleida obtendremos una mejora de los h\u00e1bitos, sin productos ni dietas milagro\",\"breadcrumb\":{\"@id\":\"https:\/\/traumare.com\/es\/dietetica-y-nutricion\/#breadcrumb\"},\"inLanguage\":\"ca-ES\",\"potentialAction\":[{\"@type\":\"ReadAction\",\"target\":[\"https:\/\/traumare.com\/es\/dietetica-y-nutricion\/\"]}]},{\"@type\":\"BreadcrumbList\",\"@id\":\"https:\/\/traumare.com\/es\/dietetica-y-nutricion\/#breadcrumb\",\"itemListElement\":[{\"@type\":\"ListItem\",\"position\":1,\"name\":\"Inici\",\"item\":\"http:\/\/traumare.com\/ca\/\"},{\"@type\":\"ListItem\",\"position\":2,\"name\":\"Diet\u00e9tica y nutrici\u00f3n\"}]},{\"@type\":\"WebSite\",\"@id\":\"http:\/\/traumare.com\/ca\/#website\",\"url\":\"http:\/\/traumare.com\/ca\/\",\"name\":\"TRAUMARE\",\"description\":\"\",\"potentialAction\":[{\"@type\":\"SearchAction\",\"target\":{\"@type\":\"EntryPoint\",\"urlTemplate\":\"http:\/\/traumare.com\/ca\/?s={search_term_string}\"},\"query-input\":\"required name=search_term_string\"}],\"inLanguage\":\"ca-ES\"}]}<\/script>\n<!-- \/ Yoast SEO plugin. -->","yoast_head_json":{"title":"Diet\u00e9tica y nutrici\u00f3n - Traumare Centro M\u00e9dico y rehabilitaci\u00f3n","description":"A trav\u00e9s del procedimiento en nuestra consulta de diet\u00e9tica y nutrici\u00f3n en el centro m\u00e9dico Traumare\u00a0de Lleida obtendremos una mejora de los h\u00e1bitos, sin productos ni dietas milagro","robots":{"index":"index","follow":"follow","max-snippet":"max-snippet:-1","max-image-preview":"max-image-preview:large","max-video-preview":"max-video-preview:-1"},"canonical":"https:\/\/traumare.com\/es\/dietetica-y-nutricion\/","og_locale":"ca_ES","og_type":"article","og_title":"Diet\u00e9tica y nutrici\u00f3n - Traumare Centro M\u00e9dico y rehabilitaci\u00f3n","og_description":"A trav\u00e9s del procedimiento en nuestra consulta de diet\u00e9tica y nutrici\u00f3n en el centro m\u00e9dico Traumare\u00a0de Lleida obtendremos una mejora de los h\u00e1bitos, sin productos ni dietas milagro","og_url":"https:\/\/traumare.com\/es\/dietetica-y-nutricion\/","og_site_name":"TRAUMARE","article_publisher":"https:\/\/www.facebook.com\/traumare","article_modified_time":"2016-09-23T11:23:24+00:00","og_image":[{"width":252,"height":179,"url":"https:\/\/traumare.com\/wp-content\/uploads\/2014\/11\/logo-quadrat.jpg","type":"image\/jpeg"}],"twitter_misc":{"Est. reading time":"2 minutes"},"schema":{"@context":"https:\/\/schema.org","@graph":[{"@type":"WebPage","@id":"https:\/\/traumare.com\/es\/dietetica-y-nutricion\/","url":"https:\/\/traumare.com\/es\/dietetica-y-nutricion\/","name":"Diet\u00e9tica y nutrici\u00f3n - Traumare Centro M\u00e9dico y rehabilitaci\u00f3n","isPartOf":{"@id":"http:\/\/traumare.com\/ca\/#website"},"datePublished":"2015-12-30T14:34:26+00:00","dateModified":"2016-09-23T11:23:24+00:00","description":"A trav\u00e9s del procedimiento en nuestra consulta de diet\u00e9tica y nutrici\u00f3n en el centro m\u00e9dico Traumare\u00a0de Lleida obtendremos una mejora de los h\u00e1bitos, sin productos ni dietas milagro","breadcrumb":{"@id":"https:\/\/traumare.com\/es\/dietetica-y-nutricion\/#breadcrumb"},"inLanguage":"ca-ES","potentialAction":[{"@type":"ReadAction","target":["https:\/\/traumare.com\/es\/dietetica-y-nutricion\/"]}]},{"@type":"BreadcrumbList","@id":"https:\/\/traumare.com\/es\/dietetica-y-nutricion\/#breadcrumb","itemListElement":[{"@type":"ListItem","position":1,"name":"Inici","item":"http:\/\/traumare.com\/ca\/"},{"@type":"ListItem","position":2,"name":"Diet\u00e9tica y nutrici\u00f3n"}]},{"@type":"WebSite","@id":"http:\/\/traumare.com\/ca\/#website","url":"http:\/\/traumare.com\/ca\/","name":"TRAUMARE","description":"","potentialAction":[{"@type":"SearchAction","target":{"@type":"EntryPoint","urlTemplate":"http:\/\/traumare.com\/ca\/?s={search_term_string}"},"query-input":"required name=search_term_string"}],"inLanguage":"ca-ES"}]}},"_links":{"self":[{"href":"https:\/\/traumare.com\/ca\/wp-json\/wp\/v2\/pages\/622"}],"collection":[{"href":"https:\/\/traumare.com\/ca\/wp-json\/wp\/v2\/pages"}],"about":[{"href":"https:\/\/traumare.com\/ca\/wp-json\/wp\/v2\/types\/page"}],"author":[{"embeddable":true,"href":"https:\/\/traumare.com\/ca\/wp-json\/wp\/v2\/users\/1"}],"replies":[{"embeddable":true,"href":"https:\/\/traumare.com\/ca\/wp-json\/wp\/v2\/comments?post=622"}],"version-history":[{"count":0,"href":"https:\/\/traumare.com\/ca\/wp-json\/wp\/v2\/pages\/622\/revisions"}],"wp:attachment":[{"href":"https:\/\/traumare.com\/ca\/wp-json\/wp\/v2\/media?parent=622"}],"curies":[{"name":"wp","href":"https:\/\/api.w.org\/{rel}","templated":true}]}}