{"id":619,"date":"2015-12-30T14:31:53","date_gmt":"2015-12-30T14:31:53","guid":{"rendered":"http:\/\/traumare.com\/?page_id=619"},"modified":"2016-09-23T12:34:58","modified_gmt":"2016-09-23T12:34:58","slug":"acupuntura","status":"publish","type":"page","link":"https:\/\/traumare.com\/ca\/acupuntura\/","title":{"rendered":"Acupuntura"},"content":{"rendered":"<p>[vc_row][vc_column][vc_column_text]<div id=\"metaslider-id-794\" style=\"max-width: 1024px;\" class=\"ml-slider-3-60-1 metaslider metaslider-flex metaslider-794 ml-slider ms-theme-default\" role=\"region\" aria-roledescription=\"Slideshow\" aria-label=\"Acupuntura\">\n    <div id=\"metaslider_container_794\">\n        <div id=\"metaslider_794\">\n            <ul aria-live=\"polite\" class=\"slides\">\n                <li style=\"display: block; width: 100%;\" class=\"slide-620 ms-image\" aria-roledescription=\"slide\" aria-label=\"slide-620\"><img loading=\"lazy\" decoding=\"async\" src=\"https:\/\/traumare.com\/wp-content\/uploads\/2015\/12\/Fotografies-Traumare-acupuntura-lleida.jpg\" height=\"341\" width=\"1024\" alt=\"\" class=\"slider-794 slide-620\" \/><\/li>\n                <li style=\"display: none; width: 100%;\" class=\"slide-797 ms-image\" aria-roledescription=\"slide\" aria-label=\"slide-797\"><img loading=\"lazy\" decoding=\"async\" src=\"https:\/\/traumare.com\/wp-content\/uploads\/2015\/12\/Fotografies-Traumare-acupuntura-lleida-02-1024x341.jpg\" height=\"341\" width=\"1024\" alt=\"\" class=\"slider-794 slide-797\" \/><\/li>\n            <\/ul>\n        <\/div>\n        \n    <\/div>\n<\/div>[\/vc_column_text][\/vc_column][\/vc_row][vc_row][vc_column width=&#8221;2\/3&#8243;][vc_column_text]<\/p>\n<h3>Qu\u00e8 \u00e9s l&#8217;acupuntura?<\/h3>\n<p>L\u2019acupuntura \u00e9s una modalitat curativa origin\u00e0ria de l\u2019Est Asi\u00e0tic. La m\u00e9s coneguda a occident \u00e9s l\u2019Acupuntura Xinesa, amb m\u00e9s de 2000 anys de tradici\u00f3.<\/p>\n<p>L\u2019Acupuntura Xinesa \u00e9s una de les branques terap\u00e8utiques m\u00e9s importants de la Medicina Tradicional Xinesa, junt amb la moxibusti\u00f3, la fitoter\u00e0pia xinesa, la t\u00e8cnica de les ventoses, la Tuina (massatge en punts d\u2019acupuntura), la dietoter\u00e0pia i les t\u00e8cniques com el Qi Gong i el Tai Chi.<\/p>\n<p>En les darreres d\u00e8cades, l\u2019acupuntura ha guanyat popularitat a occident, formant part de les medicines alternatives i complement\u00e0ries, conegudes internacionalment com a CAM. Es calcula que uns tres milions d\u2019europeus reben tractament d\u2019acupuntura cada any, sobretot a Alemanya, Fran\u00e7a i pa\u00efsos n\u00f2rdics.<\/p>\n<p>L\u2019acupuntura consisteix en la inserci\u00f3 i estimulaci\u00f3 d\u2019unes agulles en punts d\u2019acupuntura espec\u00edfics localitzats en un entramat de canals o vies energ\u00e8tiques conegudes popularment com a meridians. El seu objectiu \u00e9s obtenir un benefici en la salut de la persona que rep aquest tractament.<\/p>\n<p>En patologies de car\u00e0cter agut, els beneficis de l\u2019acupuntura poden ser r\u00e0pids, depenent del tipus de patologia de que es tracti. En patologies de car\u00e0cter cr\u00f2nic, per\u00f2, els beneficis de l\u2019acupuntura poden tardar en apar\u00e8ixer.<\/p>\n<h3><span style=\"line-height: 1.5;\">Per a quines dol\u00e8ncies l\u2019acupuntura \u00e9s beneficiosa?<\/span><\/h3>\n<p>L\u2019efic\u00e0cia de l\u2019acupuntura ha estat demostrada \u00e0mpliament en tot un ampli ventall de tractaments, com poden ser el tractament del dolor (benefici m\u00e9s conegut), o per a contrarestar els efectes secundaris de la quimioter\u00e0pia (v\u00f2mits i n\u00e0usees).<\/p>\n<p class=\"p1\"><span class=\"s1\">A Traumare, Centre M\u00e8dic, oferim tractaments d&#8217;acupuntura a Lleida per les seg\u00fcents malalties, s\u00edndromes i condicions, reconegudes totes elles com a beneficioses per l&#8217;OMS i demostrats els seus beneficis de forma emp\u00edrica:<\/span><\/p>\n<p>[\/vc_column_text][vc_custom_heading text=&#8221;Quins tractaments oferim?&#8221; font_container=&#8221;tag:h3|text_align:left|color:%239fa43c&#8221; use_theme_fonts=&#8221;yes&#8221; css=&#8221;.vc_custom_1454939963597{margin-top: 10px !important;margin-bottom: 20px !important;border-bottom-width: 20px !important;}&#8221;][vc_column_text css=&#8221;.vc_custom_1454940939950{margin-top: 20px !important;}&#8221;]<\/p>\n<h4>Indicacions de tractament reconegudes per la OMS<\/h4>\n<ul>\n<li><strong>Trastorns tipus m\u00fasculo &#8211; esquel\u00e8tics: <\/strong>lumb\u00e0lgia, dolor de cervicals, artritis, epicondilitis, dolors musculars. Ci\u00e0tica.<\/li>\n<li><strong>Tractament del dolor<\/strong> post-cirurgia i dolor en general.<\/li>\n<li><strong>Odont\u00e0lgia<\/strong>. Disfunci\u00f3 ATM.<\/li>\n<li><strong>Trastorns de l\u2019aparell respiratori: <\/strong>asma, amigdalitis, bronquitis aguda, sinusitis.<\/li>\n<li><strong>Trastorns gastrointestinals:<\/strong> gastritis aguda, \u00falcera duodenal no complicada, diarrees, estrenyiment.<\/li>\n<li><strong>Trastorns neurol\u00f2gics:<\/strong> cefalees, Neur\u00e0lgia Trigemin.<\/li>\n<\/ul>\n<h4>Tractaments de demostrada efic\u00e0cia<\/h4>\n<ul>\n<li><strong>Trastorns ginecol\u00f2gics:<\/strong> dismenorrees, amenorrees. Infertilitat.<\/li>\n<li><strong>Trastorns urinaris.<\/strong><\/li>\n<li><strong>Malalties dermatol\u00f2giques:<\/strong> \u00e8czema, acne, herpes z\u00f2ster, urtic\u00e0ria.<\/li>\n<li><strong>Tractament ferides<\/strong> post-quir\u00fargiques, ferides hipertr\u00f2fiques, i altres.<\/li>\n<li><strong>Tractament de l\u2019obesitat<\/strong>.<\/li>\n<li><strong>Tractament d&#8217;adiccions<\/strong> (tabaquisme).<\/li>\n<li><strong>Ansietat, insomni, depressi\u00f3<\/strong>.<\/li>\n<li><strong>Fibromi\u00e0lgia<\/strong>.<\/li>\n<li><strong>Tractament de rejoveniment facial.<\/strong> (Acupuntura est\u00e8tica facial). <strong>NOU!<\/strong><\/li>\n<\/ul>\n<h4>Altres serveis:<\/h4>\n<ul>\n<li><strong>Acupuntura Cranial<\/strong> Japonesa.<\/li>\n<li><strong>Flors de Bach<\/strong>.<\/li>\n<\/ul>\n<p>[\/vc_column_text][\/vc_column][vc_column width=&#8221;1\/3&#8243;]<h2 class=\"box-header\">Demana Cita<\/h2>[vc_column_text css=&#8221;.vc_custom_1453716000834{margin-top: 30px !important;}&#8221;]<\/p>\n<h3>Trucant al tel\u00e8fon <span style=\"color: #9fa43c;\">973 268 599<\/span>\u00a0o a trav\u00e9s del seg\u00fcent formulari:<\/h3>\n<p>[\/vc_column_text]<form class=\"contact-form \" id=\"contact_form\" method=\"post\" action=\"\"><div class=\"vc_row wpb_row vc_inner\">\n\t\t\t<fieldset class=\"vc_col-sm-6 wpb_column vc_column_container\"><label>FIRST NAME<\/label>\n\t\t\t\t<div class=\"block\">\n\t\t\t\t\t<input class=\"text_input\" name=\"first_name\" type=\"text\" value=\"\" tabindex=\"1\" data-required=\"1\">\n\t\t\t\t<\/div><label>DATE OF BIRTH (mm\/dd\/yyyy)<\/label>\n\t\t\t\t<div class=\"block\">\n\t\t\t\t\t<input class=\"text_input\" name=\"date_of_birth\" type=\"text\" value=\"\" tabindex=\"3\">\n\t\t\t\t<\/div><label>PHONE NUMBER<\/label>\n\t\t\t\t<div class=\"block\">\n\t\t\t\t\t<input class=\"text_input\" name=\"phone_number\" type=\"text\" value=\"\" tabindex=\"5\">\n\t\t\t\t<\/div><\/fieldset>\n\t\t\t<fieldset class=\"vc_col-sm-6 wpb_column vc_column_container\"><label>LAST NAME<\/label>\n\t\t\t\t<div class=\"block\">\n\t\t\t\t\t<input class=\"text_input\" name=\"last_name\" type=\"text\" value=\"\" tabindex=\"2\" data-required=\"1\">\n\t\t\t\t<\/div><label>SOCIAL SECURITY NUMBER<\/label>\n\t\t\t\t<div class=\"block\">\n\t\t\t\t\t<input class=\"text_input\" name=\"social_security_number\" type=\"text\" value=\"\" tabindex=\"4\">\n\t\t\t\t<\/div><label>E-MAIL<\/label>\n\t\t\t\t<div class=\"block\">\n\t\t\t\t\t<input class=\"text_input\" name=\"email\" type=\"text\" value=\"\" tabindex=\"6\" data-required=\"1\">\n\t\t\t\t<\/div><\/fieldset>\n\t\t<\/div><div class=\"vc_row wpb_row vc_inner\">\n\t\t\t<fieldset>\n\t\t\t\t<label>REASON OF APPOINTMENT<\/label>\n\t\t\t\t<div class=\"block\">\n\t\t\t\t\t<textarea name=\"message\" tabindex=\"7\" data-required=\"1\"><\/textarea>\n\t\t\t\t<\/div>\n\t\t\t<\/fieldset>\n\t\t<\/div><div class=\"vc_row wpb_row vc_inner submit-container margin-top-30\"><div class=\"vc_col-sm-6 wpb_column vc_column_container\">\n\t\t\t\t<p>We will contact you within one business day.<\/p>\n\t\t\t<\/div>\n\t\t\t<div class=\"vc_col-sm-6 wpb_column vc_column_container \"><input type=\"hidden\" name=\"action\" value=\"theme_contact_form\" \/>\n\t\t\t\t<input type=\"hidden\" name=\"id\" value=\"contact_form\" \/><div class=\"vc_row wpb_row vc_inner\">\n\t\t\t\t<input type=\"submit\" name=\"submit\" value=\"SEND\" class=\"more mc-button\" \/>\n\t\t\t<\/div><\/div><\/div>\n\t<\/form>[\/vc_column][\/vc_row][vc_row][vc_column]<ul class=\"gallery-item-details-list clearfix margin-bottom\"><li id=\"gallery-details-isabel-loizu\" class=\"gallery-item-details clearfix\">\n\t\t\t\t\t<div class=\"vc_row wpb_row vc_row-fluid\">\n\t\t\t\t\t\t<div class=\"vc_col-sm-6 wpb_column vc_column_container\"><div class=\"gallery-box hover-icons-off\"><span class=\"mc-preloader\"><\/span>\n\t\t\t\t\t\t\t\t\t<img loading=\"lazy\" decoding=\"async\" width=\"480\" height=\"300\" src=\"https:\/\/traumare.com\/wp-content\/uploads\/2016\/01\/Equipo-medico-Traumare-Isabel-Loizu-acupuntura-lleida-480x300.jpg\" class=\"mc-preload wp-post-image\" alt=\"Isabel Loizu\" title=\"\" \/>\n\t\t\t\t\t\t\t\t\t<ul class=\"controls\">\n\t\t\t\t\t\t\t\t\t\t<li>\n\t\t\t\t\t\t\t\t\t\t\t<a href=\"http:\/\/www.acupunturalleida.com\/\" class=\"template-plus-2 fancybox-url open-url-lightbox\" rel=\"featured-gallery\"><\/a>\n\t\t\t\t\t\t\t\t\t\t<\/li>\n\t\t\t\t\t\t\t\t\t<\/ul><div class=\"description\">\n\t\t\t\t\t\t\t\t\t\t<h3>Isabel Loizu<\/h3>\n\t\t\t\t\t\t\t\t\t\t<h5>Acupuntora<\/h5>\n\t\t\t\t\t\t\t\t\t<\/div><\/div><ul class=\"social-icons clearfix\"><li><a class=\"social-facebook\" href=\"https:\/\/www.facebook.com\/Isabel-Loizu-Mart%C3%AD-221160621229945\/?fref=ts\" target=\"_blank\" title=\"\">&nbsp;<\/a><\/li><li><a class=\"social-instagram\" href=\"https:\/\/www.instagram.com\/traumare_rhb\/\" target=\"_blank\" title=\"\">&nbsp;<\/a><\/li><\/ul><\/div>\n\t\t\t\t\t<div class=\"vc_col-sm-6 wpb_column vc_column_container\">\n\t\t\t\t\t\t<div class=\"details-box\"><ul class=\"controls\"><li>\n\t\t\t\t\t\t\t\t\t\t<a href=\"#gallery-details-close\" class=\"close template-remove-1\"><\/a>\n\t\t\t\t\t\t\t\t\t<\/li>\n\t\t\t\t\t\t\t\t<\/ul><h2 class=\"box-header\"> Isabel Loizu<\/h2><strong>N\u00fam. col\u00b7legiat: 2755<\/strong>\r\n<strong>Formaci\u00f3:<\/strong>\r\n<ul>\r\n \t<li>Infermera diplomada per la Universitat de Lleida.<\/li>\r\n \t<li>T\u00e8cnic en acupuntura per la Universitat de Saragossa.<\/li>\r\n<\/ul>\r\n<em>M'apassiona l'educaci\u00f3 sanit\u00e0ria i en especial l'\u00fas de l'acupuntura per millorar la salut dels usuaris que pateixen algun tipus de desordre funcional. Participo activament en seminaris, jornades i estudis relacionats amb la meva activitat professional: tractament del dolor, per tal d'estar a l'avantguarda.<\/em><span style=\"color: #a0a048;\"><a style=\"color: #a0a048;\" href=\"http:\/\/www.acupunturalleida.com\/\">www.acupunturalleida.com<\/a><\/span><div class=\"item-footer clearfix\"><a title=\"Isabel Loizu\" href=\"https:\/\/traumare.com\/ca\/doctors\/isabel-loizu\/\" class=\"mc-button more light template-arrow-horizontal-1-after\">PROFILE<\/a><\/div><\/div><\/div>\n\t\t\t\t<\/div><\/ul><h3 class=\"box-header margin-bottom-30\">Quadre m\u00e8dic<\/h3><ul class=\"tabs-navigation isotope-filters clearfix\"><li>\n\t\t\t\t\t\t\t<a href=\"#filter-acupuntura\" title=\"Acupuntura\">Acupuntura<\/a>\n\t\t\t\t\t\t<\/li><\/ul><ul class=\"mc-gallery gallery-4-columns dm_filters\"><li class=\"acupuntura ver-todos\" id=\"gallery-item-isabel-loizu\">\n\t\t\t\t\t<div class=\"gallery-box gallery-box-1 hover-icons-off\"><span class=\"mc-preloader\"><\/span><img loading=\"lazy\" decoding=\"async\" width=\"225\" height=\"150\" src=\"https:\/\/traumare.com\/wp-content\/uploads\/2016\/01\/Equipo-medico-Traumare-Isabel-Loizu-acupuntura-lleida-225x150.jpg\" class=\"mc-preload wp-post-image\" alt=\"Isabel Loizu\" title=\"\" \/>\n\t\t\t\t\t\t<div class=\"description\">\n\t\t\t\t\t\t\t<h4>Isabel Loizu<\/h4>\n\t\t\t\t\t\t\t<h5>Acupuntora<\/h5>\n\t\t\t\t\t\t<\/div><ul class=\"social-icons clearfix\"><li><a class=\"social-facebook\" href=\"https:\/\/www.facebook.com\/Isabel-Loizu-Mart%C3%AD-221160621229945\/?fref=ts\" target=\"_blank\" title=\"\">&nbsp;<\/a><\/li><li><a class=\"social-instagram\" href=\"https:\/\/www.instagram.com\/traumare_rhb\/\" target=\"_blank\" title=\"\">&nbsp;<\/a><\/li><\/ul>\n\t\t\t\t\t\t<ul class=\"controls\">\n\t\t\t\t\t\t\t<li>\n\t\t\t\t\t\t\t\t<a href=\"#gallery-details-isabel-loizu\" class=\"template-menu-2 open-details\"><\/a>\n\t\t\t\t\t\t\t<\/li><li><a href=\"http:\/\/www.acupunturalleida.com\/\" class=\"template-plus-2 fancybox-url open-url-lightbox\" rel=\"mcgallery\"><\/a>\n\t\t\t\t\t<\/li><\/ul><\/div><\/li><\/ul>[\/vc_column][\/vc_row]<\/p>\n","protected":false},"excerpt":{"rendered":"<p>[vc_row][vc_column][vc_column_text][\/vc_column_text][\/vc_column][\/vc_row][vc_row][vc_column width=&#8221;2\/3&#8243;][vc_column_text] Qu\u00e8 \u00e9s l&#8217;acupuntura? L\u2019acupuntura \u00e9s una modalitat curativa origin\u00e0ria de l\u2019Est Asi\u00e0tic. La m\u00e9s coneguda a occident \u00e9s l\u2019Acupuntura Xinesa, amb m\u00e9s de 2000 anys de tradici\u00f3. L\u2019Acupuntura Xinesa \u00e9s una de les branques terap\u00e8utiques m\u00e9s importants de la Medicina Tradicional Xinesa, junt amb la moxibusti\u00f3, la fitoter\u00e0pia xinesa, la t\u00e8cnica de les<\/p>\n","protected":false},"author":1,"featured_media":0,"parent":0,"menu_order":0,"comment_status":"closed","ping_status":"closed","template":"","meta":{"_monsterinsights_skip_tracking":false,"_monsterinsights_sitenote_active":false,"_monsterinsights_sitenote_note":"","_monsterinsights_sitenote_category":0,"footnotes":""},"yoast_head":"<!-- This site is optimized with the Yoast SEO plugin v21.8 - https:\/\/yoast.com\/wordpress\/plugins\/seo\/ -->\n<title>Acupuntura - Traumare Centre m\u00e8dic i rehabilitaci\u00f3 a LleidaAcupuntura -\u00a0Traumare Centro m\u00e9dico y rehabilitaci\u00f3n<\/title>\n<meta name=\"description\" content=\"A Traumare, Centre M\u00e8dic, oferim tractaments d&#039;acupuntura a Lleida per a nombroses malalties, s\u00edndromes i condicionsTratamiento del dolor post-cirug\u00eda.\u00a0Patolog\u00edas relacionadas con el estr\u00e9s.\u00a0Tratamiento de la obesidad.\u00a0Tratamiento de rejuvenecimiento facial (Acupuntura est\u00e9tica facial)\u00a0NUEVO!\" \/>\n<meta name=\"robots\" content=\"index, follow, max-snippet:-1, max-image-preview:large, max-video-preview:-1\" \/>\n<link rel=\"canonical\" href=\"https:\/\/traumare.com\/ca\/acupuntura\/\" \/>\n<meta property=\"og:locale\" content=\"ca_ES\" \/>\n<meta property=\"og:type\" content=\"article\" \/>\n<meta property=\"og:title\" content=\"Acupuntura - Traumare Centre m\u00e8dic i rehabilitaci\u00f3 a LleidaAcupuntura -\u00a0Traumare Centro m\u00e9dico y rehabilitaci\u00f3n\" \/>\n<meta property=\"og:description\" content=\"A Traumare, Centre M\u00e8dic, oferim tractaments d&#039;acupuntura a Lleida per a nombroses malalties, s\u00edndromes i condicionsTratamiento del dolor post-cirug\u00eda.\u00a0Patolog\u00edas relacionadas con el estr\u00e9s.\u00a0Tratamiento de la obesidad.\u00a0Tratamiento de rejuvenecimiento facial (Acupuntura est\u00e9tica facial)\u00a0NUEVO!\" \/>\n<meta property=\"og:url\" content=\"https:\/\/traumare.com\/ca\/acupuntura\/\" \/>\n<meta property=\"og:site_name\" content=\"TRAUMARE\" \/>\n<meta property=\"article:publisher\" content=\"https:\/\/www.facebook.com\/traumare\" \/>\n<meta property=\"article:modified_time\" content=\"2016-09-23T12:34:58+00:00\" \/>\n<meta property=\"og:image\" content=\"https:\/\/traumare.com\/wp-content\/uploads\/2014\/11\/logo-quadrat.jpg\" \/>\n\t<meta property=\"og:image:width\" content=\"252\" \/>\n\t<meta property=\"og:image:height\" content=\"179\" \/>\n\t<meta property=\"og:image:type\" content=\"image\/jpeg\" \/>\n<meta name=\"twitter:label1\" content=\"Est. reading time\" \/>\n\t<meta name=\"twitter:data1\" content=\"3 minutes\" \/>\n<script type=\"application\/ld+json\" class=\"yoast-schema-graph\">{\"@context\":\"https:\/\/schema.org\",\"@graph\":[{\"@type\":\"WebPage\",\"@id\":\"https:\/\/traumare.com\/ca\/acupuntura\/\",\"url\":\"https:\/\/traumare.com\/ca\/acupuntura\/\",\"name\":\"Acupuntura - Traumare Centre m\u00e8dic i rehabilitaci\u00f3 a LleidaAcupuntura -\u00a0Traumare Centro m\u00e9dico y rehabilitaci\u00f3n\",\"isPartOf\":{\"@id\":\"https:\/\/traumare.com\/ca\/#website\"},\"datePublished\":\"2015-12-30T14:31:53+00:00\",\"dateModified\":\"2016-09-23T12:34:58+00:00\",\"description\":\"A Traumare, Centre M\u00e8dic, oferim tractaments d'acupuntura a Lleida per a nombroses malalties, s\u00edndromes i condicionsTratamiento del dolor post-cirug\u00eda.\u00a0Patolog\u00edas relacionadas con el estr\u00e9s.\u00a0Tratamiento de la obesidad.\u00a0Tratamiento de rejuvenecimiento facial (Acupuntura est\u00e9tica facial)\u00a0NUEVO!\",\"breadcrumb\":{\"@id\":\"https:\/\/traumare.com\/ca\/acupuntura\/#breadcrumb\"},\"inLanguage\":\"ca-ES\",\"potentialAction\":[{\"@type\":\"ReadAction\",\"target\":[\"https:\/\/traumare.com\/ca\/acupuntura\/\"]}]},{\"@type\":\"BreadcrumbList\",\"@id\":\"https:\/\/traumare.com\/ca\/acupuntura\/#breadcrumb\",\"itemListElement\":[{\"@type\":\"ListItem\",\"position\":1,\"name\":\"Inici\",\"item\":\"https:\/\/traumare.com\/ca\/\"},{\"@type\":\"ListItem\",\"position\":2,\"name\":\"Acupuntura\"}]},{\"@type\":\"WebSite\",\"@id\":\"https:\/\/traumare.com\/ca\/#website\",\"url\":\"https:\/\/traumare.com\/ca\/\",\"name\":\"TRAUMARE\",\"description\":\"\",\"potentialAction\":[{\"@type\":\"SearchAction\",\"target\":{\"@type\":\"EntryPoint\",\"urlTemplate\":\"https:\/\/traumare.com\/ca\/?s={search_term_string}\"},\"query-input\":\"required name=search_term_string\"}],\"inLanguage\":\"ca-ES\"}]}<\/script>\n<!-- \/ Yoast SEO plugin. -->","yoast_head_json":{"title":"Acupuntura - Traumare Centre m\u00e8dic i rehabilitaci\u00f3 a LleidaAcupuntura -\u00a0Traumare Centro m\u00e9dico y rehabilitaci\u00f3n","description":"A Traumare, Centre M\u00e8dic, oferim tractaments d'acupuntura a Lleida per a nombroses malalties, s\u00edndromes i condicionsTratamiento del dolor post-cirug\u00eda.\u00a0Patolog\u00edas relacionadas con el estr\u00e9s.\u00a0Tratamiento de la obesidad.\u00a0Tratamiento de rejuvenecimiento facial (Acupuntura est\u00e9tica facial)\u00a0NUEVO!","robots":{"index":"index","follow":"follow","max-snippet":"max-snippet:-1","max-image-preview":"max-image-preview:large","max-video-preview":"max-video-preview:-1"},"canonical":"https:\/\/traumare.com\/ca\/acupuntura\/","og_locale":"ca_ES","og_type":"article","og_title":"Acupuntura - Traumare Centre m\u00e8dic i rehabilitaci\u00f3 a LleidaAcupuntura -\u00a0Traumare Centro m\u00e9dico y rehabilitaci\u00f3n","og_description":"A Traumare, Centre M\u00e8dic, oferim tractaments d'acupuntura a Lleida per a nombroses malalties, s\u00edndromes i condicionsTratamiento del dolor post-cirug\u00eda.\u00a0Patolog\u00edas relacionadas con el estr\u00e9s.\u00a0Tratamiento de la obesidad.\u00a0Tratamiento de rejuvenecimiento facial (Acupuntura est\u00e9tica facial)\u00a0NUEVO!","og_url":"https:\/\/traumare.com\/ca\/acupuntura\/","og_site_name":"TRAUMARE","article_publisher":"https:\/\/www.facebook.com\/traumare","article_modified_time":"2016-09-23T12:34:58+00:00","og_image":[{"width":252,"height":179,"url":"https:\/\/traumare.com\/wp-content\/uploads\/2014\/11\/logo-quadrat.jpg","type":"image\/jpeg"}],"twitter_misc":{"Est. reading time":"3 minutes"},"schema":{"@context":"https:\/\/schema.org","@graph":[{"@type":"WebPage","@id":"https:\/\/traumare.com\/ca\/acupuntura\/","url":"https:\/\/traumare.com\/ca\/acupuntura\/","name":"Acupuntura - Traumare Centre m\u00e8dic i rehabilitaci\u00f3 a LleidaAcupuntura -\u00a0Traumare Centro m\u00e9dico y rehabilitaci\u00f3n","isPartOf":{"@id":"https:\/\/traumare.com\/ca\/#website"},"datePublished":"2015-12-30T14:31:53+00:00","dateModified":"2016-09-23T12:34:58+00:00","description":"A Traumare, Centre M\u00e8dic, oferim tractaments d'acupuntura a Lleida per a nombroses malalties, s\u00edndromes i condicionsTratamiento del dolor post-cirug\u00eda.\u00a0Patolog\u00edas relacionadas con el estr\u00e9s.\u00a0Tratamiento de la obesidad.\u00a0Tratamiento de rejuvenecimiento facial (Acupuntura est\u00e9tica facial)\u00a0NUEVO!","breadcrumb":{"@id":"https:\/\/traumare.com\/ca\/acupuntura\/#breadcrumb"},"inLanguage":"ca-ES","potentialAction":[{"@type":"ReadAction","target":["https:\/\/traumare.com\/ca\/acupuntura\/"]}]},{"@type":"BreadcrumbList","@id":"https:\/\/traumare.com\/ca\/acupuntura\/#breadcrumb","itemListElement":[{"@type":"ListItem","position":1,"name":"Inici","item":"https:\/\/traumare.com\/ca\/"},{"@type":"ListItem","position":2,"name":"Acupuntura"}]},{"@type":"WebSite","@id":"https:\/\/traumare.com\/ca\/#website","url":"https:\/\/traumare.com\/ca\/","name":"TRAUMARE","description":"","potentialAction":[{"@type":"SearchAction","target":{"@type":"EntryPoint","urlTemplate":"https:\/\/traumare.com\/ca\/?s={search_term_string}"},"query-input":"required name=search_term_string"}],"inLanguage":"ca-ES"}]}},"_links":{"self":[{"href":"https:\/\/traumare.com\/ca\/wp-json\/wp\/v2\/pages\/619"}],"collection":[{"href":"https:\/\/traumare.com\/ca\/wp-json\/wp\/v2\/pages"}],"about":[{"href":"https:\/\/traumare.com\/ca\/wp-json\/wp\/v2\/types\/page"}],"author":[{"embeddable":true,"href":"https:\/\/traumare.com\/ca\/wp-json\/wp\/v2\/users\/1"}],"replies":[{"embeddable":true,"href":"https:\/\/traumare.com\/ca\/wp-json\/wp\/v2\/comments?post=619"}],"version-history":[{"count":0,"href":"https:\/\/traumare.com\/ca\/wp-json\/wp\/v2\/pages\/619\/revisions"}],"wp:attachment":[{"href":"https:\/\/traumare.com\/ca\/wp-json\/wp\/v2\/media?parent=619"}],"curies":[{"name":"wp","href":"https:\/\/api.w.org\/{rel}","templated":true}]}}