{"id":1472,"date":"2016-12-22T07:56:04","date_gmt":"2016-12-22T07:56:04","guid":{"rendered":"http:\/\/traumare.com\/?page_id=1472"},"modified":"2020-02-26T08:04:00","modified_gmt":"2020-02-26T08:04:00","slug":"osteopatia","status":"publish","type":"page","link":"https:\/\/traumare.com\/ca\/osteopatia\/","title":{"rendered":"Osteopatia"},"content":{"rendered":"<p>[vc_row][vc_column][vc_column_text]<div id=\"metaslider-id-1477\" style=\"max-width: 1024px;\" class=\"ml-slider-3-60-1 metaslider metaslider-flex metaslider-1477 ml-slider ms-theme-default\" role=\"region\" aria-roledescription=\"Slideshow\" aria-label=\"osteopatia\">\n    <div id=\"metaslider_container_1477\">\n        <div id=\"metaslider_1477\">\n            <ul aria-live=\"polite\" class=\"slides\">\n                <li style=\"display: block; width: 100%;\" class=\"slide-720 ms-image\" aria-roledescription=\"slide\" aria-label=\"slide-720\"><img loading=\"lazy\" decoding=\"async\" src=\"https:\/\/traumare.com\/wp-content\/uploads\/2015\/12\/Fotografies-Traumare-rehabilitacion-lleida.jpg\" height=\"341\" width=\"1024\" alt=\"\" class=\"slider-1477 slide-720\" \/><\/li>\n                <li style=\"display: none; width: 100%;\" class=\"slide-721 ms-image\" aria-roledescription=\"slide\" aria-label=\"slide-721\"><img loading=\"lazy\" decoding=\"async\" src=\"https:\/\/traumare.com\/wp-content\/uploads\/2015\/12\/Fotografies-Traumare-rehabilitacion-lleida-4.jpg\" height=\"341\" width=\"1024\" alt=\"\" class=\"slider-1477 slide-721\" \/><\/li>\n                <li style=\"display: none; width: 100%;\" class=\"slide-1478 ms-image\" aria-roledescription=\"slide\" aria-label=\"slide-1478\"><img loading=\"lazy\" decoding=\"async\" src=\"https:\/\/traumare.com\/wp-content\/uploads\/2015\/12\/Traumare-osteopatia-lleida-traumatologia_01-1024x341.jpg\" height=\"341\" width=\"1024\" alt=\"\" class=\"slider-1477 slide-1478\" \/><\/li>\n            <\/ul>\n        <\/div>\n        \n    <\/div>\n<\/div>[\/vc_column_text][\/vc_column][\/vc_row][vc_row][vc_column width=&#8221;2\/3&#8243; css=&#8221;.vc_custom_1451484173360{margin-top: 10px !important;}&#8221;][vc_column_text]<\/p>\n<h4><span class=\"s1\">A\u00a0<\/span><span class=\"s1\">Traumare tenim un equip multidisciplinari que ens d\u00f3na un gran ventall d&#8217;alternatives terap\u00e8utiques per obtenir el millor resultat per a cada patologia i cada pacient.<\/span><\/h4>\n<p>[\/vc_column_text][vc_custom_heading text=&#8221;Diagnostiquem i tractem els teus problemes d&#8217;estructura i mec\u00e0nica del cos. Especialistes en osteopatia a Lleida. &#8221; font_container=&#8221;tag:h3|text_align:center|color:%23ffffff&#8221; use_theme_fonts=&#8221;yes&#8221; css=&#8221;.vc_custom_1482482905518{margin-top: 10px !important;margin-right: 0px !important;margin-bottom: 10px !important;margin-left: 0px !important;border-top-width: 30px !important;border-right-width: 30px !important;border-bottom-width: 30px !important;border-left-width: 30px !important;padding-top: 20px !important;padding-right: 20px !important;padding-bottom: 20px !important;padding-left: 20px !important;background-color: #9fa43c !important;}&#8221;][vc_column_text css=&#8221;.vc_custom_1482482920762{margin-top: 20px !important;}&#8221;]<\/p>\n<h2><span class=\"s1\"><b>Osteopatia o medicina osteop\u00e0tica<\/b><\/span><\/h2>\n<p>[\/vc_column_text][vc_column_text]<\/p>\n<p class=\"p1\"><span class=\"s1\">Som especialistes a Lleida en osteopatia, la ci\u00e8ncia i l&#8217;art de <strong>diagn\u00f2stic i tractament<\/strong> de les disfuncions de mobilitat articulars, musculars i viscerals del cos.<\/span><\/p>\n<p class=\"p1\"><span class=\"s1\">El <strong>correcte posicionament de les cervicals<\/strong>, especialment les cervicals altes, facilita la disminuci\u00f3 de marejos i cefalees, i millora autom\u00e0ticament les contractures cervicals i el dolor, que tenen un paper essencial en la prevenci\u00f3 i el manteniment de la salut.<\/span><\/p>\n<p>[\/vc_column_text][\/vc_column][vc_column width=&#8221;1\/3&#8243;]<h2 class=\"box-header\">Demana Cita<\/h2>[vc_column_text css=&#8221;.vc_custom_1453716000834{margin-top: 30px !important;}&#8221;]<\/p>\n<h3>Trucant al tel\u00e8fon <span style=\"color: #9fa43c;\">973 268 599<\/span>\u00a0o a trav\u00e9s del seg\u00fcent formulari:<\/h3>\n<p>[\/vc_column_text]<form class=\"contact-form \" id=\"contact_form\" method=\"post\" action=\"\"><div class=\"vc_row wpb_row vc_inner\">\n\t\t\t<fieldset class=\"vc_col-sm-6 wpb_column vc_column_container\"><label>FIRST NAME<\/label>\n\t\t\t\t<div class=\"block\">\n\t\t\t\t\t<input class=\"text_input\" name=\"first_name\" type=\"text\" value=\"\" tabindex=\"1\" data-required=\"1\">\n\t\t\t\t<\/div><label>DATE OF BIRTH (mm\/dd\/yyyy)<\/label>\n\t\t\t\t<div class=\"block\">\n\t\t\t\t\t<input class=\"text_input\" name=\"date_of_birth\" type=\"text\" value=\"\" tabindex=\"3\">\n\t\t\t\t<\/div><label>PHONE NUMBER<\/label>\n\t\t\t\t<div class=\"block\">\n\t\t\t\t\t<input class=\"text_input\" name=\"phone_number\" type=\"text\" value=\"\" tabindex=\"5\">\n\t\t\t\t<\/div><\/fieldset>\n\t\t\t<fieldset class=\"vc_col-sm-6 wpb_column vc_column_container\"><label>LAST NAME<\/label>\n\t\t\t\t<div class=\"block\">\n\t\t\t\t\t<input class=\"text_input\" name=\"last_name\" type=\"text\" value=\"\" tabindex=\"2\" data-required=\"1\">\n\t\t\t\t<\/div><label>SOCIAL SECURITY NUMBER<\/label>\n\t\t\t\t<div class=\"block\">\n\t\t\t\t\t<input class=\"text_input\" name=\"social_security_number\" type=\"text\" value=\"\" tabindex=\"4\">\n\t\t\t\t<\/div><label>E-MAIL<\/label>\n\t\t\t\t<div class=\"block\">\n\t\t\t\t\t<input class=\"text_input\" name=\"email\" type=\"text\" value=\"\" tabindex=\"6\" data-required=\"1\">\n\t\t\t\t<\/div><\/fieldset>\n\t\t<\/div><div class=\"vc_row wpb_row vc_inner\">\n\t\t\t<fieldset>\n\t\t\t\t<label>REASON OF APPOINTMENT<\/label>\n\t\t\t\t<div class=\"block\">\n\t\t\t\t\t<textarea name=\"message\" tabindex=\"7\" data-required=\"1\"><\/textarea>\n\t\t\t\t<\/div>\n\t\t\t<\/fieldset>\n\t\t<\/div><div class=\"vc_row wpb_row vc_inner submit-container margin-top-30\"><div class=\"vc_col-sm-6 wpb_column vc_column_container\">\n\t\t\t\t<p>We will contact you within one business day.<\/p>\n\t\t\t<\/div>\n\t\t\t<div class=\"vc_col-sm-6 wpb_column vc_column_container \"><input type=\"hidden\" name=\"action\" value=\"theme_contact_form\" \/>\n\t\t\t\t<input type=\"hidden\" name=\"id\" value=\"contact_form\" \/><div class=\"vc_row wpb_row vc_inner\">\n\t\t\t\t<input type=\"submit\" name=\"submit\" value=\"SEND\" class=\"more mc-button\" \/>\n\t\t\t<\/div><\/div><\/div>\n\t<\/form>[\/vc_column][\/vc_row][vc_row][vc_column]<ul class=\"gallery-item-details-list clearfix margin-bottom\"><li id=\"gallery-details-sandra-godia-gonzalez\" class=\"gallery-item-details clearfix\">\n\t\t\t\t\t<div class=\"vc_row wpb_row vc_row-fluid\">\n\t\t\t\t\t\t<div class=\"vc_col-sm-6 wpb_column vc_column_container\"><div class=\"gallery-box hover-icons-off\"><span class=\"mc-preloader\"><\/span>\n\t\t\t\t\t\t\t\t\t<img loading=\"lazy\" decoding=\"async\" width=\"480\" height=\"300\" src=\"https:\/\/traumare.com\/wp-content\/uploads\/2016\/01\/Equipo-medico-Traumare-Sandra-Godia-fisioterapia-rehabilitacio-lleida-480x300.jpg\" class=\"mc-preload wp-post-image\" alt=\"Sandra Godia Gonz\u00e1lez\" title=\"\" \/>\n\t\t\t\t\t\t\t\t\t<ul class=\"controls\">\n\t\t\t\t\t\t\t\t\t\t<li>\n\t\t\t\t\t\t\t\t\t\t\t<a href=\"https:\/\/traumare.com\/wp-content\/uploads\/2016\/01\/Equipo-medico-Traumare-Sandra-Godia-fisioterapia-rehabilitacio-lleida.jpg\" class=\"template-plus-2 fancybox open-lightbox\" rel=\"featured-gallery\"><\/a>\n\t\t\t\t\t\t\t\t\t\t<\/li>\n\t\t\t\t\t\t\t\t\t<\/ul><div class=\"description\">\n\t\t\t\t\t\t\t\t\t\t<h3>Sandra Godia Gonz\u00e1lez<\/h3>\n\t\t\t\t\t\t\t\t\t\t<h5>Fisioterapeuta<\/h5>\n\t\t\t\t\t\t\t\t\t<\/div><\/div><ul class=\"social-icons clearfix\"><li><a class=\"social-facebook\" href=\"https:\/\/www.facebook.com\/traumare\" target=\"_blank\" title=\"\">&nbsp;<\/a><\/li><li><a class=\"social-linkedin\" href=\"https:\/\/www.linkedin.com\/in\/sandra-godia-43390666\/\" title=\"\">&nbsp;<\/a><\/li><li><a class=\"social-instagram\" href=\"https:\/\/www.instagram.com\/traumare_rhb\/\" target=\"_blank\" title=\"\">&nbsp;<\/a><\/li><\/ul><\/div>\n\t\t\t\t\t<div class=\"vc_col-sm-6 wpb_column vc_column_container\">\n\t\t\t\t\t\t<div class=\"details-box\"><ul class=\"controls\"><li>\n\t\t\t\t\t\t\t\t\t\t<a href=\"#gallery-details-close\" class=\"close template-remove-1\"><\/a>\n\t\t\t\t\t\t\t\t\t<\/li>\n\t\t\t\t\t\t\t\t<\/ul><h2 class=\"box-header\"> Sandra Godia Gonz\u00e1lez<\/h2><strong>N\u00fam. col\u00b7legiat: 10406<\/strong>\r\n<strong>Formaci\u00f3:<\/strong>\r\n<ul>\r\n \t<li>M\u00e0ster Universitari en Fisioter\u00e0pia de l\u2019Esport i Readaptaci\u00f3 a l\u2019Activitat F\u00edsica per l\u2019Escola Universit\u00e0ria Gimbernat i Tom\u00e0s Cerd\u00e0 (EUG)<\/li>\r\n \t<li>Curs Expert en M\u00e8tode Pilates per la Salud i l\u2019Activitat F\u00edsica per Fisioterapeutes per la Universitat Internacional de La Rioja (UNIR).<\/li>\r\n \t<li>Curs intensiu d\u2019Osteopatia Estructural per l'Escola Internacional de Terapia F\u00edsica.<\/li>\r\n \t<li>Curs de diagn\u00f2stic i tractament de la ATM (Articulaci\u00f3 Temporo-Mandibular) i la relaci\u00f3 mand\u00edbulo-occipito-oclusal per l\u2019Institut Omphis.<\/li>\r\n \t<li>Especialista en l\u2019\u00e0mbit esportiu, es va formar al Club Gimn\u00e0stic de Tarragona en les categories superiors de Futbol base. En la actualitat es la coordinadora de fisioter\u00e0pia del Club Atl\u00e8tic Segre de Lleida, formant part del Staff t\u00e8cnic del Juvenil A en categoria Nacional.<strong>Associacions:<\/strong>\r\nInscrita al Col\u00b7legi de Fisioterap\u00e8utes de Catalunya.<\/li>\r\n<\/ul><div class=\"item-footer clearfix\"><a title=\"Sandra Godia Gonz\u00e1lez\" href=\"https:\/\/traumare.com\/ca\/doctors\/sandra-godia-gonzalez\/\" class=\"mc-button more light template-arrow-horizontal-1-after\">PROFILE<\/a><\/div><\/div><\/div>\n\t\t\t\t<\/div><\/ul><h3 class=\"box-header margin-bottom-30\">Quadre m\u00e8dic<\/h3><ul class=\"tabs-navigation isotope-filters clearfix\"><li>\n\t\t\t\t\t\t\t<a href=\"#filter-fisioterapia-y-rehabilitacion\" title=\"Fisioter\u00e0pia i Rehabilitaci\u00f3\">Fisioter\u00e0pia i Rehabilitaci\u00f3<\/a>\n\t\t\t\t\t\t<\/li><\/ul><ul class=\"mc-gallery gallery-4-columns dm_filters\"><li class=\"fisioterapia-y-rehabilitacion ver-todos\" id=\"gallery-item-sandra-godia-gonzalez\">\n\t\t\t\t\t<div class=\"gallery-box gallery-box-1 hover-icons-off\"><span class=\"mc-preloader\"><\/span><img loading=\"lazy\" decoding=\"async\" width=\"225\" height=\"150\" src=\"https:\/\/traumare.com\/wp-content\/uploads\/2016\/01\/Equipo-medico-Traumare-Sandra-Godia-fisioterapia-rehabilitacio-lleida-225x150.jpg\" class=\"mc-preload wp-post-image\" alt=\"Sandra Godia Gonz\u00e1lez\" title=\"\" \/>\n\t\t\t\t\t\t<div class=\"description\">\n\t\t\t\t\t\t\t<h4>Sandra Godia Gonz\u00e1lez<\/h4>\n\t\t\t\t\t\t\t<h5>Fisioterapeuta<\/h5>\n\t\t\t\t\t\t<\/div><ul class=\"social-icons clearfix\"><li><a class=\"social-facebook\" href=\"https:\/\/www.facebook.com\/traumare\" target=\"_blank\" title=\"\">&nbsp;<\/a><\/li><li><a class=\"social-linkedin\" href=\"https:\/\/www.linkedin.com\/in\/sandra-godia-43390666\/\" title=\"\">&nbsp;<\/a><\/li><li><a class=\"social-instagram\" href=\"https:\/\/www.instagram.com\/traumare_rhb\/\" target=\"_blank\" title=\"\">&nbsp;<\/a><\/li><\/ul>\n\t\t\t\t\t\t<ul class=\"controls\">\n\t\t\t\t\t\t\t<li>\n\t\t\t\t\t\t\t\t<a href=\"#gallery-details-sandra-godia-gonzalez\" class=\"template-menu-2 open-details\"><\/a>\n\t\t\t\t\t\t\t<\/li><li><a href=\"https:\/\/traumare.com\/wp-content\/uploads\/2016\/01\/Equipo-medico-Traumare-Sandra-Godia-fisioterapia-rehabilitacio-lleida.jpg\" class=\"template-plus-2 fancybox open-lightbox\" rel=\"mcgallery\"><\/a>\n\t\t\t\t\t<\/li><\/ul><\/div><\/li><\/ul>[\/vc_column][\/vc_row]<\/p>\n","protected":false},"excerpt":{"rendered":"<p>[vc_row][vc_column][vc_column_text][\/vc_column_text][\/vc_column][\/vc_row][vc_row][vc_column width=&#8221;2\/3&#8243; css=&#8221;.vc_custom_1451484173360{margin-top: 10px !important;}&#8221;][vc_column_text] A\u00a0Traumare tenim un equip multidisciplinari que ens d\u00f3na un gran ventall d&#8217;alternatives terap\u00e8utiques per obtenir el millor resultat per a cada patologia i cada pacient. [\/vc_column_text][vc_custom_heading text=&#8221;Diagnostiquem i tractem els teus problemes d&#8217;estructura i mec\u00e0nica del cos. Especialistes en osteopatia a Lleida. &#8221; font_container=&#8221;tag:h3|text_align:center|color:%23ffffff&#8221; use_theme_fonts=&#8221;yes&#8221; css=&#8221;.vc_custom_1482482905518{margin-top: 10px !important;margin-right: 0px !important;margin-bottom:<\/p>\n","protected":false},"author":1,"featured_media":0,"parent":0,"menu_order":0,"comment_status":"closed","ping_status":"closed","template":"","meta":{"_monsterinsights_skip_tracking":false,"_monsterinsights_sitenote_active":false,"_monsterinsights_sitenote_note":"","_monsterinsights_sitenote_category":0,"footnotes":""},"yoast_head":"<!-- This site is optimized with the Yoast SEO plugin v21.8 - https:\/\/yoast.com\/wordpress\/plugins\/seo\/ -->\n<title>Osteopatia - Traumare, Centre m\u00e8dic i rehabilitaci\u00f3 a Lleida<\/title>\n<meta name=\"description\" content=\"Ci\u00e8ncia i art de diagnosi i tractament de les disfuncions de mobilitat articulars, musculars i viscerals del cos, el correcte posicionament de les cervicals\" \/>\n<meta name=\"robots\" content=\"index, follow, max-snippet:-1, max-image-preview:large, max-video-preview:-1\" \/>\n<link rel=\"canonical\" href=\"https:\/\/traumare.com\/ca\/osteopatia\/\" \/>\n<meta property=\"og:locale\" content=\"ca_ES\" \/>\n<meta property=\"og:type\" content=\"article\" \/>\n<meta property=\"og:title\" content=\"Osteopatia - Traumare, Centre m\u00e8dic i rehabilitaci\u00f3 a Lleida\" \/>\n<meta property=\"og:description\" content=\"Ci\u00e8ncia i art de diagnosi i tractament de les disfuncions de mobilitat articulars, musculars i viscerals del cos, el correcte posicionament de les cervicals\" \/>\n<meta property=\"og:url\" content=\"https:\/\/traumare.com\/ca\/osteopatia\/\" \/>\n<meta property=\"og:site_name\" content=\"TRAUMARE\" \/>\n<meta property=\"article:publisher\" content=\"https:\/\/www.facebook.com\/traumare\" \/>\n<meta property=\"article:modified_time\" content=\"2020-02-26T08:04:00+00:00\" \/>\n<meta property=\"og:image\" content=\"https:\/\/traumare.com\/wp-content\/uploads\/2014\/11\/logo-quadrat.jpg\" \/>\n\t<meta property=\"og:image:width\" content=\"252\" \/>\n\t<meta property=\"og:image:height\" content=\"179\" \/>\n\t<meta property=\"og:image:type\" content=\"image\/jpeg\" \/>\n<meta name=\"twitter:label1\" content=\"Est. reading time\" \/>\n\t<meta name=\"twitter:data1\" content=\"2 minutes\" \/>\n<script type=\"application\/ld+json\" class=\"yoast-schema-graph\">{\"@context\":\"https:\/\/schema.org\",\"@graph\":[{\"@type\":\"WebPage\",\"@id\":\"https:\/\/traumare.com\/ca\/osteopatia\/\",\"url\":\"https:\/\/traumare.com\/ca\/osteopatia\/\",\"name\":\"Osteopatia - Traumare, Centre m\u00e8dic i rehabilitaci\u00f3 a Lleida\",\"isPartOf\":{\"@id\":\"https:\/\/traumare.com\/ca\/#website\"},\"datePublished\":\"2016-12-22T07:56:04+00:00\",\"dateModified\":\"2020-02-26T08:04:00+00:00\",\"description\":\"Ci\u00e8ncia i art de diagnosi i tractament de les disfuncions de mobilitat articulars, musculars i viscerals del cos, el correcte posicionament de les cervicals\",\"breadcrumb\":{\"@id\":\"https:\/\/traumare.com\/ca\/osteopatia\/#breadcrumb\"},\"inLanguage\":\"ca-ES\",\"potentialAction\":[{\"@type\":\"ReadAction\",\"target\":[\"https:\/\/traumare.com\/ca\/osteopatia\/\"]}]},{\"@type\":\"BreadcrumbList\",\"@id\":\"https:\/\/traumare.com\/ca\/osteopatia\/#breadcrumb\",\"itemListElement\":[{\"@type\":\"ListItem\",\"position\":1,\"name\":\"Inici\",\"item\":\"https:\/\/traumare.com\/ca\/\"},{\"@type\":\"ListItem\",\"position\":2,\"name\":\"Osteopatia\"}]},{\"@type\":\"WebSite\",\"@id\":\"https:\/\/traumare.com\/ca\/#website\",\"url\":\"https:\/\/traumare.com\/ca\/\",\"name\":\"TRAUMARE\",\"description\":\"\",\"potentialAction\":[{\"@type\":\"SearchAction\",\"target\":{\"@type\":\"EntryPoint\",\"urlTemplate\":\"https:\/\/traumare.com\/ca\/?s={search_term_string}\"},\"query-input\":\"required name=search_term_string\"}],\"inLanguage\":\"ca-ES\"}]}<\/script>\n<!-- \/ Yoast SEO plugin. -->","yoast_head_json":{"title":"Osteopatia - Traumare, Centre m\u00e8dic i rehabilitaci\u00f3 a Lleida","description":"Ci\u00e8ncia i art de diagnosi i tractament de les disfuncions de mobilitat articulars, musculars i viscerals del cos, el correcte posicionament de les cervicals","robots":{"index":"index","follow":"follow","max-snippet":"max-snippet:-1","max-image-preview":"max-image-preview:large","max-video-preview":"max-video-preview:-1"},"canonical":"https:\/\/traumare.com\/ca\/osteopatia\/","og_locale":"ca_ES","og_type":"article","og_title":"Osteopatia - Traumare, Centre m\u00e8dic i rehabilitaci\u00f3 a Lleida","og_description":"Ci\u00e8ncia i art de diagnosi i tractament de les disfuncions de mobilitat articulars, musculars i viscerals del cos, el correcte posicionament de les cervicals","og_url":"https:\/\/traumare.com\/ca\/osteopatia\/","og_site_name":"TRAUMARE","article_publisher":"https:\/\/www.facebook.com\/traumare","article_modified_time":"2020-02-26T08:04:00+00:00","og_image":[{"width":252,"height":179,"url":"https:\/\/traumare.com\/wp-content\/uploads\/2014\/11\/logo-quadrat.jpg","type":"image\/jpeg"}],"twitter_misc":{"Est. reading time":"2 minutes"},"schema":{"@context":"https:\/\/schema.org","@graph":[{"@type":"WebPage","@id":"https:\/\/traumare.com\/ca\/osteopatia\/","url":"https:\/\/traumare.com\/ca\/osteopatia\/","name":"Osteopatia - Traumare, Centre m\u00e8dic i rehabilitaci\u00f3 a Lleida","isPartOf":{"@id":"https:\/\/traumare.com\/ca\/#website"},"datePublished":"2016-12-22T07:56:04+00:00","dateModified":"2020-02-26T08:04:00+00:00","description":"Ci\u00e8ncia i art de diagnosi i tractament de les disfuncions de mobilitat articulars, musculars i viscerals del cos, el correcte posicionament de les cervicals","breadcrumb":{"@id":"https:\/\/traumare.com\/ca\/osteopatia\/#breadcrumb"},"inLanguage":"ca-ES","potentialAction":[{"@type":"ReadAction","target":["https:\/\/traumare.com\/ca\/osteopatia\/"]}]},{"@type":"BreadcrumbList","@id":"https:\/\/traumare.com\/ca\/osteopatia\/#breadcrumb","itemListElement":[{"@type":"ListItem","position":1,"name":"Inici","item":"https:\/\/traumare.com\/ca\/"},{"@type":"ListItem","position":2,"name":"Osteopatia"}]},{"@type":"WebSite","@id":"https:\/\/traumare.com\/ca\/#website","url":"https:\/\/traumare.com\/ca\/","name":"TRAUMARE","description":"","potentialAction":[{"@type":"SearchAction","target":{"@type":"EntryPoint","urlTemplate":"https:\/\/traumare.com\/ca\/?s={search_term_string}"},"query-input":"required name=search_term_string"}],"inLanguage":"ca-ES"}]}},"_links":{"self":[{"href":"https:\/\/traumare.com\/ca\/wp-json\/wp\/v2\/pages\/1472"}],"collection":[{"href":"https:\/\/traumare.com\/ca\/wp-json\/wp\/v2\/pages"}],"about":[{"href":"https:\/\/traumare.com\/ca\/wp-json\/wp\/v2\/types\/page"}],"author":[{"embeddable":true,"href":"https:\/\/traumare.com\/ca\/wp-json\/wp\/v2\/users\/1"}],"replies":[{"embeddable":true,"href":"https:\/\/traumare.com\/ca\/wp-json\/wp\/v2\/comments?post=1472"}],"version-history":[{"count":2,"href":"https:\/\/traumare.com\/ca\/wp-json\/wp\/v2\/pages\/1472\/revisions"}],"predecessor-version":[{"id":2350,"href":"https:\/\/traumare.com\/ca\/wp-json\/wp\/v2\/pages\/1472\/revisions\/2350"}],"wp:attachment":[{"href":"https:\/\/traumare.com\/ca\/wp-json\/wp\/v2\/media?parent=1472"}],"curies":[{"name":"wp","href":"https:\/\/api.w.org\/{rel}","templated":true}]}}