{"id":1244,"date":"2016-07-21T07:01:56","date_gmt":"2016-07-21T07:01:56","guid":{"rendered":"http:\/\/traumare.com\/?page_id=1244"},"modified":"2023-01-17T16:58:33","modified_gmt":"2023-01-17T16:58:33","slug":"fisioterapia-deportiva","status":"publish","type":"page","link":"https:\/\/traumare.com\/ca\/fisioterapia-deportiva\/","title":{"rendered":"Fisioter\u00e0pia Esportiva"},"content":{"rendered":"<p>[vc_row][vc_column][vc_column_text]<div id=\"metaslider-id-1345\" style=\"max-width: 1024px;\" class=\"ml-slider-3-60-1 metaslider metaslider-flex metaslider-1345 ml-slider ms-theme-default\" role=\"region\" aria-roledescription=\"Slideshow\" aria-label=\"traumaresport\">\n    <div id=\"metaslider_container_1345\">\n        <div id=\"metaslider_1345\">\n            <ul aria-live=\"polite\" class=\"slides\">\n                <li style=\"display: block; width: 100%;\" class=\"slide-1370 ms-image\" aria-roledescription=\"slide\" aria-label=\"slide-1370\"><img loading=\"lazy\" decoding=\"async\" src=\"https:\/\/traumare.com\/wp-content\/uploads\/2015\/12\/Traumare_traumaresport_fisioterapia-deportiva-01-1024x341.jpg\" height=\"341\" width=\"1024\" alt=\"TraumareSport Fisioterapia deportiva\" class=\"slider-1345 slide-1370\" \/><\/li>\n                <li style=\"display: none; width: 100%;\" class=\"slide-1369 ms-image\" aria-roledescription=\"slide\" aria-label=\"slide-1369\"><img loading=\"lazy\" decoding=\"async\" src=\"https:\/\/traumare.com\/wp-content\/uploads\/2015\/12\/Traumare_traumaresport_fisioterapia-deportiva-02-1024x341.jpg\" height=\"341\" width=\"1024\" alt=\"TraumareSport Fisioterapia deportiva\" class=\"slider-1345 slide-1369\" \/><\/li>\n            <\/ul>\n        <\/div>\n        \n    <\/div>\n<\/div>[\/vc_column_text][\/vc_column][\/vc_row][vc_row][vc_column width=&#8221;2\/3&#8243;][vc_custom_heading text=&#8221;Des de TraumareSport ens dediquem a les persones que practiquen l\u2019esport oferint els millors serveis en diagn\u00f2stic esportiu i fisioter\u00e0pia esportiva, per calmar el dolor i accelerar el proc\u00e9s de recuperaci\u00f3 de l\u2019esportista.&#8221; font_container=&#8221;tag:h3|text_align:center|color:%23ffffff&#8221; use_theme_fonts=&#8221;yes&#8221; css=&#8221;.vc_custom_1475587909112{margin-top: 10px !important;margin-right: 0px !important;margin-bottom: 10px !important;margin-left: 0px !important;border-top-width: 30px !important;border-right-width: 30px !important;border-bottom-width: 30px !important;border-left-width: 30px !important;padding-top: 20px !important;padding-right: 20px !important;padding-bottom: 20px !important;padding-left: 20px !important;background-color: #eb6b59 !important;}&#8221;][vc_column_text]Des de Traumare ens dediquem a les persones que practiquen l\u2019esport a Lleida, per aix\u00f2 TraumareSport ofereix els millors serveis perqu\u00e8 un esportista es noti recolzat en tot moment. Els que estem involucrats en l\u2019\u00e0mbit esportiu sabem que una lesi\u00f3 \u00e9s la part m\u00e9s temuda per un esportista ja que t\u2019aparta de la teva passi\u00f3.<\/p>\n<p>Si sofreixes una lesi\u00f3, TraumareSport est\u00e0 preparat per diagnosticar-te el m\u00e9s aviat possible i poder comen\u00e7ar el proc\u00e9s de rehabilitaci\u00f3. Aquesta \u00e9s la part m\u00e9s coneguda de la fisioter\u00e0pia, on el pacient est\u00e0 a la camilla. A TraumareSport disposem dels aparells necessaris per calmar el dolor i accelerar el proc\u00e9s de recuperaci\u00f3, juntament amb la ter\u00e0pia manual dels nostres fisioterapeutes. Un cop superada la primera fase de dolor, i el fisioterapeuta cregui convenient, comen\u00e7arem la readaptaci\u00f3 on el pacient passa a ser m\u00e9s actiu i no tan passiu. El pacient amb les indicacions del readaptador realitzar\u00e0 els exercicis que cregui m\u00e9s convenients segons l\u2019esport que practica i la lesi\u00f3 que ha patit. La idea \u00e9s arribar al <em>return to play<\/em> amb les m\u00e0ximes condicions f\u00edsiques i psicol\u00f2giques.<\/p>\n<p>A TraumareSport sabem que una lesi\u00f3 en l\u2019esportista \u00e9s la part que tothom vol evitar, per aix\u00f2 treballem amb la prevenci\u00f3 de lesions on l\u2019objectiu principal \u00e9s reduir el risc de lesi\u00f3. La prevenci\u00f3 de lesions es pot treballar tant si t\u2019has lesionat com si no t\u2019has lesionat mai i ho vols evitar.<\/p>\n<p><strong>Prevenci\u00f3 de lesions<\/strong><\/p>\n<p>Hi ha molts factors que influeixen a l\u2019hora de lesionar-te. El que fa la prevenci\u00f3 de lesions \u00e9s individualitzar el procediment ja que s\u2019ha d\u2019estudiar a cada persona i mirar quins s\u00f3n els seus factors intr\u00ednsecs (lesions anteriors, edat, aspectes anat\u00f2mics: alineacions articulars, laxitud lligamentosa, escur\u00e7aments musculars; condicions f\u00edsiques: for\u00e7a, coordinaci\u00f3, flexibilitat, equilibri i resist\u00e8ncia) i els seus factors extr\u00ednsecs (motricitat de l\u2019esport practicat, entrenament: din\u00e0mica, volum, c\u00e0rregues, descans; competici\u00f3 esportiva, condicions atmosf\u00e8riques, hidrataci\u00f3,&#8230;). A partir d\u2019aqu\u00ed s\u2019han de millorar els factors que no s\u00f3n correctes.<\/p>\n<p><strong>Rehabilitaci\u00f3<\/strong><\/p>\n<p>La rehabilitaci\u00f3 \u00e9s tornar l\u2019estructura lesionada al seu estat normal. Per fer-ho disposem de diferents m\u00e8todes com \u00e9s l\u2019electroter\u00e0pia, termoter\u00e0pia, magnetoter\u00e0pia, electroacupuntura, punci\u00f3 seca, ganxos, massoter\u00e0pia, cinesiter\u00e0pia i ter\u00e0pia manual.<\/p>\n<p><strong>Readaptaci\u00f3<\/strong><\/p>\n<p>L\u2019objectiu principal de la readaptaci\u00f3 \u00e9s que la lesi\u00f3 evolucioni lo m\u00e9s r\u00e0pid i favorable possible realitzant els exercicis m\u00e9s adients en cada fase de la lesi\u00f3. Hem de preparar a la persona que ha patit la lesi\u00f3, en especial la zona lesionada, per tornar a realitzar esfor\u00e7os, com \u00e9s la pr\u00e0ctica d\u2019una activitat esportiva i no tornar a recaure.<\/p>\n<p><strong><em>Return to play<\/em><\/strong><\/p>\n<p>\u00c9s la incorporaci\u00f3 al teu esport en les millors condicions possibles.[\/vc_column_text][\/vc_column][vc_column width=&#8221;1\/3&#8243;]<h2 class=\"box-header\">Demana cita<\/h2>[vc_column_text css=&#8221;.vc_custom_1453716000834{margin-top: 30px !important;}&#8221;]<\/p>\n<h3>Trucant al tel\u00e8fon <span style=\"color: #9fa43c;\">973 268 599<\/span>\u00a0o a trav\u00e9s del seg\u00fcent formulari:<\/h3>\n<p>[\/vc_column_text]<form class=\"contact-form \" id=\"contact_form\" method=\"post\" action=\"\"><div class=\"vc_row wpb_row vc_inner\">\n\t\t\t<fieldset class=\"vc_col-sm-6 wpb_column vc_column_container\"><label>FIRST NAME<\/label>\n\t\t\t\t<div class=\"block\">\n\t\t\t\t\t<input class=\"text_input\" name=\"first_name\" type=\"text\" value=\"\" tabindex=\"1\" data-required=\"1\">\n\t\t\t\t<\/div><label>DATE OF BIRTH (mm\/dd\/yyyy)<\/label>\n\t\t\t\t<div class=\"block\">\n\t\t\t\t\t<input class=\"text_input\" name=\"date_of_birth\" type=\"text\" value=\"\" tabindex=\"3\">\n\t\t\t\t<\/div><label>PHONE NUMBER<\/label>\n\t\t\t\t<div class=\"block\">\n\t\t\t\t\t<input class=\"text_input\" name=\"phone_number\" type=\"text\" value=\"\" tabindex=\"5\">\n\t\t\t\t<\/div><\/fieldset>\n\t\t\t<fieldset class=\"vc_col-sm-6 wpb_column vc_column_container\"><label>LAST NAME<\/label>\n\t\t\t\t<div class=\"block\">\n\t\t\t\t\t<input class=\"text_input\" name=\"last_name\" type=\"text\" value=\"\" tabindex=\"2\" data-required=\"1\">\n\t\t\t\t<\/div><label>SOCIAL SECURITY NUMBER<\/label>\n\t\t\t\t<div class=\"block\">\n\t\t\t\t\t<input class=\"text_input\" name=\"social_security_number\" type=\"text\" value=\"\" tabindex=\"4\">\n\t\t\t\t<\/div><label>E-MAIL<\/label>\n\t\t\t\t<div class=\"block\">\n\t\t\t\t\t<input class=\"text_input\" name=\"email\" type=\"text\" value=\"\" tabindex=\"6\" data-required=\"1\">\n\t\t\t\t<\/div><\/fieldset>\n\t\t<\/div><div class=\"vc_row wpb_row vc_inner\">\n\t\t\t<fieldset>\n\t\t\t\t<label>REASON OF APPOINTMENT<\/label>\n\t\t\t\t<div class=\"block\">\n\t\t\t\t\t<textarea name=\"message\" tabindex=\"7\" data-required=\"1\"><\/textarea>\n\t\t\t\t<\/div>\n\t\t\t<\/fieldset>\n\t\t<\/div><div class=\"vc_row wpb_row vc_inner submit-container margin-top-30\"><div class=\"vc_col-sm-6 wpb_column vc_column_container\">\n\t\t\t\t<p>We will contact you within one business day.<\/p>\n\t\t\t<\/div>\n\t\t\t<div class=\"vc_col-sm-6 wpb_column vc_column_container \"><input type=\"hidden\" name=\"action\" value=\"theme_contact_form\" \/>\n\t\t\t\t<input type=\"hidden\" name=\"id\" value=\"contact_form\" \/><div class=\"vc_row wpb_row vc_inner\">\n\t\t\t\t<input type=\"submit\" name=\"submit\" value=\"SEND\" class=\"more mc-button\" \/>\n\t\t\t<\/div><\/div><\/div>\n\t<\/form>[\/vc_column][\/vc_row][vc_row][vc_column]<ul class=\"gallery-item-details-list clearfix margin-bottom\"><li id=\"gallery-details-sandra-godia-gonzalez\" class=\"gallery-item-details clearfix\">\n\t\t\t\t\t<div class=\"vc_row wpb_row vc_row-fluid\">\n\t\t\t\t\t\t<div class=\"vc_col-sm-6 wpb_column vc_column_container\"><div class=\"gallery-box hover-icons-off\"><span class=\"mc-preloader\"><\/span>\n\t\t\t\t\t\t\t\t\t<img loading=\"lazy\" decoding=\"async\" width=\"480\" height=\"300\" src=\"https:\/\/traumare.com\/wp-content\/uploads\/2016\/01\/Equipo-medico-Traumare-Sandra-Godia-fisioterapia-rehabilitacio-lleida-480x300.jpg\" class=\"mc-preload wp-post-image\" alt=\"Sandra Godia Gonz\u00e1lez\" title=\"\" \/>\n\t\t\t\t\t\t\t\t\t<ul class=\"controls\">\n\t\t\t\t\t\t\t\t\t\t<li>\n\t\t\t\t\t\t\t\t\t\t\t<a href=\"https:\/\/traumare.com\/wp-content\/uploads\/2016\/01\/Equipo-medico-Traumare-Sandra-Godia-fisioterapia-rehabilitacio-lleida.jpg\" class=\"template-plus-2 fancybox open-lightbox\" rel=\"featured-gallery\"><\/a>\n\t\t\t\t\t\t\t\t\t\t<\/li>\n\t\t\t\t\t\t\t\t\t<\/ul><div class=\"description\">\n\t\t\t\t\t\t\t\t\t\t<h3>Sandra Godia Gonz\u00e1lez<\/h3>\n\t\t\t\t\t\t\t\t\t\t<h5>Fisioterapeuta<\/h5>\n\t\t\t\t\t\t\t\t\t<\/div><\/div><ul class=\"social-icons clearfix\"><li><a class=\"social-facebook\" href=\"https:\/\/www.facebook.com\/traumare\" target=\"_blank\" title=\"\">&nbsp;<\/a><\/li><li><a class=\"social-linkedin\" href=\"https:\/\/www.linkedin.com\/in\/sandra-godia-43390666\/\" title=\"\">&nbsp;<\/a><\/li><li><a class=\"social-instagram\" href=\"https:\/\/www.instagram.com\/traumare_rhb\/\" target=\"_blank\" title=\"\">&nbsp;<\/a><\/li><\/ul><\/div>\n\t\t\t\t\t<div class=\"vc_col-sm-6 wpb_column vc_column_container\">\n\t\t\t\t\t\t<div class=\"details-box\"><ul class=\"controls\"><li>\n\t\t\t\t\t\t\t\t\t\t<a href=\"#gallery-details-close\" class=\"close template-remove-1\"><\/a>\n\t\t\t\t\t\t\t\t\t<\/li>\n\t\t\t\t\t\t\t\t<\/ul><h2 class=\"box-header\"> Sandra Godia Gonz\u00e1lez<\/h2><strong>N\u00fam. col\u00b7legiat: 10406<\/strong>\r\n<strong>Formaci\u00f3:<\/strong>\r\n<ul>\r\n \t<li>M\u00e0ster Universitari en Fisioter\u00e0pia de l\u2019Esport i Readaptaci\u00f3 a l\u2019Activitat F\u00edsica per l\u2019Escola Universit\u00e0ria Gimbernat i Tom\u00e0s Cerd\u00e0 (EUG)<\/li>\r\n \t<li>Curs Expert en M\u00e8tode Pilates per la Salud i l\u2019Activitat F\u00edsica per Fisioterapeutes per la Universitat Internacional de La Rioja (UNIR).<\/li>\r\n \t<li>Curs intensiu d\u2019Osteopatia Estructural per l'Escola Internacional de Terapia F\u00edsica.<\/li>\r\n \t<li>Curs de diagn\u00f2stic i tractament de la ATM (Articulaci\u00f3 Temporo-Mandibular) i la relaci\u00f3 mand\u00edbulo-occipito-oclusal per l\u2019Institut Omphis.<\/li>\r\n \t<li>Especialista en l\u2019\u00e0mbit esportiu, es va formar al Club Gimn\u00e0stic de Tarragona en les categories superiors de Futbol base. En la actualitat es la coordinadora de fisioter\u00e0pia del Club Atl\u00e8tic Segre de Lleida, formant part del Staff t\u00e8cnic del Juvenil A en categoria Nacional.<strong>Associacions:<\/strong>\r\nInscrita al Col\u00b7legi de Fisioterap\u00e8utes de Catalunya.<\/li>\r\n<\/ul><div class=\"item-footer clearfix\"><a title=\"Sandra Godia Gonz\u00e1lez\" href=\"https:\/\/traumare.com\/ca\/doctors\/sandra-godia-gonzalez\/\" class=\"mc-button more light template-arrow-horizontal-1-after\">PROFILE<\/a><\/div><\/div><\/div>\n\t\t\t\t<\/div><\/ul><h3 class=\"box-header margin-bottom-30\">Quadre m\u00e8dic fisioter\u00e0pia esportiva<\/h3><ul class=\"tabs-navigation isotope-filters clearfix\"><\/ul><ul class=\"mc-gallery gallery-4-columns dm_filters\"><li class=\"fisioterapia-y-rehabilitacion ver-todos\" id=\"gallery-item-sandra-godia-gonzalez\">\n\t\t\t\t\t<div class=\"gallery-box gallery-box-1 hover-icons-off\"><span class=\"mc-preloader\"><\/span><img loading=\"lazy\" decoding=\"async\" width=\"225\" height=\"150\" src=\"https:\/\/traumare.com\/wp-content\/uploads\/2016\/01\/Equipo-medico-Traumare-Sandra-Godia-fisioterapia-rehabilitacio-lleida-225x150.jpg\" class=\"mc-preload wp-post-image\" alt=\"Sandra Godia Gonz\u00e1lez\" title=\"\" \/>\n\t\t\t\t\t\t<div class=\"description\">\n\t\t\t\t\t\t\t<h4>Sandra Godia Gonz\u00e1lez<\/h4>\n\t\t\t\t\t\t\t<h5>Fisioterapeuta<\/h5>\n\t\t\t\t\t\t<\/div><ul class=\"social-icons clearfix\"><li><a class=\"social-facebook\" href=\"https:\/\/www.facebook.com\/traumare\" target=\"_blank\" title=\"\">&nbsp;<\/a><\/li><li><a class=\"social-linkedin\" href=\"https:\/\/www.linkedin.com\/in\/sandra-godia-43390666\/\" title=\"\">&nbsp;<\/a><\/li><li><a class=\"social-instagram\" href=\"https:\/\/www.instagram.com\/traumare_rhb\/\" target=\"_blank\" title=\"\">&nbsp;<\/a><\/li><\/ul>\n\t\t\t\t\t\t<ul class=\"controls\">\n\t\t\t\t\t\t\t<li>\n\t\t\t\t\t\t\t\t<a href=\"#gallery-details-sandra-godia-gonzalez\" class=\"template-menu-2 open-details\"><\/a>\n\t\t\t\t\t\t\t<\/li><li><a href=\"https:\/\/traumare.com\/wp-content\/uploads\/2016\/01\/Equipo-medico-Traumare-Sandra-Godia-fisioterapia-rehabilitacio-lleida.jpg\" class=\"template-plus-2 fancybox open-lightbox\" rel=\"mcgallery\"><\/a>\n\t\t\t\t\t<\/li><\/ul><\/div><\/li><\/ul>[\/vc_column][\/vc_row]<\/p>\n","protected":false},"excerpt":{"rendered":"<p>[vc_row][vc_column][vc_column_text][\/vc_column_text][\/vc_column][\/vc_row][vc_row][vc_column width=&#8221;2\/3&#8243;][vc_custom_heading text=&#8221;Des de TraumareSport ens dediquem a les persones que practiquen l\u2019esport oferint els millors serveis en diagn\u00f2stic esportiu i fisioter\u00e0pia esportiva, per calmar el dolor i accelerar el proc\u00e9s de recuperaci\u00f3 de l\u2019esportista.&#8221; font_container=&#8221;tag:h3|text_align:center|color:%23ffffff&#8221; use_theme_fonts=&#8221;yes&#8221; css=&#8221;.vc_custom_1475587909112{margin-top: 10px !important;margin-right: 0px !important;margin-bottom: 10px !important;margin-left: 0px !important;border-top-width: 30px !important;border-right-width: 30px !important;border-bottom-width: 30px !important;border-left-width: 30px !important;padding-top: 20px<\/p>\n","protected":false},"author":1,"featured_media":1370,"parent":0,"menu_order":0,"comment_status":"closed","ping_status":"open","template":"","meta":{"_monsterinsights_skip_tracking":false,"_monsterinsights_sitenote_active":false,"_monsterinsights_sitenote_note":"","_monsterinsights_sitenote_category":0,"footnotes":""},"yoast_head":"<!-- This site is optimized with the Yoast SEO plugin v21.8 - https:\/\/yoast.com\/wordpress\/plugins\/seo\/ -->\n<title>Asistencia al lesionado de tr\u00e1fico - Traumare Centro M\u00e9dico<\/title>\n<meta name=\"description\" content=\"Traumare, centro m\u00e9dico y rehabilitaci\u00f3n, ofrece asistencia sanitaria integral de accidentes de tr\u00e1fico.\u00a0Atenci\u00f3n sin esperas. Sanidad privada de calidad.\" \/>\n<meta name=\"robots\" content=\"index, follow, max-snippet:-1, max-image-preview:large, max-video-preview:-1\" \/>\n<link rel=\"canonical\" href=\"https:\/\/traumare.com\/es\/fisioterapia-deportiva\/\" \/>\n<meta property=\"og:locale\" content=\"ca_ES\" \/>\n<meta property=\"og:type\" content=\"article\" \/>\n<meta property=\"og:title\" content=\"Asistencia al lesionado de tr\u00e1fico - Traumare Centro M\u00e9dico\" \/>\n<meta property=\"og:description\" content=\"Traumare, centro m\u00e9dico y rehabilitaci\u00f3n, ofrece asistencia sanitaria integral de accidentes de tr\u00e1fico.\u00a0Atenci\u00f3n sin esperas. Sanidad privada de calidad.\" \/>\n<meta property=\"og:url\" content=\"https:\/\/traumare.com\/es\/fisioterapia-deportiva\/\" \/>\n<meta property=\"og:site_name\" content=\"TRAUMARE\" \/>\n<meta property=\"article:publisher\" content=\"https:\/\/www.facebook.com\/traumare\" \/>\n<meta property=\"article:modified_time\" content=\"2023-01-17T16:58:33+00:00\" \/>\n<meta property=\"og:image\" content=\"https:\/\/traumare.com\/wp-content\/uploads\/2015\/12\/Traumare_traumaresport_fisioterapia-deportiva-01.jpg\" \/>\n\t<meta property=\"og:image:width\" content=\"1920\" \/>\n\t<meta property=\"og:image:height\" content=\"640\" \/>\n\t<meta property=\"og:image:type\" content=\"image\/jpeg\" \/>\n<meta name=\"twitter:label1\" content=\"Est. reading time\" \/>\n\t<meta name=\"twitter:data1\" content=\"3 minutes\" \/>\n<script type=\"application\/ld+json\" class=\"yoast-schema-graph\">{\"@context\":\"https:\/\/schema.org\",\"@graph\":[{\"@type\":\"WebPage\",\"@id\":\"https:\/\/traumare.com\/es\/fisioterapia-deportiva\/\",\"url\":\"https:\/\/traumare.com\/es\/fisioterapia-deportiva\/\",\"name\":\"Asistencia al lesionado de tr\u00e1fico - Traumare Centro M\u00e9dico\",\"isPartOf\":{\"@id\":\"http:\/\/traumare.com\/ca\/#website\"},\"datePublished\":\"2016-07-21T07:01:56+00:00\",\"dateModified\":\"2023-01-17T16:58:33+00:00\",\"description\":\"Traumare, centro m\u00e9dico y rehabilitaci\u00f3n, ofrece asistencia sanitaria integral de accidentes de tr\u00e1fico.\u00a0Atenci\u00f3n sin esperas. Sanidad privada de calidad.\",\"breadcrumb\":{\"@id\":\"https:\/\/traumare.com\/es\/fisioterapia-deportiva\/#breadcrumb\"},\"inLanguage\":\"ca-ES\",\"potentialAction\":[{\"@type\":\"ReadAction\",\"target\":[\"https:\/\/traumare.com\/es\/fisioterapia-deportiva\/\"]}]},{\"@type\":\"BreadcrumbList\",\"@id\":\"https:\/\/traumare.com\/es\/fisioterapia-deportiva\/#breadcrumb\",\"itemListElement\":[{\"@type\":\"ListItem\",\"position\":1,\"name\":\"Inici\",\"item\":\"http:\/\/traumare.com\/ca\/\"},{\"@type\":\"ListItem\",\"position\":2,\"name\":\"Fisioterapia deportiva\"}]},{\"@type\":\"WebSite\",\"@id\":\"http:\/\/traumare.com\/ca\/#website\",\"url\":\"http:\/\/traumare.com\/ca\/\",\"name\":\"TRAUMARE\",\"description\":\"\",\"potentialAction\":[{\"@type\":\"SearchAction\",\"target\":{\"@type\":\"EntryPoint\",\"urlTemplate\":\"http:\/\/traumare.com\/ca\/?s={search_term_string}\"},\"query-input\":\"required name=search_term_string\"}],\"inLanguage\":\"ca-ES\"}]}<\/script>\n<!-- \/ Yoast SEO plugin. -->","yoast_head_json":{"title":"Asistencia al lesionado de tr\u00e1fico - Traumare Centro M\u00e9dico","description":"Traumare, centro m\u00e9dico y rehabilitaci\u00f3n, ofrece asistencia sanitaria integral de accidentes de tr\u00e1fico.\u00a0Atenci\u00f3n sin esperas. Sanidad privada de calidad.","robots":{"index":"index","follow":"follow","max-snippet":"max-snippet:-1","max-image-preview":"max-image-preview:large","max-video-preview":"max-video-preview:-1"},"canonical":"https:\/\/traumare.com\/es\/fisioterapia-deportiva\/","og_locale":"ca_ES","og_type":"article","og_title":"Asistencia al lesionado de tr\u00e1fico - Traumare Centro M\u00e9dico","og_description":"Traumare, centro m\u00e9dico y rehabilitaci\u00f3n, ofrece asistencia sanitaria integral de accidentes de tr\u00e1fico.\u00a0Atenci\u00f3n sin esperas. Sanidad privada de calidad.","og_url":"https:\/\/traumare.com\/es\/fisioterapia-deportiva\/","og_site_name":"TRAUMARE","article_publisher":"https:\/\/www.facebook.com\/traumare","article_modified_time":"2023-01-17T16:58:33+00:00","og_image":[{"width":1920,"height":640,"url":"https:\/\/traumare.com\/wp-content\/uploads\/2015\/12\/Traumare_traumaresport_fisioterapia-deportiva-01.jpg","type":"image\/jpeg"}],"twitter_misc":{"Est. reading time":"3 minutes"},"schema":{"@context":"https:\/\/schema.org","@graph":[{"@type":"WebPage","@id":"https:\/\/traumare.com\/es\/fisioterapia-deportiva\/","url":"https:\/\/traumare.com\/es\/fisioterapia-deportiva\/","name":"Asistencia al lesionado de tr\u00e1fico - Traumare Centro M\u00e9dico","isPartOf":{"@id":"http:\/\/traumare.com\/ca\/#website"},"datePublished":"2016-07-21T07:01:56+00:00","dateModified":"2023-01-17T16:58:33+00:00","description":"Traumare, centro m\u00e9dico y rehabilitaci\u00f3n, ofrece asistencia sanitaria integral de accidentes de tr\u00e1fico.\u00a0Atenci\u00f3n sin esperas. Sanidad privada de calidad.","breadcrumb":{"@id":"https:\/\/traumare.com\/es\/fisioterapia-deportiva\/#breadcrumb"},"inLanguage":"ca-ES","potentialAction":[{"@type":"ReadAction","target":["https:\/\/traumare.com\/es\/fisioterapia-deportiva\/"]}]},{"@type":"BreadcrumbList","@id":"https:\/\/traumare.com\/es\/fisioterapia-deportiva\/#breadcrumb","itemListElement":[{"@type":"ListItem","position":1,"name":"Inici","item":"http:\/\/traumare.com\/ca\/"},{"@type":"ListItem","position":2,"name":"Fisioterapia deportiva"}]},{"@type":"WebSite","@id":"http:\/\/traumare.com\/ca\/#website","url":"http:\/\/traumare.com\/ca\/","name":"TRAUMARE","description":"","potentialAction":[{"@type":"SearchAction","target":{"@type":"EntryPoint","urlTemplate":"http:\/\/traumare.com\/ca\/?s={search_term_string}"},"query-input":"required name=search_term_string"}],"inLanguage":"ca-ES"}]}},"_links":{"self":[{"href":"https:\/\/traumare.com\/ca\/wp-json\/wp\/v2\/pages\/1244"}],"collection":[{"href":"https:\/\/traumare.com\/ca\/wp-json\/wp\/v2\/pages"}],"about":[{"href":"https:\/\/traumare.com\/ca\/wp-json\/wp\/v2\/types\/page"}],"author":[{"embeddable":true,"href":"https:\/\/traumare.com\/ca\/wp-json\/wp\/v2\/users\/1"}],"replies":[{"embeddable":true,"href":"https:\/\/traumare.com\/ca\/wp-json\/wp\/v2\/comments?post=1244"}],"version-history":[{"count":1,"href":"https:\/\/traumare.com\/ca\/wp-json\/wp\/v2\/pages\/1244\/revisions"}],"predecessor-version":[{"id":3189,"href":"https:\/\/traumare.com\/ca\/wp-json\/wp\/v2\/pages\/1244\/revisions\/3189"}],"wp:featuredmedia":[{"embeddable":true,"href":"https:\/\/traumare.com\/ca\/wp-json\/wp\/v2\/media\/1370"}],"wp:attachment":[{"href":"https:\/\/traumare.com\/ca\/wp-json\/wp\/v2\/media?parent=1244"}],"curies":[{"name":"wp","href":"https:\/\/api.w.org\/{rel}","templated":true}]}}