{"id":1044,"date":"2016-02-05T12:12:30","date_gmt":"2016-02-05T12:12:30","guid":{"rendered":"http:\/\/traumare.com\/?page_id=1044"},"modified":"2020-02-19T09:02:14","modified_gmt":"2020-02-19T09:02:14","slug":"avis-legal-i-politica-privacitat","status":"publish","type":"page","link":"https:\/\/traumare.com\/ca\/avis-legal-i-politica-privacitat\/","title":{"rendered":"Av\u00eds legal i pol\u00edtica de privacitat"},"content":{"rendered":"<p>[vc_row css=&#8221;.vc_custom_1454681714501{margin-top: 20px !important;}&#8221;][vc_column][vc_column_text]<\/p>\n<h1><span style=\"color: #9fa43c;\">Av\u00eds legal<\/span><\/h1>\n<h2>Introducci\u00f3<\/h2>\n<p>Aquest document estableix les Condicions Generals d&#8217;\u00das d&#8217;aquest lloc WEB, propietat de\u00a0<strong>Centre m\u00e8dic i rehabilitaci\u00f3 Traumare<\/strong>, amb domicili legal a: Blondel, 98 \u00b7 25002 Lleida.<\/p>\n<p>L&#8217;acc\u00e9s a aquest web atribueix a qui el realitza la condici\u00f3 d&#8217;USUARI i aquest acc\u00e9s es troba condicionat a la pr\u00e8via lectura i acceptaci\u00f3 per part de qualsevol USUARI dels termes, condicions, comunicacions, advert\u00e8ncies i altres avisos legals continguts en el present clausulat.<\/p>\n<p>La prestaci\u00f3 del servei del Portal i per tant, l&#8217;acc\u00e9s al WEB t\u00e9 car\u00e0cter gratu\u00eft i la seva visualitzaci\u00f3 no requereix pr\u00e8via subscripci\u00f3 o registre algun, sense perjudici que<strong>Centre m\u00e8dic i rehabilitaci\u00f3 Traumare<\/strong>\u00a0es reserva la possibilitat de condicionar l&#8217;acc\u00e9s a alguns serveis espec\u00edfics previ registre del usuari mitjan\u00e7ant l&#8217;emplenament del formulari corresponent. En els sup\u00f2sits en qu\u00e8 l&#8217;USUARI es registri i aporti dades de car\u00e0cter personal per tal d&#8217;accedir a algun tipus de servei espec\u00edfic, la recollida i posterior tractament d&#8217;aquestes dades els \u00e9s aplicable el que disposa l&#8217;apartat 6\u00e9.<\/p>\n<p>Les connexions amb altres llocs WEB que poguessin existir aix\u00ed com l&#8217;\u00fas que l&#8217;usuari pugui fer d&#8217;aquestes estan subjectes a les presents Condicions Generals d&#8217;\u00das, aix\u00ed com als eventuals condicionats espec\u00edfics que els llocs WEB requereixin.<\/p>\n<p>Qualsevol utilitzaci\u00f3 diferent de l&#8217;autoritzada no \u00e9s permesa.<\/p>\n<h2>Drets i obligacions del prestador dels serveis<\/h2>\n<p><strong>Obligacions generals<\/strong><\/p>\n<p><strong>Centre m\u00e8dic i rehabilitaci\u00f3 Traumare<\/strong>, com a prove\u00efdor del servei, prestar\u00e0 els serveis oferts en aquest lloc web, i garantir\u00e0 efica\u00e7ment la confidencialitat de les comunicacions que hi pugui haver amb l&#8217;usuari aix\u00ed com a respondre a les reclamacions que eventualment poguessin plantejar-se.<\/p>\n<p>Aquest lloc web no recull ni emmagatzema dades personals dels seus visitants excepte en els sup\u00f2sits en que l&#8217;USUARI faciliti lliure i volunt\u00e0riament les mateixes.<\/p>\n<p><strong>Modificacions<\/strong><\/p>\n<p><strong>Centre m\u00e8dic i rehabilitaci\u00f3 Traumare<\/strong>, a fi de millorar les prestacions del lloc web, es reserva la facultat de modificar, ampliar o suspendre temporalment la presentaci\u00f3, configuraci\u00f3, especificacions t\u00e8cniques, continguts i serveis del lloc web en qualsevol moment, sense necessitat de preav\u00eds.<\/p>\n<h2>Drets i obligacions de l&#8217;usuari<\/h2>\n<p><strong>Condicions d&#8217;\u00fas<\/strong><\/p>\n<p>En tot moment, l&#8217;usuari haur\u00e0 de realitzar un bon \u00fas dels serveis prestats a trav\u00e9s d&#8217;aquest lloc WEB, de manera que aquest no podr\u00e0 realitzar activitats il\u00b7l\u00edcites o aquelles que puguin ser contr\u00e0ries a la legislaci\u00f3 vigent.<\/p>\n<p>En aquest sentit, l&#8217;USUARI es compromet a:<\/p>\n<ul>\n<li>No realitzar a trav\u00e9s dels serveis que posa a la seva disposici\u00f3<strong>Centre m\u00e8dic i rehabilitaci\u00f3 Traumare<\/strong>, cap acci\u00f3 que causi dany o algun tipus d&#8217;alteraci\u00f3 en els continguts.<\/li>\n<li>No obstaculitzar el bon funcionament del lloc web.<\/li>\n<li>No causar problemes t\u00e8cnics de cap \u00edndole.<\/li>\n<li>No transferir elements susceptibles de portar virus inform\u00e0tics o de danyar, interferir o interceptar totalment o parcialment el present web.<\/li>\n<li>No intervenir o alterar el correu electr\u00f2nic d&#8217;altres usuaris.<\/li>\n<\/ul>\n<p>L&#8217;USUARI est\u00e0 expressament autoritzat per visualitzar tota la informaci\u00f3 continguda en aquest lloc web, aix\u00ed com per efectuar reproduccions privades de la mateixa en els seus sistemes inform\u00e0tics, sempre que aquests continguts siguin utilitzats per a \u00fas exclusiu i no siguin cedits a tercers.<\/p>\n<h2>Exclusi\u00f3 de garanties i de responsabilitat pel funcionament del lloc web i dels seus serveis<\/h2>\n<p><strong>Acc\u00e9s<\/strong><\/p>\n<p>Tant l&#8217;acc\u00e9s al WEB com l&#8217;\u00fas que pugui fer de la informaci\u00f3 continguda en la mateixa s\u00f3n d&#8217;exclusiva responsabilitat de l&#8217;USUARI, de manera que\u00a0<strong>Centre m\u00e8dic i rehabilitaci\u00f3 Traumare<\/strong>\u00a0no respondr\u00e0 de cap conseq\u00fc\u00e8ncia, dany o perjudici que poguessin derivar d&#8217;aquest acc\u00e9s o \u00fas d&#8217;informaci\u00f3, amb excepci\u00f3 de totes aquelles actuacions que resultin de l&#8217;aplicaci\u00f3 de les disposicions legals a les quals s&#8217;hagi de sotmetre en l&#8217;estricte exercici de la seva activitat.<\/p>\n<p><strong>Funcionament del lloc web<\/strong><\/p>\n<p><strong>Centre m\u00e8dic i rehabilitaci\u00f3 Traumare<\/strong> no garanteix la disponibilitat i continu\u00eftat del funcionament d&#8217;aquest lloc web ni la dels seus serveis.<\/p>\n<p>D&#8217;aquesta forma, s&#8217;exclou qualsevol responsabilitat que pogu\u00e9s sorgir pels danys i perjudicis de qualsevol naturalesa que puguin derivar-se de la falta de disponibilitat o de continu\u00eftat del funcionament del lloc web o dels seus serveis.<\/p>\n<p>No obstant aix\u00f2,<strong>Centre m\u00e8dic i rehabilitaci\u00f3 Traumare<\/strong>\u00a0realitzar\u00e0 els seus millors esfor\u00e7os per mantenir la disponibilitat continuada tant d&#8217;aquest WEB com dels seus serveis.<\/p>\n<p><strong>Diversos<\/strong><\/p>\n<p><strong>Centre m\u00e8dic i rehabilitaci\u00f3 Traumare<\/strong> no garanteix ni es responsabilitza dels danys i perjudicis de tota naturalesa que es deguin a les seg\u00fcents circumst\u00e0ncies:<\/p>\n<ul>\n<li>El coneixement que poguessin tenir tercers no autoritzats de les circumst\u00e0ncies d&#8217;acc\u00e9s i \u00fas que els USUARIS fan del lloc web i dels serveis.<\/li>\n<li>L&#8217;exist\u00e8ncia de virus ni d&#8217;altres elements en els continguts d&#8217;aquest lloc web que puguin produir alteracions en el sistema inform\u00e0tic (programari i maquinari) de l&#8217;USUARI o en els documents electr\u00f2nics i fitxers emmagatzemats al seu sistema inform\u00e0tic.<\/li>\n<li>L&#8217;exist\u00e8ncia d&#8217;errors en l&#8217;acc\u00e9s a la WEB ni en el seu contingut. Per aix\u00f2, l&#8217;USUARI exonera\u00a0<strong>Centre m\u00e8dic i rehabilitaci\u00f3 Traumare<\/strong>\u00a0de qualsevol responsabilitat en relaci\u00f3 amb la fiabilitat, utilitat o expectatives que el lloc pogu\u00e9s produir-li.<\/li>\n<\/ul>\n<h2>Propietat Intel\u00b7lectual<\/h2>\n<p><strong>Centre m\u00e8dic i rehabilitaci\u00f3 Traumare<\/strong> \u00e9s titular tant dels drets de propietat intel\u00b7lectual dels continguts d&#8217;aquest lloc web com dels diferents elements que cont\u00e9, llevat que s&#8217;hi indiqui que pertanyen a un altre titular, de manera que pertany als seus titulars l&#8217;exercici exclusiu dels drets de reproducci\u00f3, distribuci\u00f3, comunicaci\u00f3 i transformaci\u00f3.<\/p>\n<p>El disseny, imatges, mapes, gr\u00e0fics, marques, r\u00e8tols, signes distintius o logotips de\u00a0<strong>Centre m\u00e8dic i rehabilitaci\u00f3 Traumare<\/strong>, frames, banners, el programari i els diferents codis font i objecte, etc. d&#8217;aquest lloc WEB s\u00f3n titularitat de\u00a0<strong>Centre m\u00e8dic i rehabilitaci\u00f3 Traumare<\/strong>, que posseeix leg\u00edtimament en exclusiva els drets d&#8217;explotaci\u00f3 sobre els mateixos.<\/p>\n<p>L&#8217;usuari que accedeixi a aquest web no pot copiar, modificar, distribuir, transmetre, reproduir, publicar, cedir, vendre\u2026 els elements anteriorment esmentats o crear nous productes o serveis derivats de la informaci\u00f3 obtinguda.<\/p>\n<p>\u00danicament queda autoritzada la visualitzaci\u00f3 i c\u00e0rrega per a l&#8217;\u00fas personal i no comercial de l&#8217;USUARI, sense que pugui fer-ho extensiu a terceres persones o entitats.<\/p>\n<p>Queda terminantment prohibida l&#8217;alteraci\u00f3 d&#8217;aquest web per part de l&#8217;USUARI i que pugui afectar al seu contingut, com ara vincles (o links) i similars.<\/p>\n<p><strong>Centre m\u00e8dic i rehabilitaci\u00f3 Traumare<\/strong> vetllar\u00e0 perqu\u00e8 els continguts d&#8217;aquest lloc web no tinguin car\u00e0cter pornogr\u00e0fic, xen\u00f2fob, discriminatori, racista, difamatori ni que fomentin la viol\u00e8ncia.<\/p>\n<p>Qualsevol reproducci\u00f3, distribuci\u00f3, comunicaci\u00f3 i transformaci\u00f3 dels continguts que no hagi estat expressament autoritzada pels seus titulars constitueix una infracci\u00f3 dels drets de propietat intel\u00b7lectual protegits per la Llei<\/p>\n<p><strong>Centre m\u00e8dic i rehabilitaci\u00f3 Traumare<\/strong> podr\u00e0 exercir totes les accions administratives, civils o penals que li corresponguin en cas d&#8217;infracci\u00f3 d&#8217;aquests drets per part de l&#8217;USUARI.<\/p>\n<p><strong>Enlla\u00e7os<\/strong><\/p>\n<p>En el cas que el present lloc web pogu\u00e9s contenir vincles o enlla\u00e7os amb altres portals o llocs web no gestionats per\u00a0<strong>Centre m\u00e8dic i rehabilitaci\u00f3 Traumare<\/strong>, aquesta societat manifesta que no exerceix cap control sobre aquests portals o llocs web, ni \u00e9s responsable del contingut dels mateixos. Els enlla\u00e7os que aquest web pogu\u00e9s contenir s&#8217;oferiran, \u00fanicament, a manera de refer\u00e8ncies informatives, sense cap tipus de valoraci\u00f3 sobre els continguts, propietaris, serveis o productes oferts des dels mateixos.<\/p>\n<p>En tot cas,\u00a0<strong>Centre m\u00e8dic i rehabilitaci\u00f3 Traumare<\/strong>\u00a0s&#8217;exonera de tota responsabilitat en relaci\u00f3 amb els serveis prestats per aquests tercers enfront de qualsevol reclamaci\u00f3 de qualsevol naturalesa i demandes que poguessin interposar-se en relaci\u00f3 amb els mateixos.<\/p>\n<h2>Pol\u00edtica de privacitat. Protecci\u00f3 de dades de car\u00e1cter personal<\/h2>\n<p><strong>Protecci\u00f3 de dades de car\u00e0cter personal<\/strong><\/p>\n<p>Les dades de car\u00e0cter personal recollides a trav\u00e9s d&#8217;aquest lloc WEB seran incorporades al corresponent fitxer, del qual,<strong> <strong>Centre m\u00e8dic i rehabilitaci\u00f3 Traumare\u00a0<\/strong><\/strong>\u00e9s responsable.<\/p>\n<p>En aquest sentit, la informaci\u00f3 recollida per\u00a0<strong>Centre m\u00e8dic i rehabilitaci\u00f3 Traumare\u00a0<\/strong>a trav\u00e9s del web ser\u00e0 tractada amb la m\u00e0xima confidencialitat i sempre d&#8217;acord amb el que disposa la Llei Org\u00e0nica 15\/1999, de 13 de desembre de 1999, de protecci\u00f3 de dades de car\u00e0cter personal (en endavant LOPD).<\/p>\n<p>Igualment,\u00a0<strong>Centre m\u00e8dic i rehabilitaci\u00f3 Traumare<\/strong>\u00a0es compromet a no utilitzar les dades de car\u00e0cter personal objecte de tractament per a finalitats incompatibles amb aquelles per a les quals les dades hagin estat recollides.<\/p>\n<p><strong>Seguretat en el tractament, proc\u00e9s inform\u00e0tic i cust\u00f2dia de dades<\/strong><\/p>\n<p><strong>Centre m\u00e8dic i rehabilitaci\u00f3 Traumare<\/strong>\u00a0declara i garanteix que mant\u00e9 els nivells de seguretat de protecci\u00f3 de dades personals conforme al Reial Decret 1720\/2007 de 21 de desembre, pel qual s&#8217;aprova el Reglament de desenvolupament de la Llei Org\u00e0nica 15\/1999, de 13 de desembre, de protecci\u00f3 de dades de car\u00e0cter personal (en endavant, RLOPD) i que ha implantat totes aquelles mesures t\u00e8cniques i organitzatives al seu abast per garantir la seguretat de les dades de car\u00e0cter personal i evitar la p\u00e8rdua, mal \u00fas, acc\u00e9s no autoritzat i robatori de les dades facilitades per l&#8217;USUARI.<\/p>\n<p><strong>Drets d&#8217;Acc\u00e9s, Rectificaci\u00f3, Cancel\u00b7laci\u00f3 i Oposici\u00f3<\/strong><\/p>\n<p><strong>Centre m\u00e8dic i rehabilitaci\u00f3 Traumare<\/strong>\u00a0\u00e9s el responsable de totes les dades que es recullen en les diferents seccions del lloc web. Si Vost\u00e8 ho desitja, pot exercitar, en qualsevol moment, els drets d&#8217;acc\u00e9s, rectificaci\u00f3, cancel\u00b7laci\u00f3 i oposici\u00f3 previstos en la LOPD, ho per escrit en\u00a0<strong>Centre m\u00e8dic i rehabilitaci\u00f3 Traumare<\/strong>\u00a0amb domicili a Blondel, 98 \u00b7 25002 Lleida, e.mail:\u00a0<a href=\"mailto:adm@coopjuncosa.com\">traumare@traumare.com<\/a><\/p>\n<h2>Jurisdicci\u00f3 i legislaci\u00f3 aplicable<\/h2>\n<p>Les presents Condicions Generals d&#8217;\u00das i Navegaci\u00f3, aix\u00ed com qualsevol relaci\u00f3 entre l&#8217;usuari i\u00a0<strong>Centre m\u00e8dic i rehabilitaci\u00f3 Traumare<\/strong>\u00a0es regiran per la legislaci\u00f3 espanyola.<\/p>\n<p>Per a qualsevol litigi derivat de l&#8217;exist\u00e8ncia o contingut d&#8217;aquestes Condicions Generals o de les relacions entre l&#8217;usuari i\u00a0<strong>Centre m\u00e8dic i rehabilitaci\u00f3 Traumare<\/strong>, ambdues parts, amb ren\u00fancia expressa a qualsevol altre fur que pogu\u00e9s correspondre&#8217;ls, se sotmetran a la jurisdicci\u00f3 i compet\u00e8ncia exclusiva dels Jutjats i Tribunals de Lleida (Lleida-Espanya).[\/vc_column_text][\/vc_column][\/vc_row]<\/p>\n","protected":false},"excerpt":{"rendered":"<p>[vc_row css=&#8221;.vc_custom_1454681714501{margin-top: 20px !important;}&#8221;][vc_column][vc_column_text] Av\u00eds legal Introducci\u00f3 Aquest document estableix les Condicions Generals d&#8217;\u00das d&#8217;aquest lloc WEB, propietat de\u00a0Centre m\u00e8dic i rehabilitaci\u00f3 Traumare, amb domicili legal a: Blondel, 98 \u00b7 25002 Lleida. L&#8217;acc\u00e9s a aquest web atribueix a qui el realitza la condici\u00f3 d&#8217;USUARI i aquest acc\u00e9s es troba condicionat a la pr\u00e8via lectura i<\/p>\n","protected":false},"author":1,"featured_media":0,"parent":0,"menu_order":0,"comment_status":"closed","ping_status":"closed","template":"","meta":{"_monsterinsights_skip_tracking":false,"_monsterinsights_sitenote_active":false,"_monsterinsights_sitenote_note":"","_monsterinsights_sitenote_category":0,"footnotes":""},"yoast_head":"<!-- This site is optimized with the Yoast SEO plugin v21.8 - https:\/\/yoast.com\/wordpress\/plugins\/seo\/ -->\n<title>Aviso legal y pol\u00edtica de cookies - Traumare, Centro m\u00e9dico y rehabilitaci\u00f3n<\/title>\n<meta name=\"description\" content=\"Traumare, centro m\u00e9dico y rehabilitaci\u00f3n. Aviso legal y pol\u00edtica de privacidad.Traumare, centro m\u00e9dico y rehabilitaci\u00f3n. Aviso legal y pol\u00edtica de privacidad.\" \/>\n<meta name=\"robots\" content=\"index, follow, max-snippet:-1, max-image-preview:large, max-video-preview:-1\" \/>\n<link rel=\"canonical\" href=\"https:\/\/traumare.com\/es\/avis-legal-i-politica-privacitat\/\" \/>\n<meta property=\"og:locale\" content=\"ca_ES\" \/>\n<meta property=\"og:type\" content=\"article\" \/>\n<meta property=\"og:title\" content=\"Aviso legal y pol\u00edtica de cookies - Traumare, Centro m\u00e9dico y rehabilitaci\u00f3n\" \/>\n<meta property=\"og:description\" content=\"Traumare, centro m\u00e9dico y rehabilitaci\u00f3n. Aviso legal y pol\u00edtica de privacidad.Traumare, centro m\u00e9dico y rehabilitaci\u00f3n. Aviso legal y pol\u00edtica de privacidad.\" \/>\n<meta property=\"og:url\" content=\"https:\/\/traumare.com\/es\/avis-legal-i-politica-privacitat\/\" \/>\n<meta property=\"og:site_name\" content=\"TRAUMARE\" \/>\n<meta property=\"article:publisher\" content=\"https:\/\/www.facebook.com\/traumare\" \/>\n<meta property=\"article:modified_time\" content=\"2020-02-19T09:02:14+00:00\" \/>\n<meta property=\"og:image\" content=\"https:\/\/traumare.com\/wp-content\/uploads\/2014\/11\/logo-quadrat.jpg\" \/>\n\t<meta property=\"og:image:width\" content=\"252\" \/>\n\t<meta property=\"og:image:height\" content=\"179\" \/>\n\t<meta property=\"og:image:type\" content=\"image\/jpeg\" \/>\n<meta name=\"twitter:label1\" content=\"Est. reading time\" \/>\n\t<meta name=\"twitter:data1\" content=\"8 minutes\" \/>\n<script type=\"application\/ld+json\" class=\"yoast-schema-graph\">{\"@context\":\"https:\/\/schema.org\",\"@graph\":[{\"@type\":\"WebPage\",\"@id\":\"https:\/\/traumare.com\/es\/avis-legal-i-politica-privacitat\/\",\"url\":\"https:\/\/traumare.com\/es\/avis-legal-i-politica-privacitat\/\",\"name\":\"Aviso legal y pol\u00edtica de cookies - Traumare, Centro m\u00e9dico y rehabilitaci\u00f3n\",\"isPartOf\":{\"@id\":\"http:\/\/traumare.com\/ca\/#website\"},\"datePublished\":\"2016-02-05T12:12:30+00:00\",\"dateModified\":\"2020-02-19T09:02:14+00:00\",\"description\":\"Traumare, centro m\u00e9dico y rehabilitaci\u00f3n. Aviso legal y pol\u00edtica de privacidad.Traumare, centro m\u00e9dico y rehabilitaci\u00f3n. Aviso legal y pol\u00edtica de privacidad.\",\"breadcrumb\":{\"@id\":\"https:\/\/traumare.com\/es\/avis-legal-i-politica-privacitat\/#breadcrumb\"},\"inLanguage\":\"ca-ES\",\"potentialAction\":[{\"@type\":\"ReadAction\",\"target\":[\"https:\/\/traumare.com\/es\/avis-legal-i-politica-privacitat\/\"]}]},{\"@type\":\"BreadcrumbList\",\"@id\":\"https:\/\/traumare.com\/es\/avis-legal-i-politica-privacitat\/#breadcrumb\",\"itemListElement\":[{\"@type\":\"ListItem\",\"position\":1,\"name\":\"Inici\",\"item\":\"http:\/\/traumare.com\/ca\/\"},{\"@type\":\"ListItem\",\"position\":2,\"name\":\"Aviso legal y pol\u00edtica de privacidad\"}]},{\"@type\":\"WebSite\",\"@id\":\"http:\/\/traumare.com\/ca\/#website\",\"url\":\"http:\/\/traumare.com\/ca\/\",\"name\":\"TRAUMARE\",\"description\":\"\",\"potentialAction\":[{\"@type\":\"SearchAction\",\"target\":{\"@type\":\"EntryPoint\",\"urlTemplate\":\"http:\/\/traumare.com\/ca\/?s={search_term_string}\"},\"query-input\":\"required name=search_term_string\"}],\"inLanguage\":\"ca-ES\"}]}<\/script>\n<!-- \/ Yoast SEO plugin. -->","yoast_head_json":{"title":"Aviso legal y pol\u00edtica de cookies - Traumare, Centro m\u00e9dico y rehabilitaci\u00f3n","description":"Traumare, centro m\u00e9dico y rehabilitaci\u00f3n. Aviso legal y pol\u00edtica de privacidad.Traumare, centro m\u00e9dico y rehabilitaci\u00f3n. Aviso legal y pol\u00edtica de privacidad.","robots":{"index":"index","follow":"follow","max-snippet":"max-snippet:-1","max-image-preview":"max-image-preview:large","max-video-preview":"max-video-preview:-1"},"canonical":"https:\/\/traumare.com\/es\/avis-legal-i-politica-privacitat\/","og_locale":"ca_ES","og_type":"article","og_title":"Aviso legal y pol\u00edtica de cookies - Traumare, Centro m\u00e9dico y rehabilitaci\u00f3n","og_description":"Traumare, centro m\u00e9dico y rehabilitaci\u00f3n. Aviso legal y pol\u00edtica de privacidad.Traumare, centro m\u00e9dico y rehabilitaci\u00f3n. Aviso legal y pol\u00edtica de privacidad.","og_url":"https:\/\/traumare.com\/es\/avis-legal-i-politica-privacitat\/","og_site_name":"TRAUMARE","article_publisher":"https:\/\/www.facebook.com\/traumare","article_modified_time":"2020-02-19T09:02:14+00:00","og_image":[{"width":252,"height":179,"url":"https:\/\/traumare.com\/wp-content\/uploads\/2014\/11\/logo-quadrat.jpg","type":"image\/jpeg"}],"twitter_misc":{"Est. reading time":"8 minutes"},"schema":{"@context":"https:\/\/schema.org","@graph":[{"@type":"WebPage","@id":"https:\/\/traumare.com\/es\/avis-legal-i-politica-privacitat\/","url":"https:\/\/traumare.com\/es\/avis-legal-i-politica-privacitat\/","name":"Aviso legal y pol\u00edtica de cookies - Traumare, Centro m\u00e9dico y rehabilitaci\u00f3n","isPartOf":{"@id":"http:\/\/traumare.com\/ca\/#website"},"datePublished":"2016-02-05T12:12:30+00:00","dateModified":"2020-02-19T09:02:14+00:00","description":"Traumare, centro m\u00e9dico y rehabilitaci\u00f3n. Aviso legal y pol\u00edtica de privacidad.Traumare, centro m\u00e9dico y rehabilitaci\u00f3n. Aviso legal y pol\u00edtica de privacidad.","breadcrumb":{"@id":"https:\/\/traumare.com\/es\/avis-legal-i-politica-privacitat\/#breadcrumb"},"inLanguage":"ca-ES","potentialAction":[{"@type":"ReadAction","target":["https:\/\/traumare.com\/es\/avis-legal-i-politica-privacitat\/"]}]},{"@type":"BreadcrumbList","@id":"https:\/\/traumare.com\/es\/avis-legal-i-politica-privacitat\/#breadcrumb","itemListElement":[{"@type":"ListItem","position":1,"name":"Inici","item":"http:\/\/traumare.com\/ca\/"},{"@type":"ListItem","position":2,"name":"Aviso legal y pol\u00edtica de privacidad"}]},{"@type":"WebSite","@id":"http:\/\/traumare.com\/ca\/#website","url":"http:\/\/traumare.com\/ca\/","name":"TRAUMARE","description":"","potentialAction":[{"@type":"SearchAction","target":{"@type":"EntryPoint","urlTemplate":"http:\/\/traumare.com\/ca\/?s={search_term_string}"},"query-input":"required name=search_term_string"}],"inLanguage":"ca-ES"}]}},"_links":{"self":[{"href":"https:\/\/traumare.com\/ca\/wp-json\/wp\/v2\/pages\/1044"}],"collection":[{"href":"https:\/\/traumare.com\/ca\/wp-json\/wp\/v2\/pages"}],"about":[{"href":"https:\/\/traumare.com\/ca\/wp-json\/wp\/v2\/types\/page"}],"author":[{"embeddable":true,"href":"https:\/\/traumare.com\/ca\/wp-json\/wp\/v2\/users\/1"}],"replies":[{"embeddable":true,"href":"https:\/\/traumare.com\/ca\/wp-json\/wp\/v2\/comments?post=1044"}],"version-history":[{"count":2,"href":"https:\/\/traumare.com\/ca\/wp-json\/wp\/v2\/pages\/1044\/revisions"}],"predecessor-version":[{"id":2327,"href":"https:\/\/traumare.com\/ca\/wp-json\/wp\/v2\/pages\/1044\/revisions\/2327"}],"wp:attachment":[{"href":"https:\/\/traumare.com\/ca\/wp-json\/wp\/v2\/media?parent=1044"}],"curies":[{"name":"wp","href":"https:\/\/api.w.org\/{rel}","templated":true}]}}